{"id":11025,"date":"2025-08-07T21:12:20","date_gmt":"2025-08-08T00:12:20","guid":{"rendered":"https:\/\/ufpr.br\/?page=11025"},"modified":"2026-01-05T11:46:16","modified_gmt":"2026-01-05T14:46:16","slug":"edital-04-2024-prppg-cpgss","status":"publish","type":"page","link":"https:\/\/ufpr.br\/propg\/editais\/edital-04-2024-prppg-cpgss\/","title":{"rendered":"Edital 04\/2024-PRPPG\/CPGSS"},"content":{"rendered":"\n<div style=\"height:50px\" aria-hidden=\"true\" class=\"wp-block-spacer\"><\/div>\n\n\n\n<div class=\"wp-block-columns is-layout-flex wp-container-core-columns-is-layout-9d6595d7 wp-block-columns-is-layout-flex\">\n<div class=\"wp-block-column is-layout-flow wp-block-column-is-layout-flow\" style=\"flex-basis:20%\" id=\"topo\">\n<div style=\"height:15px\" aria-hidden=\"true\" class=\"wp-block-spacer\"><\/div>\n\n\n<div class=\"wp-block-image\">\n<figure class=\"aligncenter size-full is-resized\"><img decoding=\"async\" src=\"https:\/\/ufpr.br\/propg\/wp-content\/uploads\/2024\/10\/Icone_DocumentosMao_Rosa.png\" alt=\"\" class=\"wp-image-6130\" style=\"width:100px;height:auto\"\/><\/figure><\/div><\/div>\n\n\n\n<div class=\"wp-block-column is-layout-flow wp-block-column-is-layout-flow\" style=\"flex-basis:2%\"><\/div>\n\n\n\n<div class=\"wp-block-column is-layout-flow wp-block-column-is-layout-flow\" style=\"flex-basis:70%\">\n<blockquote class=\"wp-block-quote is-layout-flow wp-block-quote-is-layout-flow\">\n<p>Sele\u00e7\u00e3o de propostas para a Chamada P\u00fablica CNPQ N\u00ba 009\/2024-Programa de Mestrado e Doutorado para Inova\u00e7\u00e3o MAI\/DAI 2024<\/p>\n<\/blockquote>\n\n\n\n<div style=\"height:25px\" aria-hidden=\"true\" class=\"wp-block-spacer\"><\/div>\n\n\n\n<div class=\"wp-block-columns is-layout-flex wp-container-core-columns-is-layout-9d6595d7 wp-block-columns-is-layout-flex\">\n<div class=\"wp-block-column is-layout-flow wp-block-column-is-layout-flow\">\n<h2 class=\"wp-block-heading has-text-align-left has-background has-medium-font-size\" style=\"background-color:#e8ecf5\">EDITAL<\/h2>\n\n\n\n<hr class=\"wp-block-separator has-text-color has-alpha-channel-opacity has-background is-style-wide\" style=\"background-color:#e8ecf5;color:#e8ecf5\"\/>\n\n\n\n<ul class=\"wp-block-list\">\n<li><a href=\"https:\/\/ufpr.br\/propg\/wp-content\/uploads\/2025\/08\/sei_6628390_edital_04_2024.pdf\" target=\"_blank\" rel=\"noreferrer noopener\">Edital 04\/2024-PRPPG\/CPGSS<\/a>\u00a0(publicado em 26\/04\/2024)<\/li>\n<\/ul>\n\n\n\n<div style=\"height:50px\" aria-hidden=\"true\" class=\"wp-block-spacer\"><\/div>\n<\/div>\n<\/div>\n\n\n\n<div class=\"wp-block-columns is-layout-flex wp-container-core-columns-is-layout-9d6595d7 wp-block-columns-is-layout-flex\">\n<div class=\"wp-block-column is-layout-flow wp-block-column-is-layout-flow\">\n<h2 class=\"wp-block-heading has-text-align-left has-background has-medium-font-size\" style=\"background-color:#e8ecf5\">MODELOS DE FORMUL\u00c1RIOS<\/h2>\n\n\n\n<hr class=\"wp-block-separator has-text-color has-alpha-channel-opacity has-background is-style-wide\" style=\"background-color:#e8ecf5;color:#e8ecf5\"\/>\n\n\n\n<ul class=\"wp-block-list\">\n<li>ANEXO I \u2013 <a href=\"https:\/\/ufpr.br\/propg\/wp-content\/uploads\/2025\/08\/anexo-i-proposta-maidai-chamada-interna-ufpr.docx\" target=\"_blank\" rel=\"noreferrer noopener\">Modelo Estruturado para Apresenta\u00e7\u00e3o da Proposta.docx<\/a><\/li>\n<\/ul>\n\n\n\n<ul class=\"wp-block-list\">\n<li>ANEXO II \u2013 <a href=\"https:\/\/ufpr.br\/propg\/wp-content\/uploads\/2025\/08\/anexo-ii-declaracao-de-concordancia-da-empresa-parceira.docx\" target=\"_blank\" rel=\"noreferrer noopener\">Declara\u00e7\u00e3o de Concord\u00e2ncia da Empresa Parceira.docx<\/a><\/li>\n<\/ul>\n\n\n\n<div style=\"height:50px\" aria-hidden=\"true\" class=\"wp-block-spacer\"><\/div>\n<\/div>\n<\/div>\n\n\n\n<div class=\"wp-block-columns is-layout-flex wp-container-core-columns-is-layout-9d6595d7 wp-block-columns-is-layout-flex\">\n<div class=\"wp-block-column is-layout-flow wp-block-column-is-layout-flow\">\n<h2 class=\"wp-block-heading has-text-align-left has-background has-medium-font-size\" style=\"background-color:#e8ecf5\">RESULTADOS<\/h2>\n\n\n\n<hr class=\"wp-block-separator has-text-color has-alpha-channel-opacity has-background is-style-wide\" style=\"background-color:#e8ecf5;color:#e8ecf5\"\/>\n\n\n\n<ul class=\"wp-block-list\">\n<li><del>Resultado preliminar<\/del>&nbsp;(dispensado nos termos do item 5 do edital)<\/li>\n<\/ul>\n\n\n\n<ul class=\"wp-block-list\">\n<li><a href=\"https:\/\/ufpr.br\/propg\/wp-content\/uploads\/2025\/08\/sei_6670079_despacho_53.pdf\" target=\"_blank\" rel=\"noreferrer noopener\">Resultado final<\/a>\u00a0(publicado em 16\/05\/2024)<\/li>\n<\/ul>\n\n\n\n<div style=\"height:50px\" aria-hidden=\"true\" class=\"wp-block-spacer\"><\/div>\n<\/div>\n<\/div>\n\n\n\n<div class=\"wp-block-columns is-layout-flex wp-container-core-columns-is-layout-9d6595d7 wp-block-columns-is-layout-flex\">\n<div class=\"wp-block-column is-layout-flow wp-block-column-is-layout-flow\">\n<h2 class=\"wp-block-heading has-text-align-left has-background has-medium-font-size\" style=\"background-color:#e8ecf5\">NORMAS RELACIONADAS<\/h2>\n\n\n\n<hr class=\"wp-block-separator has-text-color has-alpha-channel-opacity has-background is-style-wide\" style=\"background-color:#e8ecf5;color:#e8ecf5\"\/>\n\n\n\n<ul class=\"wp-block-list\">\n<li>Chamada P\u00fablica CNPQ N\u00ba 009\/2024 \u2013 Programa de Mestrado e Doutorado para Inova\u00e7\u00e3o MAI\/DAI- 2024:<\/li>\n<\/ul>\n\n\n\n<div class=\"wp-block-columns is-layout-flex wp-container-core-columns-is-layout-9d6595d7 wp-block-columns-is-layout-flex\">\n<div class=\"wp-block-column is-layout-flow wp-block-column-is-layout-flow\" style=\"flex-basis:1%\"><\/div>\n\n\n\n<div class=\"wp-block-column is-layout-flow wp-block-column-is-layout-flow\" style=\"flex-basis:99%\">\n<ul class=\"wp-block-list\">\n<li><a href=\"http:\/\/memoria2.cnpq.br\/web\/guest\/chamadas-publicas?p_p_id=resultadosportlet_WAR_resultadoscnpqportlet_INSTANCE_0ZaM&amp;filtro=abertas&amp;detalha=chamadaDivulgada&amp;idDivulgacao=11965\" target=\"_blank\" rel=\"noreferrer noopener\">link permanente do site do CNPq<\/a><\/li>\n<\/ul>\n\n\n\n<ul class=\"wp-block-list\">\n<li><a href=\"https:\/\/ufpr.br\/propg\/wp-content\/uploads\/2025\/08\/maidai_2024___chamada_publica_009_2024-1.pdf\" target=\"_blank\" rel=\"noreferrer noopener\">Chamada 009-2024 MAI-DAI.pdf<\/a><\/li>\n<\/ul>\n<\/div>\n<\/div>\n\n\n\n<ul class=\"wp-block-list\">\n<li>Sobre o programa CNPQ MAI-DAI:&nbsp;<a href=\"https:\/\/www.gov.br\/cnpq\/pt-br\/acesso-a-informacao\/acoes-e-programas\/programas\/programa-mai-dai\" target=\"_blank\" rel=\"noreferrer noopener\">https:\/\/www.gov.br\/cnpq\/pt-br\/acesso-a-informacao\/acoes-e-programas\/programas\/programa-mai-dai<\/a><\/li>\n<\/ul>\n\n\n\n<ul class=\"wp-block-list\">\n<li>Perguntas frequentes:&nbsp;<a href=\"http:\/\/resultado.cnpq.br\/8039835181165952\" target=\"_blank\" rel=\"noreferrer noopener\">FAQs MAI-DAI 009\/2024.pdf<\/a><\/li>\n<\/ul>\n\n\n\n<ul class=\"wp-block-list\">\n<li>Sobre ac\u00famulo de bolsas e complementa\u00e7\u00e3o financeira:\u00a0<a href=\"https:\/\/ufpr.br\/propg\/wp-content\/uploads\/2025\/08\/portaria-cnpq-no-1-863-de-16-de-julho-de-2024-dou-imprensa-nacional.pdf\" target=\"_blank\" rel=\"noreferrer noopener\">Portaria CNPq n\u00ba 1.863\/2024<\/a><\/li>\n<\/ul>\n<\/div>\n<\/div>\n\n\n\n<div style=\"height:50px\" aria-hidden=\"true\" class=\"wp-block-spacer\"><\/div>\n\n\n\n<div class=\"wp-block-columns is-layout-flex wp-container-core-columns-is-layout-9d6595d7 wp-block-columns-is-layout-flex\">\n<div class=\"wp-block-column is-layout-flow wp-block-column-is-layout-flow\">\n<h2 class=\"wp-block-heading has-text-align-left has-background has-medium-font-size\" style=\"background-color:#e8ecf5\">D\u00daVIDAS ?<\/h2>\n\n\n\n<hr class=\"wp-block-separator has-text-color has-alpha-channel-opacity has-background is-style-wide\" style=\"background-color:#e8ecf5;color:#e8ecf5\"\/>\n\n\n\n<p>Envie e-mail para&nbsp;<a href=\"mailto:cpg@ufpr.br\">cpg@ufpr.br<\/a><\/p>\n<\/div>\n<\/div>\n\n\n\n<hr class=\"wp-block-separator has-text-color has-alpha-channel-opacity has-background is-style-wide\" style=\"background-color:#e8ecf5;color:#e8ecf5\"\/>\n\n\n\n<p class=\"has-text-color has-link-color wp-elements-16631d866001ae142cbdd3786f7ccd26\" style=\"color:#243673\"><strong><a title=\"\" href=\"#topo\">Voltar ao topo<\/a><\/strong><\/p>\n<\/div>\n\n\n\n<div class=\"wp-block-column is-layout-flow wp-block-column-is-layout-flow\" style=\"flex-basis:7%\"><\/div>\n<\/div>\n","protected":false},"excerpt":{"rendered":"<p>Sele\u00e7\u00e3o de propostas para a Chamada P\u00fablica CNPQ N\u00ba 009\/2024-Programa de Mestrado e Doutorado para Inova\u00e7\u00e3o MAI\/DAI 2024 EDITAL MODELOS DE FORMUL\u00c1RIOS RESULTADOS NORMAS RELACIONADAS D\u00daVIDAS ? Envie e-mail para&nbsp;cpg@ufpr.br Voltar ao topo<\/p>\n","protected":false},"author":5,"featured_media":0,"parent":11760,"menu_order":0,"comment_status":"closed","ping_status":"closed","template":"","meta":{"footnotes":""},"class_list":["post-11025","page","type-page","status-publish","hentry"],"_links":{"self":[{"href":"https:\/\/ufpr.br\/propg\/wp-json\/wp\/v2\/pages\/11025","targetHints":{"allow":["GET"]}}],"collection":[{"href":"https:\/\/ufpr.br\/propg\/wp-json\/wp\/v2\/pages"}],"about":[{"href":"https:\/\/ufpr.br\/propg\/wp-json\/wp\/v2\/types\/page"}],"author":[{"embeddable":true,"href":"https:\/\/ufpr.br\/propg\/wp-json\/wp\/v2\/users\/5"}],"replies":[{"embeddable":true,"href":"https:\/\/ufpr.br\/propg\/wp-json\/wp\/v2\/comments?post=11025"}],"version-history":[{"count":24,"href":"https:\/\/ufpr.br\/propg\/wp-json\/wp\/v2\/pages\/11025\/revisions"}],"predecessor-version":[{"id":47310,"href":"https:\/\/ufpr.br\/propg\/wp-json\/wp\/v2\/pages\/11025\/revisions\/47310"}],"up":[{"embeddable":true,"href":"https:\/\/ufpr.br\/propg\/wp-json\/wp\/v2\/pages\/11760"}],"wp:attachment":[{"href":"https:\/\/ufpr.br\/propg\/wp-json\/wp\/v2\/media?parent=11025"}],"curies":[{"name":"wp","href":"https:\/\/api.w.org\/{rel}","templated":true}]}}