{"id":11002,"date":"2025-08-07T20:48:54","date_gmt":"2025-08-07T23:48:54","guid":{"rendered":"https:\/\/ufpr.br\/?page=11002"},"modified":"2026-01-05T11:41:25","modified_gmt":"2026-01-05T14:41:25","slug":"edital-05-2024-prppg-sba","status":"publish","type":"page","link":"https:\/\/ufpr.br\/propg\/editais\/edital-05-2024-prppg-sba\/","title":{"rendered":"Edital 05\/2024 \u2013 PRPPG\/SBA"},"content":{"rendered":"\n<div style=\"height:50px\" aria-hidden=\"true\" class=\"wp-block-spacer\"><\/div>\n\n\n\n<div class=\"wp-block-columns is-layout-flex wp-container-core-columns-is-layout-9d6595d7 wp-block-columns-is-layout-flex\">\n<div class=\"wp-block-column is-layout-flow wp-block-column-is-layout-flow\" style=\"flex-basis:20%\" id=\"topo\">\n<div style=\"height:15px\" aria-hidden=\"true\" class=\"wp-block-spacer\"><\/div>\n\n\n<div class=\"wp-block-image\">\n<figure class=\"aligncenter size-full is-resized\"><img decoding=\"async\" src=\"https:\/\/ufpr.br\/propg\/wp-content\/uploads\/2024\/10\/Icone_DocumentosMao_Rosa.png\" alt=\"\" class=\"wp-image-6130\" style=\"width:100px;height:auto\"\/><\/figure><\/div><\/div>\n\n\n\n<div class=\"wp-block-column is-layout-flow wp-block-column-is-layout-flow\" style=\"flex-basis:2%\"><\/div>\n\n\n\n<div class=\"wp-block-column is-layout-flow wp-block-column-is-layout-flow\" style=\"flex-basis:70%\">\n<blockquote class=\"wp-block-quote is-layout-flow wp-block-quote-is-layout-flow\">\n<p>Processo Seletivo para aloca\u00e7\u00e3o de cotas de bolsa DS PRPPG institu\u00edda atrav\u00e9s da Portaria CAPES n\u00ba 73\/2022<\/p>\n<\/blockquote>\n\n\n\n<div style=\"height:25px\" aria-hidden=\"true\" class=\"wp-block-spacer\"><\/div>\n\n\n\n<div class=\"wp-block-columns is-layout-flex wp-container-core-columns-is-layout-9d6595d7 wp-block-columns-is-layout-flex\">\n<div class=\"wp-block-column is-layout-flow wp-block-column-is-layout-flow\">\n<h2 class=\"wp-block-heading has-text-align-left has-background has-medium-font-size\" style=\"background-color:#e8ecf5\">EDITAL<\/h2>\n\n\n\n<hr class=\"wp-block-separator has-text-color has-alpha-channel-opacity has-background is-style-wide\" style=\"background-color:#e8ecf5;color:#e8ecf5\"\/>\n\n\n\n<ul class=\"wp-block-list\">\n<li><a href=\"https:\/\/ufpr.br\/propg\/wp-content\/uploads\/2025\/08\/edital_05_2024_alocacotasprppg_bolsads_2024_revisado.pdf\" target=\"_blank\" rel=\"noreferrer noopener\">Edital 05\/2024<\/a><a href=\"https:\/\/ufpr.br\/propg\/wp-content\/uploads\/2025\/08\/edital_05_2024_alocacotasprppg_bolsads_2024_revisado.pdf\" target=\"_blank\" rel=\"noreferrer noopener\">-PRPPG\/SBA.pdf<\/a> (publicado em 25\/06\/2024. Atualizado em 27\/06\/2024)<\/li>\n<\/ul>\n\n\n\n<div style=\"height:50px\" aria-hidden=\"true\" class=\"wp-block-spacer\"><\/div>\n<\/div>\n<\/div>\n\n\n\n<div class=\"wp-block-columns is-layout-flex wp-container-core-columns-is-layout-9d6595d7 wp-block-columns-is-layout-flex\">\n<div class=\"wp-block-column is-layout-flow wp-block-column-is-layout-flow\">\n<h2 class=\"wp-block-heading has-text-align-left has-background has-medium-font-size\" style=\"background-color:#e8ecf5\">MODELOS DE FORMUL\u00c1RIOS<\/h2>\n\n\n\n<hr class=\"wp-block-separator has-text-color has-alpha-channel-opacity has-background is-style-wide\" style=\"background-color:#e8ecf5;color:#e8ecf5\"\/>\n\n\n\n<ul class=\"wp-block-list\">\n<li><a href=\"http:\/\/Modelo Despacho de Candidatura Discente.docx\" target=\"_blank\" rel=\"noreferrer noopener\"><\/a><a href=\"https:\/\/ufpr.br\/propg\/wp-content\/uploads\/2026\/01\/modelo_despachoppg_candidatura.docx\" target=\"_blank\" rel=\"noreferrer noopener\">Modelo Despacho de Candidatura Discente.docx<\/a><\/li>\n<\/ul>\n\n\n\n<div style=\"height:50px\" aria-hidden=\"true\" class=\"wp-block-spacer\"><\/div>\n<\/div>\n<\/div>\n\n\n\n<div class=\"wp-block-columns is-layout-flex wp-container-core-columns-is-layout-9d6595d7 wp-block-columns-is-layout-flex\">\n<div class=\"wp-block-column is-layout-flow wp-block-column-is-layout-flow\">\n<h2 class=\"wp-block-heading has-text-align-left has-background has-medium-font-size\" style=\"background-color:#e8ecf5\">RESULTADOS<\/h2>\n\n\n\n<hr class=\"wp-block-separator has-text-color has-alpha-channel-opacity has-background is-style-wide\" style=\"background-color:#e8ecf5;color:#e8ecf5\"\/>\n\n\n\n<ul class=\"wp-block-list\">\n<li><a href=\"https:\/\/ufpr.br\/propg\/wp-content\/uploads\/2025\/08\/resultado-parcial_edital05_2024_prppg_sba_cotasprppg.pdf\" target=\"_blank\" rel=\"noreferrer noopener\">Resultado Parcial_Edital 05_2024<\/a>\u00a0(publicado em 08\/07\/2024)<\/li>\n<\/ul>\n\n\n\n<ul class=\"wp-block-list\">\n<li><a href=\"https:\/\/ufpr.br\/propg\/wp-content\/uploads\/2025\/08\/resultado-final_edital05_2024_prppg_sba_cotasprppg.pdf\" target=\"_blank\" rel=\"noreferrer noopener\">Resultado final<\/a>\u00a0(previsto em 11\/07\/2024)<\/li>\n<\/ul>\n\n\n\n<div style=\"height:50px\" aria-hidden=\"true\" class=\"wp-block-spacer\"><\/div>\n<\/div>\n<\/div>\n\n\n\n<div class=\"wp-block-columns is-layout-flex wp-container-core-columns-is-layout-9d6595d7 wp-block-columns-is-layout-flex\">\n<div class=\"wp-block-column is-layout-flow wp-block-column-is-layout-flow\">\n<h2 class=\"wp-block-heading has-text-align-left has-background has-medium-font-size\" style=\"background-color:#e8ecf5\">NORMAS RELACIONADAS<\/h2>\n\n\n\n<hr class=\"wp-block-separator has-text-color has-alpha-channel-opacity has-background is-style-wide\" style=\"background-color:#e8ecf5;color:#e8ecf5\"\/>\n\n\n\n<ul class=\"wp-block-list\">\n<li><a href=\"https:\/\/www.in.gov.br\/en\/web\/dou\/-\/portaria-n-34-de-9-de-marco-de-2020-248560278?fbclid=IwAR33ngXggftKmv6QCZcRpGT-Lc7vOwttxzUkveA20XL6iG5SQFZ_BWHdDJU\" target=\"_blank\" rel=\"noreferrer noopener\">Portaria n\u00ba 34, de 9 de Mar\u00e7o de 2020&nbsp;<\/a>: Disp\u00f5e sobre as condi\u00e7\u00f5es para fomento a cursos de p\u00f3s-gradua\u00e7\u00e3o stricto sensu pela Diretoria de Programas e Bolsas no Pa\u00eds da CAPES.<\/li>\n<\/ul>\n\n\n\n<ul class=\"wp-block-list\">\n<li><a href=\"http:\/\/cad.capes.gov.br\/ato-administrativo-detalhar?idAtoAdmElastic=8342#anchor\" target=\"_blank\" rel=\"noreferrer noopener\">Portaria n\u00ba 73, de 6 de abril de 2022, da Capes<\/a>: Institui a cota de bolsas de estudo e\/ou aux\u00edlios escolares da pr\u00f3-reitoria ou \u00f3rg\u00e3o equivalente incumbido dos programas de p\u00f3s-gradua\u00e7\u00e3o e altera a Portaria n\u00ba 76, de 14 de abril de 2010, a Portaria n\u00ba 181, de 18 de dezembro de 2012, e a Portaria n\u00ba 149, de 1\u00ba de agosto de 2017.<\/li>\n<\/ul>\n\n\n\n<ul class=\"wp-block-list\">\n<li><a href=\"https:\/\/ufpr.br\/propg\/wp-content\/uploads\/2025\/08\/portaria-no-92-de-24-de-maio-de-2022-capes.pdf\" target=\"_blank\" rel=\"noreferrer noopener\">Portaria n\u00ba 92, de 24 de Maio de 2022<\/a>: Disp\u00f5e sobre os crit\u00e9rios para distribui\u00e7\u00e3o da cota de bolsas de estudo ou aux\u00edlios escolares da pr\u00f3-reitoria ou \u00f3rg\u00e3o equivalente incumbido dos programas de p\u00f3s-gradua\u00e7\u00e3o no \u00e2mbito dos programas institucionais de fomento \u00e0 p\u00f3s-gradua\u00e7\u00e3o geridos pela Diretoria de Programas e Bolsas no Pa\u00eds.<\/li>\n<\/ul>\n\n\n\n<ul class=\"wp-block-list\">\n<li><a href=\"https:\/\/ufpr.br\/propg\/wp-content\/uploads\/2025\/08\/of-5-2022-capes.pdf\" target=\"_blank\" rel=\"noreferrer noopener\">Of\u00edcio Circular n\u00ba 5\/2022-GAB\/PR\/CAPES<\/a>: Cota de bolsas e\/ou aux\u00edlios escolares para as pr\u00f3-reitorias<\/li>\n<\/ul>\n\n\n\n<ul class=\"wp-block-list\">\n<li><a href=\"https:\/\/ufpr.br\/propg\/wp-content\/uploads\/2025\/08\/sei_ufpr-4560848-prppg_-instrucao-normativa.pdf\" target=\"_blank\" rel=\"noreferrer noopener\">Instru\u00e7\u00e3o Normativa 4\/2022-PRPPG\/GAB<\/a>: Disp\u00f5e sobre aloca\u00e7\u00e3o das cotas de bolsas de estudo e\/ou aux\u00edlios escolares no \u00e2mbito da cota de bolsas da PRPPG, bolsas de mestrado e\/ou doutorado, pela Pr\u00f3-Reitoria de Pesquisa e P\u00f3s-Gradua\u00e7\u00e3o aos programas de p\u00f3s-gradua\u00e7\u00e3o pass\u00edveis de fomento<\/li>\n<\/ul>\n\n\n\n<ul class=\"wp-block-list\">\n<li><a href=\"https:\/\/ufpr.br\/propg\/wp-content\/uploads\/2025\/08\/oficio-no162022-ufpr-r-prppg-cpgss.pdf\" target=\"_blank\" rel=\"noreferrer noopener\">Of\u00edcio n\u00ba 16\/2022\/UFPR\/R\/PRPPG\/CPGSS<\/a>: Comunica publica\u00e7\u00e3o de crit\u00e9rios de aloca\u00e7\u00e3o das cotas da pr\u00f3-reitoria UFPR 2022, conf. art. 3\u00ba da Portaria n\u00ba 73\/2022-CAPES<\/li>\n<\/ul>\n<\/div>\n<\/div>\n\n\n\n<hr class=\"wp-block-separator has-text-color has-alpha-channel-opacity has-background is-style-wide\" style=\"background-color:#e8ecf5;color:#e8ecf5\"\/>\n\n\n\n<p class=\"has-text-color has-link-color wp-elements-16631d866001ae142cbdd3786f7ccd26\" style=\"color:#243673\"><strong><a title=\"\" href=\"#topo\">Voltar ao topo<\/a><\/strong><\/p>\n<\/div>\n\n\n\n<div class=\"wp-block-column is-layout-flow wp-block-column-is-layout-flow\" style=\"flex-basis:7%\"><\/div>\n<\/div>\n","protected":false},"excerpt":{"rendered":"<p>Processo Seletivo para aloca\u00e7\u00e3o de cotas de bolsa DS PRPPG institu\u00edda atrav\u00e9s da Portaria CAPES n\u00ba 73\/2022 EDITAL MODELOS DE FORMUL\u00c1RIOS RESULTADOS NORMAS RELACIONADAS Voltar ao topo<\/p>\n","protected":false},"author":5,"featured_media":0,"parent":11760,"menu_order":0,"comment_status":"closed","ping_status":"closed","template":"","meta":{"footnotes":""},"class_list":["post-11002","page","type-page","status-publish","hentry"],"_links":{"self":[{"href":"https:\/\/ufpr.br\/propg\/wp-json\/wp\/v2\/pages\/11002","targetHints":{"allow":["GET"]}}],"collection":[{"href":"https:\/\/ufpr.br\/propg\/wp-json\/wp\/v2\/pages"}],"about":[{"href":"https:\/\/ufpr.br\/propg\/wp-json\/wp\/v2\/types\/page"}],"author":[{"embeddable":true,"href":"https:\/\/ufpr.br\/propg\/wp-json\/wp\/v2\/users\/5"}],"replies":[{"embeddable":true,"href":"https:\/\/ufpr.br\/propg\/wp-json\/wp\/v2\/comments?post=11002"}],"version-history":[{"count":24,"href":"https:\/\/ufpr.br\/propg\/wp-json\/wp\/v2\/pages\/11002\/revisions"}],"predecessor-version":[{"id":47300,"href":"https:\/\/ufpr.br\/propg\/wp-json\/wp\/v2\/pages\/11002\/revisions\/47300"}],"up":[{"embeddable":true,"href":"https:\/\/ufpr.br\/propg\/wp-json\/wp\/v2\/pages\/11760"}],"wp:attachment":[{"href":"https:\/\/ufpr.br\/propg\/wp-json\/wp\/v2\/media?parent=11002"}],"curies":[{"name":"wp","href":"https:\/\/api.w.org\/{rel}","templated":true}]}}