{"id":10757,"date":"2025-08-06T20:53:21","date_gmt":"2025-08-06T23:53:21","guid":{"rendered":"https:\/\/ufpr.br\/?page=10757"},"modified":"2025-08-07T11:06:38","modified_gmt":"2025-08-07T14:06:38","slug":"infraestrutura","status":"publish","type":"page","link":"https:\/\/ufpr.br\/propg\/cpgss\/infraestrutura\/","title":{"rendered":"Infraestrutura para Ensino, Pesquisa e Extens\u00e3o"},"content":{"rendered":"\n<div style=\"height:50px\" aria-hidden=\"true\" class=\"wp-block-spacer\"><\/div>\n\n\n\n<div class=\"wp-block-columns is-layout-flex wp-container-core-columns-is-layout-9d6595d7 wp-block-columns-is-layout-flex\">\n<div class=\"wp-block-column is-layout-flow wp-block-column-is-layout-flow\" style=\"flex-basis:20%\" id=\"topo\">\n<div style=\"height:15px\" aria-hidden=\"true\" class=\"wp-block-spacer\"><\/div>\n\n\n<div class=\"wp-block-image\">\n<figure class=\"aligncenter size-full is-resized\"><img decoding=\"async\" src=\"https:\/\/ufpr.br\/propg\/wp-content\/uploads\/2025\/08\/Icone_Predios_Rosa.png\" alt=\"\" class=\"wp-image-21428\" style=\"width:100px;height:auto\"\/><\/figure><\/div>\n\n\n<div style=\"height:25px\" aria-hidden=\"true\" class=\"wp-block-spacer\"><\/div>\n\n\n\n<div class=\"wp-block-columns is-layout-flex wp-container-core-columns-is-layout-9d6595d7 wp-block-columns-is-layout-flex\">\n<div class=\"wp-block-column is-layout-flow wp-block-column-is-layout-flow\">\n<hr class=\"wp-block-separator has-text-color has-alpha-channel-opacity has-background is-style-wide\" style=\"background-color:#e8ecf5;color:#e8ecf5\"\/>\n\n\n\n<p class=\"has-text-color has-background has-link-color wp-elements-47237bd95ecb63e23e512202f7b318b5\" style=\"color:#243673;background-color:#f0f0f0\">Nesta p\u00e1gina voc\u00ea ir\u00e1 encontrar as principais informa\u00e7\u00f5es sobre a infraestrutura dispon\u00edvel para os Programas de P\u00f3s-gradua\u00e7\u00e3o Stricto Sensu da UFPR: laborat\u00f3rios, esta\u00e7\u00f5es experimentais, museus, bibliotecas, hospitais, entre outros.<\/p>\n\n\n\n<hr class=\"wp-block-separator has-text-color has-alpha-channel-opacity has-background is-style-wide\" style=\"background-color:#e8ecf5;color:#e8ecf5\"\/>\n<\/div>\n<\/div>\n<\/div>\n\n\n\n<div class=\"wp-block-column is-layout-flow wp-block-column-is-layout-flow\" style=\"flex-basis:5%\"><\/div>\n\n\n\n<div class=\"wp-block-column is-layout-flow wp-block-column-is-layout-flow\" style=\"flex-basis:70%\">\n<blockquote class=\"wp-block-quote is-layout-flow wp-block-quote-is-layout-flow\">\n<p>Com uma estrutura robusta de ensino e pesquisa, a UFPR destaca-se por seus 92 programas stricto sensu, laborat\u00f3rios especializados, esta\u00e7\u00f5es experimentais e hospitais universit\u00e1rios, al\u00e9m de museus e bibliotecas que suportam a forma\u00e7\u00e3o e a produ\u00e7\u00e3o de conhecimento. Clique nos links abaixo para obter informa\u00e7\u00f5es detalhadas.<\/p>\n<\/blockquote>\n\n\n\n<div style=\"height:25px\" aria-hidden=\"true\" class=\"wp-block-spacer\"><\/div>\n\n\n\n<h2 class=\"wp-block-heading\">LABORAT\u00d3RIOS<\/h2>\n\n\n\n<hr class=\"wp-block-separator has-text-color has-alpha-channel-opacity has-background is-style-wide\" style=\"background-color:#e8ecf5;color:#e8ecf5\"\/>\n\n\n\n<div class=\"wp-block-columns is-layout-flex wp-container-core-columns-is-layout-9d6595d7 wp-block-columns-is-layout-flex\">\n<div class=\"wp-block-column is-layout-flow wp-block-column-is-layout-flow\" style=\"flex-basis:20%\">\n<div class=\"wp-block-columns is-layout-flex wp-container-core-columns-is-layout-9d6595d7 wp-block-columns-is-layout-flex\">\n<div class=\"wp-block-column is-layout-flow wp-block-column-is-layout-flow\">\n<div style=\"height:15px\" aria-hidden=\"true\" class=\"wp-block-spacer\"><\/div>\n\n\n<div class=\"wp-block-image is-style-default\">\n<figure class=\"aligncenter size-full is-resized\"><img decoding=\"async\" src=\"https:\/\/ufpr.br\/propg\/wp-content\/uploads\/2025\/08\/Icone_LaboratorioPredio_Rosa.png\" alt=\"\" class=\"wp-image-21374\" style=\"object-fit:cover;width:80px;height:80px\"\/><\/figure><\/div><\/div>\n<\/div>\n<\/div>\n\n\n\n<div class=\"wp-block-column is-layout-flow wp-block-column-is-layout-flow\" style=\"flex-basis:80%\">\n<p>A Universidade Federal do Paran\u00e1&nbsp; possui uma ampla infraestrutura de laborat\u00f3rios dedicados ao ensino, pesquisa e extens\u00e3o em diversas \u00e1reas do conhecimento.<\/p>\n\n\n\n<p>Dentre os principais laborat\u00f3rios, destacam-se:<\/p>\n\n\n\n<ul class=\"wp-block-list\">\n<li><a href=\"http:\/\/www.cem.ufpr.br\/\" target=\"_blank\" rel=\"noreferrer noopener\">Centro de Estudos do Mar<\/a>: especializa\u00e7\u00e3o em F\u00edsica, Geologia e Biologia Marinha.<\/li>\n<\/ul>\n\n\n\n<ul class=\"wp-block-list\">\n<li><a href=\"http:\/\/www.saude.ufpr.br\/portal\/centralanalitica\/\" target=\"_blank\" rel=\"noreferrer noopener\">Central Anal\u00edtica do Departamento de Farm\u00e1cia<\/a>: foco em cromatografia e espectrometria.<\/li>\n<\/ul>\n\n\n\n<ul class=\"wp-block-list\">\n<li><a href=\"http:\/\/www.decigi.ufpr.br\/\" target=\"_blank\" rel=\"noreferrer noopener\">Centro de Capacita\u00e7\u00e3o e Consultoria em Gest\u00e3o da Informa\u00e7\u00e3o<\/a>: desenvolvimento de produtos e servi\u00e7os informacionais.<\/li>\n<\/ul>\n\n\n\n<ul class=\"wp-block-list\">\n<li>Laborat\u00f3rios especializados em&nbsp;<a href=\"http:\/\/www.rmn.ufpr.br\/portal\/\" target=\"_blank\" rel=\"noreferrer noopener\">resson\u00e2ncia magn\u00e9tica nuclear<\/a>,&nbsp;<a href=\"http:\/\/www.ceppa.ufpr.br\/\" target=\"_blank\" rel=\"noreferrer noopener\">processamento de alimentos<\/a>,&nbsp;<a href=\"http:\/\/www.cesec.ufpr.br\/\" target=\"_blank\" rel=\"noreferrer noopener\">engenharia civil<\/a>,&nbsp;<a href=\"https:\/\/cme.ufpr.br\/\" target=\"_blank\" rel=\"noreferrer noopener\">microscopia eletr\u00f4nica<\/a>,&nbsp;<a href=\"http:\/\/www.gea.ufpr.br\/home\/index.php\" target=\"_blank\" rel=\"noreferrer noopener\">eletroqu\u00edmica aplicada<\/a>,&nbsp;<a href=\"http:\/\/www.laboclima.ufpr.br\/\" target=\"_blank\" rel=\"noreferrer noopener\">climatologia<\/a>,&nbsp;<a href=\"http:\/\/www.lacaut.ufpr.br\/\" target=\"_blank\" rel=\"noreferrer noopener\">combust\u00edveis automotivos<\/a>,&nbsp;<a href=\"https:\/\/jornalcomunicacao.ufpr.br\/\" target=\"_blank\" rel=\"noreferrer noopener\">jornalismo<\/a>,&nbsp;<a href=\"http:\/\/www.lamir.ufpr.br\/\" target=\"_blank\" rel=\"noreferrer noopener\">an\u00e1lise de minerais e rochas<\/a>, invent\u00e1rio florestal, hidrogeologia, modelagem e monitoramento ambiental, nutri\u00e7\u00e3o animal, paisagismo, prote\u00e7\u00e3o florestal, \u00f3ptica de raios X, redes avan\u00e7adas e sem fio, e estudos do espa\u00e7o p\u00fablico.<\/li>\n<\/ul>\n\n\n\n<hr class=\"wp-block-separator has-text-color has-alpha-channel-opacity has-background is-style-wide\" style=\"background-color:#e8ecf5;color:#e8ecf5\"\/>\n\n\n\n<p>Acesse informa\u00e7\u00f5es mais detalhadas sobre os laborat\u00f3rios da UFPR em:&nbsp;<a href=\"https:\/\/ufpr.br\/laboratorios\/\" target=\"_blank\" rel=\"noreferrer noopener\">https:\/\/ufpr.br\/laboratorios<\/a><\/p>\n\n\n\n<hr class=\"wp-block-separator has-text-color has-alpha-channel-opacity has-background is-style-wide\" style=\"background-color:#e8ecf5;color:#e8ecf5\"\/>\n\n\n\n<p>Tamb\u00e9m \u00e9 poss\u00edvel encontrar informa\u00e7\u00f5es detalhadas sobre a infraestrutura de pesquisa na&nbsp;Plataforma Nacional de Infraestrutura de pesquisa do MCTI:&nbsp;<a href=\"https:\/\/pnipe.mcti.gov.br\/search?term=UFPR\" target=\"_blank\" rel=\"noreferrer noopener\">https:\/\/pnipe.mcti.gov.br\/search?term=UFPR<\/a><\/p>\n\n\n\n<div style=\"height:15px\" aria-hidden=\"true\" class=\"wp-block-spacer\"><\/div>\n\n\n\n<hr class=\"wp-block-separator has-alpha-channel-opacity is-style-dots\"\/>\n<\/div>\n<\/div>\n\n\n\n<h2 class=\"wp-block-heading\">ESTA\u00c7\u00d5ES EXPERIMENTAIS<\/h2>\n\n\n\n<hr class=\"wp-block-separator has-text-color has-alpha-channel-opacity has-background is-style-wide\" style=\"background-color:#e8ecf5;color:#e8ecf5\"\/>\n\n\n\n<div class=\"wp-block-columns is-layout-flex wp-container-core-columns-is-layout-9d6595d7 wp-block-columns-is-layout-flex\">\n<div class=\"wp-block-column is-layout-flow wp-block-column-is-layout-flow\" style=\"flex-basis:20%\">\n<div class=\"wp-block-columns is-layout-flex wp-container-core-columns-is-layout-9d6595d7 wp-block-columns-is-layout-flex\">\n<div class=\"wp-block-column is-vertically-aligned-top is-layout-flow wp-block-column-is-layout-flow\">\n<div style=\"height:15px\" aria-hidden=\"true\" class=\"wp-block-spacer\"><\/div>\n\n\n<div class=\"wp-block-image is-style-default\">\n<figure class=\"aligncenter size-full is-resized\"><img decoding=\"async\" src=\"https:\/\/ufpr.br\/propg\/wp-content\/uploads\/2025\/08\/Icone_EstacoesExperimentais_Rosa.png\" alt=\"\" class=\"wp-image-21379\" style=\"object-fit:cover;width:80px;height:80px\"\/><\/figure><\/div><\/div>\n<\/div>\n<\/div>\n\n\n\n<div class=\"wp-block-column is-layout-flow wp-block-column-is-layout-flow\" style=\"flex-basis:80%\">\n<p>A UFPR possui v\u00e1rias&nbsp;<a href=\"https:\/\/ufpr.br\/estacoes-experimentais\/\" target=\"_blank\" rel=\"noreferrer noopener\">Esta\u00e7\u00f5es Experimentais<\/a>&nbsp;em \u00e1reas rurais do estado para cursos de Agronomia, Engenharia Florestal, Engenharia Industrial Madeireira, Medicina Veterin\u00e1ria e Zootecnia, localizadas em Pinhais, Rio Negro, Jandaia do Sul, Palotina, Paranava\u00ed e S\u00e3o Jo\u00e3o do Triunfo.<\/p>\n\n\n\n<div style=\"height:15px\" aria-hidden=\"true\" class=\"wp-block-spacer\"><\/div>\n\n\n\n<hr class=\"wp-block-separator has-alpha-channel-opacity is-style-dots\"\/>\n<\/div>\n<\/div>\n\n\n\n<h2 class=\"wp-block-heading\">COMPLEXO DO HOSPITAL DE CL\u00cdNICAS<\/h2>\n\n\n\n<hr class=\"wp-block-separator has-text-color has-alpha-channel-opacity has-background is-style-wide\" style=\"background-color:#e8ecf5;color:#e8ecf5\"\/>\n\n\n\n<div class=\"wp-block-columns is-layout-flex wp-container-core-columns-is-layout-9d6595d7 wp-block-columns-is-layout-flex\">\n<div class=\"wp-block-column is-layout-flow wp-block-column-is-layout-flow\" style=\"flex-basis:20%\">\n<div class=\"wp-block-columns is-layout-flex wp-container-core-columns-is-layout-9d6595d7 wp-block-columns-is-layout-flex\">\n<div class=\"wp-block-column is-layout-flow wp-block-column-is-layout-flow\">\n<div style=\"height:15px\" aria-hidden=\"true\" class=\"wp-block-spacer\"><\/div>\n\n\n<div class=\"wp-block-image is-style-default\">\n<figure class=\"aligncenter size-full is-resized\"><img decoding=\"async\" src=\"https:\/\/ufpr.br\/propg\/wp-content\/uploads\/2025\/08\/Icone_Hospital_Rosa.png\" alt=\"\" class=\"wp-image-21384\" style=\"object-fit:cover;width:80px;height:80px\"\/><\/figure><\/div><\/div>\n<\/div>\n<\/div>\n\n\n\n<div class=\"wp-block-column is-layout-flow wp-block-column-is-layout-flow\" style=\"flex-basis:80%\">\n<div style=\"height:10px\" aria-hidden=\"true\" class=\"wp-block-spacer\"><\/div>\n\n\n\n<p>O&nbsp;<a href=\"https:\/\/www.gov.br\/ebserh\/pt-br\/hospitais-universitarios\/regiao-sul\/chc-ufpr\" target=\"_blank\" rel=\"noreferrer noopener\">Complexo do Hospital de Cl\u00ednicas<\/a>, que inclui o Hospital de Cl\u00ednicas e o Hospital Vitor do Amaral, forma cerca de 2.000 alunos por ano em diversas \u00e1reas da sa\u00fade.<\/p>\n\n\n\n<div style=\"height:15px\" aria-hidden=\"true\" class=\"wp-block-spacer\"><\/div>\n\n\n\n<hr class=\"wp-block-separator has-alpha-channel-opacity is-style-dots\"\/>\n<\/div>\n<\/div>\n\n\n\n<h2 class=\"wp-block-heading\">HOSPITAIS VETERIN\u00c1RIOS E BIOT\u00c9RIO<\/h2>\n\n\n\n<hr class=\"wp-block-separator has-text-color has-alpha-channel-opacity has-background is-style-wide\" style=\"background-color:#e8ecf5;color:#e8ecf5\"\/>\n\n\n\n<div class=\"wp-block-columns is-layout-flex wp-container-core-columns-is-layout-9d6595d7 wp-block-columns-is-layout-flex\">\n<div class=\"wp-block-column is-layout-flow wp-block-column-is-layout-flow\" style=\"flex-basis:20%\">\n<div class=\"wp-block-columns is-layout-flex wp-container-core-columns-is-layout-9d6595d7 wp-block-columns-is-layout-flex\">\n<div class=\"wp-block-column is-layout-flow wp-block-column-is-layout-flow\">\n<div style=\"height:15px\" aria-hidden=\"true\" class=\"wp-block-spacer\"><\/div>\n\n\n<div class=\"wp-block-image is-style-default\">\n<figure class=\"aligncenter size-full is-resized\"><img decoding=\"async\" src=\"https:\/\/ufpr.br\/propg\/wp-content\/uploads\/2025\/08\/Icone_HospitalVeterinario_Rosa.png\" alt=\"\" class=\"wp-image-21405\" style=\"object-fit:cover;width:80px;height:80px\"\/><\/figure><\/div><\/div>\n<\/div>\n<\/div>\n\n\n\n<div class=\"wp-block-column is-layout-flow wp-block-column-is-layout-flow\" style=\"flex-basis:80%\">\n<div style=\"height:10px\" aria-hidden=\"true\" class=\"wp-block-spacer\"><\/div>\n\n\n\n<p>A UFPR conta com dois&nbsp;<a href=\"https:\/\/agrarias.ufpr.br\/hv\/\" target=\"_blank\" rel=\"noreferrer noopener\">hospitais veterin\u00e1rios em Curitiba<\/a>&nbsp;e um&nbsp;<a href=\"https:\/\/hvp.ufpr.br\/\">hospital veterin\u00e1rio em Palotina<\/a>, al\u00e9m do&nbsp;<a href=\"https:\/\/bio.ufpr.br\/bioterio\/o-bioterio\/\" target=\"_blank\" rel=\"noreferrer noopener\">Complexo Biot\u00e9rio<\/a>&nbsp;no Centro Polit\u00e9cnico de Curitiba, que fornece roedores para pesquisa e ensino.<\/p>\n\n\n\n<div style=\"height:15px\" aria-hidden=\"true\" class=\"wp-block-spacer\"><\/div>\n\n\n\n<hr class=\"wp-block-separator has-alpha-channel-opacity is-style-dots\"\/>\n<\/div>\n<\/div>\n\n\n\n<h2 class=\"wp-block-heading\">MUSEUS<\/h2>\n\n\n\n<hr class=\"wp-block-separator has-text-color has-alpha-channel-opacity has-background is-style-wide\" style=\"background-color:#e8ecf5;color:#e8ecf5\"\/>\n\n\n\n<div class=\"wp-block-columns is-layout-flex wp-container-core-columns-is-layout-9d6595d7 wp-block-columns-is-layout-flex\">\n<div class=\"wp-block-column is-layout-flow wp-block-column-is-layout-flow\" style=\"flex-basis:20%\">\n<div class=\"wp-block-columns is-layout-flex wp-container-core-columns-is-layout-9d6595d7 wp-block-columns-is-layout-flex\">\n<div class=\"wp-block-column is-layout-flow wp-block-column-is-layout-flow\">\n<div style=\"height:15px\" aria-hidden=\"true\" class=\"wp-block-spacer\"><\/div>\n\n\n<div class=\"wp-block-image is-style-default\">\n<figure class=\"aligncenter size-full is-resized\"><img decoding=\"async\" src=\"https:\/\/ufpr.br\/propg\/wp-content\/uploads\/2025\/08\/Icone_Museu_Rosa.png\" alt=\"\" class=\"wp-image-21411\" style=\"object-fit:cover;width:80px;height:80px\"\/><\/figure><\/div><\/div>\n<\/div>\n<\/div>\n\n\n\n<div class=\"wp-block-column is-layout-flow wp-block-column-is-layout-flow\" style=\"flex-basis:80%\">\n<div style=\"height:10px\" aria-hidden=\"true\" class=\"wp-block-spacer\"><\/div>\n\n\n\n<p>A UFPR abriga o&nbsp;<a href=\"http:\/\/www.musa.ufpr.br\/\" target=\"_blank\" rel=\"noreferrer noopener\">Museu de Arte<\/a>&nbsp;(MusA) e o&nbsp;<a href=\"https:\/\/mae.ufpr.br\/\" target=\"_blank\" rel=\"noreferrer noopener\">Museu de Arqueologia e Etnologia<\/a>&nbsp;(MAE-UFPR), que preservam e divulgam o acervo de arte paranaense e o patrim\u00f4nio arqueol\u00f3gico e etnol\u00f3gico do Paran\u00e1, respectivamente.<\/p>\n\n\n\n<div style=\"height:15px\" aria-hidden=\"true\" class=\"wp-block-spacer\"><\/div>\n\n\n\n<hr class=\"wp-block-separator has-alpha-channel-opacity is-style-dots\"\/>\n<\/div>\n<\/div>\n\n\n\n<h2 class=\"wp-block-heading\">BIBLIOTECAS<\/h2>\n\n\n\n<hr class=\"wp-block-separator has-text-color has-alpha-channel-opacity has-background is-style-wide\" style=\"background-color:#e8ecf5;color:#e8ecf5\"\/>\n\n\n\n<div class=\"wp-block-columns is-layout-flex wp-container-core-columns-is-layout-9d6595d7 wp-block-columns-is-layout-flex\">\n<div class=\"wp-block-column is-layout-flow wp-block-column-is-layout-flow\" style=\"flex-basis:20%\">\n<div class=\"wp-block-columns is-layout-flex wp-container-core-columns-is-layout-9d6595d7 wp-block-columns-is-layout-flex\">\n<div class=\"wp-block-column is-layout-flow wp-block-column-is-layout-flow\">\n<div style=\"height:15px\" aria-hidden=\"true\" class=\"wp-block-spacer\"><\/div>\n\n\n<div class=\"wp-block-image is-style-default\">\n<figure class=\"aligncenter size-full is-resized\"><img decoding=\"async\" src=\"https:\/\/ufpr.br\/propg\/wp-content\/uploads\/2025\/08\/Icone_Biblioteca_Rosa.png\" alt=\"\" class=\"wp-image-21417\" style=\"object-fit:cover;width:80px;height:80px\"\/><\/figure><\/div><\/div>\n<\/div>\n<\/div>\n\n\n\n<div class=\"wp-block-column is-layout-flow wp-block-column-is-layout-flow\" style=\"flex-basis:80%\">\n<p>O&nbsp;<a href=\"https:\/\/bibliotecas.ufpr.br\/\" target=\"_blank\" rel=\"noreferrer noopener\">Sistema de Bibliotecas da UFPR (SiBi\/UFPR)<\/a>&nbsp;apoia a p\u00f3s-gradua\u00e7\u00e3o com 19 bibliotecas e uma sede administrativa, oferecendo espa\u00e7os de estudo, acesso \u00e0&nbsp;<a href=\"https:\/\/bibliotecas.ufpr.br\/bases-de-dados\/#lista\" target=\"_blank\" rel=\"noreferrer noopener\">portais de pesquisa, peri\u00f3dicos e bases de dados<\/a>, al\u00e9m de prestar diversos servi\u00e7os de orienta\u00e7\u00e3o,&nbsp;<a href=\"https:\/\/bibliotecas.ufpr.br\/eventos\/lista\/\" target=\"_blank\" rel=\"noreferrer noopener\">treinamentos<\/a>,&nbsp;<a href=\"https:\/\/www.youtube.com\/c\/SistemadeBibliotecasUFPR\" target=\"_blank\" rel=\"noreferrer noopener\">capacita\u00e7\u00f5es<\/a>&nbsp;e apoio \u00e0 pesquisa.<\/p>\n\n\n\n<div style=\"height:15px\" aria-hidden=\"true\" class=\"wp-block-spacer\"><\/div>\n\n\n\n<hr class=\"wp-block-separator has-alpha-channel-opacity is-style-dots\"\/>\n<\/div>\n<\/div>\n\n\n\n<h2 class=\"wp-block-heading\">INOVA\u00c7\u00c3O E TRANSFER\u00caNCIA DE CONHECIMENTO<\/h2>\n\n\n\n<hr class=\"wp-block-separator has-text-color has-alpha-channel-opacity has-background is-style-wide\" style=\"background-color:#e8ecf5;color:#e8ecf5\"\/>\n\n\n\n<div class=\"wp-block-columns is-layout-flex wp-container-core-columns-is-layout-9d6595d7 wp-block-columns-is-layout-flex\">\n<div class=\"wp-block-column is-layout-flow wp-block-column-is-layout-flow\" style=\"flex-basis:20%\">\n<div class=\"wp-block-columns is-layout-flex wp-container-core-columns-is-layout-9d6595d7 wp-block-columns-is-layout-flex\">\n<div class=\"wp-block-column is-layout-flow wp-block-column-is-layout-flow\">\n<div style=\"height:15px\" aria-hidden=\"true\" class=\"wp-block-spacer\"><\/div>\n\n\n<div class=\"wp-block-image is-style-default\">\n<figure class=\"aligncenter size-full is-resized\"><img decoding=\"async\" src=\"https:\/\/ufpr.br\/propg\/wp-content\/uploads\/2025\/08\/Icone_InovacaoTransferencia_Rosa.png\" alt=\"\" class=\"wp-image-21423\" style=\"object-fit:cover;width:80px;height:80px\"\/><\/figure><\/div><\/div>\n<\/div>\n<\/div>\n\n\n\n<div class=\"wp-block-column is-layout-flow wp-block-column-is-layout-flow\" style=\"flex-basis:80%\">\n<p>A&nbsp;<a href=\"https:\/\/spin.ufpr.br\/\" target=\"_blank\" rel=\"noreferrer noopener\">Superintend\u00eancia de Parcerias e Inova\u00e7\u00e3o<\/a>&nbsp;(SPIn) promove a inova\u00e7\u00e3o e a transfer\u00eancia de conhecimento, com a Ag\u00eancia de Inova\u00e7\u00e3o UFPR gerenciando a propriedade intelectual e negociando transfer\u00eancias de tecnologia, impulsionando uma cultura empreendedora.<\/p>\n<\/div>\n<\/div>\n\n\n\n<hr class=\"wp-block-separator has-text-color has-alpha-channel-opacity has-background is-style-wide\" style=\"background-color:#e8ecf5;color:#e8ecf5\"\/>\n\n\n\n<p class=\"has-text-color has-link-color wp-elements-16631d866001ae142cbdd3786f7ccd26\" style=\"color:#243673\"><strong><a title=\"\" href=\"#topo\">Voltar ao topo<\/a><\/strong><\/p>\n<\/div>\n\n\n\n<div class=\"wp-block-column is-layout-flow wp-block-column-is-layout-flow\" style=\"flex-basis:5%\"><\/div>\n<\/div>\n\n\n\n<p><\/p>\n","protected":false},"excerpt":{"rendered":"<p>Nesta p\u00e1gina voc\u00ea ir\u00e1 encontrar as principais informa\u00e7\u00f5es sobre a infraestrutura dispon\u00edvel para os Programas de P\u00f3s-gradua\u00e7\u00e3o Stricto Sensu da UFPR: laborat\u00f3rios, esta\u00e7\u00f5es experimentais, museus, bibliotecas, hospitais, entre outros. Com uma estrutura robusta de ensino e pesquisa, a UFPR destaca-se por seus 92 programas stricto sensu, laborat\u00f3rios especializados, esta\u00e7\u00f5es experimentais e hospitais universit\u00e1rios, al\u00e9m de [&hellip;]<\/p>\n","protected":false},"author":5,"featured_media":0,"parent":2756,"menu_order":0,"comment_status":"closed","ping_status":"closed","template":"","meta":{"footnotes":""},"class_list":["post-10757","page","type-page","status-publish","hentry"],"_links":{"self":[{"href":"https:\/\/ufpr.br\/propg\/wp-json\/wp\/v2\/pages\/10757","targetHints":{"allow":["GET"]}}],"collection":[{"href":"https:\/\/ufpr.br\/propg\/wp-json\/wp\/v2\/pages"}],"about":[{"href":"https:\/\/ufpr.br\/propg\/wp-json\/wp\/v2\/types\/page"}],"author":[{"embeddable":true,"href":"https:\/\/ufpr.br\/propg\/wp-json\/wp\/v2\/users\/5"}],"replies":[{"embeddable":true,"href":"https:\/\/ufpr.br\/propg\/wp-json\/wp\/v2\/comments?post=10757"}],"version-history":[{"count":55,"href":"https:\/\/ufpr.br\/propg\/wp-json\/wp\/v2\/pages\/10757\/revisions"}],"predecessor-version":[{"id":10863,"href":"https:\/\/ufpr.br\/propg\/wp-json\/wp\/v2\/pages\/10757\/revisions\/10863"}],"up":[{"embeddable":true,"href":"https:\/\/ufpr.br\/propg\/wp-json\/wp\/v2\/pages\/2756"}],"wp:attachment":[{"href":"https:\/\/ufpr.br\/propg\/wp-json\/wp\/v2\/media?parent=10757"}],"curies":[{"name":"wp","href":"https:\/\/api.w.org\/{rel}","templated":true}]}}