{"id":10587,"date":"2025-08-05T11:57:08","date_gmt":"2025-08-05T14:57:08","guid":{"rendered":"https:\/\/ufpr.br\/?page=10587"},"modified":"2026-01-22T13:31:06","modified_gmt":"2026-01-22T16:31:06","slug":"orientacoes-para-programas-com-editais-de-fluxo-continuo","status":"publish","type":"page","link":"https:\/\/ufpr.br\/propg\/cpgss\/acoes-afirmativas\/orientacoes-para-programas-com-editais-de-fluxo-continuo\/","title":{"rendered":"Orienta\u00e7\u00f5es para Programas com Editais de Fluxo Cont\u00ednuo"},"content":{"rendered":"\n<div style=\"height:50px\" aria-hidden=\"true\" class=\"wp-block-spacer\"><\/div>\n\n\n\n<div class=\"wp-block-columns is-layout-flex wp-container-core-columns-is-layout-9d6595d7 wp-block-columns-is-layout-flex\">\n<div class=\"wp-block-column is-layout-flow wp-block-column-is-layout-flow\" style=\"flex-basis:15%\">\n<div style=\"height:25px\" aria-hidden=\"true\" class=\"wp-block-spacer\"><\/div>\n\n\n<div class=\"wp-block-image\">\n<figure class=\"aligncenter size-full is-resized\" id=\"topo\"><img decoding=\"async\" src=\"https:\/\/ufpr.br\/propg\/wp-content\/uploads\/2025\/08\/Icone_EditalFluxoContinuo_Rosa.png\" alt=\"\" class=\"wp-image-20283\" style=\"width:100px\"\/><\/figure><\/div><\/div>\n\n\n\n<div class=\"wp-block-column is-layout-flow wp-block-column-is-layout-flow\" style=\"flex-basis:73%\">\n<div class=\"wp-block-columns is-layout-flex wp-container-core-columns-is-layout-9d6595d7 wp-block-columns-is-layout-flex\">\n<div class=\"wp-block-column has-background is-layout-flow wp-block-column-is-layout-flow\" style=\"background-color:#f0f0f0\">\n<hr class=\"wp-block-separator has-text-color has-white-color has-alpha-channel-opacity has-white-background-color has-background is-style-wide\"\/>\n\n\n\n<h2 class=\"wp-block-heading has-background has-medium-font-size\" style=\"background-color:#f1f1f1\">ATEN\u00c7\u00c3O<\/h2>\n\n\n\n<hr class=\"wp-block-separator has-text-color has-white-color has-alpha-channel-opacity has-white-background-color has-background is-style-wide\"\/>\n\n\n\n<p class=\"has-background\" style=\"background-color:#f0f0f0\">A pedido da&nbsp;Coordenadoria de Pol\u00edticas de Cotas&nbsp;da Pr\u00f3-Reitoria de A\u00e7\u00f5es Afirmativas e Equidade (PROAFE) informamos que&nbsp;<strong>as valida\u00e7\u00f5es de autodeclara\u00e7\u00f5es \u00e9tnico-raciais dever\u00e3o ocorrer exclusivamente na Banca Unificada<\/strong>, prevista no Edital PROPG\/PROAFE\/NC n\u00ba 01\/2025.<br><br>Assim,&nbsp;<strong><mark style=\"background-color:#ffffff\" class=\"has-inline-color\">n\u00e3o haver\u00e1 forma\u00e7\u00e3o de novas bancas para valida\u00e7\u00e3o \u00e9tnico-racial (pretos e pardos) neste ano de 2025<\/mark><\/strong>, devendo os Programas de P\u00f3s-Gradua\u00e7\u00e3o prever, em seus editais, a participa\u00e7\u00e3o das pessoas autodeclaradas negras (pretas e pardas) na Banca Unificada e divulgar amplamente essa orienta\u00e7\u00e3o aos(\u00e0s) candidatos(as).<br><br>O per\u00edodo de inscri\u00e7\u00e3o para a Banca Unificada \u00e9 de&nbsp;<strong>1\u00ba de setembro a 6 de outubro de 2025:<\/strong>&nbsp;<br><br><a href=\"https:\/\/ufpr.br\/propg\/cpgss\/acoes-afirmativas\/banca-unificada\/\">https:\/\/ufpr.br\/propg\/cpgss\/acoes-afirmativas\/banca-unificada\/<\/a><br><br>email da&nbsp;Coordenadoria de Pol\u00edticas de Cotas: <a href=\"mailto:cotas.proafe@ufpr.br\" target=\"_blank\" rel=\"noreferrer noopener\">cotas.proafe@ufpr.br<\/a>&nbsp;<br><br>(publicado em 22\/09\/2025)<\/p>\n\n\n\n<hr class=\"wp-block-separator has-text-color has-white-color has-alpha-channel-opacity has-white-background-color has-background is-style-wide\"\/>\n<\/div>\n<\/div>\n\n\n\n<div style=\"height:25px\" aria-hidden=\"true\" class=\"wp-block-spacer\"><\/div>\n\n\n\n<h2 class=\"wp-block-heading\">Implementa\u00e7\u00e3o da Resolu\u00e7\u00e3o n\u00ba 02\/2025-CEPE <br>(A\u00e7\u00f5es Afirmativas na P\u00f3s-Gradua\u00e7\u00e3o) em Editais de Fluxo Cont\u00ednuo<\/h2>\n\n\n\n<div style=\"height:25px\" aria-hidden=\"true\" class=\"wp-block-spacer\"><\/div>\n\n\n\n<blockquote class=\"wp-block-quote is-layout-flow wp-block-quote-is-layout-flow\">\n<p>A Resolu\u00e7\u00e3o n\u00ba 02\/2025-CEPE estabelece a obrigatoriedade de a\u00e7\u00f5es afirmativas em todos os processos seletivos da p\u00f3s-gradua\u00e7\u00e3o stricto sensu da UFPR, inclusive nos editais de fluxo cont\u00ednuo.<\/p>\n\n\n\n<p>Ainda que esses editais n\u00e3o prevejam n\u00famero fixo de vagas, o ingresso segue sendo regido por edital p\u00fablico. Portanto, sempre que houver oferta de&nbsp;<strong>duas ou mais vagas<\/strong>, deve-se aplicar a reserva m\u00ednima de&nbsp;<strong>20% para a\u00e7\u00f5es afirmativas<\/strong>.<\/p>\n<\/blockquote>\n\n\n\n<div style=\"height:25px\" aria-hidden=\"true\" class=\"wp-block-spacer\"><\/div>\n\n\n\n<h2 class=\"wp-block-heading\">Para adequa\u00e7\u00e3o dos editais em fluxo cont\u00ednuo, recomenda-se que o PPG:<\/h2>\n\n\n\n<hr class=\"wp-block-separator has-text-color has-alpha-channel-opacity has-background is-style-wide\" style=\"background-color:#e8ecf5;color:#e8ecf5\"\/>\n\n\n\n<ol class=\"wp-block-list\">\n<li>tenha uma previs\u00e3o do n\u00famero de vagas ofertadas no per\u00edodo coberto pelo edital;<\/li>\n<\/ol>\n\n\n\n<ol start=\"2\" class=\"wp-block-list\">\n<li>classifique separadamente os(as) candidatos(as) da ampla concorr\u00eancia e das a\u00e7\u00f5es afirmativas em listas;<\/li>\n<\/ol>\n\n\n\n<ol start=\"3\" class=\"wp-block-list\">\n<li>estabele\u00e7a uma ordem de chamamento intercalada&nbsp;entre as duas listas, proporcional ao percentual m\u00ednimo exigido, conforme o surgimento das vagas.<\/li>\n<\/ol>\n\n\n\n<ol start=\"4\" class=\"wp-block-list\">\n<li>liste no edital o n\u00famero de vagas que sabidamente ser\u00e3o ocupadas e submeta as demais em uma lista de espera;<\/li>\n<\/ol>\n\n\n\n<ol start=\"5\" class=\"wp-block-list\">\n<li>a lista deve ser atualizada e amplamente divulgada garantindo a transpar\u00eancia do processo seletivo de ingresso.<\/li>\n<\/ol>\n\n\n\n<div style=\"height:25px\" aria-hidden=\"true\" class=\"wp-block-spacer\"><\/div>\n\n\n\n<hr class=\"wp-block-separator has-alpha-channel-opacity is-style-dots\"\/>\n\n\n\n<div style=\"height:25px\" aria-hidden=\"true\" class=\"wp-block-spacer\"><\/div>\n\n\n\n<p>A seguir, apresentamos um exemplo simplificado de como poderia ser organizada a convoca\u00e7\u00e3o dos(as) candidatos(as) com base na altern\u00e2ncia proporcional:<\/p>\n\n\n\n<div style=\"height:25px\" aria-hidden=\"true\" class=\"wp-block-spacer\"><\/div>\n\n\n\n<div class=\"wp-block-columns is-layout-flex wp-container-core-columns-is-layout-9d6595d7 wp-block-columns-is-layout-flex\">\n<div class=\"wp-block-column is-layout-flow wp-block-column-is-layout-flow\" style=\"flex-basis:15%\"><\/div>\n\n\n\n<div class=\"wp-block-column is-layout-flow wp-block-column-is-layout-flow\" style=\"flex-basis:70%\">\n<hr class=\"wp-block-separator has-text-color has-alpha-channel-opacity has-background is-style-wide\" style=\"background-color:#e8ecf5;color:#e8ecf5\"\/>\n\n\n\n<figure class=\"wp-block-table is-style-stripes\"><table class=\"has-fixed-layout\"><thead><tr><th class=\"has-text-align-center\" data-align=\"center\">Vaga<\/th><th class=\"has-text-align-center\" data-align=\"center\">Ampla <br>Concorr\u00eancia<\/th><th class=\"has-text-align-center\" data-align=\"center\">A\u00e7\u00f5es <br>Afirmativas<\/th><\/tr><\/thead><tbody><tr><td class=\"has-text-align-center\" data-align=\"center\">1<\/td><td class=\"has-text-align-center\" data-align=\"center\">1\u00ba da ampla<\/td><td class=\"has-text-align-center\" data-align=\"center\"><\/td><\/tr><tr><td class=\"has-text-align-center\" data-align=\"center\">2<\/td><td class=\"has-text-align-center\" data-align=\"center\">2\u00ba da ampla<\/td><td class=\"has-text-align-center\" data-align=\"center\"><\/td><\/tr><tr><td class=\"has-text-align-center\" data-align=\"center\">3<\/td><td class=\"has-text-align-center\" data-align=\"center\"><\/td><td class=\"has-text-align-center\" data-align=\"center\">1\u00ba da AA<\/td><\/tr><tr><td class=\"has-text-align-center\" data-align=\"center\">4<\/td><td class=\"has-text-align-center\" data-align=\"center\">3\u00ba da ampla<\/td><td class=\"has-text-align-center\" data-align=\"center\"><\/td><\/tr><tr><td class=\"has-text-align-center\" data-align=\"center\">5<\/td><td class=\"has-text-align-center\" data-align=\"center\">4\u00ba da ampla<\/td><td class=\"has-text-align-center\" data-align=\"center\"><\/td><\/tr><tr><td class=\"has-text-align-center\" data-align=\"center\">6<\/td><td class=\"has-text-align-center\" data-align=\"center\"><\/td><td class=\"has-text-align-center\" data-align=\"center\">2\u00ba da AA<\/td><\/tr><\/tbody><\/table><\/figure>\n<\/div>\n\n\n\n<div class=\"wp-block-column is-layout-flow wp-block-column-is-layout-flow\" style=\"flex-basis:15%\"><\/div>\n<\/div>\n\n\n\n<hr class=\"wp-block-separator has-text-color has-alpha-channel-opacity has-background is-style-wide\" style=\"background-color:#e8ecf5;color:#e8ecf5\"\/>\n\n\n\n<p><strong>Importante:<\/strong>&nbsp;Editais publicados&nbsp;<strong>antes<\/strong>&nbsp;da vig\u00eancia da Resolu\u00e7\u00e3o n\u00ba 02\/2025-CEPE podem ser conclu\u00eddos conforme suas regras. As adequa\u00e7\u00f5es devem ser implementadas nos pr\u00f3ximos editais.<\/p>\n\n\n\n<hr class=\"wp-block-separator has-text-color has-alpha-channel-opacity has-background is-style-wide\" style=\"background-color:#e8ecf5;color:#e8ecf5\"\/>\n\n\n\n<p class=\"has-text-color has-link-color wp-elements-16631d866001ae142cbdd3786f7ccd26\" style=\"color:#243673\"><strong><a title=\"\" href=\"#topo\">Voltar ao topo<\/a><\/strong><\/p>\n<\/div>\n\n\n\n<div class=\"wp-block-column is-layout-flow wp-block-column-is-layout-flow\" style=\"flex-basis:12%\"><\/div>\n<\/div>\n\n\n\n<p><\/p>\n","protected":false},"excerpt":{"rendered":"<p>ATEN\u00c7\u00c3O A pedido da&nbsp;Coordenadoria de Pol\u00edticas de Cotas&nbsp;da Pr\u00f3-Reitoria de A\u00e7\u00f5es Afirmativas e Equidade (PROAFE) informamos que&nbsp;as valida\u00e7\u00f5es de autodeclara\u00e7\u00f5es \u00e9tnico-raciais dever\u00e3o ocorrer exclusivamente na Banca Unificada, prevista no Edital PROPG\/PROAFE\/NC n\u00ba 01\/2025. Assim,&nbsp;n\u00e3o haver\u00e1 forma\u00e7\u00e3o de novas bancas para valida\u00e7\u00e3o \u00e9tnico-racial (pretos e pardos) neste ano de 2025, devendo os Programas de P\u00f3s-Gradua\u00e7\u00e3o prever, [&hellip;]<\/p>\n","protected":false},"author":5,"featured_media":0,"parent":10409,"menu_order":0,"comment_status":"closed","ping_status":"closed","template":"","meta":{"footnotes":""},"class_list":["post-10587","page","type-page","status-publish","hentry"],"_links":{"self":[{"href":"https:\/\/ufpr.br\/propg\/wp-json\/wp\/v2\/pages\/10587","targetHints":{"allow":["GET"]}}],"collection":[{"href":"https:\/\/ufpr.br\/propg\/wp-json\/wp\/v2\/pages"}],"about":[{"href":"https:\/\/ufpr.br\/propg\/wp-json\/wp\/v2\/types\/page"}],"author":[{"embeddable":true,"href":"https:\/\/ufpr.br\/propg\/wp-json\/wp\/v2\/users\/5"}],"replies":[{"embeddable":true,"href":"https:\/\/ufpr.br\/propg\/wp-json\/wp\/v2\/comments?post=10587"}],"version-history":[{"count":38,"href":"https:\/\/ufpr.br\/propg\/wp-json\/wp\/v2\/pages\/10587\/revisions"}],"predecessor-version":[{"id":49297,"href":"https:\/\/ufpr.br\/propg\/wp-json\/wp\/v2\/pages\/10587\/revisions\/49297"}],"up":[{"embeddable":true,"href":"https:\/\/ufpr.br\/propg\/wp-json\/wp\/v2\/pages\/10409"}],"wp:attachment":[{"href":"https:\/\/ufpr.br\/propg\/wp-json\/wp\/v2\/media?parent=10587"}],"curies":[{"name":"wp","href":"https:\/\/api.w.org\/{rel}","templated":true}]}}