{"id":10237,"date":"2025-07-31T15:02:23","date_gmt":"2025-07-31T18:02:23","guid":{"rendered":"https:\/\/ufpr.br\/?page=10237"},"modified":"2026-01-05T14:39:21","modified_gmt":"2026-01-05T17:39:21","slug":"pdse-2023","status":"publish","type":"page","link":"https:\/\/ufpr.br\/propg\/siprop\/editais-e-oportunidades\/pdse-2023\/","title":{"rendered":"Programa Doutorado-Sandu\u00edche no Exterior \u2013 Capes: sa\u00edda 2023"},"content":{"rendered":"\n<div style=\"height:50px\" aria-hidden=\"true\" class=\"wp-block-spacer\"><\/div>\n\n\n\n<div class=\"wp-block-columns is-layout-flex wp-container-core-columns-is-layout-9d6595d7 wp-block-columns-is-layout-flex\">\n<div class=\"wp-block-column is-layout-flow wp-block-column-is-layout-flow\" style=\"flex-basis:20%\" id=\"topo\"><div class=\"wp-block-image\">\n<figure class=\"aligncenter size-full is-resized\"><img decoding=\"async\" src=\"https:\/\/ufpr.br\/propg\/wp-content\/uploads\/2024\/10\/Icone_DocumentosMao_Rosa.png\" alt=\"\" class=\"wp-image-6130\" style=\"width:100px;height:auto\"\/><\/figure><\/div><\/div>\n\n\n\n<div class=\"wp-block-column is-layout-flow wp-block-column-is-layout-flow\" style=\"flex-basis:2%\"><\/div>\n\n\n\n<div class=\"wp-block-column is-layout-flow wp-block-column-is-layout-flow\" style=\"flex-basis:70%\">\n<blockquote class=\"wp-block-quote is-layout-flow wp-block-quote-is-layout-flow\">\n<p>Em atendimento aos termos do Edital CAPES PDSE n\u00ba 44\/2022 apresentamos aos interessados informa\u00e7\u00f5es, instru\u00e7\u00f5es e documenta\u00e7\u00f5es referentes ao PDSE 2022 para sa\u00eddas em 2023 no \u00e2mbito desta IES.<\/p>\n<\/blockquote>\n\n\n\n<div style=\"height:50px\" aria-hidden=\"true\" class=\"wp-block-spacer\"><\/div>\n\n\n\n<div class=\"wp-block-columns is-layout-flex wp-container-core-columns-is-layout-9d6595d7 wp-block-columns-is-layout-flex\">\n<div class=\"wp-block-column is-layout-flow wp-block-column-is-layout-flow\">\n<h2 class=\"wp-block-heading has-text-align-left has-background has-medium-font-size\" style=\"background-color:#e8ecf5\">NO \u00c2MBITO DA CAPES<\/h2>\n\n\n\n<hr class=\"wp-block-separator has-text-color has-alpha-channel-opacity has-background is-style-wide\" style=\"background-color:#e8ecf5;color:#e8ecf5\"\/>\n\n\n\n<ul class=\"wp-block-list\">\n<li><a href=\"https:\/\/www.gov.br\/capes\/pt-br\/centrais-de-conteudo\/editais\/22122022_Edital_1882688_Edital_44_2022.pdf\" target=\"_blank\" rel=\"noreferrer noopener\">Edital CAPES PDSE n\u00ba 44\/2022<\/a>&nbsp;\u2013 Edital que regulamenta o processo para concess\u00e3o de bolsa PDSE para sa\u00eddas entre Setembro e Novembro 2023;&nbsp;&nbsp;<\/li>\n<\/ul>\n\n\n\n<ul class=\"wp-block-list\">\n<li><a href=\"https:\/\/www.gov.br\/capes\/pt-br\/centrais-de-conteudo\/editais\/22122022_Edital_1838445_Anexo_II___Proficiencia.pdf\" target=\"_blank\" rel=\"noreferrer noopener\">Anexo II<\/a>&nbsp;\u2013 Requisitos de profici\u00eancia em l\u00edngua estrangeira;<\/li>\n<\/ul>\n\n\n\n<ul class=\"wp-block-list\">\n<li><a href=\"https:\/\/www.gov.br\/capes\/pt-br\/centrais-de-conteudo\/02012018-portaria-289-de-28-12-2018-pdf\" target=\"_blank\" rel=\"noreferrer noopener\">Portaria CAPES n\u00ba 289\/2018<\/a>&nbsp;que regulamenta as modalidades de bolsas e aux\u00edlios no exterior.<\/li>\n<\/ul>\n\n\n\n<div style=\"height:50px\" aria-hidden=\"true\" class=\"wp-block-spacer\"><\/div>\n<\/div>\n<\/div>\n\n\n\n<div class=\"wp-block-columns is-layout-flex wp-container-core-columns-is-layout-9d6595d7 wp-block-columns-is-layout-flex\">\n<div class=\"wp-block-column is-layout-flow wp-block-column-is-layout-flow\">\n<h2 class=\"wp-block-heading has-text-align-left has-background has-medium-font-size\" style=\"background-color:#e8ecf5\">NO \u00c2MBITO DA UFPR<\/h2>\n\n\n\n<hr class=\"wp-block-separator has-text-color has-alpha-channel-opacity has-background is-style-wide\" style=\"background-color:#e8ecf5;color:#e8ecf5\"\/>\n\n\n\n<ol class=\"wp-block-list\">\n<li><a href=\"https:\/\/ufpr.br\/propg\/wp-content\/uploads\/2025\/07\/edital_prppg_sba_01_2023_cotaspdse.pdf\" target=\"_blank\" rel=\"noreferrer noopener\">Edital PRPPG\/SBA n\u00ba 01\/2023<\/a> &#8211; Processo Seletivo para homologa\u00e7\u00e3o de candidaturas discentes junto ao SICAPES e remanejamento de cotas remanescentes do Programa Doutorado Sanduiche no Exterior \u2013 PDSE\/CAPES para sa\u00eddas em 2023.<\/li>\n<\/ol>\n\n\n\n<ol start=\"2\" class=\"wp-block-list\">\n<li>Resultados Parciais <mark style=\"background-color:rgba(0, 0, 0, 0)\" class=\"has-inline-color has-vivid-red-color\"><strong>(dispon\u00edveis a partir de 07\/03\/2023)<\/strong><\/mark>:<\/li>\n<\/ol>\n\n\n\n<div class=\"wp-block-columns is-layout-flex wp-container-core-columns-is-layout-9d6595d7 wp-block-columns-is-layout-flex\">\n<div class=\"wp-block-column is-layout-flow wp-block-column-is-layout-flow\" style=\"flex-basis:1%\"><\/div>\n\n\n\n<div class=\"wp-block-column is-layout-flow wp-block-column-is-layout-flow\" style=\"flex-basis:99%\">\n<hr class=\"wp-block-separator has-text-color has-alpha-channel-opacity has-background is-style-wide\" style=\"background-color:#e8ecf5;color:#e8ecf5\"\/>\n\n\n\n<p><a href=\"https:\/\/ufpr.br\/propg\/wp-content\/uploads\/2025\/07\/sei_5324117_despacho_336.pdf\" target=\"_blank\" rel=\"noreferrer noopener\">Resultado Parcial Edital PRPPG\/SBA n\u00ba 01\/2023<\/a>\u00a0(publicado em 07\/03\/2023)<\/p>\n\n\n\n<ul class=\"wp-block-list\">\n<li>Lista de processos enviados para participa\u00e7\u00e3o na Edital PRPPG\/SBA n\u00ba 01\/2023, ordenado por nome do PPG, n\u00famero de processo e situa\u00e7\u00e3o.<\/li>\n<\/ul>\n\n\n\n<ul class=\"wp-block-list\">\n<li>Lista com classifica\u00e7\u00e3o dos PPGs participantes da Edital PRPPG\/SBA n\u00ba 01\/2023.<\/li>\n<\/ul>\n\n\n\n<ul class=\"wp-block-list\">\n<li>Lista com ordem de prioridade para homologa\u00e7\u00e3o de candidaturas discentes junto ao SICAPES.<\/li>\n<\/ul>\n\n\n\n<hr class=\"wp-block-separator has-text-color has-alpha-channel-opacity has-background is-style-wide\" style=\"background-color:#e8ecf5;color:#e8ecf5\"\/>\n<\/div>\n<\/div>\n\n\n\n<ul class=\"wp-block-list\">\n<li>3. Resultados Finais <mark style=\"background-color:rgba(0, 0, 0, 0)\" class=\"has-inline-color has-vivid-red-color\"><strong>(dispon\u00edveis a partir de 10\/03\/2023)<\/strong><\/mark>:<\/li>\n<\/ul>\n\n\n\n<div class=\"wp-block-columns is-layout-flex wp-container-core-columns-is-layout-9d6595d7 wp-block-columns-is-layout-flex\">\n<div class=\"wp-block-column is-layout-flow wp-block-column-is-layout-flow\" style=\"flex-basis:1%\"><\/div>\n\n\n\n<div class=\"wp-block-column is-layout-flow wp-block-column-is-layout-flow\" style=\"flex-basis:99%\">\n<hr class=\"wp-block-separator has-text-color has-alpha-channel-opacity has-background is-style-wide\" style=\"background-color:#e8ecf5;color:#e8ecf5\"\/>\n\n\n\n<p><a href=\"https:\/\/ufpr.br\/propg\/wp-content\/uploads\/2025\/07\/sei_5324118_despacho_337.pdf\" target=\"_blank\" rel=\"noreferrer noopener\">Resultado Final<\/a>\u00a0(publicado em 10\/03\/2023)<\/p>\n\n\n\n<ul class=\"wp-block-list\">\n<li>Lista de processos enviados para participa\u00e7\u00e3o na Edital PRPPG\/SBA n\u00ba 01\/2022, ordenado por nome do PPG, n\u00famero de processo e situa\u00e7\u00e3o.<\/li>\n<\/ul>\n\n\n\n<ul class=\"wp-block-list\">\n<li>Lista com classifica\u00e7\u00e3o dos PPGs participantes da Edital PRPPG\/SBA n\u00ba 01\/2022.<\/li>\n<\/ul>\n\n\n\n<ul class=\"wp-block-list\">\n<li>Lista com ordem&nbsp;de prioridade para homologa\u00e7\u00e3o de candidaturas discentes junto ao SICAPES.<\/li>\n<\/ul>\n\n\n\n<ul class=\"wp-block-list\">\n<li>Lista de homologa\u00e7\u00f5es de candidaturas discentes efetuadas com sucesso pela SBA junto ao SICAPES.<\/li>\n<\/ul>\n\n\n\n<hr class=\"wp-block-separator has-text-color has-alpha-channel-opacity has-background is-style-wide\" style=\"background-color:#e8ecf5;color:#e8ecf5\"\/>\n<\/div>\n<\/div>\n\n\n\n<ul class=\"wp-block-list\">\n<li>4.\u00a0<a href=\"https:\/\/ufpr.br\/propg\/wp-content\/uploads\/2025\/07\/despacho_338_listahomologados_sicapes_20abril2023.pdf\" target=\"_blank\" rel=\"noreferrer noopener\">Lista de candidaturas discentes registradas no SICAPES e homologadas com sucesso pela PRPPG<\/a>\u00a0(publicado em 20\/04\/2023)<\/li>\n<\/ul>\n\n\n\n<div style=\"height:50px\" aria-hidden=\"true\" class=\"wp-block-spacer\"><\/div>\n<\/div>\n<\/div>\n\n\n\n<div class=\"wp-block-columns is-layout-flex wp-container-core-columns-is-layout-9d6595d7 wp-block-columns-is-layout-flex\">\n<div class=\"wp-block-column is-layout-flow wp-block-column-is-layout-flow\">\n<h2 class=\"wp-block-heading has-text-align-left has-background has-medium-font-size\" style=\"background-color:#e8ecf5\">LISTA DE PPGs APTOS A PARTICIPAR DO PROGRAMA PDSE<\/h2>\n\n\n\n<hr class=\"wp-block-separator has-text-color has-alpha-channel-opacity has-background is-style-wide\" style=\"background-color:#e8ecf5;color:#e8ecf5\"\/>\n\n\n\n<p>Atendem os crit\u00e9rios do Edital CAPES PDSE n\u00ba 44\/2022 \u2013 programa de doutorado com nota CAPES de no m\u00ednimo 4 e n\u00e3o integrar o fomento CAPES PRINT \u2013 para aloca\u00e7\u00e3o de cota PDSE os PPGs listados abaixo:<\/p>\n\n\n\n<div style=\"height:25px\" aria-hidden=\"true\" class=\"wp-block-spacer\"><\/div>\n\n\n\n<figure class=\"wp-block-table is-style-stripes\"><table class=\"has-fixed-layout\"><tbody><tr><td>ADMINISTRA\u00c7\u00c3O&nbsp;<\/td><td>GEST\u00c3O DA INFORMA\u00c7\u00c3O&nbsp;<\/td><\/tr><tr><td>ASSIST\u00caNCIA FARMAC\u00caUTICA&nbsp;<\/td><td>MATEM\u00c1TICA&nbsp;<\/td><\/tr><tr><td>CI\u00caNCIA DO SOLO&nbsp;<\/td><td>MEDICINA CL\u00cdNICA CIR\u00daRGICA&nbsp;<\/td><\/tr><tr><td>COMUNICA\u00c7\u00c3O&nbsp;<\/td><td>MEDICINA INTERNA E CI\u00caNCIAS DA SA\u00daDE&nbsp;<\/td><\/tr><tr><td>CONTABILIDADE&nbsp;<\/td><td>MEIO AMBIENTE E DESENVOLVIMENTO&nbsp;<\/td><\/tr><tr><td>DESIGN&nbsp;<\/td><td>M\u00c9TODOS NUM\u00c9RICOS EM ENGENHARIA&nbsp;<\/td><\/tr><tr><td>EDUCA\u00c7\u00c3O EM CI\u00caNCIAS E EM MATEM\u00c1TICA&nbsp;<\/td><td>MULTIC\u00caNTRICO EM BIOQU\u00cdMICA E BIOLOGIA CELULAR&nbsp;&nbsp;<\/td><\/tr><tr><td>ENGENHARIA DE ALIMENTOS&nbsp;<\/td><td>ODONTOLOGIA&nbsp;<\/td><\/tr><tr><td>ENGENHARIA FLORESTAL&nbsp;<\/td><td>PSICOLOGIA&nbsp;<\/td><\/tr><tr><td>FARMACOLOGIA&nbsp;<\/td><td>ZOOTECNIA&nbsp;<\/td><\/tr><tr><td>GEOLOGIA&nbsp;<\/td><td>&nbsp;<\/td><\/tr><\/tbody><\/table><\/figure>\n\n\n\n<div style=\"height:50px\" aria-hidden=\"true\" class=\"wp-block-spacer\"><\/div>\n<\/div>\n<\/div>\n\n\n\n<div class=\"wp-block-columns is-layout-flex wp-container-core-columns-is-layout-9d6595d7 wp-block-columns-is-layout-flex\">\n<div class=\"wp-block-column is-layout-flow wp-block-column-is-layout-flow\">\n<h2 class=\"wp-block-heading has-text-align-left has-background has-medium-font-size\" style=\"background-color:#e8ecf5\">CONSIDERA\u00c7\u00d5ES GERAIS<\/h2>\n\n\n\n<hr class=\"wp-block-separator has-text-color has-alpha-channel-opacity has-background is-style-wide\" style=\"background-color:#e8ecf5;color:#e8ecf5\"\/>\n\n\n\n<ul class=\"wp-block-list\">\n<li>A cota PDSE alocada ao PPG atrav\u00e9s do Edital CAPES PDSE n\u00ba 44\/2022 permitir\u00e1 o atendimento de apenas&nbsp;01 benefici\u00e1rio&nbsp;pelo per\u00edodo m\u00ednimo de 6 e m\u00e1ximo de 10 meses.&nbsp;<\/li>\n<\/ul>\n\n\n\n<ul class=\"wp-block-list\">\n<li>O per\u00edodo para realiza\u00e7\u00e3o das atividades acad\u00eamicas no exterior dever\u00e1 ser iniciado obrigatoriamente entre setembro 2023 e novembro 2023.&nbsp;<\/li>\n<\/ul>\n\n\n\n<ul class=\"wp-block-list\">\n<li>Todos os interessados dever\u00e3o atender os requisitos de profici\u00eancia em l\u00edngua estrangeira, previstos no Anexo II do Edital CAPES PDSE n\u00ba 44\/2022, mesmo quando a atividade acad\u00eamica ocorrer em pa\u00edses de l\u00edngua portuguesa.&nbsp;<\/li>\n<\/ul>\n\n\n\n<ul class=\"wp-block-list\">\n<li>O PPG dever\u00e1 obrigatoriamente realizar processo seletivo interno para indica\u00e7\u00e3o de discentes para ocupa\u00e7\u00e3o de cota de bolsa PDSE alocada atrav\u00e9s do Edital CAPES PDSE n\u00ba 44\/2022. O resultado deste processo seletivo ser\u00e1 encaminhado para esta Pr\u00f3-reitoria, garantido o atendimento de edital CAPES mencionado acima, onde ser\u00e1 consolidado o quadro geral de discentes UFPR que ter\u00e3o autoriza\u00e7\u00e3o para efetuar suas respectivas candidaturas junto ao SICAPES.&nbsp;<\/li>\n<\/ul>\n\n\n\n<ul class=\"wp-block-list\">\n<li>O procedimento de homologa\u00e7\u00e3o descrito no Edital CAPES PDSE n\u00ba 44\/2022 sob responsabilidade desta Pr\u00f3-reitoria s\u00f3 pode ser efetuado em candidaturas registradas com sucesso no SICAPES.&nbsp;<\/li>\n<\/ul>\n\n\n\n<ul class=\"wp-block-list\">\n<li>Caso o PPG apto n\u00e3o indique discente para ocupa\u00e7\u00e3o, a cota PDSE atribu\u00edda pela CAPES poder\u00e1 ser remanejada entre os demais PPGs habilitados no \u00e2mbito desta Institui\u00e7\u00e3o.&nbsp;<\/li>\n<\/ul>\n<\/div>\n<\/div>\n\n\n\n<hr class=\"wp-block-separator has-text-color has-alpha-channel-opacity has-background is-style-wide\" style=\"background-color:#e8ecf5;color:#e8ecf5\"\/>\n\n\n\n<p class=\"has-text-color has-link-color wp-elements-16631d866001ae142cbdd3786f7ccd26\" style=\"color:#243673\"><strong><a title=\"\" href=\"#topo\">Voltar ao topo<\/a><\/strong><\/p>\n<\/div>\n\n\n\n<div class=\"wp-block-column is-layout-flow wp-block-column-is-layout-flow\" style=\"flex-basis:7%\"><\/div>\n<\/div>\n","protected":false},"excerpt":{"rendered":"<p>Em atendimento aos termos do Edital CAPES PDSE n\u00ba 44\/2022 apresentamos aos interessados informa\u00e7\u00f5es, instru\u00e7\u00f5es e documenta\u00e7\u00f5es referentes ao PDSE 2022 para sa\u00eddas em 2023 no \u00e2mbito desta IES. NO \u00c2MBITO DA CAPES NO \u00c2MBITO DA UFPR Resultado Parcial Edital PRPPG\/SBA n\u00ba 01\/2023\u00a0(publicado em 07\/03\/2023) Resultado Final\u00a0(publicado em 10\/03\/2023) LISTA DE PPGs APTOS A PARTICIPAR [&hellip;]<\/p>\n","protected":false},"author":5,"featured_media":0,"parent":9246,"menu_order":0,"comment_status":"closed","ping_status":"closed","template":"","meta":{"footnotes":""},"class_list":["post-10237","page","type-page","status-publish","hentry"],"_links":{"self":[{"href":"https:\/\/ufpr.br\/propg\/wp-json\/wp\/v2\/pages\/10237","targetHints":{"allow":["GET"]}}],"collection":[{"href":"https:\/\/ufpr.br\/propg\/wp-json\/wp\/v2\/pages"}],"about":[{"href":"https:\/\/ufpr.br\/propg\/wp-json\/wp\/v2\/types\/page"}],"author":[{"embeddable":true,"href":"https:\/\/ufpr.br\/propg\/wp-json\/wp\/v2\/users\/5"}],"replies":[{"embeddable":true,"href":"https:\/\/ufpr.br\/propg\/wp-json\/wp\/v2\/comments?post=10237"}],"version-history":[{"count":30,"href":"https:\/\/ufpr.br\/propg\/wp-json\/wp\/v2\/pages\/10237\/revisions"}],"predecessor-version":[{"id":47456,"href":"https:\/\/ufpr.br\/propg\/wp-json\/wp\/v2\/pages\/10237\/revisions\/47456"}],"up":[{"embeddable":true,"href":"https:\/\/ufpr.br\/propg\/wp-json\/wp\/v2\/pages\/9246"}],"wp:attachment":[{"href":"https:\/\/ufpr.br\/propg\/wp-json\/wp\/v2\/media?parent=10237"}],"curies":[{"name":"wp","href":"https:\/\/api.w.org\/{rel}","templated":true}]}}