{"id":10212,"date":"2025-07-31T14:33:13","date_gmt":"2025-07-31T17:33:13","guid":{"rendered":"https:\/\/ufpr.br\/?page=10212"},"modified":"2026-01-05T14:11:24","modified_gmt":"2026-01-05T17:11:24","slug":"pdse-2023-saida2024","status":"publish","type":"page","link":"https:\/\/ufpr.br\/propg\/siprop\/editais-e-oportunidades\/pdse-2023-saida2024\/","title":{"rendered":"Programa Doutorado-Sandu\u00edche no Exterior \u2013 Capes: sa\u00edda 2024"},"content":{"rendered":"\n<div style=\"height:50px\" aria-hidden=\"true\" class=\"wp-block-spacer\"><\/div>\n\n\n\n<div class=\"wp-block-columns is-layout-flex wp-container-core-columns-is-layout-9d6595d7 wp-block-columns-is-layout-flex\">\n<div class=\"wp-block-column is-layout-flow wp-block-column-is-layout-flow\" style=\"flex-basis:20%\" id=\"topo\"><div class=\"wp-block-image\">\n<figure class=\"aligncenter size-full is-resized\"><img decoding=\"async\" src=\"https:\/\/ufpr.br\/propg\/wp-content\/uploads\/2024\/10\/Icone_DocumentosMao_Rosa.png\" alt=\"\" class=\"wp-image-6130\" style=\"width:100px;height:auto\"\/><\/figure><\/div><\/div>\n\n\n\n<div class=\"wp-block-column is-layout-flow wp-block-column-is-layout-flow\" style=\"flex-basis:2%\"><\/div>\n\n\n\n<div class=\"wp-block-column is-layout-flow wp-block-column-is-layout-flow\" style=\"flex-basis:70%\">\n<blockquote class=\"wp-block-quote is-layout-flow wp-block-quote-is-layout-flow\">\n<p>Em atendimento aos termos do Edital CAPES PDSE n\u00ba 30\/2023 apresentamos aos interessados informa\u00e7\u00f5es, instru\u00e7\u00f5es e documenta\u00e7\u00f5es referentes ao PDSE 2023 para sa\u00eddas em 2024 no \u00e2mbito desta IES.<\/p>\n<\/blockquote>\n\n\n\n<div style=\"height:50px\" aria-hidden=\"true\" class=\"wp-block-spacer\"><\/div>\n\n\n\n<div class=\"wp-block-columns is-layout-flex wp-container-core-columns-is-layout-9d6595d7 wp-block-columns-is-layout-flex\">\n<div class=\"wp-block-column is-layout-flow wp-block-column-is-layout-flow\">\n<h2 class=\"wp-block-heading has-text-align-left has-background has-medium-font-size\" style=\"background-color:#e8ecf5\">NO \u00c2MBITO DA CAPES<\/h2>\n\n\n\n<hr class=\"wp-block-separator has-text-color has-alpha-channel-opacity has-background is-style-wide\" style=\"background-color:#e8ecf5;color:#e8ecf5\"\/>\n\n\n\n<ol start=\"1\" class=\"wp-block-list\">\n<li><a href=\"https:\/\/www.gov.br\/capes\/pt-br\/centrais-de-conteudo\/editais\/06112023_Edital_2263037_SEI_2261948_Edital_30_2023.pdf\" target=\"_blank\" rel=\"noreferrer noopener\">Edital CAPES PDSE n\u00ba 30\/2023<\/a>&nbsp;\u2013 Edital que regulamenta o processo para concess\u00e3o de bolsa PDSE para sa\u00eddas entre Abril e Junho de 2024<\/li>\n<\/ol>\n\n\n\n<ol start=\"2\" class=\"wp-block-list\">\n<li><a href=\"https:\/\/www.gov.br\/capes\/pt-br\/acesso-a-informacao\/acoes-e-programas\/bolsas\/bolsas-e-auxilios-internacionais\/encontre-aqui\/paises\/multinacional\/programa-de-doutorado-sanduiche-no-exterior-pdse\" target=\"_blank\" rel=\"noreferrer noopener\">Anexos do Edital CAPES PDSE n\u00ba 30\/2023<\/a>&nbsp;\u2013 documentos relacionados<\/li>\n<\/ol>\n\n\n\n<ol start=\"3\" class=\"wp-block-list\">\n<li><a href=\"https:\/\/www.gov.br\/capes\/pt-br\/acesso-a-informacao\/acoes-e-programas\/bolsas\/bolsas-e-auxilios-internacionais\/encontre-aqui\/paises\/multinacional\/programa-de-doutorado-sanduiche-no-exterior-pdse\" target=\"_blank\" rel=\"noreferrer noopener\">Portaria CAPES n\u00ba 289\/2018&nbsp;<\/a>que regulamenta as modalidades de bolsas e aux\u00edlios no exterior.<\/li>\n<\/ol>\n\n\n\n<div style=\"height:50px\" aria-hidden=\"true\" class=\"wp-block-spacer\"><\/div>\n<\/div>\n<\/div>\n\n\n\n<div class=\"wp-block-columns is-layout-flex wp-container-core-columns-is-layout-9d6595d7 wp-block-columns-is-layout-flex\">\n<div class=\"wp-block-column is-layout-flow wp-block-column-is-layout-flow\">\n<h2 class=\"wp-block-heading has-text-align-left has-background has-medium-font-size\" style=\"background-color:#e8ecf5\">NO \u00c2MBITO DA UFPR<\/h2>\n\n\n\n<hr class=\"wp-block-separator has-text-color has-alpha-channel-opacity has-background is-style-wide\" style=\"background-color:#e8ecf5;color:#e8ecf5\"\/>\n\n\n\n<ul class=\"wp-block-list\">\n<li><a href=\"https:\/\/ufpr.br\/propg\/wp-content\/uploads\/2025\/07\/edital_prppg_sba_10_2023_pdse_final.pdf\" target=\"_blank\" rel=\"noreferrer noopener\">Edital PRPPG\/SBA n\u00ba 10\/2023<\/a>\u00a0(publicado em 07\/11\/2023)<\/li>\n<\/ul>\n\n\n\n<p>Resultados Parciais:<\/p>\n\n\n\n<ul class=\"wp-block-list\">\n<li><a href=\"https:\/\/ufpr.br\/propg\/wp-content\/uploads\/2025\/07\/resultado-parcial_edital_prppg_sba_10_2023_pdse.pdf\" target=\"_blank\" rel=\"noreferrer noopener\">Resultado Parcial Edital PRPPG\/SBA n\u00ba 10\/2023<\/a>&nbsp;(publicado em 01\/12\/2023)<\/li>\n<\/ul>\n\n\n\n<p>Resultados Finais:&nbsp;<\/p>\n\n\n\n<ul class=\"wp-block-list\">\n<li><a href=\"https:\/\/ufpr.br\/propg\/wp-content\/uploads\/2025\/07\/sei_6237493_despacho_1350.pdf\" target=\"_blank\" rel=\"noreferrer noopener\">Resultado Final Edital PRPPG\/SBA n\u00ba 10\/2023<\/a>\u00a0(publicado em 06\/12\/2023)<\/li>\n<\/ul>\n\n\n\n<p>Lista de candidaturas discentes registradas no SICAPES e homologadas com sucesso pela PRPPG:<\/p>\n\n\n\n<ul class=\"wp-block-list\">\n<li><a href=\"https:\/\/ufpr.br\/propg\/wp-content\/uploads\/2025\/07\/sei_6237494_despacho_1351_homologacao_sicapes.pdf\" target=\"_blank\" rel=\"noreferrer noopener\">Informa\u00e7\u00e3o sobre procedimento de homologa\u00e7\u00e3o de candidaturas discentes registradas no SICAPES realizado pela PRPPG<\/a>\u00a0<strong><mark style=\"background-color:rgba(0, 0, 0, 0)\" class=\"has-inline-color has-vivid-red-color\">(publicado em 11\/01\/2024)<\/mark><\/strong>\u00a0<\/li>\n<\/ul>\n\n\n\n<div style=\"height:50px\" aria-hidden=\"true\" class=\"wp-block-spacer\"><\/div>\n<\/div>\n<\/div>\n\n\n\n<div class=\"wp-block-columns is-layout-flex wp-container-core-columns-is-layout-9d6595d7 wp-block-columns-is-layout-flex\">\n<div class=\"wp-block-column is-layout-flow wp-block-column-is-layout-flow\">\n<h2 class=\"wp-block-heading has-text-align-left has-background has-medium-font-size\" style=\"background-color:#e8ecf5\">LISTA DE PPGs APTOS A PARTICIPAR DO PROGRAMA PDSE<\/h2>\n\n\n\n<hr class=\"wp-block-separator has-text-color has-alpha-channel-opacity has-background is-style-wide\" style=\"background-color:#e8ecf5;color:#e8ecf5\"\/>\n\n\n\n<p>Atendem os crit\u00e9rios do Edital CAPES PDSE n\u00ba 30\/2023 \u2013 programa de doutorado acad\u00eamico ou profissional que tiver nota CAPES igual ou superior a 4 e n\u00e3o participar do fomento CAPES PRINT \u2013 para aloca\u00e7\u00e3o de cota PDSE os PPGs listados abaixo:<\/p>\n\n\n\n<div style=\"height:25px\" aria-hidden=\"true\" class=\"wp-block-spacer\"><\/div>\n\n\n\n<figure class=\"wp-block-table is-style-stripes\"><table class=\"has-fixed-layout\"><tbody><tr><td>ADMINISTRA\u00c7\u00c3O&nbsp;<\/td><td>GEOLOGIA&nbsp;<\/td><\/tr><tr><td>ASSIST\u00caNCIA FARMAC\u00caUTICA (em Rede)&nbsp;<\/td><td>GEST\u00c3O DA INFORMA\u00c7\u00c3O&nbsp;<\/td><\/tr><tr><td>BIOINFORM\u00c1TICA (em Rede)&nbsp;<\/td><td>MATEM\u00c1TICA&nbsp;<\/td><\/tr><tr><td>CI\u00caNCIA DO SOLO&nbsp;<\/td><td>MEDICINA CL\u00cdNICA CIR\u00daRGICA&nbsp;<\/td><\/tr><tr><td>COMUNICA\u00c7\u00c3O&nbsp;<\/td><td>MEDICINA INTERNA E CI\u00caNCIAS DA SA\u00daDE&nbsp;<\/td><\/tr><tr><td>CONTABILIDADE&nbsp;<\/td><td>MEIO AMBIENTE E DESENVOLVIMENTO&nbsp;<\/td><\/tr><tr><td>DESIGN&nbsp;<\/td><td>M\u00c9TODOS NUM\u00c9RICOS EM ENGENHARIA&nbsp;<\/td><\/tr><tr><td>EDUCA\u00c7\u00c3O EM CI\u00caNCIAS E EM MATEM\u00c1TICA&nbsp;<\/td><td>MULTIC\u00caNTRICO EM BIOQU\u00cdMICA E BIOLOGIA CELULAR&nbsp;&nbsp;<\/td><\/tr><tr><td>ENGENHARIA DE ALIMENTOS&nbsp;<\/td><td>ODONTOLOGIA&nbsp;<\/td><\/tr><tr><td>ENGENHARIA E TECNOLOGIA AMBIENTAL (em Rede)&nbsp;<\/td><td>PSICOLOGIA&nbsp;<\/td><\/tr><tr><td>ENGENHARIA FLORESTAL&nbsp;<\/td><td>ZOOTECNIA&nbsp;<\/td><\/tr><tr><td>FARMACOLOGIA&nbsp;<\/td><td>&nbsp;<\/td><\/tr><\/tbody><\/table><\/figure>\n\n\n\n<div style=\"height:50px\" aria-hidden=\"true\" class=\"wp-block-spacer\"><\/div>\n<\/div>\n<\/div>\n\n\n\n<div class=\"wp-block-columns is-layout-flex wp-container-core-columns-is-layout-9d6595d7 wp-block-columns-is-layout-flex\">\n<div class=\"wp-block-column is-layout-flow wp-block-column-is-layout-flow\">\n<h2 class=\"wp-block-heading has-text-align-left has-background has-medium-font-size\" style=\"background-color:#e8ecf5\">CONSIDERA\u00c7\u00d5ES GERAIS<\/h2>\n\n\n\n<hr class=\"wp-block-separator has-text-color has-alpha-channel-opacity has-background is-style-wide\" style=\"background-color:#e8ecf5;color:#e8ecf5\"\/>\n\n\n\n<ul class=\"wp-block-list\">\n<li>A cota PDSE alocada ao PPG atrav\u00e9s do Edital CAPES PDSE n\u00ba 30\/2023, permitir\u00e1 o atendimento de apenas&nbsp;01 benefici\u00e1rio&nbsp;pelo per\u00edodo m\u00ednimo de 3 e m\u00e1ximo de 06 meses.&nbsp;<\/li>\n<\/ul>\n\n\n\n<ul class=\"wp-block-list\">\n<li>O per\u00edodo para realiza\u00e7\u00e3o das atividades acad\u00eamicas no exterior dever\u00e1 ser iniciado obrigatoriamente entre Abril 2024 e Junho 2024.&nbsp;<\/li>\n<\/ul>\n\n\n\n<ul class=\"wp-block-list\">\n<li>O PPG dever\u00e1 obrigatoriamente realizar processo seletivo interno para indica\u00e7\u00e3o de discentes para ocupa\u00e7\u00e3o de cota de bolsa PDSE alocada atrav\u00e9s do Edital CAPES PDSE n\u00ba 30\/2023. O resultado deste processo seletivo ser\u00e1 encaminhado para esta Pr\u00f3-Reitoria, garantido o atendimento de edital CAPES mencionado acima, onde ser\u00e1 consolidado o quadro geral de discentes UFPR que ter\u00e3o autoriza\u00e7\u00e3o para efetuar suas respectivas candidaturas junto ao SICAPES.&nbsp;<\/li>\n<\/ul>\n\n\n\n<ul class=\"wp-block-list\">\n<li>O procedimento de homologa\u00e7\u00e3o descrito no Edital CAPES PDSE n\u00ba 30\/2023 sob responsabilidade desta Pr\u00f3-Reitoria s\u00f3 pode ser efetuado em candidaturas registradas com sucesso no SICAPES.&nbsp;<\/li>\n<\/ul>\n\n\n\n<ul class=\"wp-block-list\">\n<li>Caso o PPG apto n\u00e3o indique discente para ocupa\u00e7\u00e3o, a cota PDSE atribu\u00edda pela CAPES poder\u00e1 ser remanejada entre os demais PPGs habilitados no \u00e2mbito desta Institui\u00e7\u00e3o.&nbsp;&nbsp;<\/li>\n<\/ul>\n<\/div>\n<\/div>\n\n\n\n<hr class=\"wp-block-separator has-text-color has-alpha-channel-opacity has-background is-style-wide\" style=\"background-color:#e8ecf5;color:#e8ecf5\"\/>\n\n\n\n<p class=\"has-text-color has-link-color wp-elements-16631d866001ae142cbdd3786f7ccd26\" style=\"color:#243673\"><strong><a title=\"\" href=\"#topo\">Voltar ao topo<\/a><\/strong><\/p>\n<\/div>\n\n\n\n<div class=\"wp-block-column is-layout-flow wp-block-column-is-layout-flow\" style=\"flex-basis:7%\"><\/div>\n<\/div>\n","protected":false},"excerpt":{"rendered":"<p>Em atendimento aos termos do Edital CAPES PDSE n\u00ba 30\/2023 apresentamos aos interessados informa\u00e7\u00f5es, instru\u00e7\u00f5es e documenta\u00e7\u00f5es referentes ao PDSE 2023 para sa\u00eddas em 2024 no \u00e2mbito desta IES. NO \u00c2MBITO DA CAPES NO \u00c2MBITO DA UFPR Resultados Parciais: Resultados Finais:&nbsp; Lista de candidaturas discentes registradas no SICAPES e homologadas com sucesso pela PRPPG: LISTA [&hellip;]<\/p>\n","protected":false},"author":5,"featured_media":0,"parent":9246,"menu_order":0,"comment_status":"closed","ping_status":"closed","template":"","meta":{"footnotes":""},"class_list":["post-10212","page","type-page","status-publish","hentry"],"_links":{"self":[{"href":"https:\/\/ufpr.br\/propg\/wp-json\/wp\/v2\/pages\/10212","targetHints":{"allow":["GET"]}}],"collection":[{"href":"https:\/\/ufpr.br\/propg\/wp-json\/wp\/v2\/pages"}],"about":[{"href":"https:\/\/ufpr.br\/propg\/wp-json\/wp\/v2\/types\/page"}],"author":[{"embeddable":true,"href":"https:\/\/ufpr.br\/propg\/wp-json\/wp\/v2\/users\/5"}],"replies":[{"embeddable":true,"href":"https:\/\/ufpr.br\/propg\/wp-json\/wp\/v2\/comments?post=10212"}],"version-history":[{"count":22,"href":"https:\/\/ufpr.br\/propg\/wp-json\/wp\/v2\/pages\/10212\/revisions"}],"predecessor-version":[{"id":47380,"href":"https:\/\/ufpr.br\/propg\/wp-json\/wp\/v2\/pages\/10212\/revisions\/47380"}],"up":[{"embeddable":true,"href":"https:\/\/ufpr.br\/propg\/wp-json\/wp\/v2\/pages\/9246"}],"wp:attachment":[{"href":"https:\/\/ufpr.br\/propg\/wp-json\/wp\/v2\/media?parent=10212"}],"curies":[{"name":"wp","href":"https:\/\/api.w.org\/{rel}","templated":true}]}}