{"id":10170,"date":"2025-07-31T13:32:10","date_gmt":"2025-07-31T16:32:10","guid":{"rendered":"https:\/\/ufpr.br\/?page=10170"},"modified":"2026-01-05T11:51:29","modified_gmt":"2026-01-05T14:51:29","slug":"edital-prppg-sba-no-03-2024-pdse","status":"publish","type":"page","link":"https:\/\/ufpr.br\/propg\/siprop\/editais-e-oportunidades\/edital-prppg-sba-no-03-2024-pdse\/","title":{"rendered":"Edital PRPPG\/SBA n\u00ba 03\/2024 \u2013 PDSE"},"content":{"rendered":"\n<div style=\"height:50px\" aria-hidden=\"true\" class=\"wp-block-spacer\"><\/div>\n\n\n\n<div class=\"wp-block-columns is-layout-flex wp-container-core-columns-is-layout-9d6595d7 wp-block-columns-is-layout-flex\">\n<div class=\"wp-block-column is-layout-flow wp-block-column-is-layout-flow\" style=\"flex-basis:20%\" id=\"topo\">\n<div style=\"height:30px\" aria-hidden=\"true\" class=\"wp-block-spacer\"><\/div>\n\n\n<div class=\"wp-block-image\">\n<figure class=\"aligncenter size-full is-resized\"><img decoding=\"async\" src=\"https:\/\/ufpr.br\/propg\/wp-content\/uploads\/2024\/10\/Icone_DocumentosMao_Rosa.png\" alt=\"\" class=\"wp-image-6130\" style=\"width:100px;height:auto\"\/><\/figure><\/div><\/div>\n\n\n\n<div class=\"wp-block-column is-layout-flow wp-block-column-is-layout-flow\" style=\"flex-basis:2%\"><\/div>\n\n\n\n<div class=\"wp-block-column is-layout-flow wp-block-column-is-layout-flow\" style=\"flex-basis:70%\">\n<h2 class=\"wp-block-heading\">Edital PRPPG\/SBA n\u00ba 03\/2024 \u2013 PDSE \u2013 Programa Doutorado Sandu\u00edche no Exterior \u2013 CAPES<\/h2>\n\n\n\n<p><em>Publicado em: 01 de April de 2024<\/em><\/p>\n\n\n\n<div style=\"height:25px\" aria-hidden=\"true\" class=\"wp-block-spacer\"><\/div>\n\n\n\n<blockquote class=\"wp-block-quote is-layout-flow wp-block-quote-is-layout-flow\">\n<p>Em atendimento aos termos do Edital CAPES PDSE n\u00ba 06\/2024 apresentamos aos interessados informa\u00e7\u00f5es, instru\u00e7\u00f5es e documenta\u00e7\u00f5es referentes ao PDSE 2024 para sa\u00eddas no 2\u00ba semestre de 2024 no \u00e2mbito desta IES.<\/p>\n<\/blockquote>\n\n\n\n<div style=\"height:50px\" aria-hidden=\"true\" class=\"wp-block-spacer\"><\/div>\n\n\n\n<div class=\"wp-block-columns is-layout-flex wp-container-core-columns-is-layout-9d6595d7 wp-block-columns-is-layout-flex\">\n<div class=\"wp-block-column is-layout-flow wp-block-column-is-layout-flow\">\n<h2 class=\"wp-block-heading has-text-align-left has-background has-medium-font-size\" style=\"background-color:#e8ecf5\">NO \u00c2MBITO DA CAPES<\/h2>\n\n\n\n<hr class=\"wp-block-separator has-text-color has-alpha-channel-opacity has-background is-style-wide\" style=\"background-color:#e8ecf5;color:#e8ecf5\"\/>\n\n\n\n<ol start=\"1\" class=\"wp-block-list\">\n<li><a href=\"https:\/\/www.gov.br\/capes\/pt-br\/centrais-de-conteudo\/editais\/21032024_Edital_2344636_SEI_2343579_Edital_6_2024.pdf\" target=\"_blank\" rel=\"noreferrer noopener\">Edital CAPES PDSE n\u00ba 06\/2024&nbsp;<\/a>\u2013 Edital que regulamenta o processo para concess\u00e3o de bolsa PDSE para sa\u00eddas entre Abril e Junho de 2024;<\/li>\n<\/ol>\n\n\n\n<ol start=\"2\" class=\"wp-block-list\">\n<li><a href=\"https:\/\/www.gov.br\/capes\/pt-br\/acesso-a-informacao\/acoes-e-programas\/bolsas\/bolsas-e-auxilios-internacionais\/encontre-aqui\/paises\/multinacional\/programa-de-doutorado-sanduiche-no-exterior-pdse\" target=\"_blank\" rel=\"noreferrer noopener\">Anexos relacionados Edital CAPES PDSE n\u00ba 06\/2024&nbsp;<\/a>\u2013 documentos relacionados;<\/li>\n<\/ol>\n\n\n\n<ol start=\"3\" class=\"wp-block-list\">\n<li><a href=\"https:\/\/www.gov.br\/capes\/pt-br\/acesso-a-informacao\/acoes-e-programas\/bolsas\/bolsas-e-auxilios-internacionais\/encontre-aqui\/paises\/multinacional\/programa-de-doutorado-sanduiche-no-exterior-pdse\" target=\"_blank\" rel=\"noreferrer noopener\">Portaria CAPES n\u00ba 289\/2018&nbsp;<\/a>que regulamenta as modalidades de bolsas e aux\u00edlios no exterior.<\/li>\n<\/ol>\n\n\n\n<div style=\"height:50px\" aria-hidden=\"true\" class=\"wp-block-spacer\"><\/div>\n<\/div>\n<\/div>\n\n\n\n<div class=\"wp-block-columns is-layout-flex wp-container-core-columns-is-layout-9d6595d7 wp-block-columns-is-layout-flex\">\n<div class=\"wp-block-column is-layout-flow wp-block-column-is-layout-flow\">\n<h2 class=\"wp-block-heading has-text-align-left has-background has-medium-font-size\" style=\"background-color:#e8ecf5\">NO \u00c2MBITO DA UFPR<\/h2>\n\n\n\n<hr class=\"wp-block-separator has-text-color has-alpha-channel-opacity has-background is-style-wide\" style=\"background-color:#e8ecf5;color:#e8ecf5\"\/>\n\n\n\n<ol start=\"1\" class=\"wp-block-list\">\n<li><a href=\"https:\/\/ufpr.br\/propg\/wp-content\/uploads\/2025\/07\/edital_03_2024_prppg_sba_pdse_saidas2024_2semestre.pdf\" target=\"_blank\" rel=\"noreferrer noopener\">Edital PRPPG\/SBA n\u00ba 03\/2024<\/a><\/li>\n<\/ol>\n\n\n\n<ol start=\"2\" class=\"wp-block-list\">\n<li><a href=\"https:\/\/ufpr.br\/propg\/wp-content\/uploads\/2025\/07\/resultado-parcial_editalprppg_sba_03_2024_publicado.pdf\" target=\"_blank\" rel=\"noreferrer noopener\">Resultado parcial<\/a>\u00a0(publicado em 29\/04\/2024)<\/li>\n<\/ol>\n\n\n\n<ol start=\"3\" class=\"wp-block-list\">\n<li><a href=\"https:\/\/ufpr.br\/propg\/wp-content\/uploads\/2025\/07\/resultado-final_editalprppg_sba_03_2024_publicado.pdf\" target=\"_blank\" rel=\"noreferrer noopener\">Resultado Final<\/a>\u00a0(publicado em 30\/04\/2024)<\/li>\n<\/ol>\n\n\n\n<ol start=\"4\" class=\"wp-block-list\">\n<li><a href=\"https:\/\/ufpr.br\/propg\/wp-content\/uploads\/2025\/07\/lista-de-homologadossicapes_editalprppg_sba_03_2024_publicado.pdf\" target=\"_blank\" rel=\"noreferrer noopener\">Lista de candidaturas discentes localizadas no SICAPES e homologadas com sucesso pela PRPPG<\/a>\u00a0(publicado em 19\/06\/2024)<\/li>\n<\/ol>\n\n\n\n<div style=\"height:50px\" aria-hidden=\"true\" class=\"wp-block-spacer\"><\/div>\n<\/div>\n<\/div>\n\n\n\n<div class=\"wp-block-columns is-layout-flex wp-container-core-columns-is-layout-9d6595d7 wp-block-columns-is-layout-flex\">\n<div class=\"wp-block-column is-layout-flow wp-block-column-is-layout-flow\">\n<h2 class=\"wp-block-heading has-text-align-left has-background has-medium-font-size\" style=\"background-color:#e8ecf5\">LISTA DE PPGs APTOS A PARTICIPAR DO PROGRAMA PDSE<\/h2>\n\n\n\n<hr class=\"wp-block-separator has-text-color has-alpha-channel-opacity has-background is-style-wide\" style=\"background-color:#e8ecf5;color:#e8ecf5\"\/>\n\n\n\n<p>Atendem os crit\u00e9rios do Edital CAPES PDSE n\u00ba 06\/2024 \u2013 programa de doutorado acad\u00eamico ou profissional com nota CAPES igual ou superior a 4 (quatro) \u2013 para aloca\u00e7\u00e3o de cota PDSE os PPGs listados abaixo:<\/p>\n\n\n\n<div style=\"height:25px\" aria-hidden=\"true\" class=\"wp-block-spacer\"><\/div>\n\n\n\n<figure class=\"wp-block-table is-style-stripes\"><table class=\"has-fixed-layout\"><tbody><tr><td>Administra\u00e7\u00e3o<\/td><td>&nbsp;Agronomia Produ\u00e7\u00e3o Vegetal<\/td><\/tr><tr><td>Alimenta\u00e7\u00e3o e Nutri\u00e7\u00e3o<\/td><td>Antropologia<\/td><\/tr><tr><td>Biologia Celular Molecular<\/td><td>Bot\u00e2nica<\/td><\/tr><tr><td>Ci\u00eancia Animal<\/td><td>Ci\u00eancia do Solo<\/td><\/tr><tr><td>Ci\u00eancia Pol\u00edtica&nbsp;<\/td><td>Ci\u00eancias Bioqu\u00edmica<\/td><\/tr><\/tbody><\/table><\/figure>\n\n\n\n<figure class=\"wp-block-table is-style-stripes\"><table class=\"has-fixed-layout\"><tbody><tr><td>Ci\u00eancias Biol\u00f3gicas Entomologia<\/td><td>Ci\u00eancias Farmac\u00eauticas<\/td><\/tr><tr><td>Ci\u00eancias Geod\u00e9sicas<\/td><td>Ci\u00eancias Veterin\u00e1rias<\/td><\/tr><tr><td>Comunica\u00e7\u00e3o<\/td><td>Contabilidade<\/td><\/tr><tr><td>Desenvolvimento Econ\u00f4mico<\/td><td>Design<\/td><\/tr><tr><td>Direito<\/td><td>Ecologia e Conserva\u00e7\u00e3o<\/td><\/tr><tr><td>Educa\u00e7\u00e3o<\/td><td>Educa\u00e7\u00e3o em Ci\u00eancias e em Matem\u00e1tica<\/td><\/tr><tr><td>Educa\u00e7\u00e3o F\u00edsica<\/td><td>Enfermagem<\/td><\/tr><tr><td>Engenharia Ambiental<\/td><td>Engenharia Civil<\/td><\/tr><tr><td>Engenharia de Alimentos<\/td><td>Engenharia de Bioprocessos e Biotecnologia<\/td><\/tr><tr><td>Engenharia de Recursos H\u00eddricos e Ambiental<\/td><td>Engenharia e Ci\u00eancia dos Materiais<\/td><\/tr><tr><td>Engenharia El\u00e9trica<\/td><td>Engenharia Florestal<\/td><\/tr><tr><td>Engenharia Mec\u00e2nica<\/td><td>Engenharia Qu\u00edmica<\/td><\/tr><tr><td>Farmacologia<\/td><td>Filosofia<\/td><\/tr><tr><td>F\u00edsica<\/td><td>Fisiologia<\/td><\/tr><tr><td>Gen\u00e9tica<\/td><td>Geografia<\/td><\/tr><tr><td>Geologia<\/td><td>Gest\u00e3o da Informa\u00e7\u00e3o<\/td><\/tr><tr><td>Hist\u00f3ria<\/td><td>Inform\u00e1tica<\/td><\/tr><tr><td>Letras<\/td><td>Matem\u00e1tica<\/td><\/tr><tr><td>Medicina Cl\u00ednica Cir\u00fargica<\/td><td>Medicina Interna e Ci\u00eancias da Sa\u00fade<\/td><\/tr><tr><td>Meio Ambiente e Desenvolvimento<\/td><td>M\u00e9todos Num\u00e9ricos em Engenharia<\/td><\/tr><tr><td>Microbiologia, Parasitologia e Patologia<\/td><td>M\u00fasica<\/td><\/tr><tr><td>Odontologia<\/td><td>Pol\u00edticas P\u00fablicas<\/td><\/tr><tr><td>Psicologia<\/td><td>Qu\u00edmica<\/td><\/tr><tr><td>Sistemas Costeiros e Oce\u00e2nicos<\/td><td>Sociologia<\/td><\/tr><tr><td>Zoologia<\/td><td>Zootecnia<\/td><\/tr><\/tbody><\/table><\/figure>\n\n\n\n<div style=\"height:50px\" aria-hidden=\"true\" class=\"wp-block-spacer\"><\/div>\n<\/div>\n<\/div>\n\n\n\n<div class=\"wp-block-columns is-layout-flex wp-container-core-columns-is-layout-9d6595d7 wp-block-columns-is-layout-flex\">\n<div class=\"wp-block-column is-layout-flow wp-block-column-is-layout-flow\">\n<h2 class=\"wp-block-heading has-text-align-left has-background has-medium-font-size\" style=\"background-color:#e8ecf5\">CONSIDERA\u00c7\u00d5ES GERAIS<\/h2>\n\n\n\n<hr class=\"wp-block-separator has-text-color has-alpha-channel-opacity has-background is-style-wide\" style=\"background-color:#e8ecf5;color:#e8ecf5\"\/>\n\n\n\n<ul class=\"wp-block-list\">\n<li>A cota PDSE alocada ao PPG atrav\u00e9s do Edital CAPES PDSE n\u00ba 06\/2024, permitir\u00e1 o atendimento de&nbsp;apenas 01 benefici\u00e1rio pelo per\u00edodo m\u00ednimo de 3 e m\u00e1ximo de 06 meses.<\/li>\n<\/ul>\n\n\n\n<ul class=\"wp-block-list\">\n<li>O per\u00edodo para realiza\u00e7\u00e3o das atividades acad\u00eamicas no exterior dever\u00e1 ser iniciado obrigatoriamente entre&nbsp;Setembro e Novembro 2024.<\/li>\n<\/ul>\n\n\n\n<ul class=\"wp-block-list\">\n<li>O PPG dever\u00e1 obrigatoriamente realizar processo seletivo interno para indica\u00e7\u00e3o de discentes para&nbsp;ocupa\u00e7\u00e3o de cota de bolsa PDSE alocada atrav\u00e9s do Edital CAPES PDSE n\u00ba 06\/2024. O resultado deste&nbsp;processo seletivo ser\u00e1 encaminhado para esta Pr\u00f3-Reitoria, garantido o atendimento de edital CAPES&nbsp;mencionado acima, onde ser\u00e1 consolidado o quadro geral de discentes UFPR que ter\u00e3o autoriza\u00e7\u00e3o para&nbsp;efetuar suas respectivas candidaturas junto ao SICAPES.<\/li>\n<\/ul>\n\n\n\n<ul class=\"wp-block-list\">\n<li>O procedimento de homologa\u00e7\u00e3o descrito no Edital CAPES PDSE n\u00ba 06\/2024 sob responsabilidade desta&nbsp;Pr\u00f3-Reitoria s\u00f3 pode ser efetuado em candidaturas registradas com sucesso no SICAPES.<\/li>\n<\/ul>\n\n\n\n<ul class=\"wp-block-list\">\n<li>Caso o PPG apto n\u00e3o indique discente para ocupa\u00e7\u00e3o, a cota PDSE atribu\u00edda pela CAPES poder\u00e1 ser&nbsp;remanejada entre os demais PPGs habilitados no \u00e2mbito desta Institui\u00e7\u00e3o.<\/li>\n<\/ul>\n\n\n\n<ul class=\"wp-block-list\">\n<li>A CAPES autorizou a participa\u00e7\u00e3o de PPGs que integram o Programa CAPES Print UFPR no edital CAPES&nbsp;PDSE n\u00ba 06\/2024<\/li>\n<\/ul>\n<\/div>\n<\/div>\n\n\n\n<hr class=\"wp-block-separator has-text-color has-alpha-channel-opacity has-background is-style-wide\" style=\"background-color:#e8ecf5;color:#e8ecf5\"\/>\n\n\n\n<p class=\"has-text-color has-link-color wp-elements-16631d866001ae142cbdd3786f7ccd26\" style=\"color:#243673\"><strong><a title=\"\" href=\"#topo\">Voltar ao topo<\/a><\/strong><\/p>\n<\/div>\n\n\n\n<div class=\"wp-block-column is-layout-flow wp-block-column-is-layout-flow\" style=\"flex-basis:7%\"><\/div>\n<\/div>\n","protected":false},"excerpt":{"rendered":"<p>Edital PRPPG\/SBA n\u00ba 03\/2024 \u2013 PDSE \u2013 Programa Doutorado Sandu\u00edche no Exterior \u2013 CAPES Publicado em: 01 de April de 2024 Em atendimento aos termos do Edital CAPES PDSE n\u00ba 06\/2024 apresentamos aos interessados informa\u00e7\u00f5es, instru\u00e7\u00f5es e documenta\u00e7\u00f5es referentes ao PDSE 2024 para sa\u00eddas no 2\u00ba semestre de 2024 no \u00e2mbito desta IES. NO \u00c2MBITO [&hellip;]<\/p>\n","protected":false},"author":5,"featured_media":0,"parent":9246,"menu_order":0,"comment_status":"closed","ping_status":"closed","template":"","meta":{"footnotes":""},"class_list":["post-10170","page","type-page","status-publish","hentry"],"_links":{"self":[{"href":"https:\/\/ufpr.br\/propg\/wp-json\/wp\/v2\/pages\/10170","targetHints":{"allow":["GET"]}}],"collection":[{"href":"https:\/\/ufpr.br\/propg\/wp-json\/wp\/v2\/pages"}],"about":[{"href":"https:\/\/ufpr.br\/propg\/wp-json\/wp\/v2\/types\/page"}],"author":[{"embeddable":true,"href":"https:\/\/ufpr.br\/propg\/wp-json\/wp\/v2\/users\/5"}],"replies":[{"embeddable":true,"href":"https:\/\/ufpr.br\/propg\/wp-json\/wp\/v2\/comments?post=10170"}],"version-history":[{"count":34,"href":"https:\/\/ufpr.br\/propg\/wp-json\/wp\/v2\/pages\/10170\/revisions"}],"predecessor-version":[{"id":47311,"href":"https:\/\/ufpr.br\/propg\/wp-json\/wp\/v2\/pages\/10170\/revisions\/47311"}],"up":[{"embeddable":true,"href":"https:\/\/ufpr.br\/propg\/wp-json\/wp\/v2\/pages\/9246"}],"wp:attachment":[{"href":"https:\/\/ufpr.br\/propg\/wp-json\/wp\/v2\/media?parent=10170"}],"curies":[{"name":"wp","href":"https:\/\/api.w.org\/{rel}","templated":true}]}}