{"id":4,"date":"2024-10-24T10:26:43","date_gmt":"2024-10-24T13:26:43","guid":{"rendered":"https:\/\/ufpr.br\/pgd\/\/?page=4"},"modified":"2026-01-30T16:28:31","modified_gmt":"2026-01-30T19:28:31","slug":"pagina-inicial","status":"publish","type":"page","link":"https:\/\/ufpr.br\/pgd\/","title":{"rendered":"P\u00e1gina Inicial"},"content":{"rendered":"\n<figure class=\"wp-block-pullquote has-text-color has-link-color has-medium-font-size wp-elements-184924df38a394d68bdce4c769e66213\" style=\"color:#0792e3bd\"><blockquote><p><strong><strong>Informamos que o site est\u00e1 passando por atualiza\u00e7\u00f5es para adequa\u00e7\u00e3o \u00e0s novas normativas.<\/strong><br>Para esclarecimentos adicionais, solicitamos que entre em contato por e-mail ou por meio do Microsoft Teams: <strong><a href=\"mailto:pgd@ufpr.br\">pgd@ufpr.br<\/a><\/strong><\/strong><\/p><\/blockquote><\/figure>\n\n\n\n<p><\/p>\n\n\n\n<p><\/p>\n","protected":false},"excerpt":{"rendered":"<p>Informamos que o site est\u00e1 passando por atualiza\u00e7\u00f5es para adequa\u00e7\u00e3o \u00e0s novas normativas.Para esclarecimentos adicionais, solicitamos que entre em contato por e-mail ou por meio do Microsoft Teams: pgd@ufpr.br<\/p>\n","protected":false},"author":8,"featured_media":0,"parent":0,"menu_order":0,"comment_status":"closed","ping_status":"closed","template":"index.php","meta":{"footnotes":""},"class_list":["post-4","page","type-page","status-publish","hentry"],"_links":{"self":[{"href":"https:\/\/ufpr.br\/pgd\/wp-json\/wp\/v2\/pages\/4","targetHints":{"allow":["GET"]}}],"collection":[{"href":"https:\/\/ufpr.br\/pgd\/wp-json\/wp\/v2\/pages"}],"about":[{"href":"https:\/\/ufpr.br\/pgd\/wp-json\/wp\/v2\/types\/page"}],"author":[{"embeddable":true,"href":"https:\/\/ufpr.br\/pgd\/wp-json\/wp\/v2\/users\/8"}],"replies":[{"embeddable":true,"href":"https:\/\/ufpr.br\/pgd\/wp-json\/wp\/v2\/comments?post=4"}],"version-history":[{"count":6,"href":"https:\/\/ufpr.br\/pgd\/wp-json\/wp\/v2\/pages\/4\/revisions"}],"predecessor-version":[{"id":246,"href":"https:\/\/ufpr.br\/pgd\/wp-json\/wp\/v2\/pages\/4\/revisions\/246"}],"wp:attachment":[{"href":"https:\/\/ufpr.br\/pgd\/wp-json\/wp\/v2\/media?parent=4"}],"curies":[{"name":"wp","href":"https:\/\/api.w.org\/{rel}","templated":true}]}}