{"id":15,"date":"2024-10-24T10:52:24","date_gmt":"2024-10-24T13:52:24","guid":{"rendered":"https:\/\/ufpr.br\/pgd\/\/?page=15"},"modified":"2026-01-30T17:39:05","modified_gmt":"2026-01-30T20:39:05","slug":"legislacao","status":"publish","type":"page","link":"https:\/\/ufpr.br\/pgd\/legislacao\/","title":{"rendered":"Legisla\u00e7\u00e3o"},"content":{"rendered":"\n<figure class=\"wp-block-pullquote has-vivid-cyan-blue-color has-text-color has-link-color has-medium-font-size wp-elements-8d614c84afa9a6ff86351ac145504221\"><blockquote><p><strong>CONTE\u00daDO EM ATUALIZA\u00c7\u00c3O<\/strong><br><img loading=\"lazy\" decoding=\"async\" width=\"1320\" height=\"700\" class=\"wp-image-251\" style=\"width: 150px\" src=\"https:\/\/ufpr.br\/pgd\/wp-content\/uploads\/sites\/10\/2026\/01\/contratar-empresa-atualizar-site.jpg\" alt=\"\" srcset=\"https:\/\/ufpr.br\/pgd\/wp-content\/uploads\/sites\/10\/2026\/01\/contratar-empresa-atualizar-site.jpg 1320w, https:\/\/ufpr.br\/pgd\/wp-content\/uploads\/sites\/10\/2026\/01\/contratar-empresa-atualizar-site-300x159.jpg 300w, https:\/\/ufpr.br\/pgd\/wp-content\/uploads\/sites\/10\/2026\/01\/contratar-empresa-atualizar-site-1024x543.jpg 1024w, https:\/\/ufpr.br\/pgd\/wp-content\/uploads\/sites\/10\/2026\/01\/contratar-empresa-atualizar-site-768x407.jpg 768w, https:\/\/ufpr.br\/pgd\/wp-content\/uploads\/sites\/10\/2026\/01\/contratar-empresa-atualizar-site-175x93.jpg 175w, https:\/\/ufpr.br\/pgd\/wp-content\/uploads\/sites\/10\/2026\/01\/contratar-empresa-atualizar-site-75x40.jpg 75w\" sizes=\"auto, (max-width: 1320px) 100vw, 1320px\" \/><\/p><\/blockquote><\/figure>\n\n\n\n<div class=\"wp-block-group\"><div class=\"wp-block-group__inner-container is-layout-constrained wp-block-group-is-layout-constrained\">\n<figure class=\"wp-block-table is-style-stripes\"><table class=\"has-cyan-bluish-gray-background-color has-background\"><thead><tr><th>Norma<\/th><th>Assunto<\/th><\/tr><\/thead><tbody><tr><td><a href=\"https:\/\/www.in.gov.br\/en\/web\/dou\/-\/decreto-n-11.072-de-17-de-maio-de-2022-401056788\" target=\"_blank\" rel=\"noopener\" title=\"\">Decreto 11.072\/2022<\/a><\/td><td>Disp\u00f5e sobre o <strong>Programa de Gest\u00e3o e Desempenho &#8211; PGD<\/strong> da administra\u00e7\u00e3o p\u00fablica federal direta, aut\u00e1rquica e fundacional.<\/td><\/tr><tr><td><a href=\"https:\/\/www.in.gov.br\/en\/web\/dou\/-\/instrucao-normativa-conjunta-seges-sgprt-\/mgi-n-24-de-28-de-julho-de-2023-499593248\" target=\"_blank\" rel=\"noopener\" title=\"\">IN 24\/2023<\/a> (Principal)<\/td><td>Estabelece orienta\u00e7\u00f5es a serem observadas pelos \u00f3rg\u00e3os e entidades integrantes do Sistema de Pessoal Civil da Administra\u00e7\u00e3o Federal &#8211; Sipec e do Sistema de Organiza\u00e7\u00e3o e Inova\u00e7\u00e3o Institucional do Governo Federal &#8211; Siorg, relativas \u00e0 <strong>implementa\u00e7\u00e3o e execu\u00e7\u00e3o do Programa de Gest\u00e3o e Desempenho &#8211; PGD.<\/strong><\/td><\/tr><tr><td><a href=\"https:\/\/www.in.gov.br\/en\/web\/dou\/-\/instrucao-normativa-conjunta-sgp-srt-seges\/mgi-n-52-533454345\" target=\"_blank\" rel=\"noopener\" title=\"\">IN 52\/2023<\/a><\/td><td>Estabelece orienta\u00e7\u00f5es a serem observadas pelos \u00f3rg\u00e3os e entidades integrantes do Sistema de Pessoal Civil da Administra\u00e7\u00e3o Federal &#8211; Sipec e do Sistema de Organiza\u00e7\u00e3o e Inova\u00e7\u00e3o Institucional do Governo Federal &#8211; Siorg, <strong>relativas \u00e0s regras de gest\u00e3o de pessoas no \u00e2mbito do Programa de Gest\u00e3o e Desempenho &#8211; PGD.<\/strong><\/td><\/tr><tr><td><a href=\"https:\/\/www.in.gov.br\/en\/web\/dou\/-\/instrucao-normativa-conjunta-seges-sgp-srt\/mgi-n-21-de-16-de-julho-de-2024-572617003\" target=\"_blank\" rel=\"noopener\" title=\"\">IN 21\/2024<\/a><\/td><td>Altera a IN 24\/2023.<\/td><\/tr><tr><td><a href=\"https:\/\/www.in.gov.br\/web\/dou\/-\/resolucao-cpgd\/mgi-n-2-de-30-de-outubro-de-2024-593198436\" target=\"_blank\" rel=\"noopener\" title=\"\">IN 02\/2024<\/a><\/td><td>Disp\u00f5e sobre a documenta\u00e7\u00e3o t\u00e9cnica da Interface de Programa\u00e7\u00e3o de Aplica\u00e7\u00e3o &#8211; API do Programa de Gest\u00e3o e Desempenho (PGD), a periodicidade de envio de dados e a pol\u00edtica de consequ\u00eancia institucional.<\/td><\/tr><tr><td><a href=\"https:\/\/boletim.sigepe.gov.br\/publicacao\/detalhar\/303295\" target=\"_blank\" rel=\"noopener\" title=\"\">Portaria 1.365\/2024<\/a><\/td><td>Autoriza e institui o PGD na UFPR.<\/td><\/tr><tr><td><a href=\"https:\/\/ufpr.br\/pgd\/wp-content\/uploads\/sites\/10\/2025\/05\/Portaria_356.pdf\">Portaria 356\/2025<\/a><\/td><td>Altera a vig\u00eancia da Portaria 1.365\/2024 para at\u00e9 30\/06\/2025.<\/td><\/tr><tr><td><a href=\"https:\/\/ufpr.br\/pgd\/wp-content\/uploads\/sites\/10\/2025\/05\/Portaria_740.pdf\">Portaria 740\/2025<\/a><\/td><td>Designa a <strong>Comiss\u00e3o de Acompanhamento do Programa de Gest\u00e3o de Desempenho<\/strong> &#8211; PGD no \u00e2mbito da UFPR.<\/td><\/tr><tr><td><a href=\"https:\/\/ufpr.br\/pgd\/wp-content\/uploads\/sites\/10\/2025\/05\/Portaria_873.pdf\">Portaria 873\/2025<\/a><\/td><td>Complementa a Designa\u00e7\u00e3o da <strong>Comiss\u00e3o de Acompanhamento do Programa de Gest\u00e3o de Desempenho<\/strong> &#8211; PGD no \u00e2mbito da UFPR.<\/td><\/tr><tr><td><a href=\"https:\/\/ufpr.br\/pgd\/wp-content\/uploads\/sites\/10\/2025\/05\/Portaria_867.pdf\">Portaria 867\/2025<\/a><\/td><td>Designa a <strong>Comiss\u00e3o para Elabora\u00e7\u00e3o e Revis\u00e3o da Resolu\u00e7\u00e3o referente ao Programa de Gest\u00e3o de Desempenho<\/strong> &#8211; PG no \u00e2mbito da UFPR.<\/td><\/tr><\/tbody><\/table><\/figure>\n\n\n\n<p><\/p>\n\n\n\n<p><\/p>\n<\/div><\/div>\n","protected":false},"excerpt":{"rendered":"<p>CONTE\u00daDO EM ATUALIZA\u00c7\u00c3O Norma Assunto Decreto 11.072\/2022 Disp\u00f5e sobre o Programa de Gest\u00e3o e Desempenho &#8211; PGD da administra\u00e7\u00e3o p\u00fablica federal direta, aut\u00e1rquica e fundacional. IN 24\/2023 (Principal) Estabelece orienta\u00e7\u00f5es a serem observadas pelos \u00f3rg\u00e3os e entidades integrantes do Sistema de Pessoal Civil da Administra\u00e7\u00e3o Federal &#8211; Sipec e do Sistema de Organiza\u00e7\u00e3o e Inova\u00e7\u00e3o [&hellip;]<\/p>\n","protected":false},"author":8,"featured_media":0,"parent":0,"menu_order":0,"comment_status":"closed","ping_status":"closed","template":"","meta":{"footnotes":""},"class_list":["post-15","page","type-page","status-publish","hentry"],"_links":{"self":[{"href":"https:\/\/ufpr.br\/pgd\/wp-json\/wp\/v2\/pages\/15","targetHints":{"allow":["GET"]}}],"collection":[{"href":"https:\/\/ufpr.br\/pgd\/wp-json\/wp\/v2\/pages"}],"about":[{"href":"https:\/\/ufpr.br\/pgd\/wp-json\/wp\/v2\/types\/page"}],"author":[{"embeddable":true,"href":"https:\/\/ufpr.br\/pgd\/wp-json\/wp\/v2\/users\/8"}],"replies":[{"embeddable":true,"href":"https:\/\/ufpr.br\/pgd\/wp-json\/wp\/v2\/comments?post=15"}],"version-history":[{"count":9,"href":"https:\/\/ufpr.br\/pgd\/wp-json\/wp\/v2\/pages\/15\/revisions"}],"predecessor-version":[{"id":279,"href":"https:\/\/ufpr.br\/pgd\/wp-json\/wp\/v2\/pages\/15\/revisions\/279"}],"wp:attachment":[{"href":"https:\/\/ufpr.br\/pgd\/wp-json\/wp\/v2\/media?parent=15"}],"curies":[{"name":"wp","href":"https:\/\/api.w.org\/{rel}","templated":true}]}}