{"id":129,"date":"2024-11-01T14:49:43","date_gmt":"2024-11-01T17:49:43","guid":{"rendered":"https:\/\/ufpr.br\/pgd\/\/?page=129"},"modified":"2024-11-01T14:49:53","modified_gmt":"2024-11-01T17:49:53","slug":"transparencia","status":"publish","type":"page","link":"https:\/\/ufpr.br\/pgd\/transparencia\/","title":{"rendered":"Transpar\u00eancia"},"content":{"rendered":"\n<p><strong>Dados dos Participantes<\/strong><\/p>\n\n\n\n<div class=\"wp-block-file\"><a id=\"wp-block-file--media-7e1e2b37-8a40-4554-9f9a-c00528fb91d7\" href=\"https:\/\/ufpr.br\/pgd\/wp-content\/uploads\/sites\/10\/2024\/11\/dados-teletrabalho-ufpr-03-180423.xlsx\">dados-teletrabalho-ufpr-03-180423<\/a><a href=\"https:\/\/ufpr.br\/pgd\/wp-content\/uploads\/sites\/10\/2024\/11\/dados-teletrabalho-ufpr-03-180423.xlsx\" class=\"wp-block-file__button wp-element-button\" download aria-describedby=\"wp-block-file--media-7e1e2b37-8a40-4554-9f9a-c00528fb91d7\">Baixar<\/a><\/div>\n\n\n\n<div class=\"wp-block-file\"><a id=\"wp-block-file--media-e1a9bebe-d1fc-40ab-a484-69df7c0a88ef\" href=\"https:\/\/ufpr.br\/pgd\/wp-content\/uploads\/sites\/10\/2024\/11\/dados-teletrabalho-ufpr-04-020623.xlsx\">dados-teletrabalho-ufpr-04-020623<\/a><a href=\"https:\/\/ufpr.br\/pgd\/wp-content\/uploads\/sites\/10\/2024\/11\/dados-teletrabalho-ufpr-04-020623.xlsx\" class=\"wp-block-file__button wp-element-button\" download aria-describedby=\"wp-block-file--media-e1a9bebe-d1fc-40ab-a484-69df7c0a88ef\">Baixar<\/a><\/div>\n\n\n\n<div class=\"wp-block-file\"><a id=\"wp-block-file--media-28336215-8560-4311-80ad-bd914e97e2e4\" href=\"https:\/\/ufpr.br\/pgd\/wp-content\/uploads\/sites\/10\/2024\/11\/dados-teletrabalho-ufpr-05-070723.xlsx\">dados-teletrabalho-ufpr-05-070723<\/a><a href=\"https:\/\/ufpr.br\/pgd\/wp-content\/uploads\/sites\/10\/2024\/11\/dados-teletrabalho-ufpr-05-070723.xlsx\" class=\"wp-block-file__button wp-element-button\" download aria-describedby=\"wp-block-file--media-28336215-8560-4311-80ad-bd914e97e2e4\">Baixar<\/a><\/div>\n\n\n\n<div class=\"wp-block-file\"><a id=\"wp-block-file--media-9f56bad9-dfa0-4bc4-b7a9-2411ac9bb578\" href=\"https:\/\/ufpr.br\/pgd\/wp-content\/uploads\/sites\/10\/2024\/11\/dados-teletrabalho-ufpr-06-010823.xlsx\">dados-teletrabalho-ufpr-06-010823<\/a><a href=\"https:\/\/ufpr.br\/pgd\/wp-content\/uploads\/sites\/10\/2024\/11\/dados-teletrabalho-ufpr-06-010823.xlsx\" class=\"wp-block-file__button wp-element-button\" download aria-describedby=\"wp-block-file--media-9f56bad9-dfa0-4bc4-b7a9-2411ac9bb578\">Baixar<\/a><\/div>\n\n\n\n<div class=\"wp-block-file\"><a id=\"wp-block-file--media-c875725d-e837-4191-aaee-00cca8b75b0f\" href=\"https:\/\/ufpr.br\/pgd\/wp-content\/uploads\/sites\/10\/2024\/11\/dados-teletrabalho-ufpr-08-211123.xlsx\">dados-teletrabalho-ufpr-08-211123<\/a><a href=\"https:\/\/ufpr.br\/pgd\/wp-content\/uploads\/sites\/10\/2024\/11\/dados-teletrabalho-ufpr-08-211123.xlsx\" class=\"wp-block-file__button wp-element-button\" download aria-describedby=\"wp-block-file--media-c875725d-e837-4191-aaee-00cca8b75b0f\">Baixar<\/a><\/div>\n\n\n\n<div class=\"wp-block-file\"><a id=\"wp-block-file--media-012181bb-af0d-40c2-9773-600ed2a2464e\" href=\"https:\/\/ufpr.br\/pgd\/wp-content\/uploads\/sites\/10\/2024\/11\/dados-teletrabalho-ufpr-09-051223.xlsx\">dados-teletrabalho-ufpr-09-051223<\/a><a href=\"https:\/\/ufpr.br\/pgd\/wp-content\/uploads\/sites\/10\/2024\/11\/dados-teletrabalho-ufpr-09-051223.xlsx\" class=\"wp-block-file__button wp-element-button\" download aria-describedby=\"wp-block-file--media-012181bb-af0d-40c2-9773-600ed2a2464e\">Baixar<\/a><\/div>\n\n\n\n<div class=\"wp-block-file\"><a id=\"wp-block-file--media-ab609e73-633d-4bb4-9e8e-277b8c190ddf\" href=\"https:\/\/ufpr.br\/pgd\/wp-content\/uploads\/sites\/10\/2024\/11\/dados-teletrabalho-ufpr-10-040124.xlsx\">dados-teletrabalho-ufpr-10-040124<\/a><a href=\"https:\/\/ufpr.br\/pgd\/wp-content\/uploads\/sites\/10\/2024\/11\/dados-teletrabalho-ufpr-10-040124.xlsx\" class=\"wp-block-file__button wp-element-button\" download aria-describedby=\"wp-block-file--media-ab609e73-633d-4bb4-9e8e-277b8c190ddf\">Baixar<\/a><\/div>\n\n\n\n<div class=\"wp-block-file\"><a id=\"wp-block-file--media-c4d18e8f-e5b3-46b5-9d76-98ddfb6cb843\" href=\"https:\/\/ufpr.br\/pgd\/wp-content\/uploads\/sites\/10\/2024\/11\/dados-teletrabalho-ufpr-11-060224.xlsx\">dados-teletrabalho-ufpr-11-060224<\/a><a href=\"https:\/\/ufpr.br\/pgd\/wp-content\/uploads\/sites\/10\/2024\/11\/dados-teletrabalho-ufpr-11-060224.xlsx\" class=\"wp-block-file__button wp-element-button\" download aria-describedby=\"wp-block-file--media-c4d18e8f-e5b3-46b5-9d76-98ddfb6cb843\">Baixar<\/a><\/div>\n\n\n\n<div class=\"wp-block-file\"><a id=\"wp-block-file--media-bfcc85cb-798e-47db-9e28-0cf440b21a99\" href=\"https:\/\/ufpr.br\/pgd\/wp-content\/uploads\/sites\/10\/2024\/11\/dados-teletrabalho-ufpr-12-050324.xlsx\">dados-teletrabalho-ufpr-12-050324<\/a><a href=\"https:\/\/ufpr.br\/pgd\/wp-content\/uploads\/sites\/10\/2024\/11\/dados-teletrabalho-ufpr-12-050324.xlsx\" class=\"wp-block-file__button wp-element-button\" download aria-describedby=\"wp-block-file--media-bfcc85cb-798e-47db-9e28-0cf440b21a99\">Baixar<\/a><\/div>\n\n\n\n<div class=\"wp-block-file\"><a id=\"wp-block-file--media-76aabb3f-d1fc-4142-8adb-2c58342cd1d2\" href=\"https:\/\/ufpr.br\/pgd\/wp-content\/uploads\/sites\/10\/2024\/11\/dados-teletrabalho-ufpr-13-250724.xlsx\">dados-teletrabalho-ufpr-13-250724<\/a><a href=\"https:\/\/ufpr.br\/pgd\/wp-content\/uploads\/sites\/10\/2024\/11\/dados-teletrabalho-ufpr-13-250724.xlsx\" class=\"wp-block-file__button wp-element-button\" download aria-describedby=\"wp-block-file--media-76aabb3f-d1fc-4142-8adb-2c58342cd1d2\">Baixar<\/a><\/div>\n\n\n\n<div class=\"wp-block-file\"><a id=\"wp-block-file--media-9ceec9b3-29e7-4075-a531-a6cb20757485\" href=\"https:\/\/ufpr.br\/pgd\/wp-content\/uploads\/sites\/10\/2024\/11\/dados-teletrabalho-ufpr-14-290824.xlsx\">dados-teletrabalho-ufpr-14-290824<\/a><a href=\"https:\/\/ufpr.br\/pgd\/wp-content\/uploads\/sites\/10\/2024\/11\/dados-teletrabalho-ufpr-14-290824.xlsx\" class=\"wp-block-file__button wp-element-button\" download aria-describedby=\"wp-block-file--media-9ceec9b3-29e7-4075-a531-a6cb20757485\">Baixar<\/a><\/div>\n\n\n\n<div class=\"wp-block-file\"><a id=\"wp-block-file--media-7069a932-df4f-46f2-958a-2e8aeff321b5\" href=\"https:\/\/ufpr.br\/pgd\/wp-content\/uploads\/sites\/10\/2024\/11\/dados-teletrabalho-ufpr-15-240924.xlsx\">dados-teletrabalho-ufpr-15-240924<\/a><a href=\"https:\/\/ufpr.br\/pgd\/wp-content\/uploads\/sites\/10\/2024\/11\/dados-teletrabalho-ufpr-15-240924.xlsx\" class=\"wp-block-file__button wp-element-button\" download aria-describedby=\"wp-block-file--media-7069a932-df4f-46f2-958a-2e8aeff321b5\">Baixar<\/a><\/div>\n\n\n\n<div class=\"wp-block-file\"><a id=\"wp-block-file--media-0c23cc81-26ea-41b8-8e68-e81bfa557829\" href=\"https:\/\/ufpr.br\/pgd\/wp-content\/uploads\/sites\/10\/2024\/11\/dados-teletrabalho-ufpr-16-241024.xlsx\">dados-teletrabalho-ufpr-16-241024<\/a><a href=\"https:\/\/ufpr.br\/pgd\/wp-content\/uploads\/sites\/10\/2024\/11\/dados-teletrabalho-ufpr-16-241024.xlsx\" class=\"wp-block-file__button wp-element-button\" download aria-describedby=\"wp-block-file--media-0c23cc81-26ea-41b8-8e68-e81bfa557829\">Baixar<\/a><\/div>\n\n\n\n<p><strong>Atividades<\/strong><\/p>\n\n\n\n<div class=\"wp-block-file\"><a id=\"wp-block-file--media-39a1e860-96c7-46c8-bd17-29e8058aeb5d\" href=\"https:\/\/ufpr.br\/pgd\/wp-content\/uploads\/sites\/10\/2024\/11\/atividades-cadastradas-no-sisgp-27-04-23.xlsx\">atividades-cadastradas-no-sisgp-27-04-23<\/a><a href=\"https:\/\/ufpr.br\/pgd\/wp-content\/uploads\/sites\/10\/2024\/11\/atividades-cadastradas-no-sisgp-27-04-23.xlsx\" class=\"wp-block-file__button wp-element-button\" download aria-describedby=\"wp-block-file--media-39a1e860-96c7-46c8-bd17-29e8058aeb5d\">Baixar<\/a><\/div>\n\n\n\n<p><strong>Relat\u00f3rio da CIT<\/strong><\/p>\n\n\n\n<p>Relat\u00f3rio produzido pela comiss\u00e3o ap\u00f3s o per\u00edodo e ambienta\u00e7\u00e3o do PGD-T em 2023:<\/p>\n\n\n\n<div data-wp-interactive=\"core\/file\" class=\"wp-block-file\"><object data-wp-bind--hidden=\"!state.hasPdfPreview\" hidden class=\"wp-block-file__embed\" data=\"https:\/\/ufpr.br\/pgd\/wp-content\/uploads\/sites\/10\/2024\/11\/relatorio-do-programa-de-gestao-e-desempenho-ufpr.pdf\" type=\"application\/pdf\" style=\"width:100%;height:600px\" aria-label=\"Incorporado de relatorio-do-programa-de-gestao-e-desempenho-ufpr.\"><\/object><a id=\"wp-block-file--media-d068013c-14dd-4690-82f1-5a6fe7b944bd\" href=\"https:\/\/ufpr.br\/pgd\/wp-content\/uploads\/sites\/10\/2024\/11\/relatorio-do-programa-de-gestao-e-desempenho-ufpr.pdf\">relatorio-do-programa-de-gestao-e-desempenho-ufpr<\/a><a href=\"https:\/\/ufpr.br\/pgd\/wp-content\/uploads\/sites\/10\/2024\/11\/relatorio-do-programa-de-gestao-e-desempenho-ufpr.pdf\" class=\"wp-block-file__button wp-element-button\" download aria-describedby=\"wp-block-file--media-d068013c-14dd-4690-82f1-5a6fe7b944bd\">Baixar<\/a><\/div>\n","protected":false},"excerpt":{"rendered":"<p>Dados dos Participantes Atividades Relat\u00f3rio da CIT Relat\u00f3rio produzido pela comiss\u00e3o ap\u00f3s o per\u00edodo e ambienta\u00e7\u00e3o do PGD-T em 2023:<\/p>\n","protected":false},"author":8,"featured_media":0,"parent":0,"menu_order":0,"comment_status":"closed","ping_status":"closed","template":"","meta":{"footnotes":""},"class_list":["post-129","page","type-page","status-publish","hentry"],"_links":{"self":[{"href":"https:\/\/ufpr.br\/pgd\/wp-json\/wp\/v2\/pages\/129","targetHints":{"allow":["GET"]}}],"collection":[{"href":"https:\/\/ufpr.br\/pgd\/wp-json\/wp\/v2\/pages"}],"about":[{"href":"https:\/\/ufpr.br\/pgd\/wp-json\/wp\/v2\/types\/page"}],"author":[{"embeddable":true,"href":"https:\/\/ufpr.br\/pgd\/wp-json\/wp\/v2\/users\/8"}],"replies":[{"embeddable":true,"href":"https:\/\/ufpr.br\/pgd\/wp-json\/wp\/v2\/comments?post=129"}],"version-history":[{"count":1,"href":"https:\/\/ufpr.br\/pgd\/wp-json\/wp\/v2\/pages\/129\/revisions"}],"predecessor-version":[{"id":145,"href":"https:\/\/ufpr.br\/pgd\/wp-json\/wp\/v2\/pages\/129\/revisions\/145"}],"wp:attachment":[{"href":"https:\/\/ufpr.br\/pgd\/wp-json\/wp\/v2\/media?parent=129"}],"curies":[{"name":"wp","href":"https:\/\/api.w.org\/{rel}","templated":true}]}}