{"id":127,"date":"2024-11-01T14:23:08","date_gmt":"2024-11-01T17:23:08","guid":{"rendered":"https:\/\/ufpr.br\/pgd\/\/?page=127"},"modified":"2024-11-01T14:23:13","modified_gmt":"2024-11-01T17:23:13","slug":"comissao-de-implantacao-do-teletrabalho","status":"publish","type":"page","link":"https:\/\/ufpr.br\/pgd\/comissao-de-implantacao-do-teletrabalho\/","title":{"rendered":"Comiss\u00e3o de Implanta\u00e7\u00e3o do Teletrabalho"},"content":{"rendered":"\n<p>A Comiss\u00e3o de Implanta\u00e7\u00e3o do Teletrabalho (CIT) foi criada pela RN 16\/22-COPLAD e teve como objetivo a implanta\u00e7\u00e3o do Teletrabalho na UFPR, no \u00e2mbito da antiga IN 65\/2020.<\/p>\n\n\n\n<p><strong>Compete \u00e0 Comiss\u00e3o:<\/strong><br>I &#8211; auxiliar os \u00f3rg\u00e3os da administra\u00e7\u00e3o central da UFPR no processo de implanta\u00e7\u00e3o do Programa de Gest\u00e3o em Regime de Teletrabalho;<br>II &#8211; supervisionar o andamento da implanta\u00e7\u00e3o do Programa de Gest\u00e3o em Regime de Teletrabalho; e<br>III &#8211; propor mudan\u00e7as normativas no Programa de Gest\u00e3o em Regime de Teletrabalho, quando for o caso.<\/p>\n\n\n\n<p><strong>Membros:<\/strong><\/p>\n\n\n\n<p><mark class=\"has-inline-color has-black-color\">Presidente<strong>:<\/strong><\/mark><strong> <\/strong>Douglas Ortiz Hamermuller<\/p>\n\n\n\n<p>Elis Regina Ribas<br>Gabriel Brito dos Santos<br>L\u00e2nia Virg\u00ednia Busnello Vaz<br>Leonardo Gomes de Melo (a partir de 19\/10\/23)<br>Marcello Locatelli Babato<br>Marcos Roberto dos Santos<br>Ta\u00eds Caroline Cabral<br>Valmir Antunes Pereira (at\u00e9 19\/10\/23)<\/p>\n\n\n\n<p><em><a href=\"https:\/\/boletim.sigepe.gov.br\/publicacao\/detalhar\/123877\">Portaria UFPR n\u00ba 709, de 15 de junho de 2022<\/a>.<\/em><\/p>\n\n\n\n<p><a href=\"https:\/\/boletim.sigepe.gov.br\/publicacao\/detalhar\/218669\"><em>Portaria UFPR n\u00ba 1.366, de 19 de outubro de 2023<\/em><\/a><\/p>\n","protected":false},"excerpt":{"rendered":"<p>A Comiss\u00e3o de Implanta\u00e7\u00e3o do Teletrabalho (CIT) foi criada pela RN 16\/22-COPLAD e teve como objetivo a implanta\u00e7\u00e3o do Teletrabalho na UFPR, no \u00e2mbito da antiga IN 65\/2020. Compete \u00e0 Comiss\u00e3o:I &#8211; auxiliar os \u00f3rg\u00e3os da administra\u00e7\u00e3o central da UFPR no processo de implanta\u00e7\u00e3o do Programa de Gest\u00e3o em Regime de Teletrabalho;II &#8211; supervisionar o [&hellip;]<\/p>\n","protected":false},"author":8,"featured_media":0,"parent":0,"menu_order":0,"comment_status":"closed","ping_status":"closed","template":"","meta":{"footnotes":""},"class_list":["post-127","page","type-page","status-publish","hentry"],"_links":{"self":[{"href":"https:\/\/ufpr.br\/pgd\/wp-json\/wp\/v2\/pages\/127","targetHints":{"allow":["GET"]}}],"collection":[{"href":"https:\/\/ufpr.br\/pgd\/wp-json\/wp\/v2\/pages"}],"about":[{"href":"https:\/\/ufpr.br\/pgd\/wp-json\/wp\/v2\/types\/page"}],"author":[{"embeddable":true,"href":"https:\/\/ufpr.br\/pgd\/wp-json\/wp\/v2\/users\/8"}],"replies":[{"embeddable":true,"href":"https:\/\/ufpr.br\/pgd\/wp-json\/wp\/v2\/comments?post=127"}],"version-history":[{"count":1,"href":"https:\/\/ufpr.br\/pgd\/wp-json\/wp\/v2\/pages\/127\/revisions"}],"predecessor-version":[{"id":128,"href":"https:\/\/ufpr.br\/pgd\/wp-json\/wp\/v2\/pages\/127\/revisions\/128"}],"wp:attachment":[{"href":"https:\/\/ufpr.br\/pgd\/wp-json\/wp\/v2\/media?parent=127"}],"curies":[{"name":"wp","href":"https:\/\/api.w.org\/{rel}","templated":true}]}}