{"id":11,"date":"2024-10-24T10:47:57","date_gmt":"2024-10-24T13:47:57","guid":{"rendered":"https:\/\/ufpr.br\/pgd\/\/?page=11"},"modified":"2026-01-30T16:47:49","modified_gmt":"2026-01-30T19:47:49","slug":"faq","status":"publish","type":"page","link":"https:\/\/ufpr.br\/pgd\/faq\/","title":{"rendered":"FAQ"},"content":{"rendered":"\n<figure class=\"wp-block-pullquote has-vivid-cyan-blue-color has-text-color has-link-color has-medium-font-size wp-elements-432fb058fb6033b826bee24bce34657a\"><blockquote><p><strong>CONTE\u00daDO EM ATUALIZA\u00c7\u00c3O<\/strong><\/p><cite><img loading=\"lazy\" decoding=\"async\" width=\"1320\" height=\"700\" class=\"wp-image-251\" style=\"width: 150px\" src=\"https:\/\/ufpr.br\/pgd\/wp-content\/uploads\/sites\/10\/2026\/01\/contratar-empresa-atualizar-site.jpg\" alt=\"\" srcset=\"https:\/\/ufpr.br\/pgd\/wp-content\/uploads\/sites\/10\/2026\/01\/contratar-empresa-atualizar-site.jpg 1320w, https:\/\/ufpr.br\/pgd\/wp-content\/uploads\/sites\/10\/2026\/01\/contratar-empresa-atualizar-site-300x159.jpg 300w, https:\/\/ufpr.br\/pgd\/wp-content\/uploads\/sites\/10\/2026\/01\/contratar-empresa-atualizar-site-1024x543.jpg 1024w, https:\/\/ufpr.br\/pgd\/wp-content\/uploads\/sites\/10\/2026\/01\/contratar-empresa-atualizar-site-768x407.jpg 768w, https:\/\/ufpr.br\/pgd\/wp-content\/uploads\/sites\/10\/2026\/01\/contratar-empresa-atualizar-site-175x93.jpg 175w, https:\/\/ufpr.br\/pgd\/wp-content\/uploads\/sites\/10\/2026\/01\/contratar-empresa-atualizar-site-75x40.jpg 75w\" sizes=\"auto, (max-width: 1320px) 100vw, 1320px\" \/><\/cite><\/blockquote><\/figure>\n\n\n\n<details class=\"wp-block-details is-layout-flow wp-block-details-is-layout-flow\"><summary>O que \u00e9 o PGD UFPR?<\/summary>\n<p>O Programa de Gest\u00e3o e Desempenho \u00e9 uma ferramenta de gest\u00e3o que disciplina o exerc\u00edcio de atividades em que os resultados possam ser efetivamente mensurados, com foco na entrega por resultados e na qualidade dos servi\u00e7os prestados \u00e0 sociedade.<\/p>\n<\/details>\n\n\n\n<details class=\"wp-block-details is-layout-flow wp-block-details-is-layout-flow\"><summary>O que s\u00e3o modalidades e regimes de execu\u00e7\u00e3o?<\/summary>\n<p>De acordo com a IN 23\/24, O PGD admite duas modalidades: Presencial e Teletrabalho. Neste \u00faltimo, o cumprimento da jornada regular pelo participante pode ser realizado de forma remota e com a utiliza\u00e7\u00e3o de recursos tecnol\u00f3gicos, para a execu\u00e7\u00e3o de atividades que sejam pass\u00edveis de controle e que possuam metas, prazo de entregas previamente definidos e, ainda, que n\u00e3o configurem trabalho externo. <\/p>\n\n\n\n<p>O teletrabalho poder\u00e1 ser em regime de execu\u00e7\u00e3o parcial ou em regime de execu\u00e7\u00e3o integral. Em regime de execu\u00e7\u00e3o parcial, parte da jornada de trabalho ocorre em locais a crit\u00e9rio do participante e parte em local determinado pela administra\u00e7\u00e3o p\u00fablica federal. Em regime de execu\u00e7\u00e3o integral, a totalidade da jornada de trabalho ocorre em local a crit\u00e9rio do participante.<\/p>\n<\/details>\n\n\n\n<details class=\"wp-block-details is-layout-flow wp-block-details-is-layout-flow\"><summary>Como fica o Controle de Frequ\u00eancia?<\/summary>\n<p>Tanto na modalidade Presencial quanto em Teletrabalho, todos os participantes s\u00e3o dispensados do registro de controle de frequ\u00eancia. Na UFPR, para aqueles que aderirem ao PGD, n\u00e3o \u00e9 mais necess\u00e1ria a batida do ponto no sistema Frequ\u00eancia, devendo ser utilizado somente o sistema PGD.<\/p>\n<\/details>\n\n\n\n<details class=\"wp-block-details is-layout-flow wp-block-details-is-layout-flow\"><summary>O que difere o Programa de Gest\u00e3o da forma que trabalhamos atualmente?<\/summary>\n<p>As principais diferen\u00e7as s\u00e3o a substitui\u00e7\u00e3o do controle de frequ\u00eancia e de assiduidade pelo controle de entregas e de resultados, bem como a possibilidade de realiza\u00e7\u00e3o das atividades fora das depend\u00eancias do \u00f3rg\u00e3o, por meio do teletrabalho.<\/p>\n<\/details>\n\n\n\n<details class=\"wp-block-details is-layout-flow wp-block-details-is-layout-flow\"><summary>Como ser\u00e3o definidos os dias de trabalho presencial no regime parcial?<\/summary>\n<p>Os dias em que o servidor(a) dever\u00e1 trabalhar presencialmente ser\u00e3o definidos em conjunto com a chefia imediata. Qualquer mudan\u00e7a n\u00e3o poder\u00e1 ocorrer unilateralmente, devendo ser previamente acordada entre ambos.<\/p>\n<\/details>\n\n\n\n<details class=\"wp-block-details is-layout-flow wp-block-details-is-layout-flow\"><summary>Quem pode aderir ao PGD?<\/summary>\n<p>Todos os servidores p\u00fablicos do quadro efetivo de t\u00e9cnicos administrativos em educa\u00e7\u00e3o, comissionados ou n\u00e3o, empregados p\u00fablicos regidos pelo&nbsp;<a href=\"http:\/\/www.planalto.gov.br\/ccivil_03\/decreto-lei\/del5452.htm\" target=\"_blank\" rel=\"noreferrer noopener\">Decreto n<sup>o&nbsp;<\/sup>5.452\/1943<\/a>&nbsp;e t\u00e9cnicos administrativos contratados temporariamente conforme&nbsp;<a href=\"http:\/\/www.planalto.gov.br\/ccivil_03\/leis\/l8745cons.htm#:~:text=LEI%20N%C2%BA%208.745%2C%20DE%209%20DE%20DEZEMBRO%20DE%201993&amp;text=Disp%C3%B5e%20sobre%20a%20contrata%C3%A7%C3%A3o%20por,Federal%2C%20e%20d%C3%A1%20outras%20provid%C3%AAncias.\" target=\"_blank\" rel=\"noreferrer noopener\">Lei n<sup>o<\/sup>&nbsp;8.745\/1993<\/a>. <\/p>\n<\/details>\n\n\n\n<details class=\"wp-block-details is-layout-flow wp-block-details-is-layout-flow\"><summary>Quem determina se a unidade ir\u00e1 aderir ao PGD?<\/summary>\n<p>A chefia imediata da unidade.<\/p>\n<\/details>\n\n\n\n<details class=\"wp-block-details is-layout-flow wp-block-details-is-layout-flow\"><summary>Em caso de ades\u00e3o da minha unidade\/atividade, quais crit\u00e9rios devem ser atendidos para participar?<\/summary>\n<p>A sele\u00e7\u00e3o considerar\u00e1 a natureza do trabalho e as compet\u00eancias dos interessados, as responsabilidades descritas no texto padr\u00e3o do TCR e demais crit\u00e9rios que a chefia imediata julgar pertinente.<\/p>\n<\/details>\n\n\n\n<details class=\"wp-block-details is-layout-flow wp-block-details-is-layout-flow\"><summary>Todos os servidores de uma mesma unidade podem aderir?&nbsp;<\/summary>\n<p>Sim. Desde que as atividades desenvolvidas na unidade permitam o teletrabalho, sem preju\u00edzo do atendimento ao p\u00fablico interno e externo.<\/p>\n<\/details>\n\n\n\n<p><\/p>\n","protected":false},"excerpt":{"rendered":"<p>CONTE\u00daDO EM ATUALIZA\u00c7\u00c3O<\/p>\n","protected":false},"author":8,"featured_media":0,"parent":0,"menu_order":0,"comment_status":"closed","ping_status":"closed","template":"","meta":{"footnotes":""},"class_list":["post-11","page","type-page","status-publish","hentry"],"_links":{"self":[{"href":"https:\/\/ufpr.br\/pgd\/wp-json\/wp\/v2\/pages\/11","targetHints":{"allow":["GET"]}}],"collection":[{"href":"https:\/\/ufpr.br\/pgd\/wp-json\/wp\/v2\/pages"}],"about":[{"href":"https:\/\/ufpr.br\/pgd\/wp-json\/wp\/v2\/types\/page"}],"author":[{"embeddable":true,"href":"https:\/\/ufpr.br\/pgd\/wp-json\/wp\/v2\/users\/8"}],"replies":[{"embeddable":true,"href":"https:\/\/ufpr.br\/pgd\/wp-json\/wp\/v2\/comments?post=11"}],"version-history":[{"count":13,"href":"https:\/\/ufpr.br\/pgd\/wp-json\/wp\/v2\/pages\/11\/revisions"}],"predecessor-version":[{"id":253,"href":"https:\/\/ufpr.br\/pgd\/wp-json\/wp\/v2\/pages\/11\/revisions\/253"}],"wp:attachment":[{"href":"https:\/\/ufpr.br\/pgd\/wp-json\/wp\/v2\/media?parent=11"}],"curies":[{"name":"wp","href":"https:\/\/api.w.org\/{rel}","templated":true}]}}