{"id":7,"date":"2021-05-13T20:41:56","date_gmt":"2021-05-13T20:41:56","guid":{"rendered":"https:\/\/ufpr.br\/lgpd\/\/?page=7"},"modified":"2024-10-25T16:25:36","modified_gmt":"2024-10-25T19:25:36","slug":"dicas-de-seguranca-e-privacidade","status":"publish","type":"page","link":"https:\/\/ufpr.br\/lgpd\/dicas-de-seguranca-e-privacidade\/","title":{"rendered":"Dicas de Seguran\u00e7a e Privacidade"},"content":{"rendered":"\n<p>Cartilhas, v\u00eddeos e campanhas<\/p>\n\n\n\n<figure class=\"wp-block-image size-full\"><a href=\"https:\/\/cartilha.cert.br\/fasciculos\/redes-sociais\/fasciculo-redes-sociais.pdf\"><img decoding=\"async\" src=\"https:\/\/ufpr.br\/lgpd\/wp-content\/uploads\/sites\/11\/2024\/10\/cartaz-redes-sociais-1-1024x591-1.png\" alt=\"\" class=\"wp-image-560\"\/><\/a><figcaption class=\"wp-element-caption\">Para mais dicas de seguran\u00e7a, clique na imagem e acesse o fasc\u00edculo da Cert.br sobre redes sociais.<\/figcaption><\/figure>\n\n\n\n<figure class=\"wp-block-image size-full\"><a href=\"https:\/\/cartilha.cert.br\/fasciculos\/vazamento-de-dados\/fasciculo-vazamento-de-dados.pdf\"><img decoding=\"async\" src=\"https:\/\/ufpr.br\/lgpd\/wp-content\/uploads\/sites\/11\/2024\/10\/cartaz-vazamentos-de-dados-7-1024x591-1.png\" alt=\"\" class=\"wp-image-565\"\/><\/a><figcaption class=\"wp-element-caption\">Para mais dicas de seguran\u00e7a, clique na imagem e acesse o fasc\u00edculo da Cert.br sobre vazamento de dados.<\/figcaption><\/figure>\n\n\n\n<figure class=\"wp-block-image size-full\"><a href=\"https:\/\/cartilha.cert.br\/fasciculos\/senhas\/fasciculo-senhas.pdf\"><img decoding=\"async\" src=\"https:\/\/ufpr.br\/lgpd\/wp-content\/uploads\/sites\/11\/2024\/10\/cartaz-senhas-6-1024x591-1.png\" alt=\"\" class=\"wp-image-562\"\/><\/a><figcaption class=\"wp-element-caption\">Para mais dicas de seguran\u00e7a, clique na imagem e acesse o fasc\u00edculo da Cert.br sobre senhas.<\/figcaption><\/figure>\n\n\n\n<figure class=\"wp-block-image size-full\"><a href=\"https:\/\/cartilha.cert.br\/fasciculos\/protecao-de-dados\/fasciculo-protecao-de-dados.pdf\"><img decoding=\"async\" src=\"https:\/\/ufpr.br\/lgpd\/wp-content\/uploads\/sites\/11\/2024\/10\/cartaz-protecao-de-dados2-png-1024x591-1.png\" alt=\"\" class=\"wp-image-557\"\/><\/a><figcaption class=\"wp-element-caption\">Para mais dicas de seguran\u00e7a, clique na imagem e acesse o fasc\u00edculo da Cert.br sobre Prote\u00e7\u00e3o de dados.<\/figcaption><\/figure>\n\n\n\n<figure class=\"wp-block-image size-full\"><a href=\"https:\/\/cartilha.cert.br\/fasciculos\/privacidade\/fasciculo-privacidade.pdf\"><img decoding=\"async\" src=\"https:\/\/ufpr.br\/lgpd\/wp-content\/uploads\/sites\/11\/2024\/10\/cartaz-privacidade-4-1024x591-1.png\" alt=\"\" class=\"wp-image-554\"\/><\/a><figcaption class=\"wp-element-caption\">Para mais dicas de seguran\u00e7a, clique na imagem e acesse o fasc\u00edculo da Cert.br sobre privacidade.<\/figcaption><\/figure>\n\n\n\n<figure class=\"wp-block-image size-full\"><a href=\"https:\/\/cartilha.cert.br\/fasciculos\/computadores\/fasciculo-computadores.pdf\"><img decoding=\"async\" src=\"https:\/\/ufpr.br\/lgpd\/wp-content\/uploads\/sites\/11\/2024\/10\/cartaz-computadores-3-1024x591-1.png\" alt=\"\" class=\"wp-image-552\"\/><\/a><figcaption class=\"wp-element-caption\">Para mais dicas de seguran\u00e7a, clique na imagem e acesse o fasc\u00edculo da Cert.br sobre computadores.<\/figcaption><\/figure>\n\n\n\n<figure class=\"wp-block-image size-full\"><a href=\"https:\/\/cartilha.cert.br\/fasciculos\/codigos-maliciosos\/fasciculo-codigos-maliciosos.pdf\"><img decoding=\"async\" src=\"https:\/\/ufpr.br\/lgpd\/wp-content\/uploads\/sites\/11\/2024\/10\/cartaz-codigos-maliciosos-2-1024x591-1.png\" alt=\"\" class=\"wp-image-550\"\/><\/a><figcaption class=\"wp-element-caption\">Para mais dicas de seguran\u00e7a, clique na imagem e acesse o fasc\u00edculo da Cert.br sobre codigos maliciosos<\/figcaption><\/figure>\n\n\n\n<figure class=\"wp-block-image size-full\"><a href=\"https:\/\/cartilha.cert.br\/fasciculos\/boatos\/fasciculo-boatos.pdf\"><img decoding=\"async\" src=\"https:\/\/ufpr.br\/lgpd\/wp-content\/uploads\/sites\/11\/2024\/10\/cartaz_boatos-1024x591-1.png\" alt=\"\" class=\"wp-image-548\"\/><\/a><figcaption class=\"wp-element-caption\">Para mais dicas de seguran\u00e7a, clique na imagem e acesse o fasc\u00edculo da Cert.br sobre boatos.<\/figcaption><\/figure>\n","protected":false},"excerpt":{"rendered":"<p>Cartilhas, v\u00eddeos e campanhas<\/p>\n","protected":false},"author":8,"featured_media":0,"parent":0,"menu_order":0,"comment_status":"closed","ping_status":"closed","template":"","meta":{"footnotes":""},"class_list":["post-7","page","type-page","status-publish","hentry"],"_links":{"self":[{"href":"https:\/\/ufpr.br\/lgpd\/wp-json\/wp\/v2\/pages\/7","targetHints":{"allow":["GET"]}}],"collection":[{"href":"https:\/\/ufpr.br\/lgpd\/wp-json\/wp\/v2\/pages"}],"about":[{"href":"https:\/\/ufpr.br\/lgpd\/wp-json\/wp\/v2\/types\/page"}],"author":[{"embeddable":true,"href":"https:\/\/ufpr.br\/lgpd\/wp-json\/wp\/v2\/users\/8"}],"replies":[{"embeddable":true,"href":"https:\/\/ufpr.br\/lgpd\/wp-json\/wp\/v2\/comments?post=7"}],"version-history":[{"count":2,"href":"https:\/\/ufpr.br\/lgpd\/wp-json\/wp\/v2\/pages\/7\/revisions"}],"predecessor-version":[{"id":160,"href":"https:\/\/ufpr.br\/lgpd\/wp-json\/wp\/v2\/pages\/7\/revisions\/160"}],"wp:attachment":[{"href":"https:\/\/ufpr.br\/lgpd\/wp-json\/wp\/v2\/media?parent=7"}],"curies":[{"name":"wp","href":"https:\/\/api.w.org\/{rel}","templated":true}]}}