{"id":3,"date":"2021-05-13T20:23:03","date_gmt":"2021-05-13T20:23:03","guid":{"rendered":"https:\/\/ufpr.br\/lgpd\/\/?page=3"},"modified":"2026-02-24T15:41:31","modified_gmt":"2026-02-24T18:41:31","slug":"lgpd-na-ufpr","status":"publish","type":"page","link":"https:\/\/ufpr.br\/lgpd\/lgpd-na-ufpr\/","title":{"rendered":"LGPD na UFPR"},"content":{"rendered":"\n<p>Entrou em vigor, em agosto\/2020, a Lei Geral de Prote\u00e7\u00e3o de Dados Pessoais \u2013 LGPD (<a href=\"http:\/\/www.planalto.gov.br\/ccivil_03\/_ato2015-2018\/2018\/Lei\/L13709.htm\" target=\"_blank\" rel=\"noreferrer noopener\">Lei 13709\/2018<\/a>), com o intuito de garantir a prote\u00e7\u00e3o de dados pessoais de todo cidad\u00e3o em territ\u00f3rio nacional. Todas as institui\u00e7\u00f5es, p\u00fablicas ou privadas, devem se adequar para atender aos requisitos da Lei.<\/p>\n\n\n\n<p>A abrang\u00eancia da LGPD aplica-se a toda a pessoa natural ou jur\u00eddica, de direito p\u00fablico ou privado, que realiza opera\u00e7\u00f5es de tratamento de dados pessoais desde que:<\/p>\n\n\n\n<ol class=\"wp-block-list\">\n<li>a opera\u00e7\u00e3o de tratamento seja realizada no territ\u00f3rio nacional;<\/li>\n\n\n\n<li>a atividade de tratamento tenha por objetivo a oferta ou o fornecimento de bens ou servi\u00e7os ou o tratamento de dados de indiv\u00edduos localizados no territ\u00f3rio nacional; ou<\/li>\n\n\n\n<li>os dados pessoais objeto do tratamento tenham sido coletados no territ\u00f3rio nacional.<\/li>\n<\/ol>\n\n\n\n<p><strong>Encarregados(as) de Prote\u00e7\u00e3o de Dados Pessoais (DPO)<br><\/strong><em>Nomeados pelas Portarias UFPR 690\/2025 e 1.472\/25<\/em><br>Titular: Profa. Silvana Maria Carbonera<br>Substituto: Elias Sebasti\u00e3o Torres da Silva<\/p>\n\n\n\n<p>Contato direto com os encarregados(as): <a href=\"mailto:lgpd@ufpr.br\">lgpd@ufpr.br<\/a> <\/p>\n\n\n\n<p><strong>Comit\u00ea de Privacidade e Seguran\u00e7a da Informa\u00e7\u00e3o e Comunica\u00e7\u00e3o (CPSIC<\/strong>)<\/p>\n\n\n\n<p>Conforme processo SEI n\u00ba 23075.010429\/2025-01, \u00e9 o comit\u00ea institu\u00eddo pela <a href=\"https:\/\/soc.ufpr.br\/wp-content\/uploads\/2025\/05\/RESOLUCAO-No-12-25-COPLAD.pdf\" data-type=\"link\" data-id=\"https:\/\/soc.ufpr.br\/wp-content\/uploads\/2025\/05\/RESOLUCAO-No-12-25-COPLAD.pdf\">Resolu\u00e7\u00e3o n\u00ba 12\/25-COPLAD<\/a>  e cuja composi\u00e7\u00e3o foi dada pela <a href=\"https:\/\/boletim.sigepe.gov.br\/publicacao\/detalhar\/359823\" data-type=\"link\" data-id=\"https:\/\/boletim.sigepe.gov.br\/publicacao\/detalhar\/359823\" target=\"_blank\" rel=\"noreferrer noopener\">Portaria UFPR n\u00ba 1.085\/2025<\/a>. Entre suas atribui\u00e7\u00f5es est\u00e3o as de discutir, al\u00e9m de quest\u00f5es de Seguran\u00e7a da Informa\u00e7\u00e3o, o processo de adequa\u00e7\u00e3o da Universidade \u00e0 LGPD.<\/p>\n\n\n\n<p>Comp\u00f5em o CPSIC:<\/p>\n\n\n\n<ul class=\"wp-block-list\">\n<li>PEDRO RODRIGUES TORRES JUNIOR &#8211; Mat. SIAPE 1718143 (Presidente &#8211; Coordenador de Estrat\u00e9gia de TIC)<\/li>\n<\/ul>\n\n\n\n<ul class=\"wp-block-list\">\n<li>VALMIR ANTUNES PEREIRA &#8211;  Mat. SIAPE 1526015 (Vice-Presidente &#8211; Gestor de Seguran\u00e7a da Informa\u00e7\u00e3o)<\/li>\n<\/ul>\n\n\n\n<ul class=\"wp-block-list\">\n<li>CAROLINA BAGATTOLLI &#8211; Mat. SIAPE 2156213<\/li>\n<\/ul>\n\n\n\n<ul class=\"wp-block-list\">\n<li>ELIAS SEBASTIAO TORRES DA SILVA &#8211; Mat. SIAPE 1755143 &#8211; Encarregado de Prote\u00e7\u00e3o de Dados Substituto)<\/li>\n<\/ul>\n\n\n\n<ul class=\"wp-block-list\">\n<li>FELIPE SANCHES BUENO &#8211; Mat. SIAPE 1653832 (Diretor Executivo de TIC)<\/li>\n<\/ul>\n\n\n\n<ul class=\"wp-block-list\">\n<li>LINEU ALBERTO CAVAZANI DE FREITAS &#8211; Mat. SIAPE 1325104 (Coordenador de Estat\u00edstica e Ci\u00eancia de Dados)<\/li>\n<\/ul>\n\n\n\n<ul class=\"wp-block-list\">\n<li>MARCOS ROBERTO DOS SANTOS &#8211; Mat. SIAPE 1853478 (Representante da Coordenadoria de Planejamento e Desenvolvimento Institucional)<\/li>\n<\/ul>\n\n\n\n<ul class=\"wp-block-list\">\n<li>SILVANA MARIA CARBONERA &#8211; Mat. SIAPE 1718393 (Encarregada de Prote\u00e7\u00e3o de Dados Titular)<\/li>\n<\/ul>\n\n\n\n<p><strong>Servidores da UFPR<\/strong><\/p>\n\n\n\n<p>Em caso de d\u00favidas ou necessidade de orienta\u00e7\u00e3o acerca do tratamento de dados pessoais no \u00e2mbito da institui\u00e7\u00e3o, os encarregados de dados (DPO) est\u00e3o \u00e0 disposi\u00e7\u00e3o para prestar esclarecimentos e apoio t\u00e9cnico.<\/p>\n\n\n\n<p>O contato pode ser realizado por meio da abertura de processo no SEI, encaminhado \u00e0 caixa <strong>UFPR\/R\/DPO<\/strong>, ou pelo e-mail <strong><a href=\"mailto:lgpd@ufpr.br\" data-type=\"link\" data-id=\"lgpd@ufpr.br\">lgpd@ufpr.br<\/a><\/strong>.<\/p>\n\n\n\n<p>A adequada observ\u00e2ncia \u00e0s diretrizes da Lei Geral de Prote\u00e7\u00e3o de Dados Pessoais (LGPD) \u00e9 fundamental para garantir a conformidade institucional e a prote\u00e7\u00e3o dos direitos dos titulares de dados. Em caso de d\u00favida, consulte previamente os encarregados.<\/p>\n\n\n\n<p><strong>Titulares de dados &#8211; <\/strong><strong>Canal de Atendimento \u00e0s demandas da LGPD<\/strong><\/p>\n\n\n\n<p>Se voc\u00ea \u00e9 o titular e deseja abrir uma demanda sobre seus dados pessoais, primeiramente leia nossa p\u00e1gina de <a title=\"\" href=\"https:\/\/ufpr.br\/lgpd\/faq\/\">perguntas frequentes<\/a>. Em seguida, consulte a p\u00e1gina de <a title=\"\" href=\"https:\/\/ufpr.br\/lgpd\/direitos-do-titular\/\">direitos do titular<\/a>.<\/p>\n\n\n\n<p><\/p>\n","protected":false},"excerpt":{"rendered":"<p>Entrou em vigor, em agosto\/2020, a Lei Geral de Prote\u00e7\u00e3o de Dados Pessoais \u2013 LGPD (Lei 13709\/2018), com o intuito de garantir a prote\u00e7\u00e3o de dados pessoais de todo cidad\u00e3o em territ\u00f3rio nacional. Todas as institui\u00e7\u00f5es, p\u00fablicas ou privadas, devem se adequar para atender aos requisitos da Lei. A abrang\u00eancia da LGPD aplica-se a toda [&hellip;]<\/p>\n","protected":false},"author":8,"featured_media":0,"parent":0,"menu_order":0,"comment_status":"closed","ping_status":"closed","template":"","meta":{"footnotes":""},"class_list":["post-3","page","type-page","status-publish","hentry"],"_links":{"self":[{"href":"https:\/\/ufpr.br\/lgpd\/wp-json\/wp\/v2\/pages\/3","targetHints":{"allow":["GET"]}}],"collection":[{"href":"https:\/\/ufpr.br\/lgpd\/wp-json\/wp\/v2\/pages"}],"about":[{"href":"https:\/\/ufpr.br\/lgpd\/wp-json\/wp\/v2\/types\/page"}],"author":[{"embeddable":true,"href":"https:\/\/ufpr.br\/lgpd\/wp-json\/wp\/v2\/users\/8"}],"replies":[{"embeddable":true,"href":"https:\/\/ufpr.br\/lgpd\/wp-json\/wp\/v2\/comments?post=3"}],"version-history":[{"count":11,"href":"https:\/\/ufpr.br\/lgpd\/wp-json\/wp\/v2\/pages\/3\/revisions"}],"predecessor-version":[{"id":211,"href":"https:\/\/ufpr.br\/lgpd\/wp-json\/wp\/v2\/pages\/3\/revisions\/211"}],"wp:attachment":[{"href":"https:\/\/ufpr.br\/lgpd\/wp-json\/wp\/v2\/media?parent=3"}],"curies":[{"name":"wp","href":"https:\/\/api.w.org\/{rel}","templated":true}]}}