{"id":19,"date":"2021-05-13T20:40:09","date_gmt":"2021-05-13T20:40:09","guid":{"rendered":"https:\/\/ufpr.br\/lgpd\/\/?page=19"},"modified":"2024-10-25T16:14:13","modified_gmt":"2024-10-25T19:14:13","slug":"documentos","status":"publish","type":"page","link":"https:\/\/ufpr.br\/lgpd\/documentos\/","title":{"rendered":"Documentos e Pol\u00edticas"},"content":{"rendered":"\n<p><a href=\"http:\/\/www.soc.ufpr.br\/wp-content\/uploads\/2022\/12\/RESOLU%C3%87%C3%83O-N%C2%BA-38-22-COPLAD.pdf\" target=\"_blank\" rel=\"noreferrer noopener\">Pol\u00edtica da Seguran\u00e7a da Informa\u00e7\u00e3o e Comunica\u00e7\u00e3o da UFPR &#8211; POSIC (RN 38\/22 &#8211; COPLAD)<\/a><br><br><a href=\"https:\/\/ufpr.br\/lgpd\/wp-content\/uploads\/sites\/11\/2024\/10\/Politica-de-Privacidade-UFPR-Site.pdf\" target=\"_blank\" rel=\"noopener\" title=\"\">Pol\u00edtica de Privacidade da UFPR<\/a> (Parte da IN01\/23-CIGD)<\/p>\n\n\n\n<p><\/p>\n\n\n\n<p><a href=\"https:\/\/ufpr.br\/lgpd\/wp-content\/uploads\/sites\/11\/2024\/10\/IN01-23-Politicas.pdf\" title=\"\">IN 01\/23-CIGD: Pol\u00edtica de Privacidade, Pol\u00edtica de Controle de Acesso e Pol\u00edtica de Uso de Recursos<\/a><\/p>\n\n\n\n<p><a href=\"https:\/\/ufpr.br\/lgpd\/wp-content\/uploads\/sites\/11\/2024\/10\/IN02-23-Plano-de-Resposta-a-Incidentes.pdf\" title=\"\">IN 02\/23-CIGD: Plano de Resposta a Incidentes<\/a> \/\/ <a href=\"https:\/\/ufpr.br\/lgpd\/wp-content\/uploads\/sites\/11\/2024\/10\/etir-portaria-20-03-de-julho-de-2024.pdf\" target=\"_blank\" rel=\"noopener\" title=\"\">Portaria que institui a Equipe de Tratamento e Resposta a Incidentes Cibern\u00e9ticos &#8211; ETIR<\/a><\/p>\n\n\n\n<p><a href=\"https:\/\/ufpr.br\/lgpd\/wp-content\/uploads\/sites\/11\/2024\/10\/IN03-23-Tratamento_Pesquisa_Extensao.pdf\" title=\"\">IN 03\/23-CIGD: Tratamento de Dados Pessoais para Pesquisa e Extens\u00e3o<\/a><\/p>\n\n\n\n<p><a href=\"https:\/\/ufpr.br\/lgpd\/wp-content\/uploads\/sites\/11\/2024\/10\/IN04-23-Eleicoes.pdf\" title=\"\">IN 04\/23-CIGD: Tratamento de Dados Pessoais para Elei\u00e7\u00f5es e Consultas<\/a><\/p>\n\n\n\n<p><\/p>\n\n\n\n<p><a href=\"https:\/\/lgpd.ufpr.br\/wp-content\/uploads\/2024\/04\/in01-24-classificacaodainfo.pdf\" target=\"_blank\" rel=\"noreferrer noopener\">IN 01\/24-CIGD: Pol\u00edtica de Classifica\u00e7\u00e3o da Informa\u00e7\u00e3o<\/a><\/p>\n\n\n\n<p><\/p>\n\n\n\n<p><a href=\"https:\/\/www.gov.br\/anpd\/pt-br\/documentos-e-publicacoes\/guia-poder-publico-anpd-versao-final.pdf\" target=\"_blank\" rel=\"noreferrer noopener\">Guia LGPD para o Poder P\u00fablico (ANPD)<\/a><\/p>\n\n\n\n<p><a href=\"https:\/\/ufpr.br\/lgpd\/wp-content\/uploads\/sites\/11\/2024\/10\/guia-de-boa-praticas.pdf\" target=\"_blank\" rel=\"noopener\" title=\"\">Guia de Boas Pr\u00e1ticas para Aulas e Atividades Remotas<\/a><\/p>\n\n\n\n<p><a href=\"https:\/\/ufpr.br\/lgpd\/wp-content\/uploads\/sites\/11\/2024\/10\/modelo-termo-de-privacidade.docx\" target=\"_blank\" rel=\"noopener\" title=\"\">Modelo para Termo de Privacidade<\/a><\/p>\n\n\n\n<p><\/p>\n\n\n\n<p><strong>V\u00eddeo para Apresenta\u00e7\u00e3o Geral da LGPD (&#8220;Treinamento&#8221;) ministrado nas unidades da UFPR:<\/strong><\/p>\n\n\n<p><iframe loading=\"lazy\" src=\"https:\/\/ufprbr0.sharepoint.com\/sites\/todos_agtic\/_layouts\/15\/embed.aspx?UniqueId=d7e46c3d-3b52-4bc1-a85f-5f80c226f8fe&#038;embed=%7B%22ust%22%3Atrue%2C%22hv%22%3A%22CopyEmbedCode%22%7D&#038;referrer=StreamWebApp&#038;referrerScenario=EmbedDialog.Create\" width=\"640\" height=\"360\" frameborder=\"0\" scrolling=\"no\" allowfullscreen title=\"Treinamento LGPD-20210708_140805-Grava\u00e7\u00e3o de Reuni\u00e3o.mp4\"><\/iframe><\/p>\n\n\n\n<p><\/p>\n","protected":false},"excerpt":{"rendered":"<p>Pol\u00edtica da Seguran\u00e7a da Informa\u00e7\u00e3o e Comunica\u00e7\u00e3o da UFPR &#8211; POSIC (RN 38\/22 &#8211; COPLAD) Pol\u00edtica de Privacidade da UFPR (Parte da IN01\/23-CIGD) IN 01\/23-CIGD: Pol\u00edtica de Privacidade, Pol\u00edtica de Controle de Acesso e Pol\u00edtica de Uso de Recursos IN 02\/23-CIGD: Plano de Resposta a Incidentes \/\/ Portaria que institui a Equipe de Tratamento e [&hellip;]<\/p>\n","protected":false},"author":8,"featured_media":0,"parent":0,"menu_order":0,"comment_status":"closed","ping_status":"closed","template":"","meta":{"footnotes":""},"class_list":["post-19","page","type-page","status-publish","hentry"],"_links":{"self":[{"href":"https:\/\/ufpr.br\/lgpd\/wp-json\/wp\/v2\/pages\/19","targetHints":{"allow":["GET"]}}],"collection":[{"href":"https:\/\/ufpr.br\/lgpd\/wp-json\/wp\/v2\/pages"}],"about":[{"href":"https:\/\/ufpr.br\/lgpd\/wp-json\/wp\/v2\/types\/page"}],"author":[{"embeddable":true,"href":"https:\/\/ufpr.br\/lgpd\/wp-json\/wp\/v2\/users\/8"}],"replies":[{"embeddable":true,"href":"https:\/\/ufpr.br\/lgpd\/wp-json\/wp\/v2\/comments?post=19"}],"version-history":[{"count":6,"href":"https:\/\/ufpr.br\/lgpd\/wp-json\/wp\/v2\/pages\/19\/revisions"}],"predecessor-version":[{"id":148,"href":"https:\/\/ufpr.br\/lgpd\/wp-json\/wp\/v2\/pages\/19\/revisions\/148"}],"wp:attachment":[{"href":"https:\/\/ufpr.br\/lgpd\/wp-json\/wp\/v2\/media?parent=19"}],"curies":[{"name":"wp","href":"https:\/\/api.w.org\/{rel}","templated":true}]}}