{"id":690,"date":"2026-03-28T09:39:34","date_gmt":"2026-03-28T12:39:34","guid":{"rendered":"https:\/\/ufpr.br\/eventos\/xsimpgeo\/?page_id=690"},"modified":"2026-03-28T09:42:42","modified_gmt":"2026-03-28T12:42:42","slug":"apoio","status":"publish","type":"page","link":"https:\/\/ufpr.br\/eventos\/xsimpgeo\/apoio\/","title":{"rendered":"Apoio\/Patroc\u00ednio"},"content":{"rendered":"\n<p><strong>Patrocinio<\/strong>: <\/p>\n\n\n\n<p>Prefeitura de Curitiba &#8211; <\/p>\n\n\n\n<p>SANEPAR<\/p>\n\n\n\n<p><\/p>\n\n\n\n<p><strong>Apoio<\/strong>:<\/p>\n\n\n\n<p>Funda\u00e7\u00e3o Arauc\u00e1ria <\/p>\n\n\n\n<p>PROEX CAPES<\/p>\n\n\n\n<p>SELPER<\/p>\n\n\n\n<p>ANPEGE<\/p>\n\n\n\n<p>ANPUR<\/p>\n\n\n\n<p><\/p>\n\n\n\n<p><strong>Realliza\u00e7\u00e3o<\/strong>: <\/p>\n\n\n\n<p>PPGGEO &#8211; UFPR &#8211; MEC<\/p>\n\n\n\n<p><\/p>\n\n\n\n<p><\/p>\n\n\n\n<p><\/p>\n\n\n\n<p><\/p>\n","protected":false},"excerpt":{"rendered":"<p>Patrocinio: Prefeitura de Curitiba &#8211; SANEPAR Apoio: Funda\u00e7\u00e3o Arauc\u00e1ria PROEX CAPES SELPER ANPEGE ANPUR Realliza\u00e7\u00e3o: PPGGEO &#8211; UFPR &#8211; MEC<\/p>\n","protected":false},"author":43,"featured_media":0,"parent":0,"menu_order":0,"comment_status":"closed","ping_status":"closed","template":"","meta":{"footnotes":""},"class_list":["post-690","page","type-page","status-publish","hentry"],"_links":{"self":[{"href":"https:\/\/ufpr.br\/eventos\/xsimpgeo\/wp-json\/wp\/v2\/pages\/690","targetHints":{"allow":["GET"]}}],"collection":[{"href":"https:\/\/ufpr.br\/eventos\/xsimpgeo\/wp-json\/wp\/v2\/pages"}],"about":[{"href":"https:\/\/ufpr.br\/eventos\/xsimpgeo\/wp-json\/wp\/v2\/types\/page"}],"author":[{"embeddable":true,"href":"https:\/\/ufpr.br\/eventos\/xsimpgeo\/wp-json\/wp\/v2\/users\/43"}],"replies":[{"embeddable":true,"href":"https:\/\/ufpr.br\/eventos\/xsimpgeo\/wp-json\/wp\/v2\/comments?post=690"}],"version-history":[{"count":2,"href":"https:\/\/ufpr.br\/eventos\/xsimpgeo\/wp-json\/wp\/v2\/pages\/690\/revisions"}],"predecessor-version":[{"id":694,"href":"https:\/\/ufpr.br\/eventos\/xsimpgeo\/wp-json\/wp\/v2\/pages\/690\/revisions\/694"}],"wp:attachment":[{"href":"https:\/\/ufpr.br\/eventos\/xsimpgeo\/wp-json\/wp\/v2\/media?parent=690"}],"curies":[{"name":"wp","href":"https:\/\/api.w.org\/{rel}","templated":true}]}}