{"id":518,"date":"2026-02-16T14:34:08","date_gmt":"2026-02-16T17:34:08","guid":{"rendered":"https:\/\/ufpr.br\/eventos\/xsimpgeo\/?page_id=518"},"modified":"2026-04-24T14:29:10","modified_gmt":"2026-04-24T17:29:10","slug":"valores-da-inscricao","status":"publish","type":"page","link":"https:\/\/ufpr.br\/eventos\/xsimpgeo\/valores-da-inscricao\/","title":{"rendered":"Valores de inscri\u00e7\u00e3o"},"content":{"rendered":"\n<div style=\"background:#f4f8f6;padding:16px;border-radius:14px;font-family:'Montserrat', sans-serif\">\n\n  <h2 style=\"text-align:center;color:#2f5d50;margin-bottom:15px\">\n    \ud83d\udcb0 Valores de inscri\u00e7\u00e3o\n  <\/h2>\n\n  <div style=\"background:white;padding:12px;border-radius:10px\">\n    <table style=\"width:100%;border-collapse:collapse;font-size:14px;min-width:500px\">\n      \n      <tr style=\"background:#e3f0ec;color:#2f5d50\">\n        <th style=\"padding:10px;text-align:left\">Categoria<\/th>\n        <th style=\"padding:10px;text-align:left\">Valor<\/th>\n      <\/tr>\n\n      <tr>\n        <td style=\"padding:10px;border-top:1px solid #ddd;color:#2f2f2f\">Estudantes de Inicia\u00e7\u00e3o Cient\u00edfica &#8211; IC<\/td>\n        <td style=\"padding:10px;border-top:1px solid #ddd;font-weight:bold;color:#2f2f2f\">R$ 50,00<\/td>\n      <\/tr>\n\n      <tr>\n        <td style=\"padding:10px;border-top:1px solid #ddd;color:#2f2f2f\">Estudantes de Mestrado e Doutorado<\/td>\n        <td style=\"padding:10px;border-top:1px solid #ddd;font-weight:bold;color:#2f2f2f\">R$ 100,00<\/td>\n      <\/tr>\n\n      <tr>\n        <td style=\"padding:10px;border-top:1px solid #ddd;color:#2f2f2f\">P\u00f3s-doutorandos(as), professores da rede de ensino, profissionais liberais ou vinculados a empresas<\/td>\n        <td style=\"padding:10px;border-top:1px solid #ddd;font-weight:bold;color:#2f2f2f\">R$ 150,00<\/td>\n      <\/tr>\n\n      <tr>\n        <td style=\"padding:10px;border-top:1px solid #ddd;color:#2f2f2f\">Docentes de IES<\/td>\n        <td style=\"padding:10px;border-top:1px solid #ddd;font-weight:bold;color:#2f2f2f\">R$ 200,00<\/td>\n      <\/tr>\n\n    <\/table>\n  <\/div>\n\n  <p style=\"margin-top:15px;font-size:14px;color:#555;text-align:center\">\n    As inscri\u00e7\u00f5es para o X SIMPGEO ser\u00e3o realizadas via SELPER e a submiss\u00e3o de trabalhos ser\u00e1 via plataforma EVEN3.\n  <\/p>\n\n  <div style=\"margin-top:10px;text-align:center\">\n\n    <a href=\"https:\/\/selperbrasil.org.br\/inscricao\/x-simpgeo\/\" target=\"_blank\" style=\"margin:12px 10px;padding:14px 26px;background:#2f7d67;color:#ffffff !important;text-decoration:none !important;border-radius:10px;font-weight:600;font-size:15px;border:none\">\n        \ud83d\ude80 Garantir minha vaga\n    <\/a>\n\n    <a href=\"https:\/\/www.even3.com.br\/x-simpgeo-694290\/\" target=\"_blank\" style=\"margin:12px 10px;padding:14px 26px;background:#2f7d67;color:#ffffff !important;text-decoration:none !important;border-radius:10px;font-weight:600;font-size:15px;border:none\">\n        \ud83d\udcc4 Submeter resumo expandido\n    <\/a>\n\n  <\/div>\n\n  <div style=\"text-align:right;margin-top:6px\">\n    <span style=\"background:#fff3cd;color:#8a5a00;padding:6px 12px;border-radius:20px;font-weight:bold;font-size:12px\">\n      \u26a0\ufe0f Vagas limitadas\n    <\/span>\n  <\/div>\n\n<\/div>\n\n\n\n<p><br><\/p>\n\n\n\n<p><\/p>\n\n\n\n<p><\/p>\n\n\n\n<p><\/p>\n","protected":false},"excerpt":{"rendered":"<p>\ud83d\udcb0 Valores de inscri\u00e7\u00e3o Categoria Valor Estudantes de Inicia\u00e7\u00e3o Cient\u00edfica &#8211; IC R$ 50,00 Estudantes de Mestrado e Doutorado R$ 100,00 P\u00f3s-doutorandos(as), professores da rede de ensino, profissionais liberais ou vinculados a empresas R$ 150,00 Docentes de IES R$ 200,00 As inscri\u00e7\u00f5es para o X SIMPGEO ser\u00e3o realizadas via SELPER e a submiss\u00e3o de trabalhos [&hellip;]<\/p>\n","protected":false},"author":43,"featured_media":0,"parent":0,"menu_order":0,"comment_status":"closed","ping_status":"closed","template":"","meta":{"footnotes":""},"class_list":["post-518","page","type-page","status-publish","hentry"],"_links":{"self":[{"href":"https:\/\/ufpr.br\/eventos\/xsimpgeo\/wp-json\/wp\/v2\/pages\/518","targetHints":{"allow":["GET"]}}],"collection":[{"href":"https:\/\/ufpr.br\/eventos\/xsimpgeo\/wp-json\/wp\/v2\/pages"}],"about":[{"href":"https:\/\/ufpr.br\/eventos\/xsimpgeo\/wp-json\/wp\/v2\/types\/page"}],"author":[{"embeddable":true,"href":"https:\/\/ufpr.br\/eventos\/xsimpgeo\/wp-json\/wp\/v2\/users\/43"}],"replies":[{"embeddable":true,"href":"https:\/\/ufpr.br\/eventos\/xsimpgeo\/wp-json\/wp\/v2\/comments?post=518"}],"version-history":[{"count":10,"href":"https:\/\/ufpr.br\/eventos\/xsimpgeo\/wp-json\/wp\/v2\/pages\/518\/revisions"}],"predecessor-version":[{"id":889,"href":"https:\/\/ufpr.br\/eventos\/xsimpgeo\/wp-json\/wp\/v2\/pages\/518\/revisions\/889"}],"wp:attachment":[{"href":"https:\/\/ufpr.br\/eventos\/xsimpgeo\/wp-json\/wp\/v2\/media?parent=518"}],"curies":[{"name":"wp","href":"https:\/\/api.w.org\/{rel}","templated":true}]}}