{"id":452,"date":"2026-02-16T14:09:32","date_gmt":"2026-02-16T17:09:32","guid":{"rendered":"https:\/\/ufpr.br\/eventos\/xsimpgeo\/?page_id=452"},"modified":"2026-04-02T16:37:59","modified_gmt":"2026-04-02T19:37:59","slug":"acessibilidade","status":"publish","type":"page","link":"https:\/\/ufpr.br\/eventos\/xsimpgeo\/acessibilidade\/","title":{"rendered":"Acessibilidade"},"content":{"rendered":"\n<hr class=\"wp-block-separator has-alpha-channel-opacity\" id=\"divider_acessibilidade\" \/>\n\n\n\n<div style=\"background:#f4f8f6;padding:24px;border-radius:16px;font-family:'Montserrat', sans-serif;color:#2f2f2f;line-height:1.8\">\n\n  <h2 style=\"text-align:center;color:#2f5d50;margin-bottom:20px\">\n    Acessibilidade\n  <\/h2>\n\n  <div style=\"background:white;border-left:6px solid #2d6cdf;padding:22px;border-radius:12px\">\n\n    <p>Este portal X-SIMPGEO segue o modelo de identidade digital padr\u00e3o do governo federal, que atende \u00e0s principais recomenda\u00e7\u00f5es de acessibilidade indicadas para web.<\/p>\n\n    <p>O termo acessibilidade significa incluir a pessoa com defici\u00eancia na participa\u00e7\u00e3o de atividades como o uso de produtos, servi\u00e7os e informa\u00e7\u00f5es. Alguns exemplos s\u00e3o os pr\u00e9dios com rampas de acesso para cadeira de rodas e banheiros adaptados para deficientes. Na internet, acessibilidade refere-se principalmente \u00e0s recomenda\u00e7\u00f5es do WCAG (World Content Accessibility Guide) do W3C e no caso do Governo Brasileiro ao e-MAG (Modelo de Acessibilidade em Governo Eletr\u00f4nico). O e-MAG est\u00e1 alinhado as recomenda\u00e7\u00f5es internacionais, mas estabelece padr\u00f5es de comportamento acess\u00edvel para sites governamentais.<\/p>\n\n    <p>Na parte superior do Portal Brasil existe uma barra de acessibilidade onde se encontram atalhos de navega\u00e7\u00e3o padronizados e a op\u00e7\u00e3o para alterar o contraste. Essas ferramentas est\u00e3o dispon\u00edveis em todas as p\u00e1ginas do portal.<\/p>\n\n    <p><strong>Os padr\u00f5es de atalhos do governo federal s\u00e3o:<\/strong><\/p>\n\n    <p>Teclando-se Alt + 1 em qualquer p\u00e1gina do portal, chega-se diretamente ao come\u00e7o do conte\u00fado principal da p\u00e1gina.<\/p>\n\n    <p>Teclando-se Alt + 2 em qualquer p\u00e1gina do portal, chega-se diretamente ao in\u00edcio do menu principal.<\/p>\n\n    <p>Teclando-se Alt + 3 em qualquer p\u00e1gina do portal, chega-se diretamente em sua busca interna.<\/p>\n\n    <p>Teclando-se Alt + 4 em qualquer p\u00e1gina do portal, chega-se diretamente as colunas de links e rodap\u00e9 da p\u00e1gina.<\/p>\n\n  <\/div>\n\n  <div style=\"margin-top:18px;background:white;border-left:6px solid #2f7d67;padding:22px;border-radius:12px\">\n\n    <p>No caso do Firefox, em vez de Alt + n\u00famero, tecle simultaneamente Alt + Shift + n\u00famero.<\/p>\n\n    <p>Sendo Firefox no Mac OS, em vez de Alt + Shift + n\u00famero, tecle simultaneamente Ctrl + Alt + n\u00famero.<\/p>\n\n    <p>No Opera, as teclas s\u00e3o Shift + Escape + n\u00famero. Ao teclar apenas Shift + Escape, o usu\u00e1rio encontrar\u00e1 uma janela com todas as alternativas de ACCESSKEY da p\u00e1gina.<\/p>\n\n    <p>Ao final desse texto, voc\u00ea poder\u00e1 baixar alguns arquivos que explicam melhor o termo acessibilidade e como deve ser implementado nos sites da Internet.<\/p>\n\n  <\/div>\n\n  <div style=\"margin-top:18px;background:white;border-left:6px solid #2d6cdf;padding:22px;border-radius:12px\">\n\n    <p><strong>Leis e decretos sobre acessibilidade:<\/strong><\/p>\n\n    <p>\n      Decreto n\u00ba 5.296 de 02 de dezembro de 2004 \n      (<a href=\"http:\/\/www.planalto.gov.br\/ccivil_03\/_Ato2004-2006\/2004\/Decreto\/D5296.htm\" target=\"_blank\" style=\"color:#2d6cdf;text-decoration:none\">link<\/a>).\n    <\/p>\n\n    <p>\n      Decreto n\u00ba 6.949, de 25 de agosto de 2009 \u2013 Promulga a Conven\u00e7\u00e3o Internacional sobre os Direitos das Pessoas com Defici\u00eancia e seu Protocolo Facultativo, assinados em Nova York, em 30 de mar\u00e7o de 2007 \n      (<a href=\"http:\/\/www.planalto.gov.br\/ccivil_03\/_ato2007-2010\/2009\/decreto\/d6949.htm\" target=\"_blank\" style=\"color:#2d6cdf;text-decoration:none\">link<\/a>).\n    <\/p>\n\n    <p>\n      Decreto n\u00ba 7.724, de 16 de Maio de 2012 \u2013 Regulamenta a Lei No 12.527, que disp\u00f5e sobre o acesso a informa\u00e7\u00f5es \n      (<a href=\"http:\/\/www.planalto.gov.br\/ccivil_03\/_ato2011-2014\/2012\/Decreto\/D7724.htm\" target=\"_blank\" style=\"color:#2d6cdf;text-decoration:none\">link<\/a>).\n    <\/p>\n\n    <p>\n      Modelo de Acessibilidade de Governo Eletr\u00f4nico \n      (<a href=\"http:\/\/www.governoeletronico.gov.br\/acoes-e-projetos\/e-MAG\" target=\"_blank\" style=\"color:#2d6cdf;text-decoration:none\">link<\/a>).\n    <\/p>\n\n    <p>\n      Portaria n\u00ba 03, de 07 de Maio de 2007 \u2013 formato .pdf (35,5Kb) \u2013 Institucionaliza o Modelo de Acessibilidade em Governo Eletr\u00f4nico \u2013 e-MAG \n      (<a href=\"http:\/\/www.governoeletronico.gov.br\/biblioteca\/arquivos\/portaria-no-03-de-07-05-2007\" target=\"_blank\" style=\"color:#2d6cdf;text-decoration:none\">link<\/a>).\n    <\/p>\n\n  <\/div>\n\n  <div style=\"margin-top:18px;background:white;border-left:6px solid #2f7d67;padding:22px;border-radius:12px\">\n\n    <p>Ajude-nos a disponibilizar um site cada vez mais acess\u00edvel.<\/p>\n\n    <p style=\"margin-bottom:0\">\n      Caso encontre algum problema de acessibilidade, ou tenha sugest\u00e3o de melhoria, entre em contato pelo e-mail: \n      <a href=\"mailto:webdesign@ufpr.br\" style=\"color:#2d6cdf;text-decoration:none;font-weight:600\">\n        webdesign@ufpr.br\n      <\/a>\n    <\/p>\n\n  <\/div>\n\n<\/div>\n\n\n\n<p><\/p>\n","protected":false},"excerpt":{"rendered":"<p>Acessibilidade Este portal X-SIMPGEO segue o modelo de identidade digital padr\u00e3o do governo federal, que atende \u00e0s principais recomenda\u00e7\u00f5es de acessibilidade indicadas para web. O termo acessibilidade significa incluir a pessoa com defici\u00eancia na participa\u00e7\u00e3o de atividades como o uso de produtos, servi\u00e7os e informa\u00e7\u00f5es. Alguns exemplos s\u00e3o os pr\u00e9dios com rampas de acesso para [&hellip;]<\/p>\n","protected":false},"author":43,"featured_media":0,"parent":0,"menu_order":0,"comment_status":"closed","ping_status":"closed","template":"","meta":{"footnotes":""},"class_list":["post-452","page","type-page","status-publish","hentry"],"_links":{"self":[{"href":"https:\/\/ufpr.br\/eventos\/xsimpgeo\/wp-json\/wp\/v2\/pages\/452","targetHints":{"allow":["GET"]}}],"collection":[{"href":"https:\/\/ufpr.br\/eventos\/xsimpgeo\/wp-json\/wp\/v2\/pages"}],"about":[{"href":"https:\/\/ufpr.br\/eventos\/xsimpgeo\/wp-json\/wp\/v2\/types\/page"}],"author":[{"embeddable":true,"href":"https:\/\/ufpr.br\/eventos\/xsimpgeo\/wp-json\/wp\/v2\/users\/43"}],"replies":[{"embeddable":true,"href":"https:\/\/ufpr.br\/eventos\/xsimpgeo\/wp-json\/wp\/v2\/comments?post=452"}],"version-history":[{"count":7,"href":"https:\/\/ufpr.br\/eventos\/xsimpgeo\/wp-json\/wp\/v2\/pages\/452\/revisions"}],"predecessor-version":[{"id":817,"href":"https:\/\/ufpr.br\/eventos\/xsimpgeo\/wp-json\/wp\/v2\/pages\/452\/revisions\/817"}],"wp:attachment":[{"href":"https:\/\/ufpr.br\/eventos\/xsimpgeo\/wp-json\/wp\/v2\/media?parent=452"}],"curies":[{"name":"wp","href":"https:\/\/api.w.org\/{rel}","templated":true}]}}