{"id":415,"date":"2026-02-16T12:54:05","date_gmt":"2026-02-16T15:54:05","guid":{"rendered":"https:\/\/ufpr.br\/eventos\/xsimpgeo\/?page_id=415"},"modified":"2026-04-02T15:54:40","modified_gmt":"2026-04-02T18:54:40","slug":"local","status":"publish","type":"page","link":"https:\/\/ufpr.br\/eventos\/xsimpgeo\/local\/","title":{"rendered":"Local"},"content":{"rendered":"\n<div style=\"background:#f4f8f6;padding:24px;border-radius:16px;font-family:'Montserrat', sans-serif;color:#2f2f2f;line-height:1.8\">\n\n  <h2 style=\"text-align:center;color:#2f5d50;margin-bottom:20px\">\n    \ud83d\udccd Local do evento\n  <\/h2>\n\n  <div style=\"background:white;border-left:6px solid #2d6cdf;padding:22px;border-radius:12px\">\n\n    <p style=\"margin-top:0\">\n      O <strong>X Simp\u00f3sio Paranaense de P\u00f3s-Gradua\u00e7\u00e3o e Pesquisa em Geografia (X SIMPGEO)<\/strong> ser\u00e1 realizado no <strong>Campus Centro Polit\u00e9cnico da Universidade Federal do Paran\u00e1 (UFPR)<\/strong>, em Curitiba\/PR.\n    <\/p>\n\n    <p>\n      As <strong>plen\u00e1rias, palestras e sess\u00f5es especiais<\/strong> ser\u00e3o realizadas em audit\u00f3rios de maior porte. J\u00e1 os <strong>Grupos de Trabalho (GTs), cursos e demais atividades<\/strong> ocorrer\u00e3o em espa\u00e7os menores, que ser\u00e3o divulgados previamente \u00e0 realiza\u00e7\u00e3o do evento.\n    <\/p>\n\n    <p style=\"margin-bottom:8px\">\n      <strong style=\"color:#2f5d50\">Local:<\/strong> Campus Centro Polit\u00e9cnico da UFPR\n    <\/p>\n\n    <p style=\"margin:8px 0\">\n      <strong style=\"color:#2f5d50\">Endere\u00e7o:<\/strong><br>\n      Avenida Coronel Francisco Her\u00e1clito dos Santos, n\u00ba 210<br>\n      Jardim das Am\u00e9ricas, Curitiba \u2013 PR<br>\n      CEP: 81531-990\n    <\/p>\n\n  <\/div>\n\n  <div style=\"text-align:center;margin-top:18px\">\n\n    <a href=\"https:\/\/maps.app.goo.gl\/QrnragksQ7cZHe897\" target=\"_blank\" style=\"margin:12px 10px;padding:14px 26px;background:#2f7d67;color:white;text-decoration:none;border-radius:10px;font-weight:600;font-size:15px\">\n      \ud83d\uddfa\ufe0f Abrir no Google Maps\n    <\/a>\n\n    <a href=\"https:\/\/ufpr-campusmap-cepag-ufpr.hub.arcgis.com\/\" target=\"_blank\" style=\"margin:12px 10px;padding:14px 26px;background:#2d6cdf;color:white;text-decoration:none;border-radius:10px;font-weight:600;font-size:15px\">\n      \ud83d\udccd Ver mapa do campus\n    <\/a>\n\n  <\/div>\n\n<\/div>\n\n\n\n<iframe loading=\"lazy\" src=\"https:\/\/www.google.com\/maps\/embed?pb=!1m14!1m12!1m3!1d1135.2562254540871!2d-49.23160588538175!3d-25.451574094799035!2m3!1f0!2f0!3f0!3m2!1i1024!2i768!4f13.1!5e1!3m2!1spt-BR!2sbr!4v1764524817743!5m2!1spt-BR!2sbr\" width=\"100%\" height=\"350\" style=\"border:0\">\n<\/iframe>\n\n\n\n<p><\/p>\n","protected":false},"excerpt":{"rendered":"<p>\ud83d\udccd Local do evento O X Simp\u00f3sio Paranaense de P\u00f3s-Gradua\u00e7\u00e3o e Pesquisa em Geografia (X SIMPGEO) ser\u00e1 realizado no Campus Centro Polit\u00e9cnico da Universidade Federal do Paran\u00e1 (UFPR), em Curitiba\/PR. As plen\u00e1rias, palestras e sess\u00f5es especiais ser\u00e3o realizadas em audit\u00f3rios de maior porte. J\u00e1 os Grupos de Trabalho (GTs), cursos e demais atividades ocorrer\u00e3o em [&hellip;]<\/p>\n","protected":false},"author":43,"featured_media":0,"parent":0,"menu_order":0,"comment_status":"closed","ping_status":"closed","template":"","meta":{"footnotes":""},"class_list":["post-415","page","type-page","status-publish","hentry"],"_links":{"self":[{"href":"https:\/\/ufpr.br\/eventos\/xsimpgeo\/wp-json\/wp\/v2\/pages\/415","targetHints":{"allow":["GET"]}}],"collection":[{"href":"https:\/\/ufpr.br\/eventos\/xsimpgeo\/wp-json\/wp\/v2\/pages"}],"about":[{"href":"https:\/\/ufpr.br\/eventos\/xsimpgeo\/wp-json\/wp\/v2\/types\/page"}],"author":[{"embeddable":true,"href":"https:\/\/ufpr.br\/eventos\/xsimpgeo\/wp-json\/wp\/v2\/users\/43"}],"replies":[{"embeddable":true,"href":"https:\/\/ufpr.br\/eventos\/xsimpgeo\/wp-json\/wp\/v2\/comments?post=415"}],"version-history":[{"count":8,"href":"https:\/\/ufpr.br\/eventos\/xsimpgeo\/wp-json\/wp\/v2\/pages\/415\/revisions"}],"predecessor-version":[{"id":785,"href":"https:\/\/ufpr.br\/eventos\/xsimpgeo\/wp-json\/wp\/v2\/pages\/415\/revisions\/785"}],"wp:attachment":[{"href":"https:\/\/ufpr.br\/eventos\/xsimpgeo\/wp-json\/wp\/v2\/media?parent=415"}],"curies":[{"name":"wp","href":"https:\/\/api.w.org\/{rel}","templated":true}]}}