{"id":349,"date":"2026-02-16T10:57:26","date_gmt":"2026-02-16T13:57:26","guid":{"rendered":"https:\/\/ufpr.br\/eventos\/xsimpgeo\/?page_id=349"},"modified":"2026-04-24T14:14:58","modified_gmt":"2026-04-24T17:14:58","slug":"primeira-circular","status":"publish","type":"page","link":"https:\/\/ufpr.br\/eventos\/xsimpgeo\/","title":{"rendered":"Primeira circular"},"content":{"rendered":"\n<div style=\"background:#f4f8f6;padding:24px;border-radius:16px;font-family:'Montserrat', sans-serif;color:#2f2f2f;line-height:1.8\">\n\n  <h2 style=\"text-align:center;color:#2f5d50;margin-bottom:20px\">\n    X SIMPGEO 2026\n  <\/h2>\n\n  <div style=\"background:white;border-left:6px solid #2f7d67;padding:22px;border-radius:12px\">\n\n    <p>\u00c9 com alegria que anunciamos que o <strong>X Simp\u00f3sio Paranaense de P\u00f3s-Gradua\u00e7\u00e3o e Pesquisa em Geografia (X SIMPGEO)<\/strong> acontecer\u00e1 entre os dias <strong>06 a 09 de outubro de 2026<\/strong>, no campus Centro Polit\u00e9cnico da Universidade Federal do Paran\u00e1, na cidade de Curitiba.<\/p>\n\n    <p>Em sua d\u00e9cima edi\u00e7\u00e3o, o SIMPGEO celebra <strong>20 anos<\/strong> desde o primeiro evento realizado em 2006. Essas duas d\u00e9cadas t\u00eam consolidado a comunidade geogr\u00e1fica do Paran\u00e1 como uma refer\u00eancia nacional e internacional. Hoje, o estado possui sete programas de p\u00f3s-gradua\u00e7\u00e3o em Geografia, abrangendo diversas \u00e1reas de pesquisa da ci\u00eancia geogr\u00e1fica. <\/p>\n\n    <p>Em junho de 2006, a Universidade Estadual de Maring\u00e1 (UEM) sediou o primeiro encontro paranaense de p\u00f3s-gradua\u00e7\u00e3o em Geografia. A partir desse evento, o SIMPGEO transitou por todas as demais institui\u00e7\u00f5es com p\u00f3s-gradua\u00e7\u00e3o em Geografia do Paran\u00e1 (UEL, UEPG, UNIOESTE, UFPR e UNICENTRO).<\/p>\n\n    <p>Como todo evento que visa se consolidar na comunidade acad\u00eamica, o SIMPGEO come\u00e7ou com edi\u00e7\u00f5es anuais (1\u00ba ao 5\u00ba SIMPGEO), passando a ocorrer bianualmente a partir do 6\u00ba SIMPGEO em Guarapuava, em junho de 2012. Apesar do planejamento para acontecer em Curitiba em 2020, o X SIMPGEO n\u00e3o pode ocorrer devido a pandemia causada pelo coronav\u00edrus SARS-CoV-2. Assim, ap\u00f3s a estabiliza\u00e7\u00e3o dos calend\u00e1rios e mitiga\u00e7\u00e3o dos efeitos causados, o X SIMPGEO ocorrer\u00e1 em outubro de 2026, em Curitiba\/PR.<\/p>\n\n    <p>Na sua d\u00e9cima edi\u00e7\u00e3o, o SIMPGEO ter\u00e1 como tema <strong>\u201c20 anos de SIMPGEO: Mem\u00f3rias e Tend\u00eancias da Geografia Sul Brasileira\u201d<\/strong> e buscar\u00e1 capturar a hist\u00f3ria, a repercuss\u00e3o, as tend\u00eancias e os desafios de discentes, docentes e PPGs em Geografia no Paran\u00e1. O evento contar\u00e1 com palestras, mesas redondas, apresenta\u00e7\u00f5es de trabalhos e grupos de trabalho.<\/p>\n\n    <p>A identidade visual e a programa\u00e7\u00e3o detalhada ser\u00e3o divulgadas em breve.<\/p>\n\n    <p>Esperamos que todos aproveitem os dias de estadia em Curitiba e participem da celebra\u00e7\u00e3o do X SIMPGEO!<\/p>\n\n    <p><strong style=\"color:#2f5d50\">Site:<\/strong>\n      <a href=\"https:\/\/ufpr.br\/eventos\/xsimpgeo\/\" target=\"_blank\" style=\"color:#2d6cdf;text-decoration:none;font-weight:600\">\n        <blockquote class=\"wp-embedded-content\" data-secret=\"pXsZ47ej60\"><a href=\"https:\/\/ufpr.br\/eventos\/xsimpgeo\/\">Primeira circular<\/a><\/blockquote><iframe loading=\"lazy\" class=\"wp-embedded-content\" sandbox=\"allow-scripts\" security=\"restricted\" style=\"position: absolute; visibility: hidden;\" title=\"&#8220;Primeira circular&#8221; &#8212; X-SIMPGEO\" src=\"https:\/\/ufpr.br\/eventos\/xsimpgeo\/embed\/#?secret=S73mA8LU05#?secret=pXsZ47ej60\" data-secret=\"pXsZ47ej60\" width=\"500\" height=\"282\" frameborder=\"0\" marginwidth=\"0\" marginheight=\"0\" scrolling=\"no\"><\/iframe>\n      <\/a>\n    <\/p>\n\n    <p><strong style=\"color:#2f5d50\">E-mail:<\/strong>\n      <a href=\"mailto:xsimpgeo@gmail.com\" style=\"color:#2d6cdf;text-decoration:none;font-weight:600\">\n        xsimpgeo@gmail.com\n      <\/a>\n    <\/p>\n\n    <p><strong style=\"color:#2f5d50\">Instagram:<\/strong>\n      <a href=\"https:\/\/www.instagram.com\/simpgeo_?igsh=ZXFmbnQ1bmpzMjdl\" target=\"_blank\" style=\"color:#2d6cdf;text-decoration:none;font-weight:600\">\n        @simpgeo_\n      <\/a>\n    <\/p>\n\n    <p style=\"margin-top:18px\">Curitiba, mar\u00e7o de 2026<\/p>\n    <p><strong>Comiss\u00e3o Organizadora<\/strong><\/p>\n\n  <\/div>\n\n  <div style=\"margin-top:28px;background:white;padding:18px;border-radius:12px\">\n    \n    <h3 style=\"color:#2d6cdf;border-left:5px solid #2d6cdf;padding-left:10px\">\n      Apoio\n    <\/h3>\n\n    <table style=\"margin:15px auto\">\n      <tr>\n\n        <td style=\"padding:10px 25px\">\n          <a href=\"https:\/\/selperbrasil.org.br\/\" target=\"_blank\">\n            <img decoding=\"async\" src=\"https:\/\/ufpr.br\/eventos\/xsimpgeo\/wp-content\/uploads\/sites\/19\/2026\/03\/Selper_BR-2.jpg\" style=\"width:110px\">\n          <\/a>\n        <\/td>\n\n        <td style=\"padding:10px 25px\">\n          <a href=\"https:\/\/www.anpege.ggf.br\/\" target=\"_blank\">\n            <img decoding=\"async\" src=\"https:\/\/ufpr.br\/eventos\/xsimpgeo\/wp-content\/uploads\/sites\/19\/2026\/03\/ANPEGE.png\" style=\"width:140px\">\n          <\/a>\n        <\/td>\n\n        <td style=\"padding:10px 25px\">\n          <a href=\"https:\/\/anpur.org.br\/\" target=\"_blank\">\n            <img decoding=\"async\" src=\"https:\/\/ufpr.br\/eventos\/xsimpgeo\/wp-content\/uploads\/sites\/19\/2026\/03\/ANPUR.png\" style=\"width:130px\">\n          <\/a>\n        <\/td>\n\n        <td style=\"padding:10px 25px\">\n          <a href=\"https:\/\/geografia.ufpr.br\/\" target=\"_blank\">\n            <img decoding=\"async\" src=\"http:\/\/ufpr.br\/eventos\/xsimpgeo\/wp-content\/uploads\/sites\/19\/2026\/04\/480690563_657910309919265_1311852624519861344_n-removebg-preview.png\" style=\"width:120px\">\n          <\/a>\n        <\/td>\n\n      <\/tr>\n    <\/table>\n\n  <\/div>\n\n  <div style=\"margin-top:18px;background:white;padding:18px;border-radius:12px\">\n    \n    <h3 style=\"color:#2f7d67;border-left:5px solid #2f7d67;padding-left:10px\">\n      Realiza\u00e7\u00e3o\n    <\/h3>\n\n    <div style=\"text-align:center;margin-top:15px\">\n      <a href=\"https:\/\/www.prppg.ufpr.br\/site\/ppggeografia\/pb\/\" target=\"_blank\">\n        <img decoding=\"async\" src=\"https:\/\/ufpr.br\/eventos\/xsimpgeo\/wp-content\/uploads\/sites\/19\/2026\/03\/PPGGEO-e-UFPR-1024x258.jpg\" style=\"width:360px;max-width:100%\">\n      <\/a>\n    <\/div>\n\n  <\/div>\n\n<\/div>\n\n\n\n<div class=\"wp-block-group is-vertical is-layout-flex wp-container-core-group-is-layout-1 wp-block-group-is-layout-flex\">\n<div class=\"wp-block-columns is-layout-flex wp-container-core-columns-is-layout-1 wp-block-columns-is-layout-flex\">\n<div class=\"wp-block-column is-layout-flow wp-block-column-is-layout-flow\"><\/div>\n\n\n\n<div class=\"wp-block-column is-layout-flow wp-block-column-is-layout-flow\"><\/div>\n\n\n\n<div class=\"wp-block-column is-layout-flow wp-block-column-is-layout-flow\"><\/div>\n<\/div>\n<\/div>\n\n\n\n<p><\/p>\n","protected":false},"excerpt":{"rendered":"<p>X SIMPGEO 2026 \u00c9 com alegria que anunciamos que o X Simp\u00f3sio Paranaense de P\u00f3s-Gradua\u00e7\u00e3o e Pesquisa em Geografia (X SIMPGEO) acontecer\u00e1 entre os dias 06 a 09 de outubro de 2026, no campus Centro Polit\u00e9cnico da Universidade Federal do Paran\u00e1, na cidade de Curitiba. Em sua d\u00e9cima edi\u00e7\u00e3o, o SIMPGEO celebra 20 anos desde [&hellip;]<\/p>\n","protected":false},"author":43,"featured_media":0,"parent":0,"menu_order":0,"comment_status":"closed","ping_status":"closed","template":"","meta":{"footnotes":""},"class_list":["post-349","page","type-page","status-publish","hentry"],"_links":{"self":[{"href":"https:\/\/ufpr.br\/eventos\/xsimpgeo\/wp-json\/wp\/v2\/pages\/349","targetHints":{"allow":["GET"]}}],"collection":[{"href":"https:\/\/ufpr.br\/eventos\/xsimpgeo\/wp-json\/wp\/v2\/pages"}],"about":[{"href":"https:\/\/ufpr.br\/eventos\/xsimpgeo\/wp-json\/wp\/v2\/types\/page"}],"author":[{"embeddable":true,"href":"https:\/\/ufpr.br\/eventos\/xsimpgeo\/wp-json\/wp\/v2\/users\/43"}],"replies":[{"embeddable":true,"href":"https:\/\/ufpr.br\/eventos\/xsimpgeo\/wp-json\/wp\/v2\/comments?post=349"}],"version-history":[{"count":27,"href":"https:\/\/ufpr.br\/eventos\/xsimpgeo\/wp-json\/wp\/v2\/pages\/349\/revisions"}],"predecessor-version":[{"id":871,"href":"https:\/\/ufpr.br\/eventos\/xsimpgeo\/wp-json\/wp\/v2\/pages\/349\/revisions\/871"}],"wp:attachment":[{"href":"https:\/\/ufpr.br\/eventos\/xsimpgeo\/wp-json\/wp\/v2\/media?parent=349"}],"curies":[{"name":"wp","href":"https:\/\/api.w.org\/{rel}","templated":true}]}}