{"id":569,"date":"2025-05-19T20:32:32","date_gmt":"2025-05-19T23:32:32","guid":{"rendered":"https:\/\/ufpr.br\/eventos\/pet\/?page_id=569"},"modified":"2025-05-28T14:06:54","modified_gmt":"2025-05-28T17:06:54","slug":"regimento-e-manuais","status":"publish","type":"page","link":"https:\/\/ufpr.br\/eventos\/pet\/pagina-inicial\/joparpet\/regimento-e-manuais\/","title":{"rendered":"Regimento e Manuais"},"content":{"rendered":"\n<div class=\"wp-block-file\"><a id=\"wp-block-file--media-b213d529-99ee-4a83-9c78-77fee440a3d3\" href=\"https:\/\/ufpr.br\/eventos\/pet\/wp-content\/uploads\/sites\/12\/2025\/05\/1-Modelo-de-Regimento-do-Encontro-2.docx\">Modelo de Regimento do Encontro<\/a><a href=\"https:\/\/ufpr.br\/eventos\/pet\/wp-content\/uploads\/sites\/12\/2025\/05\/1-Modelo-de-Regimento-do-Encontro-2.docx\" class=\"wp-block-file__button wp-element-button\" download aria-describedby=\"wp-block-file--media-b213d529-99ee-4a83-9c78-77fee440a3d3\">Baixar<\/a><\/div>\n\n\n\n<div class=\"wp-block-file\"><a id=\"wp-block-file--media-41deeb70-56f6-4140-bbe0-639ae772d0e0\" href=\"https:\/\/ufpr.br\/eventos\/pet\/wp-content\/uploads\/sites\/12\/2025\/05\/3-Modelo-para-envio-da-Composicao-da-Comissao-de-Avaliacao-Nacional-Nacional-1.docx\">Modelo para envio da Composi\u00e7\u00e3o da Comiss\u00e3o de Avalia\u00e7\u00e3o Nacional (Nacional)<\/a><a href=\"https:\/\/ufpr.br\/eventos\/pet\/wp-content\/uploads\/sites\/12\/2025\/05\/3-Modelo-para-envio-da-Composicao-da-Comissao-de-Avaliacao-Nacional-Nacional-1.docx\" class=\"wp-block-file__button wp-element-button\" download aria-describedby=\"wp-block-file--media-41deeb70-56f6-4140-bbe0-639ae772d0e0\">Baixar<\/a><\/div>\n\n\n\n<div class=\"wp-block-file\"><a id=\"wp-block-file--media-c0356a0f-bed8-444d-a291-67872b99ee7b\" href=\"https:\/\/ufpr.br\/eventos\/pet\/wp-content\/uploads\/sites\/12\/2025\/05\/4-comisscoes-organizadoras-dos-econtros-regionais-1.docx\">Comiss\u00f5es organizadoras dos encontros regionais<\/a><a href=\"https:\/\/ufpr.br\/eventos\/pet\/wp-content\/uploads\/sites\/12\/2025\/05\/4-comisscoes-organizadoras-dos-econtros-regionais-1.docx\" class=\"wp-block-file__button wp-element-button\" download aria-describedby=\"wp-block-file--media-c0356a0f-bed8-444d-a291-67872b99ee7b\">Baixar<\/a><\/div>\n\n\n\n<div class=\"wp-block-file\"><a id=\"wp-block-file--media-bbea5f5a-99f2-4cda-9cf6-b1ac48ab0630\" href=\"https:\/\/ufpr.br\/eventos\/pet\/wp-content\/uploads\/sites\/12\/2025\/05\/4-Modelo-de-Regimento-e-da-Ata-da-Assembleia-Final-regionaisGeral-ENAPET-1.docx\">Modelo de Regimento e da Ata da Assembleia Final (regionais) Geral (ENAPET)<\/a><a href=\"https:\/\/ufpr.br\/eventos\/pet\/wp-content\/uploads\/sites\/12\/2025\/05\/4-Modelo-de-Regimento-e-da-Ata-da-Assembleia-Final-regionaisGeral-ENAPET-1.docx\" class=\"wp-block-file__button wp-element-button\" download aria-describedby=\"wp-block-file--media-bbea5f5a-99f2-4cda-9cf6-b1ac48ab0630\">Baixar<\/a><\/div>\n\n\n\n<div class=\"wp-block-file\"><a id=\"wp-block-file--media-42364d1c-ba3b-400a-bade-32c05f2cb238\" href=\"https:\/\/ufpr.br\/eventos\/pet\/wp-content\/uploads\/sites\/12\/2025\/05\/5-Modelo-de-Relatorio-da-Assembleia-Final-RegionaisGeral-ENAPET-1.docx\">Modelo de Relat\u00f3rio da Assembleia Final (Regionais) Geral (ENAPET)<\/a><a href=\"https:\/\/ufpr.br\/eventos\/pet\/wp-content\/uploads\/sites\/12\/2025\/05\/5-Modelo-de-Relatorio-da-Assembleia-Final-RegionaisGeral-ENAPET-1.docx\" class=\"wp-block-file__button wp-element-button\" download aria-describedby=\"wp-block-file--media-42364d1c-ba3b-400a-bade-32c05f2cb238\">Baixar<\/a><\/div>\n\n\n\n<div class=\"wp-block-file\"><a id=\"wp-block-file--media-5e009541-ec19-4f37-a0c8-ab19c8b7c148\" href=\"https:\/\/ufpr.br\/eventos\/pet\/wp-content\/uploads\/sites\/12\/2025\/05\/CENAPET-Diretrizes-para-a-organizacao-dos-Encontros-Regionais-e-Nacionais_final-1.docx\">CENAPET &#8211; Diretrizes para a organiza\u00e7\u00e3o dos Encontros Regionais e Nacionais_final<\/a><a href=\"https:\/\/ufpr.br\/eventos\/pet\/wp-content\/uploads\/sites\/12\/2025\/05\/CENAPET-Diretrizes-para-a-organizacao-dos-Encontros-Regionais-e-Nacionais_final-1.docx\" class=\"wp-block-file__button wp-element-button\" download aria-describedby=\"wp-block-file--media-5e009541-ec19-4f37-a0c8-ab19c8b7c148\">Baixar<\/a><\/div>\n\n\n\n<div class=\"wp-block-file\"><a id=\"wp-block-file--media-d66a9efe-2c71-4bc4-8a39-ed3e76f206f1\" href=\"https:\/\/ufpr.br\/eventos\/pet\/wp-content\/uploads\/sites\/12\/2025\/05\/MINUTA_DIRETRIZES-1.docx\">MINUTA_DIRETRIZES<\/a><a href=\"https:\/\/ufpr.br\/eventos\/pet\/wp-content\/uploads\/sites\/12\/2025\/05\/MINUTA_DIRETRIZES-1.docx\" class=\"wp-block-file__button wp-element-button\" download aria-describedby=\"wp-block-file--media-d66a9efe-2c71-4bc4-8a39-ed3e76f206f1\">Baixar<\/a><\/div>\n\n\n\n<div class=\"wp-block-file\"><a id=\"wp-block-file--media-9567402f-bbd1-4d87-a1b6-1c0268bcbf8f\" href=\"https:\/\/ufpr.br\/eventos\/pet\/wp-content\/uploads\/sites\/12\/2025\/05\/Regimento-do-Grupo-de-Discussao-e-Trabalho-GDT-Cenapet-1.docx\">Regimento do Grupo de Discuss\u00e3o e Trabalho GDT Cenapet<\/a><a href=\"https:\/\/ufpr.br\/eventos\/pet\/wp-content\/uploads\/sites\/12\/2025\/05\/Regimento-do-Grupo-de-Discussao-e-Trabalho-GDT-Cenapet-1.docx\" class=\"wp-block-file__button wp-element-button\" download aria-describedby=\"wp-block-file--media-9567402f-bbd1-4d87-a1b6-1c0268bcbf8f\">Baixar<\/a><\/div>\n\n\n\n<p><\/p>\n","protected":false},"excerpt":{"rendered":"","protected":false},"author":28,"featured_media":0,"parent":360,"menu_order":0,"comment_status":"closed","ping_status":"closed","template":"","meta":{"footnotes":""},"class_list":["post-569","page","type-page","status-publish","hentry"],"_links":{"self":[{"href":"https:\/\/ufpr.br\/eventos\/pet\/wp-json\/wp\/v2\/pages\/569","targetHints":{"allow":["GET"]}}],"collection":[{"href":"https:\/\/ufpr.br\/eventos\/pet\/wp-json\/wp\/v2\/pages"}],"about":[{"href":"https:\/\/ufpr.br\/eventos\/pet\/wp-json\/wp\/v2\/types\/page"}],"author":[{"embeddable":true,"href":"https:\/\/ufpr.br\/eventos\/pet\/wp-json\/wp\/v2\/users\/28"}],"replies":[{"embeddable":true,"href":"https:\/\/ufpr.br\/eventos\/pet\/wp-json\/wp\/v2\/comments?post=569"}],"version-history":[{"count":7,"href":"https:\/\/ufpr.br\/eventos\/pet\/wp-json\/wp\/v2\/pages\/569\/revisions"}],"predecessor-version":[{"id":1083,"href":"https:\/\/ufpr.br\/eventos\/pet\/wp-json\/wp\/v2\/pages\/569\/revisions\/1083"}],"up":[{"embeddable":true,"href":"https:\/\/ufpr.br\/eventos\/pet\/wp-json\/wp\/v2\/pages\/360"}],"wp:attachment":[{"href":"https:\/\/ufpr.br\/eventos\/pet\/wp-json\/wp\/v2\/media?parent=569"}],"curies":[{"name":"wp","href":"https:\/\/api.w.org\/{rel}","templated":true}]}}