{"id":360,"date":"2025-05-15T13:56:24","date_gmt":"2025-05-15T16:56:24","guid":{"rendered":"https:\/\/ufpr.br\/eventos\/pet\/?page_id=360"},"modified":"2026-03-25T14:36:18","modified_gmt":"2026-03-25T17:36:18","slug":"joparpet","status":"publish","type":"page","link":"https:\/\/ufpr.br\/eventos\/pet\/pagina-inicial\/joparpet\/","title":{"rendered":"JOPARPET 2025"},"content":{"rendered":"\n<p>A Jornada Paranaense dos Grupos PET (JOPARPET) \u00e9 um evento que busca reunir toda a comunidade petiana do estado do Paran\u00e1, proporcionando trocas de experi\u00eancias e debates de assuntos importantes a comunidade acad\u00eamica de todas as institui\u00e7\u00f5es de ensino superior do estado. <\/p>\n\n\n\n<p class=\"has-text-align-center has-large-font-size\"><\/p>\n\n\n\n<div style=\"height:100px\" aria-hidden=\"true\" class=\"wp-block-spacer\"><\/div>\n\n\n\n<div class=\"wp-block-buttons is-content-justification-space-between is-layout-flex wp-container-core-buttons-is-layout-1 wp-block-buttons-is-layout-flex\">\n<div class=\"wp-block-button has-custom-width wp-block-button__width-50 is-style-outline is-style-outline--1\"><a class=\"wp-block-button__link has-black-color has-text-color has-background has-link-color has-text-align-center wp-element-button\" href=\"https:\/\/ufpr.br\/eventos\/pet\/pagina-inicial\/joparpet\/incricao\/\" style=\"background-color:#335d5c\"><span style=\"color: white\">Inscri\u00e7\u00e3o e Registro<\/span><\/a><\/div>\n\n\n\n<div class=\"wp-block-button has-custom-width wp-block-button__width-50 is-style-outline is-style-outline--2\"><a class=\"wp-block-button__link has-black-color has-text-color has-background has-link-color wp-element-button\" href=\"https:\/\/ufpr.br\/eventos\/pet\/pagina-inicial\/joparpet\/organizacao\" style=\"background-color:#335d5c\"><span style=\"color: white\">Organiza\u00e7\u00e3o<\/span><\/a><\/div>\n\n\n\n<div class=\"wp-block-button has-custom-width wp-block-button__width-50 is-style-outline is-style-outline--3\"><a class=\"wp-block-button__link has-black-color has-text-color has-background has-link-color wp-element-button\" href=\"https:\/\/ufpr.br\/eventos\/pet\/pagina-inicial\/joparpet\/datas-e-cronogramas\/\" style=\"background-color:#335d5c\"><span style=\"color: white\">Datas e Cronograma<\/span><\/a><\/div>\n\n\n\n<div class=\"wp-block-button has-custom-width wp-block-button__width-50 is-style-outline is-style-outline--4\"><a class=\"wp-block-button__link has-black-color has-text-color has-background has-link-color wp-element-button\" href=\"https:\/\/ufpr.br\/eventos\/pet\/pagina-inicial\/joparpet\/contato\" style=\"background-color:#335d5c\"><span style=\"color: white\">Contato<\/span><\/a><\/div>\n<\/div>\n\n\n\n<p class=\"has-text-align-center has-large-font-size\"><\/p>\n\n\n\n<div class=\"wp-block-buttons is-content-justification-center is-layout-flex wp-container-core-buttons-is-layout-2 wp-block-buttons-is-layout-flex\">\n<div class=\"wp-block-button has-custom-width wp-block-button__width-50 is-style-outline is-style-outline--5\"><a class=\"wp-block-button__link has-black-color has-text-color has-background has-link-color has-text-align-center wp-element-button\" href=\"http:\/\/ufpr.br\/eventos\/pet\/wp-content\/uploads\/sites\/12\/2025\/07\/Folder-Evento.pdf\" style=\"background-color:#335d5c\" target=\"_blank\" rel=\"noreferrer noopener\"><span style=\"color: white\">Folder<\/span><\/a><\/div>\n<\/div>\n\n\n\n<p class=\"has-text-align-center has-large-font-size\"><\/p>\n\n\n\n<div class=\"wp-block-buttons is-content-justification-center is-layout-flex wp-container-core-buttons-is-layout-3 wp-block-buttons-is-layout-flex\">\n<div class=\"wp-block-button has-custom-width wp-block-button__width-50 is-style-outline is-style-outline--6\"><a class=\"wp-block-button__link has-black-color has-text-color has-background has-link-color has-text-align-center wp-element-button\" href=\"https:\/\/editorailustracao.com.br\/livro\/xv-jornada-parananese-dos-grupos-pet\" style=\"background-color:#335d5c\" target=\"_blank\" rel=\"noreferrer noopener\"><span style=\"color: white\">Anais<\/span><\/a><\/div>\n<\/div>\n\n\n\n<p class=\"has-text-align-center has-large-font-size\"><\/p>\n\n\n\n<div style=\"height:100px\" aria-hidden=\"true\" class=\"wp-block-spacer\"><\/div>\n\n\n\n<div class=\"wp-block-group is-layout-grid wp-container-core-group-is-layout-1 wp-block-group-is-layout-grid\">\n<figure class=\"wp-block-image size-full\"><a href=\"https:\/\/www.gov.br\/mec\/pt-br\/assuntos\/es\/pet\"><img loading=\"lazy\" decoding=\"async\" width=\"768\" height=\"487\" src=\"https:\/\/ufpr.br\/eventos\/pet\/wp-content\/uploads\/sites\/12\/2025\/05\/pet-logo-1-1.jpeg\" alt=\"\" class=\"wp-image-940\" srcset=\"https:\/\/ufpr.br\/eventos\/pet\/wp-content\/uploads\/sites\/12\/2025\/05\/pet-logo-1-1.jpeg 768w, https:\/\/ufpr.br\/eventos\/pet\/wp-content\/uploads\/sites\/12\/2025\/05\/pet-logo-1-1-300x190.jpeg 300w, https:\/\/ufpr.br\/eventos\/pet\/wp-content\/uploads\/sites\/12\/2025\/05\/pet-logo-1-1-155x98.jpeg 155w, https:\/\/ufpr.br\/eventos\/pet\/wp-content\/uploads\/sites\/12\/2025\/05\/pet-logo-1-1-75x48.jpeg 75w\" sizes=\"auto, (max-width: 768px) 100vw, 768px\" \/><\/a><\/figure>\n\n\n\n<figure class=\"wp-block-image size-full\"><a href=\"https:\/\/www.gov.br\/fnde\/pt-br\"><img loading=\"lazy\" decoding=\"async\" width=\"967\" height=\"875\" src=\"https:\/\/ufpr.br\/eventos\/pet\/wp-content\/uploads\/sites\/12\/2025\/05\/novo_logo_fnde-copy_versao-vertical-1.png\" alt=\"\" class=\"wp-image-941\" srcset=\"https:\/\/ufpr.br\/eventos\/pet\/wp-content\/uploads\/sites\/12\/2025\/05\/novo_logo_fnde-copy_versao-vertical-1.png 967w, https:\/\/ufpr.br\/eventos\/pet\/wp-content\/uploads\/sites\/12\/2025\/05\/novo_logo_fnde-copy_versao-vertical-1-300x271.png 300w, https:\/\/ufpr.br\/eventos\/pet\/wp-content\/uploads\/sites\/12\/2025\/05\/novo_logo_fnde-copy_versao-vertical-1-768x695.png 768w, https:\/\/ufpr.br\/eventos\/pet\/wp-content\/uploads\/sites\/12\/2025\/05\/novo_logo_fnde-copy_versao-vertical-1-108x98.png 108w, https:\/\/ufpr.br\/eventos\/pet\/wp-content\/uploads\/sites\/12\/2025\/05\/novo_logo_fnde-copy_versao-vertical-1-63x57.png 63w\" sizes=\"auto, (max-width: 967px) 100vw, 967px\" \/><\/a><\/figure>\n\n\n\n<figure class=\"wp-block-image size-full\"><a href=\"https:\/\/ufpr.br\"><img loading=\"lazy\" decoding=\"async\" width=\"1000\" height=\"655\" src=\"https:\/\/ufpr.br\/eventos\/pet\/wp-content\/uploads\/sites\/12\/2025\/05\/ufpr_1000-1.jpg\" alt=\"\" class=\"wp-image-944\" srcset=\"https:\/\/ufpr.br\/eventos\/pet\/wp-content\/uploads\/sites\/12\/2025\/05\/ufpr_1000-1.jpg 1000w, https:\/\/ufpr.br\/eventos\/pet\/wp-content\/uploads\/sites\/12\/2025\/05\/ufpr_1000-1-300x197.jpg 300w, https:\/\/ufpr.br\/eventos\/pet\/wp-content\/uploads\/sites\/12\/2025\/05\/ufpr_1000-1-768x503.jpg 768w, https:\/\/ufpr.br\/eventos\/pet\/wp-content\/uploads\/sites\/12\/2025\/05\/ufpr_1000-1-150x98.jpg 150w, https:\/\/ufpr.br\/eventos\/pet\/wp-content\/uploads\/sites\/12\/2025\/05\/ufpr_1000-1-75x49.jpg 75w\" sizes=\"auto, (max-width: 1000px) 100vw, 1000px\" \/><\/a><\/figure>\n\n\n\n<figure class=\"wp-block-image size-full\"><a href=\"https:\/\/www.fappr.pr.gov.br\"><img loading=\"lazy\" decoding=\"async\" width=\"196\" height=\"132\" src=\"https:\/\/ufpr.br\/eventos\/pet\/wp-content\/uploads\/sites\/12\/2025\/05\/logofa-1.png\" alt=\"\" class=\"wp-image-947\" srcset=\"https:\/\/ufpr.br\/eventos\/pet\/wp-content\/uploads\/sites\/12\/2025\/05\/logofa-1.png 196w, https:\/\/ufpr.br\/eventos\/pet\/wp-content\/uploads\/sites\/12\/2025\/05\/logofa-1-146x98.png 146w, https:\/\/ufpr.br\/eventos\/pet\/wp-content\/uploads\/sites\/12\/2025\/05\/logofa-1-75x51.png 75w\" sizes=\"auto, (max-width: 196px) 100vw, 196px\" \/><\/a><\/figure>\n<\/div>\n","protected":false},"excerpt":{"rendered":"<p>A Jornada Paranaense dos Grupos PET (JOPARPET) \u00e9 um evento que busca reunir toda a comunidade petiana do estado do Paran\u00e1, proporcionando trocas de experi\u00eancias e debates de assuntos importantes a comunidade acad\u00eamica de todas as institui\u00e7\u00f5es de ensino superior do estado.<\/p>\n","protected":false},"author":25,"featured_media":0,"parent":12,"menu_order":0,"comment_status":"closed","ping_status":"closed","template":"","meta":{"footnotes":""},"class_list":["post-360","page","type-page","status-publish","hentry"],"_links":{"self":[{"href":"https:\/\/ufpr.br\/eventos\/pet\/wp-json\/wp\/v2\/pages\/360","targetHints":{"allow":["GET"]}}],"collection":[{"href":"https:\/\/ufpr.br\/eventos\/pet\/wp-json\/wp\/v2\/pages"}],"about":[{"href":"https:\/\/ufpr.br\/eventos\/pet\/wp-json\/wp\/v2\/types\/page"}],"author":[{"embeddable":true,"href":"https:\/\/ufpr.br\/eventos\/pet\/wp-json\/wp\/v2\/users\/25"}],"replies":[{"embeddable":true,"href":"https:\/\/ufpr.br\/eventos\/pet\/wp-json\/wp\/v2\/comments?post=360"}],"version-history":[{"count":16,"href":"https:\/\/ufpr.br\/eventos\/pet\/wp-json\/wp\/v2\/pages\/360\/revisions"}],"predecessor-version":[{"id":1419,"href":"https:\/\/ufpr.br\/eventos\/pet\/wp-json\/wp\/v2\/pages\/360\/revisions\/1419"}],"up":[{"embeddable":true,"href":"https:\/\/ufpr.br\/eventos\/pet\/wp-json\/wp\/v2\/pages\/12"}],"wp:attachment":[{"href":"https:\/\/ufpr.br\/eventos\/pet\/wp-json\/wp\/v2\/media?parent=360"}],"curies":[{"name":"wp","href":"https:\/\/api.w.org\/{rel}","templated":true}]}}