{"id":1330,"date":"2025-06-11T09:20:20","date_gmt":"2025-06-11T12:20:20","guid":{"rendered":"https:\/\/ufpr.br\/eventos\/pet\/?page_id=1330"},"modified":"2025-06-11T09:21:27","modified_gmt":"2025-06-11T12:21:27","slug":"alojamentos-restaurante-universitario","status":"publish","type":"page","link":"https:\/\/ufpr.br\/eventos\/pet\/alojamentos-restaurante-universitario\/","title":{"rendered":"Alojamentos &#8211; Restaurante Universit\u00e1rio"},"content":{"rendered":"\n<p><strong>A XV JOPARPET<\/strong>&nbsp;e o&nbsp;<strong>XXVII SULPET<\/strong>&nbsp;est\u00e1 disponibilizando alojamentos em tr\u00eas modalidades: colch\u00f5es, sem colch\u00f5es e barracas nos pr\u00e9dios do CENTRO DE CI\u00caNCIAS FLORESTAIS E DA MADEIRA (CIFLOMA) e DEPARTAMENTO DE EDUCA\u00c7\u00c3O F\u00cdSICA (DEDFIS).&nbsp;<\/p>\n\n\n\n<p>&nbsp;&nbsp;&nbsp;&nbsp;&nbsp;&nbsp;&nbsp;&nbsp;&nbsp;&nbsp;&nbsp;&nbsp;Em qualquer que seja as modalidades de alojamento,&nbsp;<strong>N\u00c3O EST\u00c1 INCLUSO<\/strong>: roupa de cama, cobertores, travesseiros e toalhas de banho, esses s\u00e3o de responsabilidade dos(as) participantes.<\/p>\n\n\n\n<p>&nbsp;&nbsp;&nbsp;&nbsp;&nbsp;&nbsp;&nbsp;&nbsp;&nbsp;&nbsp;&nbsp;&nbsp;Devido a n\u00e3o disponibilidade de chuveiros nos pr\u00e9dios, ser\u00e3o locados\/instalados cont\u00eainer de chuveiros junto aos pr\u00e9dios disponibilizados para alojamentos.<\/p>\n\n\n\n<p>&nbsp;&nbsp;&nbsp;&nbsp;&nbsp;&nbsp;&nbsp;&nbsp;&nbsp;&nbsp;&nbsp;&nbsp;O Restaurante Universit\u00e1rio (RU) estar\u00e1 aberto para as tr\u00eas refei\u00e7\u00f5es que ser\u00e3o pagas diretamente pelos(as) inscritos(as), desde que informado a op\u00e7\u00e3o de realizar as refei\u00e7\u00f5es no local, no ato da inscri\u00e7\u00e3o. O pre\u00e7o das refei\u00e7\u00f5es s\u00e3o:&nbsp;<strong>R$ 1,63<\/strong>&nbsp;\u2013 Caf\u00e9;&nbsp;<strong>R$ 4,50<\/strong>&nbsp;\u2013 Almo\u00e7o;&nbsp;<strong>R$ 4,50<\/strong>&nbsp;\u2013 Jantar.<\/p>\n\n\n\n<figure class=\"wp-block-table\"><table class=\"has-fixed-layout\"><tbody><tr><td colspan=\"4\"><strong>CIFLOMA<\/strong><\/td><td colspan=\"4\"><strong>DEDFIS<\/strong><\/td><\/tr><tr><td colspan=\"2\">Com Colch\u00e3o<\/td><td colspan=\"2\">Sem Colch\u00e3o<\/td><td colspan=\"3\">Sem Colch\u00e3o<\/td><td rowspan=\"2\">Barraca<\/td><\/tr><tr><td>Mulher<\/td><td>Homem<\/td><td>Mulher<\/td><td>Homem<\/td><td>Mulher<\/td><td>Homem<\/td><td>Mista<\/td><\/tr><tr><td>25<\/td><td>25<\/td><td>45<\/td><td>82<\/td><td>53<\/td><td>21<\/td><td>&nbsp;21&nbsp;<\/td><td>100<\/td><\/tr><tr><td colspan=\"4\">177<\/td><td colspan=\"4\">195<\/td><\/tr><\/tbody><\/table><\/figure>\n","protected":false},"excerpt":{"rendered":"<p>A XV JOPARPET&nbsp;e o&nbsp;XXVII SULPET&nbsp;est\u00e1 disponibilizando alojamentos em tr\u00eas modalidades: colch\u00f5es, sem colch\u00f5es e barracas nos pr\u00e9dios do CENTRO DE CI\u00caNCIAS FLORESTAIS E DA MADEIRA (CIFLOMA) e DEPARTAMENTO DE EDUCA\u00c7\u00c3O F\u00cdSICA (DEDFIS).&nbsp; &nbsp;&nbsp;&nbsp;&nbsp;&nbsp;&nbsp;&nbsp;&nbsp;&nbsp;&nbsp;&nbsp;&nbsp;Em qualquer que seja as modalidades de alojamento,&nbsp;N\u00c3O EST\u00c1 INCLUSO: roupa de cama, cobertores, travesseiros e toalhas de banho, esses s\u00e3o de responsabilidade [&hellip;]<\/p>\n","protected":false},"author":30,"featured_media":0,"parent":0,"menu_order":0,"comment_status":"closed","ping_status":"closed","template":"","meta":{"footnotes":""},"class_list":["post-1330","page","type-page","status-publish","hentry"],"_links":{"self":[{"href":"https:\/\/ufpr.br\/eventos\/pet\/wp-json\/wp\/v2\/pages\/1330","targetHints":{"allow":["GET"]}}],"collection":[{"href":"https:\/\/ufpr.br\/eventos\/pet\/wp-json\/wp\/v2\/pages"}],"about":[{"href":"https:\/\/ufpr.br\/eventos\/pet\/wp-json\/wp\/v2\/types\/page"}],"author":[{"embeddable":true,"href":"https:\/\/ufpr.br\/eventos\/pet\/wp-json\/wp\/v2\/users\/30"}],"replies":[{"embeddable":true,"href":"https:\/\/ufpr.br\/eventos\/pet\/wp-json\/wp\/v2\/comments?post=1330"}],"version-history":[{"count":1,"href":"https:\/\/ufpr.br\/eventos\/pet\/wp-json\/wp\/v2\/pages\/1330\/revisions"}],"predecessor-version":[{"id":1333,"href":"https:\/\/ufpr.br\/eventos\/pet\/wp-json\/wp\/v2\/pages\/1330\/revisions\/1333"}],"wp:attachment":[{"href":"https:\/\/ufpr.br\/eventos\/pet\/wp-json\/wp\/v2\/media?parent=1330"}],"curies":[{"name":"wp","href":"https:\/\/api.w.org\/{rel}","templated":true}]}}