{"id":369,"date":"2025-11-06T17:29:44","date_gmt":"2025-11-06T20:29:44","guid":{"rendered":"https:\/\/ufpr.br\/eventos\/hackathon-ia\/?page_id=369"},"modified":"2025-12-04T17:59:14","modified_gmt":"2025-12-04T20:59:14","slug":"programacao","status":"publish","type":"page","link":"https:\/\/ufpr.br\/eventos\/hackathon-ia\/programacao\/","title":{"rendered":"PROGRAMA\u00c7\u00c3O"},"content":{"rendered":"\n<h2 class=\"wp-block-heading\"><strong>Evento: 05\/12\/2025<\/strong><\/h2>\n\n\n\n<p><strong>08:15<\/strong> \u2013 Abertura do Evento: Prof. Wagner Hugo Bonat e Prof. Razer Monta\u00f1o<br><strong>08:45<\/strong> &#8211; Palestra <strong>&#8220;Avalia\u00e7\u00e3o Institucional e a sua Import\u00e2ncia&#8221;<\/strong> (Rogerio Hultmann, CPA\/UFPR).<br><strong>09:15<\/strong> \u2013 Palestra <strong>\u201cA Chave para o Sucesso: Como Brilhar nas Entrevistas e Conquistar as Melhores Vagas\u201d<\/strong> (<a href=\"#cristina\">Cristina Higashi<\/a> e <a href=\"#marlon\">Marlon Jancovski<\/a>, Recrutamento e Sele\u00e7\u00e3o na Pantheon Inc)<br><strong>09:45<\/strong> \u2013 Coffee Break (Patroc\u00ednio <em>Especializa\u00e7\u00e3o em Data Science e Big Data<\/em> <a href=\"https:\/\/web.inf.ufpr.br\/mba-dsbd\/\">dsbd.leg.ufpr.br<\/a>)<br><strong>10:30<\/strong> \u2013 Palestra <strong>\u201cDados N\u00e3o Elucidam Sozinhos &#8211; Por que pensar \u00e9 o primeiro passo da Ci\u00eancia de Dados.\u201d<\/strong> <a href=\"#mauricio\">(Maur\u00edcio Scussel, Fundador da Simplifica)<\/a><br><strong>11:00<\/strong> &#8211; Palestra <strong>\u201cIA atuando em Equipe: Descobrindo Solu\u00e7\u00f5es com Multi-Agentes\u201d<\/strong> <a href=\"#rafaeldias\">(Rafael Dias, Oracle)<\/a><br><strong>11:30<\/strong> \u2013 Palestra <strong>\u201cA jornada de IA no Bradesco\u201d<\/strong> <a href=\"#rafael\">(Rafael Romualdo Wandressen, Gerente Senior de IA no Bradesco)<\/a><br><strong>12:00-13:30 \u2013 Intervalo para Almo\u00e7o<\/strong><br><strong>13:30<\/strong> \u2013 Palestra <strong>&#8220;A Engenharia dos N\u00fameros: Como Estruturar Dados de Gente para Ganhar Efici\u00eancia e Escala&#8221;<\/strong> (<a href=\"#igor\">Igor Burda Machado &#8211; RH Numbers<\/a>)<br><strong>14:00<\/strong> \u2013 Palestra <strong>&#8220;Processando 175 Milh\u00f5es de Registros na Nuvem, 24\/7\/365&#8221;<\/strong> (<a href=\"#rms\">Rafael Marques Siqueira, Spacecom<\/a>)<br><strong>14:30<\/strong> &#8211; Palestra <strong>&#8220;Coordenadoria de Estat\u00edstica e Ci\u00eancia de Dados (CECD): O Ponto Central para a Gest\u00e3o Baseada em Evid\u00eancias na UFPR&#8221;<\/strong> <a href=\"#leonardo\" data-type=\"page\" data-id=\"369\">(Leonardo Melo, \/UFPR)<\/a><br><strong>\u200b\u200b15:00<\/strong> \u2013 Palestra <strong>&#8220;Regula\u00e7\u00e3o Brasileira da IA: Como a Categoriza\u00e7\u00e3o de Riscos pode afetar seus produtos&#8221;<\/strong> (<a href=\"#cleiton\">Cleiton Sacoman, Fundador da Cleiton Sacoman Advocacia &amp; Consultoria<\/a>)<br><strong>15:30<\/strong> \u2013 Coffee Break (Patroc\u00ednio <em>Especializa\u00e7\u00e3o em Intelig\u00eancia Artificial Aplicada<\/em> <a href=\"https:\/\/iaa.ufpr.br\">iaa.ufpr.br<\/a>)<br><strong>16:00<\/strong> \u2013 Pitch (todas as 5 equipes selecionadas)<br><strong>17:30<\/strong> &#8211; Premia\u00e7\u00f5es<br><strong>18:00<\/strong> &#8211; Encerramento<\/p>\n\n\n\n<h2 class=\"wp-block-heading\">Conhe\u00e7a os Palestrantes<\/h2>\n\n\n\n<p id=\"cleiton\">\ud83d\udce3 <strong>Cleiton Sacoman &#8211; Cleiton Sacoman Advocacia &amp; Consultoria<\/strong><\/p>\n\n\n\n<p>Possui gradua\u00e7\u00e3o em Direito pela Pontif\u00edcia Universidade Cat\u00f3lica do Paran\u00e1 (2000), especializa\u00e7\u00e3o em Pol\u00edtica e Direito Eleitoral (Unicuritiba, 2008) e Mestrado em Direito (UNINTER, 2018) . Foi Procurador Geral do Munic\u00edpio de Quatro Barras &#8211; PR de 2013 a 2016, Diretor Comercial e consultor tribut\u00e1rio na ROIT Consultoria e Contabilidade de 2017 a 2019. \u00c9 s\u00f3cio e fundador do escrit\u00f3rio de advocacia Cleiton Sacoman Advocacia e Consultoria, com mais de 18 anos de atua\u00e7\u00e3o nas \u00e1reas de direito e planejamento tribut\u00e1rio, responsabilidade tribut\u00e1ria de s\u00f3cios e sucessores, direito contratual e direito societ\u00e1rio. \u00c9 Diretor Jur\u00eddico da Associa\u00e7\u00e3o das Empresas de Processamento de Dados do Paran\u00e1 &#8211; Assespro-PR. Participa do Grupo de Estudo de Prote\u00e7\u00e3o de Dados da OAB\/PR e \u00e9 Membro Efetivo da Comiss\u00e3o de Direito Imobili\u00e1rio da OAB\/PR.<\/p>\n\n\n\n<p id=\"cristina\">\ud83d\udce3 <strong>Cristina Higashi &#8211; Pantheon Inc.<\/strong><\/p>\n\n\n\n<p>Cristina Higashi \u00e9 Tech Recruiter Specialist na Pantheon Inc., com 8 anos de experi\u00eancia em Recrutamento, Sele\u00e7\u00e3o e Recursos Humanos. Atuou em empresas de diferentes segmentos e em ambiente global, sempre conectando talentos \u00e0s melhores oportunidades. Graduada em Pedagogia, com p\u00f3s-gradua\u00e7\u00e3o em Pedagogia Empresarial e especialidade em recrutamento tech, Cristina traz uma vis\u00e3o estrat\u00e9gica sobre tend\u00eancias de empregabilidade, especialmente no universo de dados e tecnologia.<\/p>\n\n\n\n<p id=\"igor\"><strong>\ud83d\udce3 Igor Burda Machado \u2013 RH Numbers<\/strong><\/p>\n\n\n\n<p>Igor Burda Machado \u00e9 especialista em People Analytics e fundador da RH Numbers, onde ajuda empresas a estruturarem dados, m\u00e9tricas e processos para decis\u00f5es mais inteligentes em RH. Atua no desenvolvimento de indicadores, modelos e dashboards que conectam pessoas, tecnologia e neg\u00f3cio, al\u00e9m de compartilhar suas experi\u00eancias em eventos e iniciativas de forma\u00e7\u00e3o em dados.<\/p>\n\n\n\n<p id=\"leonardo\"><strong>\ud83d\udce3 Leonardo Melo \u2013 UFPR<\/strong><\/p>\n\n\n\n<p>\u00c9 bacharel em Estat\u00edstica pela UFPR, Mestre em Inform\u00e1tica Industrial pela UTFPR e doutorando no Programa de P\u00f3s-Gradua\u00e7\u00e3o em Inform\u00e1tica pela UFPR. Estat\u00edstico da UFPR desde 2012, j\u00e1 foi o Pesquisador Institucional respons\u00e1vel pelo Censo e foi um dos pioneiros na implanta\u00e7\u00e3o de BI na universidade, o que resultou no atual Portal da Transpar\u00eancia institucional. J\u00e1 coordenou a unidade de sistemas e gest\u00e3o de dados da AGTIC\/UFPR e atualmente est\u00e1 na Coordenadoria de Estat\u00edstica e Ci\u00eancia de Dados, com foco principalmente na cria\u00e7\u00e3o de modelos de aprendizado de m\u00e1quina para previs\u00e3o da evas\u00e3o universit\u00e1ria.<\/p>\n\n\n\n<p id=\"marlon\">\ud83d\udce3 <strong>Marlon Jancovski &#8211; Pantheon Inc.<\/strong><\/p>\n\n\n\n<p>Marlon Jancovski \u00e9 Talent Acquisition Specialist na Pantheon Inc., com cerca de 8 anos de experi\u00eancia em Recrutamento e Sele\u00e7\u00e3o. Psic\u00f3logo, p\u00f3s-graduado em Gente e Gest\u00e3o, possui forte atua\u00e7\u00e3o em recrutamento t\u00e9cnico e estrat\u00e9gico, com passagem por diversos segmentos, como ind\u00fastria, varejo, telecomunica\u00e7\u00f5es, sa\u00fade, tecnologia e agroneg\u00f3cio. Sua especialidade est\u00e1 em orientar profissionais a se posicionarem de forma assertiva no mercado, com foco em branding pessoal e performance em entrevistas.<\/p>\n\n\n\n<p id=\"mauricio\">\ud83d\udce3 <strong>Maur\u00edcio Scussel &#8211; Simplifica<\/strong><\/p>\n\n\n\n<p>\u00c9 engenheiro de Controle e Automa\u00e7\u00e3o (PUCPR) e doutor em Neurologia\/Neuroci\u00eancias pela UNIFESP, com parte dos estudos realizados no Instituto de Microeletr\u00f4nica de Barcelona e p\u00f3s-doutorado na Universidade de Heidelberg, na Alemanha. Atualmente, \u00e9 Diretor Adjunto de Ci\u00eancias de Dados na Assespro-PR e fundador das empresas Simplifica e 5D Creative Design, atuando na interse\u00e7\u00e3o entre tecnologia, ci\u00eancia e inova\u00e7\u00e3o.<\/p>\n\n\n\n<p id=\"rafaeldias\">\ud83d\udce3 <strong>Rafael Dias &#8211; Oracle<\/strong><\/p>\n\n\n\n<p>Estat\u00edstico e Especialista em Data Science &amp; Big Data pela UFPR, trabalha h\u00e1 mais de 15 anos com an\u00e1lise de dados, modelagem de dados com Estat\u00edstica, Machine Learning e Intelig\u00eancia Artificial. Possui bagagem s\u00f3lida na implementa\u00e7\u00e3o de solu\u00e7\u00f5es com IA, que inclui tamb\u00e9m IA Generativa. Nos \u00faltimos 5 anos tem trabalhado com MLOps\/GenAIOps em ambiente de nuvem utilizando Computa\u00e7\u00e3o de Alta Performance, e atualmente essa \u00e9 principal \u00e1rea de interesse de pesquisa e desenvolvimento. Atualmente \u00e9 Principal AI Engineer na Oracle.<\/p>\n\n\n\n<p id=\"rms\">\ud83d\udce3 <strong>Rafael Marques Siqueira &#8211; Spacecom<\/strong><\/p>\n\n\n\n<p>Rafael Marques Siqueira \u00e9 Engenheiro da Computa\u00e7\u00e3o pela Universidade Estadual de Ponta Grossa, com especializa\u00e7\u00e3o em Desenvolvimento de Jogos Digitais pela PUCPR. Possui mais de 10 anos de experi\u00eancia como Engenheiro de Software e, h\u00e1 4 anos, atua como Head de Desenvolvimento de Software na Spacecomm Monitoramento S\/A, a terceira maior empresa de monitoramento de sentenciados do mundo.<\/p>\n\n\n\n<p id=\"rafael\">\ud83d\udce3 <strong>Rafael Romualdo Wandresen &#8211; Bradesco<\/strong><\/p>\n\n\n\n<p>Gerente S\u00eanior de Intelig\u00eancia de Dados no Banco Bradesco, com mais de 20 anos de experi\u00eancia em tecnologia e dados. Atuou em projetos estrat\u00e9gicos nos segmentos de telecomunica\u00e7\u00f5es, transportes, agroneg\u00f3cio e, desde 2019, no setor financeiro, liderando iniciativas para gerar valor ao cliente por meio do uso respons\u00e1vel de dados. \u00c9 Professor Doutor na UFPR, com s\u00f3lida atua\u00e7\u00e3o acad\u00eamica em An\u00e1lise e Desenvolvimento de Sistemas. Atualmente, est\u00e1 \u00e0 frente da implanta\u00e7\u00e3o de solu\u00e7\u00f5es de IA Generativa no Bradesco, impulsionando a efici\u00eancia dos processos internos e a qualidade no atendimento ao cliente. Apaixonado por inova\u00e7\u00e3o, Rafael tem se dedicado \u00e0 evolu\u00e7\u00e3o da plataforma Bridge, iniciativa de IA Generativa do Bradesco, e \u00e0 transforma\u00e7\u00e3o digital orientada por dados.<\/p>\n\n\n\n<p><\/p>\n","protected":false},"excerpt":{"rendered":"<p>Evento: 05\/12\/2025 08:15 \u2013 Abertura do Evento: Prof. Wagner Hugo Bonat e Prof. Razer Monta\u00f1o08:45 &#8211; Palestra &#8220;Avalia\u00e7\u00e3o Institucional e a sua Import\u00e2ncia&#8221; (Rogerio Hultmann, CPA\/UFPR).09:15 \u2013 Palestra \u201cA Chave para o Sucesso: Como Brilhar nas Entrevistas e Conquistar as Melhores Vagas\u201d (Cristina Higashi e Marlon Jancovski, Recrutamento e Sele\u00e7\u00e3o na Pantheon Inc)09:45 \u2013 Coffee [&hellip;]<\/p>\n","protected":false},"author":39,"featured_media":0,"parent":0,"menu_order":0,"comment_status":"closed","ping_status":"closed","template":"","meta":{"footnotes":""},"class_list":["post-369","page","type-page","status-publish","hentry"],"_links":{"self":[{"href":"https:\/\/ufpr.br\/eventos\/hackathon-ia\/wp-json\/wp\/v2\/pages\/369","targetHints":{"allow":["GET"]}}],"collection":[{"href":"https:\/\/ufpr.br\/eventos\/hackathon-ia\/wp-json\/wp\/v2\/pages"}],"about":[{"href":"https:\/\/ufpr.br\/eventos\/hackathon-ia\/wp-json\/wp\/v2\/types\/page"}],"author":[{"embeddable":true,"href":"https:\/\/ufpr.br\/eventos\/hackathon-ia\/wp-json\/wp\/v2\/users\/39"}],"replies":[{"embeddable":true,"href":"https:\/\/ufpr.br\/eventos\/hackathon-ia\/wp-json\/wp\/v2\/comments?post=369"}],"version-history":[{"count":22,"href":"https:\/\/ufpr.br\/eventos\/hackathon-ia\/wp-json\/wp\/v2\/pages\/369\/revisions"}],"predecessor-version":[{"id":473,"href":"https:\/\/ufpr.br\/eventos\/hackathon-ia\/wp-json\/wp\/v2\/pages\/369\/revisions\/473"}],"wp:attachment":[{"href":"https:\/\/ufpr.br\/eventos\/hackathon-ia\/wp-json\/wp\/v2\/media?parent=369"}],"curies":[{"name":"wp","href":"https:\/\/api.w.org\/{rel}","templated":true}]}}