{"id":324,"date":"2025-11-04T15:46:09","date_gmt":"2025-11-04T18:46:09","guid":{"rendered":"https:\/\/ufpr.br\/eventos\/hackathon-ia\/?page_id=324"},"modified":"2025-12-05T08:32:01","modified_gmt":"2025-12-05T11:32:01","slug":"o-hackathon-de-dados","status":"publish","type":"page","link":"https:\/\/ufpr.br\/eventos\/hackathon-ia\/","title":{"rendered":"O Hackathon de Dados"},"content":{"rendered":"\n<p><strong>1o Hackathon de Dados<\/strong>, <strong>evento GRATUITO<\/strong>, dia <strong>05\/12\/2025<\/strong>.<\/p>\n\n\n\n<p>Promovido pelo Projeto de Extens\u00e3o Estat\u00edstica e Ci\u00eancia de Dados no Cotidiano do Departamento de Estat\u00edstica da UFPR, em parceria com a Comiss\u00e3o Pr\u00f3pria de Avalia\u00e7\u00e3o (CPA) da universidade, tem como objetivo utilizar an\u00e1lise de dados para melhorar os processos de avalia\u00e7\u00e3o institucional da UFPR. Este evento de extens\u00e3o gratuito visa integrar estudantes de gradua\u00e7\u00e3o e p\u00f3s-gradua\u00e7\u00e3o em Estat\u00edstica e Ci\u00eancia de Dados, an\u00e1lise e desenvolvimento de sistemas, ci\u00eancia da computa\u00e7\u00e3o, inform\u00e1tica biom\u00e9dica, administra\u00e7\u00e3o e em \u00e1reas correlatas para desenvolver solu\u00e7\u00f5es inovadoras baseadas em dados, que auxiliem na otimiza\u00e7\u00e3o da avalia\u00e7\u00e3o de ensino, pesquisa e extens\u00e3o da institui\u00e7\u00e3o.<br>O evento contar\u00e1 com duas atividades:<\/p>\n\n\n\n<ul class=\"wp-block-list\">\n<li>Competi\u00e7\u00e3o de solu\u00e7\u00f5es em visualiza\u00e7\u00e3o de dados para os dados da CPA &#8211; Comiss\u00e3o Pr\u00f3pria de Avalia\u00e7\u00e3o;<\/li>\n\n\n\n<li>Palestras sobre a tem\u00e1tica de dados, IA, GenAI e suas aplica\u00e7\u00f5es. As palestras ser\u00e3o realizadas no Audit\u00f3rio do Pr\u00e9dio da Administra\u00e7\u00e3o da UFPR clique para ver a localiza\u00e7\u00e3o.<\/li>\n<\/ul>\n\n\n\n<p>Os participantes poder\u00e3o participar de qualquer das atividades de forma independente.<\/p>\n\n\n\n<p>Inscreva-se no evento para assistir as palestras e participar de um networking de qualidade aqui:<\/p>\n\n\n\n<p><a href=\"https:\/\/ufpr.br\/eventos\/hackathon-ia\/inscricoes\/\">INSCRI\u00c7\u00c3O NO EVENTO<\/a><\/p>\n\n\n\n<h3 class=\"wp-block-heading\"><strong>Sobre a competi\u00e7\u00e3o de dados<\/strong><\/h3>\n\n\n\n<p>Na competi\u00e7\u00e3o de dados, os participantes ir\u00e3o trabalhar com dados fornecidos pela CPA &#8211; Comiss\u00e3o Pr\u00f3pria de Avalia\u00e7\u00e3o, buscando analisar e interpretar informa\u00e7\u00f5es relacionadas ao desempenho, qualidade, satisfa\u00e7\u00e3o de estudantes e docentes, e outros aspectos essenciais para a avalia\u00e7\u00e3o institucional. Utilizando t\u00e9cnicas avan\u00e7adas de an\u00e1lise estat\u00edstica, modelagem de dados e visualiza\u00e7\u00e3o de informa\u00e7\u00f5es, as equipes ser\u00e3o desafiadas a criar solu\u00e7\u00f5es pr\u00e1ticas e eficazes para aprimorar a avalia\u00e7\u00e3o e a transpar\u00eancia dos processos na universidade.<br>Para a competi\u00e7\u00e3o de dados as equipes dever\u00e3o se inscrever por meio do seguinte link:<\/p>\n\n\n\n<p><a href=\"https:\/\/ufpr.br\/eventos\/hackathon-ia\/equipes\/\">INSCRI\u00c7\u00c3O NA COMPETI\u00c7\u00c3O PARA EQUIPES<\/a><\/p>\n\n\n\n<p>Neste link os participantes v\u00e3o encontrar todos os detalhes sobre a competi\u00e7\u00e3o e os conjuntos de dados dispon\u00edveis. Al\u00e9m da descri\u00e7\u00e3o da tarefa e resultados esperados.<\/p>\n\n\n\n<h3 class=\"wp-block-heading\"><strong>Natureza extensionista do evento<\/strong><\/h3>\n\n\n\n<p>O evento fomenta a intera\u00e7\u00e3o dial\u00f3gica entre alunos, professores e gestores da universidade, concatenando diversas iniciativas da \u00e1rea de dados da UFPR com destaque aos grupos do SEPT, DINF, Liga Data Science da UFPR e do DEST, al\u00e9m de receber a comunidade externa promovendo uma abordagem interdisciplinar ao reunir diferentes \u00e1reas do conhecimento em torno de um problema real e de relev\u00e2ncia para a institui\u00e7\u00e3o.<\/p>\n\n\n\n<p>Al\u00e9m disso, ele exemplifica a indissociabilidade entre ensino, pesquisa e extens\u00e3o, ao permitir que os estudantes apliquem o que aprendem em sala de aula em situa\u00e7\u00f5es pr\u00e1ticas, ao mesmo tempo em que contribuem diretamente para a melhoria dos processos de avalia\u00e7\u00e3o na UFPR.<\/p>\n\n\n\n<p>O Hackathon de Dados n\u00e3o apenas fortalece a forma\u00e7\u00e3o acad\u00eamica dos participantes, mas tamb\u00e9m tem um grande impacto social, pois as solu\u00e7\u00f5es geradas poder\u00e3o influenciar positivamente a gest\u00e3o acad\u00eamica da universidade, promovendo maior efici\u00eancia, transpar\u00eancia e qualidade nos processos avaliativos.<\/p>\n\n\n\n<h2 class=\"wp-block-heading\"><strong>Localiza\u00e7\u00e3o<\/strong><\/h2>\n\n\n\n<p>Centro Polit\u00e9cnico &#8211; Audit\u00f3rio do Pr\u00e9dio de Administra\u00e7\u00e3o &#8211; 1o andar<\/p>\n\n\n\n<h3 class=\"wp-block-heading\"><strong>Organiza\u00e7\u00e3o e apoio institucional<\/strong><\/h3>\n\n\n\n<p>A organiza\u00e7\u00e3o do evento \u00e9 liderada pelos <strong>Professores Razer Anthom Nizer Rojas Monta\u00f1o (SEPT e IAA)<\/strong> e <strong>Wagner Hugo Bonat (DEST e DSBD\/GenAI)<\/strong>. Recursos financeiros dos programas de especializa\u00e7\u00e3o em <strong><a href=\"https:\/\/www.iaa.ufpr.br\">Intelig\u00eancia Artificial Aplicada<\/a><\/strong> e <strong><a href=\"http:\/\/dsbd.leg.ufpr.br\">Data Science e Big Data<\/a><\/strong> foram usados para fomentar o evento.<br>Al\u00e9m disso, diversos outros parceiros apoiam na organiza\u00e7\u00e3o do evento:<\/p>\n\n\n\n<ul class=\"wp-block-list\">\n<li>Programa de P\u00f3s-Gradua\u00e7\u00e3o e Inform\u00e1tica &#8211; UFPR PPGINF\/UFPR.<\/li>\n\n\n\n<li>Programa de P\u00f3s-Gradua\u00e7\u00e3o em M\u00e9todos Num\u00e9ricos em Engenharia &#8211; PPGMNE\/UFPR.<\/li>\n\n\n\n<li>Departamento de Estat\u00edstica &#8211; DEST\/UFPR.<\/li>\n\n\n\n<li>Setor de Educa\u00e7\u00e3o Profissional e Tecnol\u00f3gica &#8211; SEPT\/UFPR.<\/li>\n\n\n\n<li>Comiss\u00e3o Pr\u00f3pria de Avalia\u00e7\u00e3o &#8211; CPA\/UFPR.<\/li>\n<\/ul>\n\n\n\n<h2 class=\"wp-block-heading\">PATROC\u00cdNIO<\/h2>\n\n\n\n<figure class=\"wp-block-image size-full\"><a href=\"https:\/\/www.spacecom.com.br\" target=\"_blank\" rel=\" noreferrer noopener\"><img loading=\"lazy\" decoding=\"async\" width=\"438\" height=\"111\" src=\"http:\/\/ufpr.br\/eventos\/hackathon-ia\/wp-content\/uploads\/sites\/15\/2025\/11\/logo-spc.png\" alt=\"\" class=\"wp-image-354\" srcset=\"https:\/\/ufpr.br\/eventos\/hackathon-ia\/wp-content\/uploads\/sites\/15\/2025\/11\/logo-spc.png 438w, https:\/\/ufpr.br\/eventos\/hackathon-ia\/wp-content\/uploads\/sites\/15\/2025\/11\/logo-spc-300x76.png 300w, https:\/\/ufpr.br\/eventos\/hackathon-ia\/wp-content\/uploads\/sites\/15\/2025\/11\/logo-spc-175x44.png 175w, https:\/\/ufpr.br\/eventos\/hackathon-ia\/wp-content\/uploads\/sites\/15\/2025\/11\/logo-spc-75x19.png 75w\" sizes=\"auto, (max-width: 438px) 100vw, 438px\" \/><\/a><\/figure>\n\n\n\n<h2 class=\"wp-block-heading\">APOIO<\/h2>\n\n\n\n<figure class=\"wp-block-image size-full is-resized\"><a href=\"https:\/\/assespropr.org.br\" target=\"_blank\" rel=\" noreferrer noopener\"><img loading=\"lazy\" decoding=\"async\" width=\"617\" height=\"206\" src=\"http:\/\/ufpr.br\/eventos\/hackathon-ia\/wp-content\/uploads\/sites\/15\/2025\/11\/assespro_logo_rgb_PR-3-transparente.png\" alt=\"\" class=\"wp-image-359\" style=\"width:431px;height:auto\" srcset=\"https:\/\/ufpr.br\/eventos\/hackathon-ia\/wp-content\/uploads\/sites\/15\/2025\/11\/assespro_logo_rgb_PR-3-transparente.png 617w, https:\/\/ufpr.br\/eventos\/hackathon-ia\/wp-content\/uploads\/sites\/15\/2025\/11\/assespro_logo_rgb_PR-3-transparente-300x100.png 300w, https:\/\/ufpr.br\/eventos\/hackathon-ia\/wp-content\/uploads\/sites\/15\/2025\/11\/assespro_logo_rgb_PR-3-transparente-175x58.png 175w, https:\/\/ufpr.br\/eventos\/hackathon-ia\/wp-content\/uploads\/sites\/15\/2025\/11\/assespro_logo_rgb_PR-3-transparente-75x25.png 75w\" sizes=\"auto, (max-width: 617px) 100vw, 617px\" \/><\/a><\/figure>\n\n\n\n<figure class=\"wp-block-image size-full is-resized\"><a href=\"https:\/\/pantheon-inc.com\" target=\"_blank\" rel=\" noreferrer noopener\"><img loading=\"lazy\" decoding=\"async\" width=\"720\" height=\"145\" src=\"http:\/\/ufpr.br\/eventos\/hackathon-ia\/wp-content\/uploads\/sites\/15\/2025\/11\/pantheon720x145.png.png\" alt=\"\" class=\"wp-image-360\" style=\"width:429px;height:auto\" srcset=\"https:\/\/ufpr.br\/eventos\/hackathon-ia\/wp-content\/uploads\/sites\/15\/2025\/11\/pantheon720x145.png.png 720w, https:\/\/ufpr.br\/eventos\/hackathon-ia\/wp-content\/uploads\/sites\/15\/2025\/11\/pantheon720x145.png-300x60.png 300w, https:\/\/ufpr.br\/eventos\/hackathon-ia\/wp-content\/uploads\/sites\/15\/2025\/11\/pantheon720x145.png-175x35.png 175w, https:\/\/ufpr.br\/eventos\/hackathon-ia\/wp-content\/uploads\/sites\/15\/2025\/11\/pantheon720x145.png-75x15.png 75w\" sizes=\"auto, (max-width: 720px) 100vw, 720px\" \/><\/a><\/figure>\n\n\n\n<figure class=\"wp-block-image size-full is-resized\"><a href=\"https:\/\/www.ai-path.com.br\"><img loading=\"lazy\" decoding=\"async\" width=\"323\" height=\"136\" src=\"https:\/\/ufpr.br\/eventos\/hackathon-ia\/wp-content\/uploads\/sites\/15\/2025\/11\/logo-1-fundo-transparente-1.png\" alt=\"\" class=\"wp-image-384\" style=\"width:257px;height:auto\" srcset=\"https:\/\/ufpr.br\/eventos\/hackathon-ia\/wp-content\/uploads\/sites\/15\/2025\/11\/logo-1-fundo-transparente-1.png 323w, https:\/\/ufpr.br\/eventos\/hackathon-ia\/wp-content\/uploads\/sites\/15\/2025\/11\/logo-1-fundo-transparente-1-300x126.png 300w, https:\/\/ufpr.br\/eventos\/hackathon-ia\/wp-content\/uploads\/sites\/15\/2025\/11\/logo-1-fundo-transparente-1-175x74.png 175w, https:\/\/ufpr.br\/eventos\/hackathon-ia\/wp-content\/uploads\/sites\/15\/2025\/11\/logo-1-fundo-transparente-1-75x32.png 75w\" sizes=\"auto, (max-width: 323px) 100vw, 323px\" \/><\/a><\/figure>\n\n\n\n<p><\/p>\n","protected":false},"excerpt":{"rendered":"<p>1o Hackathon de Dados, evento GRATUITO, dia 05\/12\/2025. Promovido pelo Projeto de Extens\u00e3o Estat\u00edstica e Ci\u00eancia de Dados no Cotidiano do Departamento de Estat\u00edstica da UFPR, em parceria com a Comiss\u00e3o Pr\u00f3pria de Avalia\u00e7\u00e3o (CPA) da universidade, tem como objetivo utilizar an\u00e1lise de dados para melhorar os processos de avalia\u00e7\u00e3o institucional da UFPR. Este evento [&hellip;]<\/p>\n","protected":false},"author":39,"featured_media":0,"parent":0,"menu_order":0,"comment_status":"closed","ping_status":"closed","template":"","meta":{"footnotes":""},"class_list":["post-324","page","type-page","status-publish","hentry"],"_links":{"self":[{"href":"https:\/\/ufpr.br\/eventos\/hackathon-ia\/wp-json\/wp\/v2\/pages\/324","targetHints":{"allow":["GET"]}}],"collection":[{"href":"https:\/\/ufpr.br\/eventos\/hackathon-ia\/wp-json\/wp\/v2\/pages"}],"about":[{"href":"https:\/\/ufpr.br\/eventos\/hackathon-ia\/wp-json\/wp\/v2\/types\/page"}],"author":[{"embeddable":true,"href":"https:\/\/ufpr.br\/eventos\/hackathon-ia\/wp-json\/wp\/v2\/users\/39"}],"replies":[{"embeddable":true,"href":"https:\/\/ufpr.br\/eventos\/hackathon-ia\/wp-json\/wp\/v2\/comments?post=324"}],"version-history":[{"count":19,"href":"https:\/\/ufpr.br\/eventos\/hackathon-ia\/wp-json\/wp\/v2\/pages\/324\/revisions"}],"predecessor-version":[{"id":477,"href":"https:\/\/ufpr.br\/eventos\/hackathon-ia\/wp-json\/wp\/v2\/pages\/324\/revisions\/477"}],"wp:attachment":[{"href":"https:\/\/ufpr.br\/eventos\/hackathon-ia\/wp-json\/wp\/v2\/media?parent=324"}],"curies":[{"name":"wp","href":"https:\/\/api.w.org\/{rel}","templated":true}]}}