{"id":313,"date":"2025-11-04T15:39:44","date_gmt":"2025-11-04T18:39:44","guid":{"rendered":"https:\/\/ufpr.br\/eventos\/hackathon-ia\/?page_id=313"},"modified":"2025-11-14T20:57:47","modified_gmt":"2025-11-14T23:57:47","slug":"equipes","status":"publish","type":"page","link":"https:\/\/ufpr.br\/eventos\/hackathon-ia\/equipes\/","title":{"rendered":"Equipes"},"content":{"rendered":"\n<p>As equipes devem se inscrever aqui (somente as primeiras 20 equipes participar\u00e3o):<\/p>\n\n\n\n<p><a href=\"https:\/\/forms.cloud.microsoft\/r\/7re9zDs0T3\">https:\/\/forms.cloud.microsoft\/r\/7re9zDs0T3<\/a><\/p>\n\n\n\n<p><strong>Cronograma da competi\u00e7\u00e3o<\/strong><br><strong>03\/11\/2025 at\u00e9 23\/11\/2025<\/strong> Per\u00edodo para inscri\u00e7\u00f5es das equipes.<br><strong>24\/11\/2025 <\/strong>Divulga\u00e7\u00e3o oficial dos dados.<br><strong>24\/11\/2025<\/strong> Apresenta\u00e7\u00e3o dos conjuntos de dados e objetivos do Hackathon PRESENCIAL 14:00 horas. <\/p>\n\n\n\n<p>Esta atividade ser\u00e1 realizada no Audit\u00f3rio do BLOCO A do SEPT clique para ver a localiza\u00e7\u00e3o.<\/p>\n\n\n\n<p><br><strong>01\/12\/2025<\/strong> Entrega preliminar das equipes (via github).<br><strong>02\/12\/2025 &#8211; 04\/12\/2025<\/strong> Avalia\u00e7\u00e3o das solu\u00e7\u00f5es pela banca examinadora.<br><strong>05\/12\/2025<\/strong> &#8211; Pitch de entrega das cinco melhores solu\u00e7\u00f5es (16:00 horas).<\/p>\n\n\n\n<p><br>Importante salientar que vamos admitir a <strong>inscri\u00e7\u00e3o de at\u00e9 20 equipes<\/strong> sendo que as equipes podem ser compostas de duas at\u00e9 cinco participantes.<\/p>\n","protected":false},"excerpt":{"rendered":"<p>As equipes devem se inscrever aqui (somente as primeiras 20 equipes participar\u00e3o): https:\/\/forms.cloud.microsoft\/r\/7re9zDs0T3 Cronograma da competi\u00e7\u00e3o03\/11\/2025 at\u00e9 23\/11\/2025 Per\u00edodo para inscri\u00e7\u00f5es das equipes.24\/11\/2025 Divulga\u00e7\u00e3o oficial dos dados.24\/11\/2025 Apresenta\u00e7\u00e3o dos conjuntos de dados e objetivos do Hackathon PRESENCIAL 14:00 horas. Esta atividade ser\u00e1 realizada no Audit\u00f3rio do BLOCO A do SEPT clique para ver a localiza\u00e7\u00e3o. [&hellip;]<\/p>\n","protected":false},"author":39,"featured_media":0,"parent":0,"menu_order":0,"comment_status":"closed","ping_status":"closed","template":"","meta":{"footnotes":""},"class_list":["post-313","page","type-page","status-publish","hentry"],"_links":{"self":[{"href":"https:\/\/ufpr.br\/eventos\/hackathon-ia\/wp-json\/wp\/v2\/pages\/313","targetHints":{"allow":["GET"]}}],"collection":[{"href":"https:\/\/ufpr.br\/eventos\/hackathon-ia\/wp-json\/wp\/v2\/pages"}],"about":[{"href":"https:\/\/ufpr.br\/eventos\/hackathon-ia\/wp-json\/wp\/v2\/types\/page"}],"author":[{"embeddable":true,"href":"https:\/\/ufpr.br\/eventos\/hackathon-ia\/wp-json\/wp\/v2\/users\/39"}],"replies":[{"embeddable":true,"href":"https:\/\/ufpr.br\/eventos\/hackathon-ia\/wp-json\/wp\/v2\/comments?post=313"}],"version-history":[{"count":3,"href":"https:\/\/ufpr.br\/eventos\/hackathon-ia\/wp-json\/wp\/v2\/pages\/313\/revisions"}],"predecessor-version":[{"id":392,"href":"https:\/\/ufpr.br\/eventos\/hackathon-ia\/wp-json\/wp\/v2\/pages\/313\/revisions\/392"}],"wp:attachment":[{"href":"https:\/\/ufpr.br\/eventos\/hackathon-ia\/wp-json\/wp\/v2\/media?parent=313"}],"curies":[{"name":"wp","href":"https:\/\/api.w.org\/{rel}","templated":true}]}}