{"id":282,"date":"2025-11-25T12:46:52","date_gmt":"2025-11-25T15:46:52","guid":{"rendered":"https:\/\/ufpr.br\/eventos\/braspor\/?page_id=282"},"modified":"2026-04-20T21:04:35","modified_gmt":"2026-04-21T00:04:35","slug":"submissoes","status":"publish","type":"page","link":"https:\/\/ufpr.br\/eventos\/braspor\/submissoes\/","title":{"rendered":"Submiss\u00f5es"},"content":{"rendered":"\n<p><\/p>\n\n\n\n<p><\/p>\n\n\n\n<p><s>Prazo final para submiss\u00e3o dos resumos: 06\/03\/2026 &#8211; 19\/04\/2026<\/s><\/p>\n\n\n\n<p><strong>Prazo final para submiss\u00e3o dos resumos: 30\/04\/2026<\/strong><\/p>\n\n\n\n<p>Comunica\u00e7\u00e3o de aceita\u00e7\u00e3o dos resumos*: at\u00e9 30\/05\/2026<\/p>\n\n\n\n<p>*Os autores receber\u00e3o comunica\u00e7\u00e3o via e-mail.<\/p>\n\n\n\n<p><\/p>\n\n\n\n<hr class=\"wp-block-separator has-alpha-channel-opacity is-style-wide\" \/>\n\n\n\n<p><\/p>\n\n\n\n<p>\u2013 Inserir a sua proposta de acordo com as <a href=\"https:\/\/ufpr.br\/eventos\/braspor\/sessoes-tematicas\/\">\u00e1reas tem\u00e1ticas da Rede BRASPOR<\/a> ;\u200b<\/p>\n\n\n\n<p>&nbsp;\u2013 Os trabalhos podem ser apresentados em portugu\u00eas, ingl\u00eas ou espanhol, embora a l\u00edngua oficial do Encontro seja o portugu\u00eas;<\/p>\n\n\n\n<p><\/p>\n\n\n\n<hr class=\"wp-block-separator has-alpha-channel-opacity is-style-wide\" \/>\n\n\n\n<p><\/p>\n\n\n\n<p><strong>Instru\u00e7\u00f5es para a submiss\u00e3o<\/strong><\/p>\n\n\n\n<p>Os resumos devem conter no m\u00e1ximo 400 palavras de texto. O documento enviado deve conter o t\u00edtulo do resumo, os autores e suas respectivas afilia\u00e7\u00f5es, al\u00e9m do e-mail do autor principal.<\/p>\n\n\n\n<p><\/p>\n\n\n\n<p>Para a submiss\u00e3o dos trabalhos, utilize os <strong>modelos<\/strong> abaixo de acordo com seu editor de prefer\u00eancia.<\/p>\n\n\n\n<p><\/p>\n\n\n\n<ul class=\"wp-block-list\">\n<li>Modelo para editor em Word <\/li>\n<\/ul>\n\n\n\n<div class=\"wp-block-file\"><a id=\"wp-block-file--media-c415c73c-c6bc-4b81-afdc-cea8bd24318d\" href=\"https:\/\/ufpr.br\/eventos\/braspor\/wp-content\/uploads\/sites\/18\/2026\/03\/template_doc-1.docx\">template_doc<\/a><a href=\"https:\/\/ufpr.br\/eventos\/braspor\/wp-content\/uploads\/sites\/18\/2026\/03\/template_doc-1.docx\" class=\"wp-block-file__button wp-element-button\" download aria-describedby=\"wp-block-file--media-c415c73c-c6bc-4b81-afdc-cea8bd24318d\">Baixar<\/a><\/div>\n\n\n\n<ul class=\"wp-block-list\">\n<li>Modelo para edi\u00e7\u00e3o em LaTeX<\/li>\n<\/ul>\n\n\n\n<div class=\"wp-block-file\"><a id=\"wp-block-file--media-e78c9120-fa7c-47bd-b651-0c812a52f32b\" href=\"https:\/\/ufpr.br\/eventos\/braspor\/wp-content\/uploads\/sites\/18\/2026\/03\/template_tex.zip\">template_tex<\/a><a href=\"https:\/\/ufpr.br\/eventos\/braspor\/wp-content\/uploads\/sites\/18\/2026\/03\/template_tex.zip\" class=\"wp-block-file__button wp-element-button\" download aria-describedby=\"wp-block-file--media-e78c9120-fa7c-47bd-b651-0c812a52f32b\">Baixar<\/a><\/div>\n\n\n\n<p><\/p>\n\n\n\n<hr class=\"wp-block-separator has-alpha-channel-opacity is-style-wide\" \/>\n\n\n\n<p><\/p>\n\n\n\n<p><strong>Preencha o formul\u00e1rio a seguir para realizar a sua inscri\u00e7\u00e3o e submiss\u00e3o do resumo.<\/strong><\/p>\n\n\n\n<p><strong><a href=\"https:\/\/docs.google.com\/forms\/d\/e\/1FAIpQLSd7BAkJutdRp99vPgnbkrkXcnGvldWEmkjcC5wjmuLFpylGsA\/viewform?usp=header\">INSCRI\u00c7\u00c3O<\/a><\/strong><\/p>\n","protected":false},"excerpt":{"rendered":"<p>Prazo final para submiss\u00e3o dos resumos: 06\/03\/2026 &#8211; 19\/04\/2026 Prazo final para submiss\u00e3o dos resumos: 30\/04\/2026 Comunica\u00e7\u00e3o de aceita\u00e7\u00e3o dos resumos*: at\u00e9 30\/05\/2026 *Os autores receber\u00e3o comunica\u00e7\u00e3o via e-mail. \u2013 Inserir a sua proposta de acordo com as \u00e1reas tem\u00e1ticas da Rede BRASPOR ;\u200b &nbsp;\u2013 Os trabalhos podem ser apresentados em portugu\u00eas, ingl\u00eas ou espanhol, [&hellip;]<\/p>\n","protected":false},"author":42,"featured_media":0,"parent":0,"menu_order":0,"comment_status":"closed","ping_status":"closed","template":"","meta":{"footnotes":""},"class_list":["post-282","page","type-page","status-publish","hentry"],"_links":{"self":[{"href":"https:\/\/ufpr.br\/eventos\/braspor\/wp-json\/wp\/v2\/pages\/282","targetHints":{"allow":["GET"]}}],"collection":[{"href":"https:\/\/ufpr.br\/eventos\/braspor\/wp-json\/wp\/v2\/pages"}],"about":[{"href":"https:\/\/ufpr.br\/eventos\/braspor\/wp-json\/wp\/v2\/types\/page"}],"author":[{"embeddable":true,"href":"https:\/\/ufpr.br\/eventos\/braspor\/wp-json\/wp\/v2\/users\/42"}],"replies":[{"embeddable":true,"href":"https:\/\/ufpr.br\/eventos\/braspor\/wp-json\/wp\/v2\/comments?post=282"}],"version-history":[{"count":12,"href":"https:\/\/ufpr.br\/eventos\/braspor\/wp-json\/wp\/v2\/pages\/282\/revisions"}],"predecessor-version":[{"id":566,"href":"https:\/\/ufpr.br\/eventos\/braspor\/wp-json\/wp\/v2\/pages\/282\/revisions\/566"}],"wp:attachment":[{"href":"https:\/\/ufpr.br\/eventos\/braspor\/wp-json\/wp\/v2\/media?parent=282"}],"curies":[{"name":"wp","href":"https:\/\/api.w.org\/{rel}","templated":true}]}}