{"id":280,"date":"2025-11-25T12:46:52","date_gmt":"2025-11-25T15:46:52","guid":{"rendered":"https:\/\/ufpr.br\/eventos\/braspor\/?page_id=280"},"modified":"2026-04-20T21:04:16","modified_gmt":"2026-04-21T00:04:16","slug":"inscricoes","status":"publish","type":"page","link":"https:\/\/ufpr.br\/eventos\/braspor\/inscricoes\/","title":{"rendered":"Inscri\u00e7\u00f5es"},"content":{"rendered":"\n<p>As inscri\u00e7\u00f5es no evento para participantes e apresentadores ser\u00e1 totalmente <strong>gratuita<\/strong>.<\/p>\n\n\n\n<p><\/p>\n\n\n\n<p><strong>Preencha o formul\u00e1rio a seguir para realizar a sua inscri\u00e7\u00e3o.<\/strong><\/p>\n\n\n\n<p><strong><a href=\"https:\/\/docs.google.com\/forms\/d\/e\/1FAIpQLSd7BAkJutdRp99vPgnbkrkXcnGvldWEmkjcC5wjmuLFpylGsA\/viewform?usp=header\">INSCRI\u00c7\u00c3O<\/a><\/strong><\/p>\n\n\n\n<p><\/p>\n\n\n\n<p><\/p>\n\n\n\n<p><s>Prazo final para submiss\u00e3o dos resumos: 06\/03\/2026 &#8211; 19\/04\/2026<\/s><\/p>\n\n\n\n<p><strong>Prazo final para submiss\u00e3o dos resumos: 30\/04\/2026<\/strong><\/p>\n\n\n\n<p>*Os autores receber\u00e3o comunica\u00e7\u00e3o via e-mail.<\/p>\n\n\n\n<p><\/p>\n","protected":false},"excerpt":{"rendered":"<p>As inscri\u00e7\u00f5es no evento para participantes e apresentadores ser\u00e1 totalmente gratuita. Preencha o formul\u00e1rio a seguir para realizar a sua inscri\u00e7\u00e3o. INSCRI\u00c7\u00c3O Prazo final para submiss\u00e3o dos resumos: 06\/03\/2026 &#8211; 19\/04\/2026 Prazo final para submiss\u00e3o dos resumos: 30\/04\/2026 *Os autores receber\u00e3o comunica\u00e7\u00e3o via e-mail.<\/p>\n","protected":false},"author":42,"featured_media":0,"parent":0,"menu_order":0,"comment_status":"closed","ping_status":"closed","template":"","meta":{"footnotes":""},"class_list":["post-280","page","type-page","status-publish","hentry"],"_links":{"self":[{"href":"https:\/\/ufpr.br\/eventos\/braspor\/wp-json\/wp\/v2\/pages\/280","targetHints":{"allow":["GET"]}}],"collection":[{"href":"https:\/\/ufpr.br\/eventos\/braspor\/wp-json\/wp\/v2\/pages"}],"about":[{"href":"https:\/\/ufpr.br\/eventos\/braspor\/wp-json\/wp\/v2\/types\/page"}],"author":[{"embeddable":true,"href":"https:\/\/ufpr.br\/eventos\/braspor\/wp-json\/wp\/v2\/users\/42"}],"replies":[{"embeddable":true,"href":"https:\/\/ufpr.br\/eventos\/braspor\/wp-json\/wp\/v2\/comments?post=280"}],"version-history":[{"count":8,"href":"https:\/\/ufpr.br\/eventos\/braspor\/wp-json\/wp\/v2\/pages\/280\/revisions"}],"predecessor-version":[{"id":563,"href":"https:\/\/ufpr.br\/eventos\/braspor\/wp-json\/wp\/v2\/pages\/280\/revisions\/563"}],"wp:attachment":[{"href":"https:\/\/ufpr.br\/eventos\/braspor\/wp-json\/wp\/v2\/media?parent=280"}],"curies":[{"name":"wp","href":"https:\/\/api.w.org\/{rel}","templated":true}]}}