{"id":269,"date":"2025-11-25T12:46:52","date_gmt":"2025-11-25T15:46:52","guid":{"rendered":"https:\/\/ufpr.br\/eventos\/braspor\/?page_id=269"},"modified":"2026-02-26T15:45:26","modified_gmt":"2026-02-26T18:45:26","slug":"historico-de-eventos","status":"publish","type":"page","link":"https:\/\/ufpr.br\/eventos\/braspor\/historico-de-eventos\/","title":{"rendered":"Hist\u00f3rico de Eventos"},"content":{"rendered":"\n<p>Desde a sua forma\u00e7\u00e3o, em 2011, a Rede BRASPOR, principalmente atrav\u00e9s das suas reuni\u00f5es plen\u00e1rias, t\u00eam vindo a criar sinergias diversificadas que, entre outros, t\u00eam propiciado:<\/p>\n\n\n\n<ul class=\"wp-block-list\">\n<li>A concretiza\u00e7\u00e3o de a\u00e7\u00f5es efetivas de colabora\u00e7\u00e3o entre diversos pesquisadores integrados na Rede;<\/li>\n<\/ul>\n\n\n\n<ul class=\"wp-block-list\">\n<li>A formula\u00e7\u00e3o de novos projetos de pesquisa posteriormente submetidos pelos pesquisadores envolvidos \u00e0s ag\u00eancias de financiamento da Ci\u00eancia para obten\u00e7\u00e3o de recursos;<\/li>\n<\/ul>\n\n\n\n<ul class=\"wp-block-list\">\n<li>A publica\u00e7\u00e3o de artigos em revistas cient\u00edficas internacionais resultantes de a\u00e7\u00f5es de pesquisa cuja formula\u00e7\u00e3o se iniciou nas reuni\u00f5es da Rede;<\/li>\n<\/ul>\n\n\n\n<ul class=\"wp-block-list\">\n<li>O estabelecimento de conv\u00eanios para permuta de estudantes de doutorado entre institui\u00e7\u00f5es brasileiras e portuguesas;<\/li>\n<\/ul>\n\n\n\n<ul class=\"wp-block-list\">\n<li>A publica\u00e7\u00e3o de livros integrando artigos cient\u00edficos correspondentes a apresenta\u00e7\u00f5es efetuadas nas reuni\u00f5es da Rede.<\/li>\n<\/ul>\n\n\n\n<p>Por iniciativa do CEPESE (Centro de Estudos da Popula\u00e7\u00e3o, Economia e Sociedade), realizou-se no Porto, entre 11 e 12 de Outubro de 2010, uma reuni\u00e3o de reflex\u00e3o em que se decidiu criar uma rede cient\u00edfica informal focalizada no estudo interdisciplinar das intera\u00e7\u00f5es Homem-Meio nas zonas costeiras, designada por Rede BRASPOR (Base de conhecimentos Relacionais APlicados para o ORdenamento do Litoral).<\/p>\n\n\n\n<p>Em 2011 na cidade do Porto, Portugal, foi estipulado que se efetuar\u00e1 anualmente uma Reuni\u00e3o da Rede BRASPOR, envolvendo desejavelmente todos os elementos da Rede, a qual se realizar\u00e1, alternadamente, em Portugal e no Brasil.<\/p>\n\n\n\n<p>Em 2012 a 2a Reuni\u00e3o da Rede BRASPOR ocorreu em Paraty (RJ, Brasil). A 2a Reuni\u00e3o da Rede BRASPOR, ocorreu de 1 a 4 de abril de 2012 na Casa da Cultura de Paraty (RJ, Brasil), tendo sido organizada por Antonieta Rodrigues (UERJ). Foi subordinada a tr\u00eas temas principais: Influ\u00eancias do Homem nas caracter\u00edsticas f\u00edsicas e qu\u00edmicas dos ecossistemas; A componente biol\u00f3gica dos ecossistemas na presen\u00e7a do Homem; e Parcerias Homem- Ambiente: conson\u00e2ncias e disson\u00e2ncias. Neste evento foi lan\u00e7ado o livro &#8220;Ba\u00eda de Sepetiba &#8211; Estado da Arte&#8221; como resultado do agrupamento dos melhores trabalhos expostos e discutidos no encontro anterior.<\/p>\n\n\n\n<p>Em 2013 a 3a Reuni\u00e3o da Rede BRASPOR, organizada por Ros\u00e1rio Bastos(UAb\/CEPESE) ocorreu em Ponte de Lima (Portugal). A 3a Reuni\u00e3o da Rede BRASPOR foi realizado de 22 a 24 de julho de 2013 Teatro Diogo Bernardes, em Ponte de Lima, Portugal. Esta reuni\u00e3o foi subordinada ao tema \u201cAmbientes Costeiros e Bacias Hidrogr\u00e1ficas\u201d. Durante o evento foi lan\u00e7ado novo livro BRASPOR (Intera\u00e7\u00f5es Homem \u2013 Meio nas zonas costeiras: Brasil \/ Portugal) constitu\u00eddo por uma selec\u00e7\u00e3o de trabalhos decorrentes do II Encontro da Rede.<\/p>\n\n\n\n<p><br>Em 2014 a 4a Reuni\u00e3o da Rede BRASPOR, organizada por Antonieta Rodrigues (UERJ) ocorreu em Manaus (AM, Brasil). A 4a Reuni\u00e3o da Rede BRASPOR ocorreu de 15 a 18 de outubro de 2014 no pr\u00e9dio da Reitoria da Universidade do Estado do Amazonas (UEA) (AM, Brasil), tendo como tema de base &#8220;O homem e a natureza como modeladores da paisagem litor\u00e2nea e as reais influ\u00eancias das bacias hidrogr\u00e1ficas&#8221;. Como se tornou h\u00e1bito, foi ent\u00e3o lan\u00e7ado novo livro BRASPOR, com o t\u00edtulo \u201cForma\u00e7\u00e3o e Ocupa\u00e7\u00e3o de Litorais nas Margens do Atl\u00e2ntico &#8211; Brasil \/ Portugal\u201d.<\/p>\n\n\n\n<p>Em 2015 a 5a Reuni\u00e3o da Rede BRASPOR, organizada por Joana Gaspar de Freitas (IELT) ocorreu em M\u00e9rtola (Portugal). A 5a Reuni\u00e3o da Rede BRASPOR ocorreu de 5 a 8 de outubro de 2015 no Cine Teatro da cidade de M\u00e9rtola, Portugal, tendo sido organizada por Lu\u00eds Cancela da Fonseca (MARE &#8211; UAlg), Joana Gaspar de Freitas (IELT &#8211; UL), Jo\u00e3o Alveirinho Dias (CIMA &#8211; UAlg), Cl\u00e1udio Torres (CAM), Maria Ros\u00e1rio Bastos (CEPESE &#8211; UAb) e Tomasz Moski (CIMA &#8211; UAlg) tendo como tema de base &#8220;Entre Rios e Mares: um Patrim\u00f3nio de Ambientes, Hist\u00f3ria e Saberes&#8221;. Como se tornou h\u00e1bito, foi ent\u00e3o lan\u00e7ado novo livro BRASPOR, com o t\u00edtulo \u201cO Homem e as Zonas Costeiras &#8211; Tomo IV da Rede BRASPOR\u201d.<\/p>\n\n\n\n<p>Em 2016 a 6a Reuni\u00e3o da Rede BRASPOR, organizada por Davis Pereira de Paula (UVA) ocorreu em Fortaleza (CE, Brasil). A 6a Reuni\u00e3o da Rede BRASPOR ocorreu de 24 a 27 de outubro de 2016 no Centro Cultural Drag\u00e3o do Mar da cidade de Fortaleza, Brasil, tendo sido organizada por J\u00e1der Onofre de Morais (UECE), Lidriana de Souza Pinheiro (LABOMAR\/UFC), Davis Pereira de Paula (UECE) e Paulo Roberto Silva Pessoa (UECE) tendo como tema de base &#8220;O Homem e o litoral: transforma\u00e7\u00f5es na paisagem ao longo do tempo&#8221;. Como se tornou h\u00e1bito, foi ent\u00e3o lan\u00e7ado novo livro BRASPOR, com o t\u00edtulo \u201cEntre Rios e Mares: um Patrim\u00f4nio de Ambientes, Hist\u00f3rias e Saberes &#8211; Tomo V da Rede BRASPOR\u201d.<\/p>\n\n\n\n<p>Em 2017 a 7a Reuni\u00e3o da Rede BRASPOR, organizada por Joana Gaspar de Freitas (IELT) ocorreu em Sesimbra (Portugal). A 7a reuni\u00e3o da Rede teve lugar na vila de Sesimbra, Portugal, entre 18 e 21 de Setembro. O encontro foi organizado por Ana Catarina Garcia, Ana Cristina Roque, Anabela Gato, Cristina Brito, Joana Gaspar de Freitas, Jo\u00e3o Alveirinho Dias, Lu\u00eds Cancela da Fonseca, Maria Ros\u00e1rio Bastos e Tomasz Boski. Contou com o apoio da C\u00e2mara Municipal de Sesimbra. Os trabalhos, que inclu\u00edram o lan\u00e7amento do 6o livro da Rede, confer\u00eancias, apresenta\u00e7\u00f5es de projetos, discuss\u00e3o de temas relativos \u00e0s zonas costeiras e reuni\u00f5es dos membros, decorreram na Fortaleza de Santiago, Cineteatro<br>Municipal Jo\u00e3o Mota e Audit\u00f3rio Conde de Ferreira. Foram feitas visitas de estudo ao Convento da Arr\u00e1bida, Cabo Espichel e Parque Marinho Luiz Saldanha.<\/p>\n\n\n\n<p>Em 2018 a 8a Reuni\u00e3o da Rede BRASPOR, organizada por Miguel da Guia Albuquerque (IFRS) ocorreu em Rio Grande (RS, Brasil). A 8a reuni\u00e3o da Rede ocorreu em Rio Grande (RS), Brasil, entre 19 e 22 de Setembro. O encontro foi organizado por Miguel da Guia Albuquerque, Jos\u00e9 Vicente de Freitas, Simone Eimiko Sato e Jo\u00e3o Luiz Nicolodi. Contou com o apoio do Minist\u00e9rio do Meio Ambiente e da FAPERGS e com os patroc\u00ednios de Acquaplan, Acquadin\u00e2mica, Mar Thetys, Appix, Sagres, Tecon, Wilson Sons Terminais e Espumantes do Sul. Os trabalhos, que inclu\u00edram o lan\u00e7amento do 7o livro da Rede, confer\u00eancias, apresenta\u00e7\u00f5es de projetos, discuss\u00e3o de temas relativos \u00e0s zonas costeiras e reuni\u00f5es dos membros, aconteceram no Audit\u00f3rio CIDEC-SUl da Universidade Federal de Rio Grande (FURG). Foram feitas visitas de estudo ao Centro Hist\u00f3rico de Rio Grande, Molhes da Barra e praia do Cassino e a Costa do Extremo Sul do Rio Grande do Sul.<\/p>\n\n\n\n<p>Em 2019 a 9a Reuni\u00e3o da Rede BRASPOR, organizada por Joana Gaspar de Freitas (IELT) ocorreu em Sagres (Portugal). A 9a reuni\u00e3o da Rede ocorreu em Sagres, Portugal, entre 9 e 12 de Outubro. O encontro foi organizado por Ana Cristina Roque (CH\u2013ULisboa), Ana Marcelino (CH\u2013ULisboa), Cristina Garcia (Direc\u00e7\u00e3o Regional Cultural do Algarve), Joana Gaspar de Freitas (CH\u2013ULisboa e IELT \u2013 UNova Lisboa), Lu\u00eds Sousa Martins (IELT \u2013 UNova Lisboa) e Ricardo Soares (C\u00e2mara Municipal Vila do Bispo). Contou com o apoio da C\u00e2mara Municipal de Sagres. Os trabalhos, que inclu\u00edram o lan\u00e7amento do 8o livro da Rede, confer\u00eancias, apresenta\u00e7\u00f5es de projetos, discuss\u00e3o de temas relativos \u00e0s zonas costeiras e reuni\u00f5es dos membros, aconteceram na Fortaleza de Sagres e na Doca Pesca da cidade de Sagres. Foram feitas visitas de estudo pelo litoral portugu\u00eas, de Lisboa at\u00e9 Sagres e, em detalhe, no litoral de Sagres.<\/p>\n\n\n\n<p>Em 2020 a 10a Reuni\u00e3o da Rede BRASPOR, organizada por Emiliano Castro de Oliveira (UNIFESP) ocorreu no formato online em Santos (SP, Brasil). A 10a reuni\u00e3o da Rede ocorreu online organizada em Santos, Brasil, entre 5 e 8 de Outubro. O encontro foi organizado por Emiliano Castro de Oliveira, Fernando Ramos Martins, Jos\u00e9 Alberto Carvalho dos Santos Claro, Jose Juan Barrera Alba, Liliane Janikian Paes de Almeida, Ronaldo Adriano Christofoletti e Vin\u00edcius Ribau Mendes, todos da UNIFESP. Contou com o apoio da UNIFESP. Os trabalhos, que inclu\u00edram o lan\u00e7amento do 9o livro da Rede, confer\u00eancias, apresenta\u00e7\u00f5es de trabalhos e reuni\u00f5es dos membros, aconteceram no canal do YouTube da Rede Braspor.<\/p>\n\n\n\n<p>Em 2021 a 11a Reuni\u00e3o da Rede BRASPOR, organizada por Monique Palma (UNL\/CITCEM) ocorreu no formato online em Porto (Portugal). A 11a reuni\u00e3o da Rede ocorreu online organizada em Porto, Portugal, entre 26 e 29 de Outubro. O encontro foi organizado por Am\u00e9lia Pol\u00f3nia, CITCEM FLUPorto &amp; FLUL, Universidade do Porto (Portugal), Maria Ros\u00e1rio Bastos, CITCEM \u2013 UP &amp; Universidade Aberta (Portugal), Monique Palma, CITCEM \u2013 UP &amp; CIUHCT \u2013 FCT, Universidade NOVA de Lisboa (Portugal), Oleg\u00e1rio Pereira, MARE \u2013 FCT Universidade NOVA de Lisboa (Portugal) e Pedro Isidoro, Universidade Aberta (Portugal). Os trabalhos, que inclu\u00edram o lan\u00e7amento do 10o livro da Rede, confer\u00eancias, apresenta\u00e7\u00f5es<br>de trabalhos e reuni\u00f5es dos membros, aconteceram atrav\u00e9s do aplicativo Zoom, e encontram-se dispon\u00edveis no site do evento e no canal do YouTube da Rede Braspor.<\/p>\n\n\n\n<p>Em 2022 a 12a Reuni\u00e3o da Rede BRASPOR, organizada por Cristina Crispim (UFPB) ocorreu em Jo\u00e3o Pessoa (PB, Brasil). A 12a reuni\u00e3o da Rede ocorreu em Jo\u00e3o Pessoa, Brasil, entre 8 e 11 de Novembro. O encontro foi organizado por Maria Cristina Crispim, Carlos Alberto, Clarisse Teixeira Adloff, Ernane Nogueira Nunes, George Emmanuel Cavalcanti de Miranda, Jane Enisa Torelli de Sousa, Karina Massel, Randolpho Savio de Araujo Marinho, S\u00e9rgio Costa de Melo, Tiago Lima de Gusm\u00e3o e Ulrich Vasconcelos de Rocha Gomes, todos da UFPB. Contou com o apoio da UFPB e Aqu\u00e1rio da Para\u00edba. Os trabalhos, que inclu\u00edram o lan\u00e7amento do 11o livro da Rede, confer\u00eancias, apresenta\u00e7\u00f5es de trabalhos e reuni\u00f5es dos membros, al\u00e9m de uma sa\u00edda ao mar para visita aos recifes de corais do Cabo Branco e uma visita \u00e0 Floresta Nacional da Restinga de Cabedelo, que terminou com a vista do p\u00f4r-do-sol no Jacar\u00e9. O encontro aconteceu no Campus Santa Rita da UFPB.<\/p>\n\n\n\n<p>Em 2023 a 13a Reuni\u00e3o da Rede BRASPOR, organizada por Catarina Garcia (UNL\/CHAM) ocorreu em Cascais (Portugal). A 13a reuni\u00e3o da Rede ocorreu em Cascais, Portugal, entre 25 e 28 de Outubro. O encontro foi organizado por Ana Catarina Garcia, Joana Ba\u00e7o, Br\u00edgida Baptista, Mariana Boscariol, Jorge Freire (C\u00e2mara Municipal de Cascais), Ana Satiro, Jaime Silva, todos do Centro de Humanidades, NOVA FCSH e Felipe N\u00f3brega Ferreira (FURG). Contou com o apoio da NOVA FCSH, CHAM, Unesco, 4Oceans, ERC, CONCHA e Munic\u00edpio de Cascais. Os trabalhos, que inclu\u00edram o lan\u00e7amento do 12o livro da Rede, confer\u00eancias, apresenta\u00e7\u00f5es de trabalhos e reuni\u00f5es dos membros, al\u00e9m de uma sa\u00edda ao mar no Gale\u00e3o do Sal. O encontro aconteceu no Museu do Mar Rei D. Carlos (Cascais) e no Centro de Interpreta\u00e7\u00e3o Ambiental da Pedra do Sal (S\u00e3o Pedro do Estoril).<\/p>\n\n\n\n<p>Em 2024 a 14a Reuni\u00e3o da Rede BRASPOR, organizada por F\u00e1bio Ferreira Dias (UFF), ocorreu em Niter\u00f3i (RJ, Brasil) no Campus Praia Vermelha da Universidade Federal Fluminense. O encontro ocorreu durante os dias 27 a 31 de outubro e contou com a participa\u00e7\u00e3o da delega\u00e7\u00e3o portuguesa e integrantes de Mo\u00e7ambique.<\/p>\n\n\n\n<p>Em 2025 a 15\u00b0 Reuni\u00e3o da Rede BRASPOR ocorrer\u00e1 nos dias 22 a 25 de Outubro de 2025, na cidade do Porto em Portugal, especificamente na Universidade Aberta do Porto.<\/p>\n\n\n\n<p>Em 2026 a 16\u00b0 Reuni\u00e3o da Rede BRASPOR ocorrer\u00e1 nos dias 04 a 07 de novembro de 2026, na cidade de Matinhos, no Campus Litoral da Universidade Federal do Paran\u00e1.<\/p>\n","protected":false},"excerpt":{"rendered":"<p>Desde a sua forma\u00e7\u00e3o, em 2011, a Rede BRASPOR, principalmente atrav\u00e9s das suas reuni\u00f5es plen\u00e1rias, t\u00eam vindo a criar sinergias diversificadas que, entre outros, t\u00eam propiciado: Por iniciativa do CEPESE (Centro de Estudos da Popula\u00e7\u00e3o, Economia e Sociedade), realizou-se no Porto, entre 11 e 12 de Outubro de 2010, uma reuni\u00e3o de reflex\u00e3o em que [&hellip;]<\/p>\n","protected":false},"author":42,"featured_media":0,"parent":0,"menu_order":0,"comment_status":"closed","ping_status":"closed","template":"","meta":{"footnotes":""},"class_list":["post-269","page","type-page","status-publish","hentry"],"_links":{"self":[{"href":"https:\/\/ufpr.br\/eventos\/braspor\/wp-json\/wp\/v2\/pages\/269","targetHints":{"allow":["GET"]}}],"collection":[{"href":"https:\/\/ufpr.br\/eventos\/braspor\/wp-json\/wp\/v2\/pages"}],"about":[{"href":"https:\/\/ufpr.br\/eventos\/braspor\/wp-json\/wp\/v2\/types\/page"}],"author":[{"embeddable":true,"href":"https:\/\/ufpr.br\/eventos\/braspor\/wp-json\/wp\/v2\/users\/42"}],"replies":[{"embeddable":true,"href":"https:\/\/ufpr.br\/eventos\/braspor\/wp-json\/wp\/v2\/comments?post=269"}],"version-history":[{"count":9,"href":"https:\/\/ufpr.br\/eventos\/braspor\/wp-json\/wp\/v2\/pages\/269\/revisions"}],"predecessor-version":[{"id":471,"href":"https:\/\/ufpr.br\/eventos\/braspor\/wp-json\/wp\/v2\/pages\/269\/revisions\/471"}],"wp:attachment":[{"href":"https:\/\/ufpr.br\/eventos\/braspor\/wp-json\/wp\/v2\/media?parent=269"}],"curies":[{"name":"wp","href":"https:\/\/api.w.org\/{rel}","templated":true}]}}