{"id":118,"date":"2024-10-17T09:52:47","date_gmt":"2024-10-17T12:52:47","guid":{"rendered":"https:\/\/ufpr.br\/audin\/\/?page=118"},"modified":"2024-11-01T20:51:03","modified_gmt":"2024-11-01T23:51:03","slug":"530-2","status":"publish","type":"page","link":"https:\/\/ufpr.br\/audin\/530-2\/","title":{"rendered":"Auditoria"},"content":{"rendered":"\n<h2 class=\"wp-block-heading\"><\/h2>\n\n\n\n<p><strong>Cria\u00e7\u00e3o:<\/strong>&nbsp;a&nbsp;Auditoria Interna da UFPR foi criada em 1991 atrav\u00e9s da Resolu\u00e7\u00e3o n\u00b0&nbsp;15\/91-CA como uma&nbsp;Assessoria t\u00e9cnica-cont\u00e1bil e encontrava-se vinculada ao&nbsp;Gabinete do Reitor. Em 21\/02\/2003,&nbsp;atrav\u00e9s da Portaria n\u00b0 471\/GR,&nbsp;passou a ser&nbsp;vinculada ao Conselho de Curadores.&nbsp;<\/p>\n\n\n\n<p><strong>Miss\u00e3o:<\/strong>&nbsp;a miss\u00e3o da Unidade de Auditoria Interna (AUDIN) \u00e9 contribuir \u2013 de forma independente \u2013 tanto para a avalia\u00e7\u00e3o quanto para o aprimoramento do gerenciamento de riscos, dos controles internos e da governan\u00e7a da Institui\u00e7\u00e3o, al\u00e9m de agregar valor \u00e0s pr\u00e1ticas administrativas e colaborar para a melhoria da gest\u00e3o quanto \u00e0 efic\u00e1cia, efici\u00eancia e economicidade dos processos.&nbsp;<\/p>\n\n\n\n<p><strong>Princ\u00edpios:&nbsp;<\/strong>aqueles que atuam na AUDIN dever\u00e3o observar os seguintes princ\u00edpios:&nbsp;<\/p>\n\n\n\n<ol class=\"wp-block-list\">\n<li>&nbsp;Integridade;<\/li>\n\n\n\n<li>&nbsp;Autonomia t\u00e9cnica;<\/li>\n\n\n\n<li>&nbsp;Objetividade;<\/li>\n\n\n\n<li>&nbsp;Profici\u00eancia;<\/li>\n\n\n\n<li>&nbsp;Zelo profissional;<\/li>\n\n\n\n<li>&nbsp;Sigilo Profissional.<\/li>\n<\/ol>\n\n\n\n<p><strong>Compet\u00eancias:&nbsp;<\/strong>compete \u00e0 Unidade de Auditoria Interna oferecer trabalhos de avalia\u00e7\u00e3o e consultoria, destinados \u00e0 melhoria da governan\u00e7a, dos controles internos e da gest\u00e3o de riscos, de forma que controles mais eficientes e eficazes mitiguem os principais riscos de que a entidade n\u00e3o alcance seus objetivos e os mantenham em um n\u00edvel aceit\u00e1vel.&nbsp;<\/p>\n\n\n\n<p>\u00c0 Unidade de Auditoria Interna compete:&nbsp;<\/p>\n\n\n\n<ul class=\"wp-block-list\">\n<li>I. Realizar auditorias de cunho preventivo e orientador;&nbsp;<\/li>\n\n\n\n<li>II. Avaliar processos, controles internos e gest\u00e3o de riscos implementados;&nbsp;<\/li>\n\n\n\n<li>III. Examinar a efici\u00eancia, a efic\u00e1cia, a economicidade, a efetividade, e a responsabilidade socioambiental na aplica\u00e7\u00e3o e utiliza\u00e7\u00e3o dos recursos p\u00fablicos;&nbsp;<\/li>\n\n\n\n<li>IV. Prover servi\u00e7os de consultoria \u00e0 alta Administra\u00e7\u00e3o quanto \u00e0 governan\u00e7a, controles internos e gest\u00e3o de riscos, quando apropriado;&nbsp;<\/li>\n\n\n\n<li>V. Examinar a aplica\u00e7\u00e3o de normativos, planos, programas e diretrizes tra\u00e7ados pela UFPR;&nbsp;&nbsp;<\/li>\n\n\n\n<li>VI. Informar tempestivamente \u00e0 alta Administra\u00e7\u00e3o e\/ou ao CONCUR sobre assuntos que \u2013 por sua relev\u00e2ncia e\/ou materialidade \u2013 imponham uma a\u00e7\u00e3o imediata por parte dessas inst\u00e2ncias;&nbsp;<\/li>\n\n\n\n<li>VII. Proceder a visitas t\u00e9cnicas peri\u00f3dicas aos campi;&nbsp;<\/li>\n\n\n\n<li>VIII. Acompanhar os planos de a\u00e7\u00e3o decorrentes das recomenda\u00e7\u00f5es relativas aos achados de auditoria, que permanecer\u00e3o em aberto at\u00e9 sua total implementa\u00e7\u00e3o;&nbsp;<\/li>\n\n\n\n<li>IX. Verificar a regularidade das contas cont\u00e1beis patrimoniais, financeiras e de controle, por meio do exame nos registros cont\u00e1beis e na documenta\u00e7\u00e3o comprobat\u00f3ria dos registros, visando a comprovar a efici\u00eancia, a efic\u00e1cia e a efetividade na aplica\u00e7\u00e3o dos recursos dispon\u00edveis;&nbsp;<\/li>\n\n\n\n<li>X. Analisar e acompanhar as execu\u00e7\u00f5es or\u00e7ament\u00e1ria, financeira, patrimonial, operacional e de transfer\u00eancias volunt\u00e1rias;&nbsp;<\/li>\n\n\n\n<li>XI. Examinar os processos financeiros relativos \u00e0 aquisi\u00e7\u00e3o de bens, contrata\u00e7\u00f5es de presta\u00e7\u00e3o de servi\u00e7os, realiza\u00e7\u00e3o de obras e aliena\u00e7\u00f5es, no \u00e2mbito da Institui\u00e7\u00e3o, por amostragem e de acordo com as a\u00e7\u00f5es previstas no PAINT;&nbsp;<\/li>\n\n\n\n<li>XII. Analisar e verificar os Balan\u00e7os Gerais, os balancetes mensais e relat\u00f3rios financeiros do exerc\u00edcio;&nbsp;<\/li>\n\n\n\n<li>XIII. Dar ci\u00eancia ao TCU e \u00e0 CGU acerca das irregularidades e ilegalidades ocorridas no \u00e2mbito da UFPR de que os auditores internos venham a tomar conhecimento.<\/li>\n<\/ul>\n\n\n\n<p><strong>Processos de auditoria<\/strong><\/p>\n\n\n\n<p>I \u2013\u00a0<a href=\"https:\/\/ufpr.br\/audin\/wp-content\/uploads\/sites\/7\/2024\/10\/p00-1.png\" target=\"_blank\" rel=\"noopener\" title=\"\">Macroprocesso<\/a><br>II \u2013\u00a0<a href=\"https:\/\/ufpr.br\/audin\/plano-anual-de-auditoria-interna-2\/\" target=\"_blank\" rel=\"noopener\" title=\"\">PAINT<\/a><br>I.III \u2013 <a href=\"https:\/\/ufpr.br\/audin\/wp-content\/uploads\/sites\/7\/2024\/10\/a01-paint-3-1.png\" target=\"_blank\" rel=\"noopener\" title=\"\">Auditoria Interna<\/a><br>I.III.a \u2013\u00a0<a href=\"https:\/\/ufpr.br\/audin\/wp-content\/uploads\/sites\/7\/2024\/10\/a02-auditoria-operacional-planejamento-1.png\" target=\"_blank\" rel=\"noopener\" title=\"\">Planejamento Operacional<\/a><br>I.III.b \u2013\u00a0<a href=\"https:\/\/ufpr.br\/audin\/wp-content\/uploads\/sites\/7\/2024\/10\/a03-auditoria-operacional-execucao-2.png\" target=\"_blank\" rel=\"noopener\" title=\"\">Execu\u00e7\u00e3o de Auditoria<\/a><br>I.III.c \u2013\u00a0<a href=\"https:\/\/ufpr.br\/audin\/wp-content\/uploads\/sites\/7\/2024\/10\/a04-monitoramento-2.png\" target=\"_blank\" rel=\"noopener\" title=\"\">Monitoramento<\/a><br>I.IV \u2013\u00a0<a href=\"https:\/\/ufpr.br\/audin\/wp-content\/uploads\/sites\/7\/2024\/10\/a05-plano-de-providencias-permanente-1.png\" target=\"_blank\" rel=\"noopener\" title=\"\">Plano de Provid\u00eancias Permanente<\/a><br>I.V \u2013\u00a0<a href=\"https:\/\/ufpr.br\/audin\/relatorio-anual-de-atividades-de-auditoria-interna-2\/\" target=\"_blank\" rel=\"noopener\" title=\"\">RAINT<\/a><\/p>\n\n\n\n<p><\/p>\n","protected":false},"excerpt":{"rendered":"<p>Cria\u00e7\u00e3o:&nbsp;a&nbsp;Auditoria Interna da UFPR foi criada em 1991 atrav\u00e9s da Resolu\u00e7\u00e3o n\u00b0&nbsp;15\/91-CA como uma&nbsp;Assessoria t\u00e9cnica-cont\u00e1bil e encontrava-se vinculada ao&nbsp;Gabinete do Reitor. Em 21\/02\/2003,&nbsp;atrav\u00e9s da Portaria n\u00b0 471\/GR,&nbsp;passou a ser&nbsp;vinculada ao Conselho de Curadores.&nbsp; Miss\u00e3o:&nbsp;a miss\u00e3o da Unidade de Auditoria Interna (AUDIN) \u00e9 contribuir \u2013 de forma independente \u2013 tanto para a avalia\u00e7\u00e3o quanto para o [&hellip;]<\/p>\n","protected":false},"author":58,"featured_media":0,"parent":0,"menu_order":0,"comment_status":"closed","ping_status":"closed","template":"","meta":{"footnotes":""},"class_list":["post-118","page","type-page","status-publish","hentry"],"_links":{"self":[{"href":"https:\/\/ufpr.br\/audin\/wp-json\/wp\/v2\/pages\/118","targetHints":{"allow":["GET"]}}],"collection":[{"href":"https:\/\/ufpr.br\/audin\/wp-json\/wp\/v2\/pages"}],"about":[{"href":"https:\/\/ufpr.br\/audin\/wp-json\/wp\/v2\/types\/page"}],"author":[{"embeddable":true,"href":"https:\/\/ufpr.br\/audin\/wp-json\/wp\/v2\/users\/58"}],"replies":[{"embeddable":true,"href":"https:\/\/ufpr.br\/audin\/wp-json\/wp\/v2\/comments?post=118"}],"version-history":[{"count":12,"href":"https:\/\/ufpr.br\/audin\/wp-json\/wp\/v2\/pages\/118\/revisions"}],"predecessor-version":[{"id":216,"href":"https:\/\/ufpr.br\/audin\/wp-json\/wp\/v2\/pages\/118\/revisions\/216"}],"wp:attachment":[{"href":"https:\/\/ufpr.br\/audin\/wp-json\/wp\/v2\/media?parent=118"}],"curies":[{"name":"wp","href":"https:\/\/api.w.org\/{rel}","templated":true}]}}