{"id":116,"date":"2024-10-17T09:48:54","date_gmt":"2024-10-17T12:48:54","guid":{"rendered":"https:\/\/ufpr.br\/audin\/\/?page=116"},"modified":"2026-02-25T08:09:32","modified_gmt":"2026-02-25T11:09:32","slug":"equipe-2","status":"publish","type":"page","link":"https:\/\/ufpr.br\/audin\/equipe-2\/","title":{"rendered":"Equipe"},"content":{"rendered":"\n<h2 class=\"wp-block-heading\">Hor\u00e1rio de Expediente: das 08h \u00e0s 12h e das 14h \u00e0s 18h.<\/h2>\n\n\n\n<p>\u2014\u2014\u2014\u2014\u2014\u2014\u2014\u2014\u2014\u2014\u2014\u2014<\/p>\n\n\n\n<p>C\u00e9sar da Costa \u2013&nbsp;Auditor-Chefe&nbsp;|&nbsp;<a href=\"https:\/\/outlook.office365.com\/owa\/calendar\/f06189593fdc49118fe76fc99ec3bf65@ufpr.br\/166689bcf14b4b05b8722a990f0799aa9014091857127656616\/calendar.html\" target=\"_blank\" rel=\"noreferrer noopener\">Agenda<\/a> \u2022 <a href=\"https:\/\/lattes.cnpq.br\/0071825108081700\" target=\"_blank\" rel=\"noreferrer noopener\">Lattes<\/a><\/p>\n\n\n\n<p>Caixa SEI: Auditoria Interna \u2013 UFPR\/R\/AUDIN<\/p>\n\n\n\n<p>Matr\u00edcula UFPR: 207243<\/p>\n\n\n\n<p>E-mail\/Teams:&nbsp;<a href=\"mailto:cesar.costa@ufpr.br\" target=\"_blank\" rel=\"noreferrer noopener\">cesar.costa@ufpr.br<\/a><\/p>\n\n\n\n<p>(41) 3360-5341&nbsp;<\/p>\n\n\n\n<p>\u2014\u2014\u2014\u2014\u2014\u2014\u2014\u2014\u2014\u2014\u2014\u2014<\/p>\n\n\n\n<p>Carolina&nbsp;Salv\u00e3o&nbsp;Vanni&nbsp;\u2013 Auditora&nbsp;|&nbsp;<a href=\"https:\/\/outlook.office365.com\/owa\/calendar\/aa98313058344dcc88ee064bee7b5b74@ufpr.br\/a6cee5edb2134071bc8f207e16285fb55711648450157792294\/calendar.html\" target=\"_blank\" rel=\"noreferrer noopener\">Agenda<\/a><\/p>\n\n\n\n<p>Caixa SEI: Unidade de Execu\u00e7\u00e3o de Auditorias Operacionais \u2013 UFPR\/R\/AUDIN\/UEX<\/p>\n\n\n\n<p>Matr\u00edcula UFPR: 206495<\/p>\n\n\n\n<p>E-mail\/Teams:&nbsp;<a href=\"mailto:carolinavanni@ufpr.br\" target=\"_blank\" rel=\"noreferrer noopener\">carolinavanni@ufpr.br<\/a>&nbsp;<\/p>\n\n\n\n<p>Em regime de teletrabalho integral.<\/p>\n\n\n\n<p>\u2014\u2014\u2014\u2014\u2014\u2014\u2014\u2014\u2014\u2014\u2014\u2014<\/p>\n\n\n\n<p>Celso Saque \u2013 Auditor<\/p>\n\n\n\n<p>Caixa SEI: Unidade de Execu\u00e7\u00e3o de Auditorias Operacionais \u2013 UFPR\/R\/AUDIN\/UEX<\/p>\n\n\n\n<p>Matr\u00edcula UFPR: 204708<\/p>\n\n\n\n<p>E-mail\/Teams:&nbsp;<a href=\"mailto:Saque@ufpr.br\" target=\"_blank\" rel=\"noreferrer noopener\">saque@ufpr.br<\/a>&nbsp;<\/p>\n\n\n\n<p>(41) 3360-5342<\/p>\n\n\n\n<p>\u2014\u2014\u2014\u2014\u2014\u2014\u2014\u2014\u2014\u2014\u2014\u2014<br><\/p>\n\n\n\n<p>Debora&nbsp;Ceciliotti&nbsp;Barcelos \u2013 Auditora&nbsp;(servidora cedida a outro \u00f3rg\u00e3o da Administra\u00e7\u00e3o P\u00fablica Federal)<\/p>\n\n\n\n<p><a href=\"mailto:deborabarcelos@ufpr.br\" target=\"_blank\" rel=\"noreferrer noopener\">deborabarcelos@ufpr.br<\/a>&nbsp;<\/p>\n\n\n\n<p>\u2014\u2014\u2014\u2014\u2014\u2014\u2014\u2014\u2014\u2014\u2014\u2014<\/p>\n\n\n\n<p>Evandro Gouv\u00eaa da Costa \u2013 Auditor<\/p>\n\n\n\n<p>Caixa SEI: Unidade de Execu\u00e7\u00e3o de Auditorias Operacionais \u2013 UFPR\/R\/AUDIN\/UEX<\/p>\n\n\n\n<p>Matr\u00edcula UFPR: 206467<\/p>\n\n\n\n<p>E-mail\/Teams:&nbsp;<a href=\"mailto:evandro.costa@ufpr.br\" target=\"_blank\" rel=\"noreferrer noopener\">evandro.costa@ufpr.br&nbsp;<\/a><\/p>\n\n\n\n<p>Em regime de teletrabalho integral.<\/p>\n\n\n\n<p>\u2014\u2014\u2014\u2014\u2014\u2014\u2014\u2014\u2014\u2014\u2014\u2014<\/p>\n\n\n\n<p>Guilherme Andrade Romualdo \u2013 Auditor<\/p>\n\n\n\n<p>Caixa SEI: Unidade de Execu\u00e7\u00e3o de Auditorias Operacionais \u2013 UFPR\/R\/AUDIN\/UEX<\/p>\n\n\n\n<p>Matr\u00edcula UFPR: 208370<\/p>\n\n\n\n<p>E-mail\/Teams:&nbsp;<a href=\"mailto:Andradeguilherme@ufpr.br\">andradeguilherme@ufpr.br<\/a><\/p>\n\n\n\n<p>Em regime de teletrabalho integral.<\/p>\n\n\n\n<p>\u2014\u2014\u2014\u2014\u2014\u2014\u2014\u2014\u2014\u2014\u2014\u2014<\/p>\n\n\n\n<p>Lais Rodrigues Griebeler \u2013 Auditora (em licen\u00e7a)<\/p>\n\n\n\n<p><a href=\"mailto:lais.griebeler@ufpr.br\">lais.griebeler@ufpr.br<\/a><\/p>\n\n\n\n<p>\u2014\u2014\u2014\u2014\u2014\u2014\u2014\u2014\u2014\u2014\u2014\u2014<\/p>\n\n\n\n<p>Luciane&nbsp;Mialik&nbsp;Wagnitz&nbsp;Linczuk&nbsp;\u2013 Auditora<\/p>\n\n\n\n<p>Caixa SEI: Unidade de Execu\u00e7\u00e3o de Auditorias Operacionais \u2013 UFPR\/R\/AUDIN\/UEX<\/p>\n\n\n\n<p>Matr\u00edcula UFPR: 154059<\/p>\n\n\n\n<p>E-mail\/Teams:&nbsp;<a href=\"mailto:lumialik@ufpr.br\" target=\"_blank\" rel=\"noreferrer noopener\">lumialik@ufpr.br&nbsp;<\/a><\/p>\n\n\n\n<p>(41) 3360-5340<\/p>\n\n\n\n<p>Em regime de teletrabalho parcial.<\/p>\n\n\n\n<p>\u2014\u2014\u2014\u2014\u2014\u2014\u2014\u2014\u2014\u2014\u2014\u2014<\/p>\n\n\n\n<p>Luiz Eduardo&nbsp;Croesy&nbsp;Jenkins &#8211; Auditor&nbsp;| <a href=\"https:\/\/outlook.office365.com\/owa\/calendar\/a725f2ca6ec24fd09f834a111063c9eb@ufpr.br\/049a672502534b8abfd52efbf4c5753f12153041752716216761\/calendar.html\" target=\"_blank\" rel=\"noreferrer noopener\">Agenda<\/a>&nbsp;\u2022&nbsp;<a href=\"http:\/\/lattes.cnpq.br\/5387788655968869\" target=\"_blank\" rel=\"noreferrer noopener\">Lattes<\/a><\/p>\n\n\n\n<p>Caixa SEI: Unidade de Execu\u00e7\u00e3o de Auditorias Operacionais \u2013 UFPR\/R\/AUDIN\/UEX<\/p>\n\n\n\n<p>Matr\u00edcula UFPR: 204529<\/p>\n\n\n\n<p><a href=\"mailto:luizjenkins@ufpr.br\" target=\"_blank\" rel=\"noreferrer noopener\">luizjenkins@ufpr.br<\/a><\/p>\n\n\n\n<p>Em regime de teletrabalho integral.<\/p>\n\n\n\n<p>_____________________________<\/p>\n\n\n\n<p>Manoel Alencar de Queiroz \u2013 Auditor&nbsp;&nbsp;|&nbsp;<a href=\"https:\/\/outlook.office365.com\/owa\/calendar\/725c19c5557c4bd7bd08861019bf3f2d@ufpr.br\/96b4f3fc57fc4ba587bffef2d9b1b9cd12594523600115078149\/calendar.html\" target=\"_blank\" rel=\"noreferrer noopener\">Agenda<\/a><\/p>\n\n\n\n<p>Caixa SEI: Unidade de Monitoramento de Auditorias \u2013 UFPR\/R\/AUDIN\/UMA<\/p>\n\n\n\n<p>Matr\u00edcula UFPR: 207930<\/p>\n\n\n\n<p>E-mail\/Teams:&nbsp;<a href=\"mailto:manoel.queiroz@ufpr.br\">manoel.queiroz@ufpr.br<\/a><\/p>\n\n\n\n<p>Em regime de teletrabalho parcial<\/p>\n\n\n\n<p>_____________________________<\/p>\n\n\n\n<p>Matheus Buratto dos Santos &#8211; Auditor<\/p>\n\n\n\n<p>Caixa SEI: Unidade de Execu\u00e7\u00e3o de Auditorias Operacionais \u2013 UFPR\/R\/AUDIN\/UEX<\/p>\n\n\n\n<p>Matr\u00edcula UFPR: 209263<\/p>\n\n\n\n<p>E-mail\/Teams:&nbsp;<a href=\"mailto:manoel.queiroz@ufpr.br\">matheus.buratto@ufpr.br<\/a><\/p>\n\n\n\n<p>\u2014\u2014\u2014\u2014\u2014\u2014\u2014\u2014\u2014\u2014\u2014\u2014<\/p>\n\n\n\n<p>Eduardo Henrique Beeck \u2013 Assistente em Administra\u00e7\u00e3o |&nbsp;<a href=\"https:\/\/outlook.office365.com\/owa\/calendar\/89f1e3dacdc44c68bb24a52227c54370@ufpr.br\/dfdfcd7c3e2b47529d2aaf9a34fdec0315004208256667353154\/calendar.html\" target=\"_blank\" rel=\"noreferrer noopener\">Agenda<\/a><\/p>\n\n\n\n<p>Caixa SEI: Se\u00e7\u00e3o de Apoio Administrativo \u2013 UFPR\/R\/AUDIN\/SAA<\/p>\n\n\n\n<p>Matr\u00edcula UFPR: 207084<\/p>\n\n\n\n<p>E-mail\/Teams:&nbsp;<a href=\"mailto:eduardo.beeck@ufpr.br\">eduardo.beeck@ufpr.br<\/a><\/p>\n\n\n\n<p>Em regime de teletrabalho parcial.<\/p>\n\n\n\n<p>\u2014\u2014\u2014\u2014\u2014\u2014\u2014\u2014\u2014\u2014\u2014\u2014<\/p>\n\n\n\n<p>Silvana Bolgenhagen \u2013 T\u00e9cnica em Contabilidade<\/p>\n\n\n\n<p>Caixa SEI: Unidade de Execu\u00e7\u00e3o de Auditorias Operacionais \u2013 UFPR\/R\/AUDIN\/UEX<\/p>\n\n\n\n<p>Matr\u00edcula UFPR: 201667<\/p>\n\n\n\n<p>E-mail\/Teams: <a href=\"mailto:deborabarcelos@ufpr.br\" target=\"_blank\" rel=\"noreferrer noopener\">silvanabolg@ufpr.br<\/a>&nbsp;<\/p>\n\n\n\n<p>\u2014\u2014\u2014\u2014\u2014\u2014\u2014\u2014\u2014\u2014\u2014\u2014<\/p>\n\n\n\n<p>Sueli Emiko Oyama &#8211; Assistente em Administra\u00e7\u00e3o<\/p>\n\n\n\n<p>Caixa SEI: Se\u00e7\u00e3o de Acompanhamento Externo &#8211; UFPR\/R\/AUDIN\/SAE<\/p>\n\n\n\n<p>Matr\u00edcula UFPR: 204632<\/p>\n\n\n\n<p>E-mail\/Teams:&nbsp;<a href=\"mailto:eduardo.beeck@ufpr.br\">suelioyama@ufpr.br<\/a><\/p>\n\n\n\n<p>Em regime de teletrabalho parcial.<\/p>\n","protected":false},"excerpt":{"rendered":"<p>Hor\u00e1rio de Expediente: das 08h \u00e0s 12h e das 14h \u00e0s 18h. \u2014\u2014\u2014\u2014\u2014\u2014\u2014\u2014\u2014\u2014\u2014\u2014 C\u00e9sar da Costa \u2013&nbsp;Auditor-Chefe&nbsp;|&nbsp;Agenda \u2022 Lattes Caixa SEI: Auditoria Interna \u2013 UFPR\/R\/AUDIN Matr\u00edcula UFPR: 207243 E-mail\/Teams:&nbsp;cesar.costa@ufpr.br (41) 3360-5341&nbsp; \u2014\u2014\u2014\u2014\u2014\u2014\u2014\u2014\u2014\u2014\u2014\u2014 Carolina&nbsp;Salv\u00e3o&nbsp;Vanni&nbsp;\u2013 Auditora&nbsp;|&nbsp;Agenda Caixa SEI: Unidade de Execu\u00e7\u00e3o de Auditorias Operacionais \u2013 UFPR\/R\/AUDIN\/UEX Matr\u00edcula UFPR: 206495 E-mail\/Teams:&nbsp;carolinavanni@ufpr.br&nbsp; Em regime de teletrabalho integral. \u2014\u2014\u2014\u2014\u2014\u2014\u2014\u2014\u2014\u2014\u2014\u2014 Celso [&hellip;]<\/p>\n","protected":false},"author":58,"featured_media":0,"parent":0,"menu_order":0,"comment_status":"closed","ping_status":"closed","template":"","meta":{"footnotes":""},"class_list":["post-116","page","type-page","status-publish","hentry"],"_links":{"self":[{"href":"https:\/\/ufpr.br\/audin\/wp-json\/wp\/v2\/pages\/116","targetHints":{"allow":["GET"]}}],"collection":[{"href":"https:\/\/ufpr.br\/audin\/wp-json\/wp\/v2\/pages"}],"about":[{"href":"https:\/\/ufpr.br\/audin\/wp-json\/wp\/v2\/types\/page"}],"author":[{"embeddable":true,"href":"https:\/\/ufpr.br\/audin\/wp-json\/wp\/v2\/users\/58"}],"replies":[{"embeddable":true,"href":"https:\/\/ufpr.br\/audin\/wp-json\/wp\/v2\/comments?post=116"}],"version-history":[{"count":24,"href":"https:\/\/ufpr.br\/audin\/wp-json\/wp\/v2\/pages\/116\/revisions"}],"predecessor-version":[{"id":479,"href":"https:\/\/ufpr.br\/audin\/wp-json\/wp\/v2\/pages\/116\/revisions\/479"}],"wp:attachment":[{"href":"https:\/\/ufpr.br\/audin\/wp-json\/wp\/v2\/media?parent=116"}],"curies":[{"name":"wp","href":"https:\/\/api.w.org\/{rel}","templated":true}]}}