{"id":875,"date":"2024-11-21T16:15:52","date_gmt":"2024-11-21T19:15:52","guid":{"rendered":"https:\/\/ufpr.br\/agtic\/\/?page=875"},"modified":"2024-11-21T16:16:47","modified_gmt":"2024-11-21T19:16:47","slug":"procedimentos-basicos-de-restauracao-do-sistema-operacional-windows","status":"publish","type":"page","link":"https:\/\/ufpr.br\/agtic\/procedimentos-basicos-de-restauracao-do-sistema-operacional-windows\/","title":{"rendered":"Procedimentos b\u00e1sicos de restaura\u00e7\u00e3o do sistema operacional Windows"},"content":{"rendered":"\n<p>Na sequ\u00eancia da a\u00e7\u00e3o de parceria com a PRAE, apresentamos este outro tutorial que complementa o anterior, cujo intuito seria auxiliar na formaliza\u00e7\u00e3o da entrega dos equipamentos sob empr\u00e9stimo aos alunos. Este v\u00eddeo, em conjunto com o anterior, visam orientar procedimentos b\u00e1sicos de restaura\u00e7\u00e3o do sistema operacional, n\u00e3o somente dos equipamentos da UFPR mas, apropriadamente aos equipamentos que integram o projeto encampado pela PRAE. Isto quer dizer que, qualquer pessoa atendendo estas orienta\u00e7\u00f5es poder\u00e1 restaurar o sistema operacional em seu equipamento como se fosse a primeira instala\u00e7\u00e3o.<\/p>\n\n\n\n<p>A orienta\u00e7\u00e3o narrada e legendada neste tutorial tem a pretens\u00e3o de auxiliar todos os n\u00edveis de usu\u00e1rios desde que seguidos os procedimentos apresentados.<\/p>\n\n\n\n<p>Lembramos que ap\u00f3s a instala\u00e7\u00e3o \u00e9 necess\u00e1rio a verifica\u00e7\u00e3o do status da atualiza\u00e7\u00e3o do sistema para garantir a seguran\u00e7a do equipamento.<\/p>\n\n\n\n<figure class=\"wp-block-video\"><video controls src=\"https:\/\/ufpr.br\/agtic\/wp-content\/uploads\/sites\/5\/2024\/11\/Restauracao-Do-Windows10-Legendado.m4v\"><\/video><\/figure>\n","protected":false},"excerpt":{"rendered":"<p>Na sequ\u00eancia da a\u00e7\u00e3o de parceria com a PRAE, apresentamos este outro tutorial que complementa o anterior, cujo intuito seria auxiliar na formaliza\u00e7\u00e3o da entrega dos equipamentos sob empr\u00e9stimo aos alunos. Este v\u00eddeo, em conjunto com o anterior, visam orientar procedimentos b\u00e1sicos de restaura\u00e7\u00e3o do sistema operacional, n\u00e3o somente dos equipamentos da UFPR mas, apropriadamente [&hellip;]<\/p>\n","protected":false},"author":53,"featured_media":0,"parent":0,"menu_order":0,"comment_status":"closed","ping_status":"closed","template":"","meta":{"footnotes":""},"class_list":["post-875","page","type-page","status-publish","hentry"],"_links":{"self":[{"href":"https:\/\/ufpr.br\/agtic\/wp-json\/wp\/v2\/pages\/875","targetHints":{"allow":["GET"]}}],"collection":[{"href":"https:\/\/ufpr.br\/agtic\/wp-json\/wp\/v2\/pages"}],"about":[{"href":"https:\/\/ufpr.br\/agtic\/wp-json\/wp\/v2\/types\/page"}],"author":[{"embeddable":true,"href":"https:\/\/ufpr.br\/agtic\/wp-json\/wp\/v2\/users\/53"}],"replies":[{"embeddable":true,"href":"https:\/\/ufpr.br\/agtic\/wp-json\/wp\/v2\/comments?post=875"}],"version-history":[{"count":1,"href":"https:\/\/ufpr.br\/agtic\/wp-json\/wp\/v2\/pages\/875\/revisions"}],"predecessor-version":[{"id":876,"href":"https:\/\/ufpr.br\/agtic\/wp-json\/wp\/v2\/pages\/875\/revisions\/876"}],"wp:attachment":[{"href":"https:\/\/ufpr.br\/agtic\/wp-json\/wp\/v2\/media?parent=875"}],"curies":[{"name":"wp","href":"https:\/\/api.w.org\/{rel}","templated":true}]}}