{"id":795,"date":"2024-10-22T15:31:25","date_gmt":"2024-10-22T18:31:25","guid":{"rendered":"https:\/\/ufpr.br\/agtic\/\/?page=795"},"modified":"2025-07-24T17:07:41","modified_gmt":"2025-07-24T20:07:41","slug":"governanca-indicadores","status":"publish","type":"page","link":"https:\/\/ufpr.br\/agtic\/governanca-indicadores\/","title":{"rendered":"Governan\u00e7a &amp; Indicadores"},"content":{"rendered":"\n<p>Por meio de um conjunto estruturado de indicadores, a AGTIC acompanha o desempenho e a evolu\u00e7\u00e3o dos processos e servi\u00e7os de TIC, garantindo a entrega de solu\u00e7\u00f5es eficientes, seguras e inovadoras. <\/p>\n\n\n\n<p>Esta p\u00e1gina apresenta os principais indicadores utilizados para monitorar a qualidade e a efetividade das nossas iniciativas tecnol\u00f3gicas, assegurando transpar\u00eancia e alinhamento \u00e0s melhores pr\u00e1ticas de governan\u00e7a p\u00fablica.<\/p>\n\n\n\n<h2 class=\"wp-block-heading\">Contrata\u00e7\u00e3o de Solu\u00e7\u00f5es de TIC<\/h2>\n\n\n\n<iframe loading=\"lazy\" title=\"PB - PLANNER CONTRATA\u00c7\u00d5ES TIC v_3.1_AUTOMATE\" width=\"800\" height=\"836\" src=\"https:\/\/app.powerbi.com\/view?r=eyJrIjoiODQ0MWY1M2UtYWRiMC00NmVmLWFjZGQtNDQzYjdjODYwOTViIiwidCI6ImMzN2IzN2EzLWU5ZTItNDJmOS1iYzY3LTRiOWI3MzhlMWRmMCJ9&#038;pageName=8e9eda6ee13083469ae1\" frameborder=\"0\" allowFullScreen=\"true\"><\/iframe>\n\n\n\n<h2 class=\"wp-block-heading\">Patrim\u00f4nio de TIC<\/h2>\n\n\n\n<iframe loading=\"lazy\" title=\"Patrim\u00f4nio 2024_externo\" width=\"800\" height=\"836\" src=\"https:\/\/app.powerbi.com\/view?r=eyJrIjoiOWQ4Nzg0MWQtNWViMS00MjVkLWJiOTctNGU4YzIyYzIwZDVmIiwidCI6ImMzN2IzN2EzLWU5ZTItNDJmOS1iYzY3LTRiOWI3MzhlMWRmMCJ9&#038;pageName=8e9eda6ee13083469ae1\" frameborder=\"0\" allowFullScreen=\"true\"><\/iframe>\n\n\n\n<p><\/p>\n","protected":false},"excerpt":{"rendered":"<p>Por meio de um conjunto estruturado de indicadores, a AGTIC acompanha o desempenho e a evolu\u00e7\u00e3o dos processos e servi\u00e7os de TIC, garantindo a entrega de solu\u00e7\u00f5es eficientes, seguras e inovadoras. Esta p\u00e1gina apresenta os principais indicadores utilizados para monitorar a qualidade e a efetividade das nossas iniciativas tecnol\u00f3gicas, assegurando transpar\u00eancia e alinhamento \u00e0s melhores [&hellip;]<\/p>\n","protected":false},"author":53,"featured_media":0,"parent":0,"menu_order":0,"comment_status":"closed","ping_status":"closed","template":"","meta":{"footnotes":""},"class_list":["post-795","page","type-page","status-publish","hentry"],"_links":{"self":[{"href":"https:\/\/ufpr.br\/agtic\/wp-json\/wp\/v2\/pages\/795","targetHints":{"allow":["GET"]}}],"collection":[{"href":"https:\/\/ufpr.br\/agtic\/wp-json\/wp\/v2\/pages"}],"about":[{"href":"https:\/\/ufpr.br\/agtic\/wp-json\/wp\/v2\/types\/page"}],"author":[{"embeddable":true,"href":"https:\/\/ufpr.br\/agtic\/wp-json\/wp\/v2\/users\/53"}],"replies":[{"embeddable":true,"href":"https:\/\/ufpr.br\/agtic\/wp-json\/wp\/v2\/comments?post=795"}],"version-history":[{"count":30,"href":"https:\/\/ufpr.br\/agtic\/wp-json\/wp\/v2\/pages\/795\/revisions"}],"predecessor-version":[{"id":1446,"href":"https:\/\/ufpr.br\/agtic\/wp-json\/wp\/v2\/pages\/795\/revisions\/1446"}],"wp:attachment":[{"href":"https:\/\/ufpr.br\/agtic\/wp-json\/wp\/v2\/media?parent=795"}],"curies":[{"name":"wp","href":"https:\/\/api.w.org\/{rel}","templated":true}]}}