{"id":693,"date":"2024-09-30T16:01:46","date_gmt":"2024-09-30T19:01:46","guid":{"rendered":"https:\/\/ufpr.br\/agtic\/\/?page=693"},"modified":"2024-09-30T16:01:47","modified_gmt":"2024-09-30T19:01:47","slug":"pdtic-2018-2021","status":"publish","type":"page","link":"https:\/\/ufpr.br\/agtic\/pdtic-2018-2021\/","title":{"rendered":"PDTIC &#8211; 2018-2021"},"content":{"rendered":"\n<p>O PDTIC-UFPR 2018-2021 aprovado na sess\u00e3o plen\u00e1ria do COPLAD em 23 de outubro de 2019.<\/p>\n\n\n\n<p>O presente PDTIC tem per\u00edodo de validade para o quadri\u00eanio 2018-2021.<\/p>\n\n\n\n<div data-wp-interactive=\"core\/file\" class=\"wp-block-file\"><object data-wp-bind--hidden=\"!state.hasPdfPreview\" hidden class=\"wp-block-file__embed\" data=\"https:\/\/ufpr.br\/agtic\/wp-content\/uploads\/sites\/5\/2024\/09\/pdtic_ufpr_2018_2021_versao-final-aprovada-coplad-23-10-2019-1.pdf\" type=\"application\/pdf\" style=\"width:100%;height:600px\" aria-label=\"Incorporado de pdtic_ufpr_2018_2021_versao-final-aprovada-coplad-23-10-2019-1.\"><\/object><a id=\"wp-block-file--media-c9761cb5-2038-4a2c-8ce9-ff97023b9a60\" href=\"https:\/\/ufpr.br\/agtic\/wp-content\/uploads\/sites\/5\/2024\/09\/pdtic_ufpr_2018_2021_versao-final-aprovada-coplad-23-10-2019-1.pdf\">pdtic_ufpr_2018_2021_versao-final-aprovada-coplad-23-10-2019-1<\/a><a href=\"https:\/\/ufpr.br\/agtic\/wp-content\/uploads\/sites\/5\/2024\/09\/pdtic_ufpr_2018_2021_versao-final-aprovada-coplad-23-10-2019-1.pdf\" class=\"wp-block-file__button wp-element-button\" download aria-describedby=\"wp-block-file--media-c9761cb5-2038-4a2c-8ce9-ff97023b9a60\">Baixar<\/a><\/div>\n\n\n\n<div class=\"wp-block-tb-tabs tb__tabs_accessible_tabs undefined\"><ul class=\"tb__tab-labels\" role=\"tablist\"><li><button class=\"tb__tab-label active\" role=\"tab\">APRESENTA\u00c7\u00c3O<\/button><\/li><li><button class=\"tb__tab-label\" role=\"tab\">EqEPDTIC 2018-2021<\/button><\/li><li><button class=\"tb__tab-label\" role=\"tab\">METODOLOGIA<\/button><\/li><li><button class=\"tb__tab-label\" role=\"tab\">ANEXOS<\/button><\/li><li><button class=\"tb__tab-label\" role=\"tab\">REFER\u00caNCIAS<\/button><\/li><\/ul><div class=\"tb__tab-content\">\n<div class=\"wp-block-tb-tab tb__tab-panel\" role=\"tabpanel\">\n<div class=\"wp-block-group\"><div class=\"wp-block-group__inner-container is-layout-flow wp-block-group-is-layout-flow\">\n<h2 class=\"wp-block-heading\"><\/h2>\n\n\n\n<p>O Plano Diretor de Tecnologia da Informa\u00e7\u00e3o e Comunica\u00e7\u00e3o \u2013 PDTIC \u2013 da UFPR, aprovado na\u00a0<a href=\"https:\/\/ufpr.br\/agtic\/wp-content\/uploads\/sites\/5\/2024\/09\/coplad-49.19.pdf\" target=\"_blank\" rel=\"noopener\" title=\"\">Resolu\u00e7\u00e3o n\u00ba 49\/19-COPLAD<\/a><strong>,<\/strong>\u00a0 apresenta o planejamento de TIC para o per\u00edodo de 2018-2021, cujo contexto abrange todas as unidades administrativas e acad\u00eamicas\/educacionais da UFPR e suas expans\u00f5es para o per\u00edodo, em todos os\u00a0<em>campi\u00a0<\/em>.<\/p>\n\n\n\n<p>Segundo o Sistema de Administra\u00e7\u00e3o dos Recursos de Tecnologia da Informa\u00e7\u00e3o \u2013 SISP \u2013 do Minist\u00e9rio da Economia,\u00a0 O PDTIC\u00a0 \u201c\u00e9 o instrumento que permite nortear e acompanhar a atua\u00e7\u00e3o da \u00e1rea de TIC, definindo estrat\u00e9gias e o plano de a\u00e7\u00e3o para implement\u00e1-las.\u201d\u00a0Nesse sentido, est\u00e1 estrategicamente alinhado com a\u00a0<a href=\"https:\/\/www.governodigital.gov.br\/EGD\/documentos\/revisao-da-estrategia-de-governanca-digital-2016-2019.pdf\" target=\"_blank\" rel=\"noreferrer noopener\">EGD 2016-2019<\/a>, com o\u00a0<a href=\"http:\/\/www.prograd.ufpr.br\/portal\/copeg\/wp-content\/uploads\/sites\/3\/2013\/08\/PDI-PPI-2017-2021-vers%C3%A3o-parcial.pdf\" target=\"_blank\" rel=\"noreferrer noopener\">PDI 2017-2021<\/a>da UFPR\u00a0e com a\u00a0<a href=\"https:\/\/ufpr.br\/agtic\/wp-content\/uploads\/sites\/5\/2024\/09\/instrucao-normativa-no-1-de-4-de-abril-de-2019.pdf\" target=\"_blank\" rel=\"noopener\" title=\"\">IN N\u00ba 1\/2019<\/a>\u00a0\u00a0\u2013 tornando-se\u00a0<strong>o documento que norteia e d\u00e1 conson\u00e2ncia \u00e0s demandas de contrata\u00e7\u00e3o de solu\u00e7\u00f5es de TIC<\/strong>.<\/p>\n<\/div><\/div>\n<\/div>\n\n\n\n<div class=\"wp-block-tb-tab tb__tab-panel\" role=\"tabpanel\">\n<div class=\"wp-block-group\"><div class=\"wp-block-group__inner-container is-layout-flow wp-block-group-is-layout-flow\">\n<h2 class=\"wp-block-heading\"><\/h2>\n\n\n\n<p>O PDTIC-UFPR 2018-2021 foi desenvolvido pela Equipe de Elabora\u00e7\u00e3o do PDTIC \u2013 EqEPDTIC\u00a0 \u2013 designada pela\u00a0<a href=\"https:\/\/ufpr.br\/agtic\/wp-content\/uploads\/sites\/5\/2024\/09\/portaria-289r-de-16_05_2018-eqepdtic-1.pdf\" target=\"_blank\" rel=\"noopener\" title=\"\">Portaria 289R de 16_05_2018<\/a>\u00a0\u2013 constitu\u00edda por:<\/p>\n\n\n\n<ul class=\"wp-block-list\">\n<li>Valmir Antunes Pereira \u2013 Diretor Executivo da AGTIC<\/li>\n\n\n\n<li>Denise Cristiane dos Santos \u2013 Assistente em Administra\u00e7\u00e3o \u2013 AGTIC<\/li>\n\n\n\n<li>Amar\u00edlio Mota Floriano \u2013 Analista de Sistemas \u2013 PROPLAN<\/li>\n\n\n\n<li>Eduardo Dimas Andrino Nogueira \u2013 Analista de Sistemas \u2013 AGTIC<\/li>\n<\/ul>\n\n\n\n<p>Contato:&nbsp;<a href=\"mailto:pdti@ufpr.br\">pdti@ufpr.br<\/a><\/p>\n<\/div><\/div>\n<\/div>\n\n\n\n<div class=\"wp-block-tb-tab tb__tab-panel\" role=\"tabpanel\">\n<div class=\"wp-block-group\"><div class=\"wp-block-group__inner-container is-layout-flow wp-block-group-is-layout-flow\">\n<h2 class=\"wp-block-heading\"><\/h2>\n\n\n\n<p>Como orienta\u00e7\u00e3o para a elabora\u00e7\u00e3o do PDTIC, a metodologia adotada \u00e9 aquela presente no\u00a0<strong>Guia de PDTIC do SISP<\/strong>, adaptada \u00e0 realidade da Universidade Federal do Paran\u00e1 e considerando-se o atual n\u00edvel de maturidade de governan\u00e7a corporativa e de TIC na UFPR. Tal modelo serve para apoiar os \u00f3rg\u00e3os integrantes do SISP na constru\u00e7\u00e3o de seus Planos Diretores de Tecnologia da Informa\u00e7\u00e3o e Comunica\u00e7\u00e3o e \u00e9 recomenda\u00e7\u00e3o constante no Art. 4\u00ba, \u00a7 7\u00ba da IN n\u00ba 04\/2014 SLTI\/MPOG.<\/p>\n<\/div><\/div>\n<\/div>\n\n\n\n<div class=\"wp-block-tb-tab tb__tab-panel\" role=\"tabpanel\">\n<div class=\"wp-block-group\"><div class=\"wp-block-group__inner-container is-layout-flow wp-block-group-is-layout-flow\">\n<h2 class=\"wp-block-heading\"><\/h2>\n\n\n\n<p>Os seguintes documentos foram considerados na elabora\u00e7\u00e3o do presente PDTIC da UFPR, como refer\u00eancias ao processo de constru\u00e7\u00e3o participativa por parte da Comunidade da UFPR:<\/p>\n\n\n\n<ul class=\"wp-block-list\">\n<li>An\u00e1lise t\u00e9cnica da Portaria de institui\u00e7\u00e3o e do Regimento Interno do Comit\u00ea Gestor de Tecnologia da Informa\u00e7\u00e3o e Comunica\u00e7\u00e3o (CGTIC) da Universidade Federal do Paran\u00e1 (UFPR).<br>Minist\u00e9rio do Planejamento, Desenvolvimento e Gest\u00e3o, Secretaria de Tecnologia da Informa\u00e7\u00e3o e Comunica\u00e7\u00e3o, Secretaria de Tecnologia da Informa\u00e7\u00e3o, Departamento de Governan\u00e7a e Sistemas de Informa\u00e7\u00e3o, Coordena\u00e7\u00e3o-Geral de Gest\u00e3o e Governan\u00e7a de TI. Bras\u00edlia: MP\/STI\/DEGSI\/CGGTI 2016.<\/li>\n\n\n\n<li>An\u00e1lise t\u00e9cnica preliminar do Plano Diretor de Tecnologia da Informa\u00e7\u00e3o (PDTIC) da Universidade Federal do Paran\u00e1 (UFPR), referente ao per\u00edodo 2016-2017. Minist\u00e9rio do Planejamento, Desenvolvimento e Gest\u00e3o, Secretaria de Tecnologia da Informa\u00e7\u00e3o e Comunica\u00e7\u00e3o, Secretaria de Tecnologia da Informa\u00e7\u00e3o, Departamento de Governan\u00e7a e Sistemas de Informa\u00e7\u00e3o, Coordena\u00e7\u00e3o-Geral de Gest\u00e3o e Governan\u00e7a de TI. Bras\u00edlia: MP\/STI\/DEGSI\/CGGTI 2016.<\/li>\n\n\n\n<li>Estrat\u00e9gia Geral de Tecnologia da Informa\u00e7\u00e3o do SISP \u2013 EGTI 2008. Minist\u00e9rio do Planejamento, Or\u00e7amento e Gest\u00e3o, Secretaria de Log\u00edstica e Tecnologia da Informa\u00e7\u00e3o. Bras\u00edlia: MP\/SLTI 2008. Dispon\u00edvel em: http:\/\/www.governoeletronico.gov.br\/sisp-conteudo\/estrategia-geral-de-ti;<\/li>\n\n\n\n<li>Estrat\u00e9gia Geral de Tecnologia da Informa\u00e7\u00e3o do SISP \u2013 EGTI 2010. Minist\u00e9rio do Planejamento, Or\u00e7amento e Gest\u00e3o, Secretaria de Log\u00edstica e Tecnologia da Informa\u00e7\u00e3o. Bras\u00edlia: MP\/SLTI 2010. Dispon\u00edvel em: http:\/\/www.governoeletronico.gov.br\/sisp-conteudo\/estrategia-geral-de-ti;<\/li>\n\n\n\n<li>Estrat\u00e9gia Geral de Tecnologia da Informa\u00e7\u00e3o do SISP \u2013 EGTI 2011-2012. Minist\u00e9rio do Planejamento, Or\u00e7amento e Gest\u00e3o, Secretaria de Log\u00edstica e Tecnologia da Informa\u00e7\u00e3o. Bras\u00edlia: MP\/SLTI 2011. Dispon\u00edvel em: http:\/\/www.governoeletronico.gov.br\/sisp-conteudo\/estrategia-geral-de-ti;<\/li>\n\n\n\n<li>Estrat\u00e9gia Geral de Tecnologia da Informa\u00e7\u00e3o do SISP \u2013 EGTI 2013\/2015 v1.1. Minist\u00e9rio do Planejamento, Or\u00e7amento e Gest\u00e3o, Secretaria de Log\u00edstica e Tecnologia da Informa\u00e7\u00e3o. Bras\u00edlia: MP\/SLTI 2012. Dispon\u00edvel em: http:\/\/www.governoeletronico.gov.br\/sisp-conteudo\/estrategia-geral-de-ti;<\/li>\n\n\n\n<li>Estrat\u00e9gia Geral de Tecnologia da Informa\u00e7\u00e3o e Comunica\u00e7\u00f5es \u2013 EGTIC 2014-2015. Minist\u00e9rio do Planejamento, Or\u00e7amento e Gest\u00e3o, Secretaria de Log\u00edstica e Tecnologia da Informa\u00e7\u00e3o. Bras\u00edlia: MP\/SLTI 2014. Dispon\u00edvel em: http:\/\/www.governoeletronico.gov.br\/sisp-conteudo\/estrategia-geral-de-ti;<\/li>\n\n\n\n<li>Estrat\u00e9gia de Governan\u00e7a Digital da Administra\u00e7\u00e3o P\u00fablica Federal 2016-19. Minist\u00e9rio do Planejamento, Or\u00e7amento e Gest\u00e3o, Secretaria de Log\u00edstica e Tecnologia da Informa\u00e7\u00e3o. Bras\u00edlia: MP\/SLTI 2016. Dispon\u00edvel em https:\/\/www.governodigital.gov.br\/documentos-e-arquivos\/egd-estrategia-de-governanca-digital-da-administracao-federal-2016-2019.pdf;<\/li>\n\n\n\n<li>Estrat\u00e9gia de Governan\u00e7a Digital: Transforma\u00e7\u00e3o Digital \u2013 cidadania e governo. Minist\u00e9rio do Planejamento, Desenvolvimento e Gest\u00e3o, Secretaria de Tecnologia da Informa\u00e7\u00e3o e Comunica\u00e7\u00e3o. Bras\u00edlia: MP\/SETIC 2018. Dispon\u00edvel em https:\/\/www.governodigital.gov.br\/documentos-e-arquivos\/egd%20Documento.pdf\/at_download\/file;<\/li>\n\n\n\n<li>Estrat\u00e9gia Brasileira para a Transforma\u00e7\u00e3o Digital \u2013 E-Digital. Minist\u00e9rio da Ci\u00eancia, Tecnologia, Inova\u00e7\u00f5es e Comunica\u00e7\u00f5es. Bras\u00edlia: MCTIC 2018. Dispon\u00edvel em https:\/\/www.governodigital.gov.br\/documentos-e-arquivos\/estrategiadigital.pdf\/at_download\/file;<\/li>\n\n\n\n<li>Estrat\u00e9gia de Seguran\u00e7a da Informa\u00e7\u00f5es e Comunica\u00e7\u00f5es e de Seguran\u00e7a Cibern\u00e9tica da Administra\u00e7\u00e3o P\u00fablica Federal 2015-2018, vers\u00e3o 1.0, conforme Portaria GSI\/PR n\u00ba 14, de 12 de maio de 2015. Dispon\u00edvel em: http:\/\/dsic.planalto.gov.br\/documentos\/publicacoes\/4_Estrategia_de_SIC.pdf;<\/li>\n\n\n\n<li>Plano de Dissemina\u00e7\u00e3o do Uso IPv6, Vers\u00e3o 1.7, abril de 2015. Minist\u00e9rio do Planejamento, Or\u00e7amento e Gest\u00e3o, Secretaria de Log\u00edstica e Tecnologia da Informa\u00e7\u00e3o (SISP). Dispon\u00edvel em: https:\/\/www.governodigital.gov.br\/documentos-e-arquivos\/Plano%20de%20Disseminacao%20Uso%20IPv6%20v1.7%20Abril%202015.pdf;<\/li>\n\n\n\n<li>Instru\u00e7\u00e3o Normativa GSI\/PR n\u00ba 01\/2008, de 13 de junho de 2008. Gabinete de Seguran\u00e7a Institucional da Presid\u00eancia da Rep\u00fablica. Dispon\u00edvel em http:\/\/www.governoeletronico.gov.br\/anexos\/instrucao-normativa-no-01-2009-gsi;<\/li>\n\n\n\n<li>Instru\u00e7\u00e3o Normativa n\u00ba 01\/2010, de 19 de janeiro de 2010. Minist\u00e9rio do Planejamento, Or\u00e7amento e Gest\u00e3o, Secretaria de Log\u00edstica e Tecnologia da Informa\u00e7\u00e3o. Dispon\u00edvel em: http:\/\/www.comprasnet.gov.br\/legislacao\/legislacaoDetalhe.asp?ctdCod=295;<\/li>\n\n\n\n<li>Instru\u00e7\u00e3o Normativa n\u00ba 10\/2012, de 10 de novembro de 2012. Minist\u00e9rio do Planejamento, Or\u00e7amento e Gest\u00e3o, Secretaria de Log\u00edstica e Tecnologia da Informa\u00e7\u00e3o. Dispon\u00edvel em: http:\/\/www.comprasnet.gov.br\/legislacao\/legislacaoDetalhe.asp?ctdCod=597;<\/li>\n\n\n\n<li>Instru\u00e7\u00e3o Normativa n\u00ba 04\/2014, de 11 de setembro de 2014. Minist\u00e9rio do Planejamento, Or\u00e7amento e Gest\u00e3o, Secretaria de Log\u00edstica e Tecnologia da Informa\u00e7\u00e3o. Dispon\u00edvel em: http:\/\/www.governoeletronico.gov.br\/sisp-conteudo\/nucleo-de-contratacoes-de-ti\/modelo-de-contratacoes-normativos-e-documentos-de-referencia\/instrucao-normativa-mp-slti-no04;<\/li>\n\n\n\n<li>Instru\u00e7\u00e3o Normativa n\u00ba 02\/2015, de 12 de janeiro de 2015. Minist\u00e9rio do Planejamento, Or\u00e7amento e Gest\u00e3o, Secretaria de Log\u00edstica e Tecnologia da Informa\u00e7\u00e3o. Dispon\u00edvel em: http:\/\/www.governoeletronico.gov.br\/biblioteca\/arquivos\/instrucao-normativa-nb0-4-de-11-de-setembro-de-2014-compilada\/download;<\/li>\n\n\n\n<li>Instru\u00e7\u00e3o Normativa n\u00ba 01\/2019, de 4 de abril de 2019. Minist\u00e9rio da Economia\/Secretaria Especial de Desburocratiza\u00e7\u00e3o, Gest\u00e3o e Governo Digital\/Secretaria de Governo Digital. Dispon\u00edvel em: http:\/\/www.in.gov.br\/materia\/-\/asset_publisher\/Kujrw0TZC2Mb\/content\/id\/70267659\/do1-2019-04-05-instrucao-normativa-n-1-de-4-de-abril-de-2019-70267535;<\/li>\n\n\n\n<li>Lei n\u00ba 12.527, de 18 de novembro de 2011 (Lei da Transpar\u00eancia). Dispon\u00edvel em: http:\/\/www.planalto.gov.br\/ccivil_03\/_ato2011-2014\/2011\/Lei\/L12527.htm;<\/li>\n\n\n\n<li>Ac\u00f3rd\u00e3o 1558\/2003-TCU-Plen\u00e1rio. Tribunal de Contas da Uni\u00e3o. Dispon\u00edvel em: http:\/\/contas.tcu.gov.br\/portaltextual\/MostraDocumento?lnk=%28AC-1558-40\/03-P%29%5Bnumd%5D%5BB001,B002,B012%5D;<\/li>\n\n\n\n<li>Ac\u00f3rd\u00e3o 1603\/2008-TCU-Plen\u00e1rio. Tribunal de Contas da Uni\u00e3o. Dispon\u00edvel em http:\/\/www.mp.go.gov.br\/portalweb\/hp\/12\/docs\/acordao_tcu_-_13-08-2008.pdf;<\/li>\n\n\n\n<li>Ac\u00f3rd\u00e3o 2746\/2010-TCU-Plen\u00e1rio. Tribunal de Contas da Uni\u00e3o. Dispon\u00edvel em http:\/\/contas.tcu.gov.br\/portaltextual\/MostraDocumento?lnk=%28AC-2746-38\/10-P%29%5Bnumd%5D%5BB001,B002,B012%5D;<\/li>\n\n\n\n<li>Ac\u00f3rd\u00e3o 1200\/2014-TCU-Plen\u00e1rio. Tribunal de Contas da Uni\u00e3o. Dispon\u00edvel em http:\/\/www.cnj.jus.br\/sobre-o-cnj\/controle-interno\/determinacoes-tcu\/acordaos\/28583-acordao-tcu-12002014-plenario;<\/li>\n\n\n\n<li>Levantamento de pessoal de TI \/ Tribunal de Contas da Uni\u00e3o; Relator Ministro Raimundo Carreiro. \u2013 Bras\u00edlia: TCU, Secretaria de Fiscaliza\u00e7\u00e3o de Tecnologia da Informa\u00e7\u00e3o (Sefti), 2015. Dispon\u00edvel em http:\/\/portal.tcu.gov.br\/lumis\/portal\/file\/fileDownload.jsp?inline=1&amp;fileId=8A8182A24F0A728E014F0B3A0308718C;<\/li>\n\n\n\n<li>Decreto n\u00ba 8.638, de 15 de janeiro de 2016. Presid\u00eancia da Rep\u00fablica. Dispon\u00edvel em: http:\/\/www.planalto.gov.br\/ccivil_03\/_ato2015-2018\/2016\/decreto\/d8638.htm;<\/li>\n\n\n\n<li>Decreto-Lei n\u00ba 200, de 25 de fevereiro de 1967. Presid\u00eancia da Rep\u00fablica. Dispon\u00edvel em http:\/\/www.planalto.gov.br\/ccivil_03\/decreto-lei\/del0200.htm;<\/li>\n\n\n\n<li>Decreto n\u00ba 2.271, de 7 de julho de 1997. Presid\u00eancia da Rep\u00fablica. Dispon\u00edvel em: http:\/\/www.planalto.gov.br\/ccivil_03\/decreto\/d2271.htm;<\/li>\n\n\n\n<li>Decreto n\u00ba 7.579, de 11 de outubro de 2011. Presid\u00eancia da Rep\u00fablica. Dispon\u00edvel em: http:\/\/www.planalto.gov.br\/ccivil_03\/_ato2011-2014\/2011\/decreto\/d7579.htm;<\/li>\n\n\n\n<li>Decreto n\u00ba 8.539, de 8 de outubro de 2015. Presid\u00eancia da Rep\u00fablica. Dispon\u00edvel em: http:\/\/www.planalto.gov.br\/ccivil_03\/_Ato2015-2018\/2015\/Decreto\/D8539.htm;<\/li>\n\n\n\n<li>Decreto n\u00ba 9.637, de 26 de dezembro de 2018. Presid\u00eancia da Rep\u00fablica. Dispon\u00edvel em: http:\/\/www.planalto.gov.br\/ccivil_03\/_ato2015-2018\/2018\/decreto\/D9637.htm;<\/li>\n\n\n\n<li>Lei n\u00ba 12.965, de 23 de abril de 2014. Presid\u00eancia da Rep\u00fablica. Dispon\u00edvel em: http:\/\/www.planalto.gov.br\/ccivil_03\/_ato2011-2014\/2014\/lei\/l12965.htm;<\/li>\n\n\n\n<li>Portaria n\u00ba 92, de 24 de dezembro de 2014. Minist\u00e9rio do Planejamento, Or\u00e7amento de Gest\u00e3o, Secretaria de Log\u00edstica e Tecnologia da Informa\u00e7\u00e3o. Dispon\u00edvel em: http:\/\/pesquisa.in.gov.br\/imprensa\/jsp\/visualiza\/index.jsp?jornal=1&amp;pagina=50&amp;data=26\/12\/2014;<\/li>\n\n\n\n<li>Portaria n\u00ba 40, de 14 de setembro de 2016. Minist\u00e9rio do Planejamento, Desenvolvimento e Gest\u00e3o, Secretaria de Tecnologia da Informa\u00e7\u00e3o. Dispon\u00edvel em: https:\/\/www.governodigital.gov.br\/documentos-e-arquivos\/Portaria%20MP-STI%20no%2040-%20de%2014%20de%20setembro%20de%202016.pdf;<\/li>\n\n\n\n<li>Normas complementares do Departamento de Seguran\u00e7a da Informa\u00e7\u00e3o e Comunica\u00e7\u00f5es. Gabinete de Seguran\u00e7a Institucional da Presid\u00eancia da Rep\u00fablica. Dispon\u00edvel em http:\/\/dsic.planalto.gov.br\/legislacaodsic;<\/li>\n\n\n\n<li>Plano de Desenvolvimento Institucional da UFPR \u2013 PDI UFPR 2012-2016. Universidade Federal do Paran\u00e1, Pr\u00f3-Reitoria de Planejamento, Or\u00e7amento e Finan\u00e7as, Coordenadoria de Planejamento Institucional. Curitiba: UFPR\/PROPLAN 2012;<\/li>\n\n\n\n<li>Proposta de Reestrutura\u00e7\u00e3o do Centro de Computa\u00e7\u00e3o Eletr\u00f4nica \u2013 CCE, Relat\u00f3rio Final da Comiss\u00e3o Especial designada pela Portaria N\u00ba 622, de 21\/10\/2009;<\/li>\n\n\n\n<li>Regimento Interno do Centro de Computa\u00e7\u00e3o Eletr\u00f4nica. Universidade Federal do Paran\u00e1, Reitoria, Centro de Computa\u00e7\u00e3o Eletr\u00f4nica;<\/li>\n\n\n\n<li>COBIT 5 \u2013 Control Objectives for Information and related Technology v5. ISACA \u2013 Information Systems Audit and Control Association. Dispon\u00edvel em: http:\/\/www.isaca.org\/ ou em http:\/\/www.isaca-brasilia.org\/;<\/li>\n\n\n\n<li>ITIL 2011 \u2013 Information Technology Infrastructure Library v2011. OGC \u2013 Office for Government Commerce, Inglaterra. Dispon\u00edvel em: http:\/\/www.exin-library.com\/Samplefiles\/9789087536749SMPL.pdf;<\/li>\n\n\n\n<li>PDTICs de \u00f3rg\u00e3os Seccionais e Setoriais do SISP (MEC, SUSEP, AGU, CGU, MPOG, UFG, CNEM, etc.). Dispon\u00edvel em http:\/\/sisp.gov.br;<\/li>\n\n\n\n<li>Plano Diretor de Tecnologia da Informa\u00e7\u00e3o \u2013 PDTIC da UFPR 2013-2014;<\/li>\n\n\n\n<li>Plano Diretor de Tecnologia da Informa\u00e7\u00e3o \u2013 PDTIC da UFPR 2016-2017;<\/li>\n\n\n\n<li>Resolu\u00e7\u00e3o n\u00ba 61\/97-COPLAD, Estabelece o Regimento do Conselho de Planejamento e Administra\u00e7\u00e3o da Universidade Federal do Paran\u00e1;<br>62<\/li>\n\n\n\n<li>Resolu\u00e7\u00e3o n\u00ba 22\/11-COPLAD. Cria o Comit\u00ea de Seguran\u00e7a da Informa\u00e7\u00e3o, o Comit\u00ea de Recursos de Tecnologia da Informa\u00e7\u00e3o e o Comit\u00ea de Usu\u00e1rios de Recursos de Tecnologia da Informa\u00e7\u00e3o como \u00f3rg\u00e3os consultivos de car\u00e1ter especial da UFPR;<\/li>\n\n\n\n<li>Resolu\u00e7\u00e3o n\u00ba 12\/12-COPLAD. Estabelece o Regimento do Comit\u00ea de Recursos de Tecnologia e da Informa\u00e7\u00e3o da Universidade Federal do Paran\u00e1;<\/li>\n\n\n\n<li>Resolu\u00e7\u00e3o n\u00ba 13\/12-COPLAD. Estabelece o Regimento do Comit\u00ea de Seguran\u00e7a da Informa\u00e7\u00e3o da Universidade Federal do Paran\u00e1;<\/li>\n\n\n\n<li>Resolu\u00e7\u00e3o n\u00ba 14\/12-COPLAD. Estabelece o Regimento do Comit\u00ea de Usu\u00e1rios de Recursos de Tecnologia e da Informa\u00e7\u00e3o da Universidade Federal do Paran\u00e1;<\/li>\n\n\n\n<li>Resolu\u00e7\u00e3o n\u00ba 21\/14-COPLAD. Cria a Pol\u00edtica de Seguran\u00e7a da Informa\u00e7\u00e3o na Universidade Federal do Paran\u00e1 (PSI\/UFPR);<\/li>\n\n\n\n<li>Resolu\u00e7\u00e3o n\u00ba 16\/16-COPLAD. Aprova o Modelo de Contrata\u00e7\u00f5es de Tecnologia da Informa\u00e7\u00e3o e Comunica\u00e7\u00e3o para a UFPR e a cria\u00e7\u00e3o do Comit\u00ea Gestor de Tecnologia da Informa\u00e7\u00e3o \u2013 CGTI;<\/li>\n\n\n\n<li>Guia de PDTIC do SISP vers\u00e3o 2.0, 2015, Minist\u00e9rio do Planejamento, Or\u00e7amento e Gest\u00e3o;<\/li>\n\n\n\n<li>Regimento Geral da Universidade Federal do Paran\u00e1 \u2013 UFPR;<\/li>\n\n\n\n<li>HITT, M. A.; IRELAND, R. D.; HOSKISSON, R. E. Administra\u00e7\u00e3o estrat\u00e9gica: competitividade e globaliza\u00e7\u00e3o. 2\u00aa ed. brasileira (tradu\u00e7\u00e3o da 7 ed. norte-americana). S\u00e3o Paulo, 2008.);<\/li>\n\n\n\n<li>Portaria n\u00ba 156\/18-Reitoria. Comp\u00f5e o Comit\u00ea de Assessoria de Governan\u00e7a da Tecnologia da Informa\u00e7\u00e3o da Reitoria;<\/li>\n\n\n\n<li>Portaria n\u00ba 778, de 04 de abril de 2019. Minist\u00e9rio da Economia\/Secretaria Especial de Desburocratiza\u00e7\u00e3o, Gest\u00e3o e Governo Digital\/Secretaria de Governo Digital. Disp\u00f5e sobre a implanta\u00e7\u00e3o da Governan\u00e7a de Tecnologia da Informa\u00e7\u00e3o e Comunica\u00e7\u00e3o nos \u00f3rg\u00e3os e entidades pertencentes ao Sistema de Administra\u00e7\u00e3o dos Recursos de Tecnologia da Informa\u00e7\u00e3o do Poder Executivo Federal \u2013 SISP.<\/li>\n<\/ul>\n<\/div><\/div>\n<\/div>\n\n\n\n<div class=\"wp-block-tb-tab tb__tab-panel\" role=\"tabpanel\">\n<div class=\"wp-block-group\"><div class=\"wp-block-group__inner-container is-layout-flow wp-block-group-is-layout-flow\">\n<h2 class=\"wp-block-heading\"><\/h2>\n\n\n\n<p><a href=\"https:\/\/ufpr.br\/agtic\/wp-content\/uploads\/sites\/5\/2024\/09\/anexo-i-tic_ufpr___diagnostico_v5-0.pdf\" target=\"_blank\" rel=\"noopener\" title=\"\">Anexo I \u2013 diagn\u00f3stico 2018 de TIC da UFPR<\/a><\/p>\n\n\n\n<p><a href=\"https:\/\/ufpr.br\/agtic\/wp-content\/uploads\/sites\/5\/2024\/09\/anexo-ii-relatorio_de_execucao_do_pdti_2016_2017__versao_final_.pdf\" target=\"_blank\" rel=\"noopener\" title=\"\">Anexo II \u2013 Relat\u00f3rio PDTI 2016-2017<\/a><\/p>\n\n\n\n<p><a href=\"https:\/\/ufpr.br\/agtic\/wp-content\/uploads\/sites\/5\/2024\/09\/anexo-iii-plano_de_acao___psi.pdf\" target=\"_blank\" rel=\"noopener\" title=\"\">Anexo III \u2013 PSI \u2013 Pol\u00edtica de Seguran\u00e7a da Informa\u00e7\u00e3o<\/a><\/p>\n\n\n\n<p><a href=\"https:\/\/ufpr.br\/agtic\/wp-content\/uploads\/sites\/5\/2024\/09\/anexo-iv-pctic_ufpr_2019___anexo_do_oficio.pdf\" target=\"_blank\" rel=\"noopener\" title=\"\">Anexo IV \u2013 PCTIC UFPR 2019<\/a><\/p>\n\n\n\n<p><a href=\"https:\/\/ufpr.br\/agtic\/wp-content\/uploads\/sites\/5\/2024\/09\/plano_de_capacitacao_tic_v_final.pdf\" target=\"_blank\" rel=\"noopener\" title=\"\">Anexo V \u2013 Plano de Capacita\u00e7\u00e3o de TIC<\/a><\/p>\n<\/div><\/div>\n<\/div>\n<\/div><\/div>\n\n\n\n<p><\/p>\n","protected":false},"excerpt":{"rendered":"<p>O PDTIC-UFPR 2018-2021 aprovado na sess\u00e3o plen\u00e1ria do COPLAD em 23 de outubro de 2019. O presente PDTIC tem per\u00edodo de validade para o quadri\u00eanio 2018-2021.<\/p>\n","protected":false},"author":53,"featured_media":0,"parent":0,"menu_order":0,"comment_status":"closed","ping_status":"closed","template":"","meta":{"footnotes":""},"class_list":["post-693","page","type-page","status-publish","hentry"],"_links":{"self":[{"href":"https:\/\/ufpr.br\/agtic\/wp-json\/wp\/v2\/pages\/693","targetHints":{"allow":["GET"]}}],"collection":[{"href":"https:\/\/ufpr.br\/agtic\/wp-json\/wp\/v2\/pages"}],"about":[{"href":"https:\/\/ufpr.br\/agtic\/wp-json\/wp\/v2\/types\/page"}],"author":[{"embeddable":true,"href":"https:\/\/ufpr.br\/agtic\/wp-json\/wp\/v2\/users\/53"}],"replies":[{"embeddable":true,"href":"https:\/\/ufpr.br\/agtic\/wp-json\/wp\/v2\/comments?post=693"}],"version-history":[{"count":3,"href":"https:\/\/ufpr.br\/agtic\/wp-json\/wp\/v2\/pages\/693\/revisions"}],"predecessor-version":[{"id":704,"href":"https:\/\/ufpr.br\/agtic\/wp-json\/wp\/v2\/pages\/693\/revisions\/704"}],"wp:attachment":[{"href":"https:\/\/ufpr.br\/agtic\/wp-json\/wp\/v2\/media?parent=693"}],"curies":[{"name":"wp","href":"https:\/\/api.w.org\/{rel}","templated":true}]}}