{"id":605,"date":"2024-09-12T12:02:54","date_gmt":"2024-09-12T15:02:54","guid":{"rendered":"https:\/\/ufpr.br\/agtic\/\/?page=605"},"modified":"2024-09-12T12:02:54","modified_gmt":"2024-09-12T15:02:54","slug":"politicas-de-tic","status":"publish","type":"page","link":"https:\/\/ufpr.br\/agtic\/politicas-de-tic\/","title":{"rendered":"Pol\u00edticas de TIC"},"content":{"rendered":"\n<p>Em 2023, foram aprovadas 4 novas pol\u00edticas de TIC pelo Comit\u00ea Institucional de Governan\u00e7a Digital \u2013 CIGD.<\/p>\n\n\n\n<p>Todas as pol\u00edticas foram amplamente discutidas no Subcomit\u00ea de Seguran\u00e7a da Informa\u00e7\u00e3o e Privacidade \u2013 SSIP, ao longo de 2 anos de reuni\u00f5es, e contou com representantes das Pr\u00f3-reitorias, docentes, AGTIC, NC e do Encarregado de Prote\u00e7\u00e3o de Dados Pessoais.<\/p>\n\n\n\n<p><strong>Destaca-se:<\/strong><\/p>\n\n\n\n<p><strong>a)<\/strong>&nbsp;<strong>A obrigatoriedade de uso do e-mail institucional para as comunica\u00e7\u00f5es institucionais<\/strong>, conforme a Pol\u00edtica de Uso de Recursos (Anexo III da IN 01\/23), CAP\u00cdTULO \u201cDO USO DO CORREIO ELETR\u00d4NICO\u201d (P\u00c1G. 14).<br><strong>b) As responsabilidades de cada servidor descritas na Pol\u00edtica de Controle de Acesso<\/strong>&nbsp;(Anexo II da IN 01\/23).<br><strong>c) As&nbsp; diretrizes para compartilhamento de dados pessoais para fins de pesquisa e extens\u00e3o<\/strong>&nbsp;<strong>e para realiza\u00e7\u00e3o de elei\u00e7\u00f5es e consultas \u00e0 comunidade<\/strong>.<\/p>\n\n\n\n<p>Leia as pol\u00edticas na \u00edntegra:<\/p>\n\n\n\n<p><a href=\"https:\/\/ufpr.br\/agtic\/wp-content\/uploads\/sites\/5\/2024\/09\/IN-01_23.pdf\" target=\"_blank\" rel=\"noopener\" title=\"\">IN 01\/23<\/a><strong> &#8211; <\/strong>Institui as Pol\u00edticas de Privacidade, Controle de Acesso e Uso de Recursos de TIC da Universidade Federal do Paran\u00e1;<br><a href=\"https:\/\/ufpr.br\/agtic\/wp-content\/uploads\/sites\/5\/2024\/09\/IN-02_23.pdf\" target=\"_blank\" rel=\"noopener\" title=\"IN 02\/23\">IN 02\/23<\/a>\u00a0&#8211; Institui o Plano de Resposta a Incidentes da Universidade Federal do Paran\u00e1;<br><a href=\"https:\/\/ufpr.br\/agtic\/wp-content\/uploads\/sites\/5\/2024\/09\/IN-03_23.pdf\" target=\"_blank\" rel=\"noopener\" title=\"\">IN 03\/23<\/a>\u00a0&#8211; Do compartilhamento de dados pessoais para fins de atividades de pesquisa e extens\u00e3o;<br><a href=\"https:\/\/ufpr.br\/agtic\/wp-content\/uploads\/sites\/5\/2024\/09\/IN-04_23.pdf\" target=\"_blank\" rel=\"noopener\" title=\"\">IN 04\/23<\/a>\u00a0&#8211; Define as condi\u00e7\u00f5es de tratamento de dados pessoais para elei\u00e7\u00f5es e consultas \u00e0 comunidade na UFPR.<\/p>\n","protected":false},"excerpt":{"rendered":"<p>Em 2023, foram aprovadas 4 novas pol\u00edticas de TIC pelo Comit\u00ea Institucional de Governan\u00e7a Digital \u2013 CIGD. Todas as pol\u00edticas foram amplamente discutidas no Subcomit\u00ea de Seguran\u00e7a da Informa\u00e7\u00e3o e Privacidade \u2013 SSIP, ao longo de 2 anos de reuni\u00f5es, e contou com representantes das Pr\u00f3-reitorias, docentes, AGTIC, NC e do Encarregado de Prote\u00e7\u00e3o de [&hellip;]<\/p>\n","protected":false},"author":53,"featured_media":0,"parent":0,"menu_order":0,"comment_status":"closed","ping_status":"closed","template":"","meta":{"footnotes":""},"class_list":["post-605","page","type-page","status-publish","hentry"],"_links":{"self":[{"href":"https:\/\/ufpr.br\/agtic\/wp-json\/wp\/v2\/pages\/605","targetHints":{"allow":["GET"]}}],"collection":[{"href":"https:\/\/ufpr.br\/agtic\/wp-json\/wp\/v2\/pages"}],"about":[{"href":"https:\/\/ufpr.br\/agtic\/wp-json\/wp\/v2\/types\/page"}],"author":[{"embeddable":true,"href":"https:\/\/ufpr.br\/agtic\/wp-json\/wp\/v2\/users\/53"}],"replies":[{"embeddable":true,"href":"https:\/\/ufpr.br\/agtic\/wp-json\/wp\/v2\/comments?post=605"}],"version-history":[{"count":2,"href":"https:\/\/ufpr.br\/agtic\/wp-json\/wp\/v2\/pages\/605\/revisions"}],"predecessor-version":[{"id":611,"href":"https:\/\/ufpr.br\/agtic\/wp-json\/wp\/v2\/pages\/605\/revisions\/611"}],"wp:attachment":[{"href":"https:\/\/ufpr.br\/agtic\/wp-json\/wp\/v2\/media?parent=605"}],"curies":[{"name":"wp","href":"https:\/\/api.w.org\/{rel}","templated":true}]}}