{"id":463,"date":"2024-09-09T15:37:34","date_gmt":"2024-09-09T18:37:34","guid":{"rendered":"https:\/\/ufpr.br\/agtic\/\/?page=463"},"modified":"2026-02-24T10:43:39","modified_gmt":"2026-02-24T13:43:39","slug":"tutoriais","status":"publish","type":"page","link":"https:\/\/ufpr.br\/agtic\/tutoriais\/","title":{"rendered":"Tutoriais"},"content":{"rendered":"\n<div class=\"wp-block-media-text is-stacked-on-mobile\" style=\"grid-template-columns:20% auto\"><figure class=\"wp-block-media-text__media\"><img decoding=\"async\" src=\"https:\/\/ufpr.br\/agtic\/wp-content\/uploads\/sites\/5\/2024\/09\/Tutoriais-1024x1024.png\" alt=\"\" class=\"wp-image-1033 size-full\" \/><\/figure><div class=\"wp-block-media-text__content\">\n<p>Aqui est\u00e3o dispon\u00edveis tutoriais de servi\u00e7os e sistemas gerenciados pela AGTIC.<\/p>\n<\/div><\/div>\n\n\n\n<div class=\"wp-block-columns has-background is-layout-flex wp-container-core-columns-is-layout-1 wp-block-columns-is-layout-flex\" style=\"background-color:#ecf5fa\">\n<div class=\"wp-block-column is-layout-flow wp-block-column-is-layout-flow\">\n<h2 class=\"wp-block-heading\">EDUROAM<\/h2>\n\n\n\n<p>O que \u00e9 EDUROAM? <\/p>\n\n\n\n<p>O Eduroam \u00e9 uma rede que visa oferecer acesso \u00e0 internet sem fio aos estudantes, pesquisadores, professores e servidores das&nbsp;<strong>institui\u00e7\u00f5es cadastradas em todo o mundo<\/strong>, sem a necessidade de m\u00faltiplos logins e senhas, formando assim uma rede de confian\u00e7a global.<\/p>\n\n\n\n<p>Presente em mais de 80 pa\u00edses, est\u00e1 tamb\u00e9m na Universidade Federal do Paran\u00e1 em conjunto com a UFPR SEM FIO.<\/p>\n<\/div>\n\n\n\n<div class=\"wp-block-column is-layout-flow wp-block-column-is-layout-flow\">\n<h2 class=\"wp-block-heading has-text-align-center\">Tutoriais EDUROAM<\/h2>\n\n\n\n<p class=\"has-text-align-center\"><a href=\"https:\/\/ufpr.br\/agtic\/wp-content\/uploads\/sites\/5\/2024\/09\/Eduroam-para-Android.pdf\" target=\"_blank\" rel=\"noopener\" title=\"\">Eduroam para Android<\/a><\/p>\n\n\n\n<p class=\"has-text-align-center\"><a href=\"https:\/\/ufpr.br\/agtic\/wp-content\/uploads\/sites\/5\/2024\/09\/Eduroam-macOS-CAT.pdf\" target=\"_blank\" rel=\"noopener\" title=\"\">Eduroam para macOS-CAT<\/a><\/p>\n\n\n\n<p class=\"has-text-align-center\"><a href=\"https:\/\/ufpr.br\/agtic\/wp-content\/uploads\/sites\/5\/2024\/09\/Eduroam-iOS-CAT.pdf\" target=\"_blank\" rel=\"noopener\" title=\"\">Eduroam para iOS-CAT<\/a><\/p>\n\n\n\n<p class=\"has-text-align-center\"><a href=\"https:\/\/ufpr.br\/agtic\/wp-content\/uploads\/sites\/5\/2024\/09\/Eduroam-esquecer-rede.pdf\" target=\"_blank\" rel=\"noopener\" title=\"\">Eduroam &#8211; esquecer rede<\/a><\/p>\n\n\n\n<p class=\"has-text-align-center\"><a href=\"https:\/\/ufpr.br\/agtic\/wp-content\/uploads\/sites\/5\/2024\/09\/manual-eduroam-windows-10-1.pdf\" target=\"_blank\" rel=\"noopener\" title=\"\">Eduroam para Windows 10<\/a><\/p>\n\n\n\n<p class=\"has-text-align-center\"><a href=\"https:\/\/ufpr.br\/agtic\/wp-content\/uploads\/sites\/5\/2024\/09\/manual-eduroam-windows-7-ou-8-1.pdf\" target=\"_blank\" rel=\"noopener\" title=\"\">Eduroam para Windows 7 ou 8<\/a><\/p>\n\n\n\n<p class=\"has-text-align-center\"><a href=\"https:\/\/ufpr.br\/agtic\/wp-content\/uploads\/sites\/5\/2024\/09\/manual-eduroam-linux-ubuntu-1.pdf\" target=\"_blank\" rel=\"noopener\" title=\"\">Eduroam para Linux (Ubuntu)<\/a><\/p>\n<\/div>\n<\/div>\n\n\n\n<div class=\"wp-block-columns has-background is-layout-flex wp-container-core-columns-is-layout-2 wp-block-columns-is-layout-flex\" style=\"background-color:#d7fbed\">\n<div class=\"wp-block-column is-layout-flow wp-block-column-is-layout-flow\">\n<h2 class=\"wp-block-heading\">Acesso remoto VPN<\/h2>\n\n\n\n<p>Para acesso remoto, especificamente para o diret\u00f3rio de documentos DOCS e para os sistemas SIE e SOPHIA,&nbsp;a AGTIC configurou acesso via VPN (Open VPN&nbsp;<strong><u>OU<\/u><\/strong>&nbsp;FORTIGATE).&nbsp;<\/p>\n\n\n\n<p class=\"has-vivid-red-color has-text-color has-link-color wp-elements-61fbf42bc3a0ba9d659671a2a594b1b6\"><strong>ATEN\u00c7\u00c3O!!!! Instale apenas UM tipo de acesso e d\u00ea prefer\u00eancia ao OpenVPN!!!!&nbsp;<\/strong><\/p>\n<\/div>\n\n\n\n<div class=\"wp-block-column is-layout-flow wp-block-column-is-layout-flow\">\n<h2 class=\"wp-block-heading has-text-align-center\">Tutoriais VPN<\/h2>\n\n\n\n<p class=\"has-text-align-center\"><a href=\"https:\/\/ufpr.br\/agtic\/wp-content\/uploads\/sites\/5\/2024\/09\/guia-acesso-remoto-docs-sie-e-sophia.pdf\" target=\"_blank\" rel=\"noopener\" title=\"\">OpenVPN para Windows<\/a><\/p>\n\n\n\n<p class=\"has-text-align-center\"><a href=\"https:\/\/ufpr.br\/agtic\/wp-content\/uploads\/sites\/5\/2024\/09\/guia-acesso-remoto-openvpn-macos.pdf\" target=\"_blank\" rel=\"noopener\" title=\"\">OpenVPN para macOS<\/a><\/p>\n\n\n\n<p class=\"has-text-align-center\"><a href=\"https:\/\/ufpr.br\/agtic\/wp-content\/uploads\/sites\/5\/2024\/09\/guia-acesso-vpn-via-openvpn-para-linux-1.pdf\" target=\"_blank\" rel=\"noopener\" title=\"\">OpenVPN para Linux<\/a><\/p>\n\n\n\n<p class=\"has-text-align-center\"><a href=\"https:\/\/ufpr.br\/agtic\/wp-content\/uploads\/sites\/5\/2024\/09\/vpn-ufpr-via-fortigate-para-pc-windows-v1-3.pdf\" target=\"_blank\" rel=\"noopener\" title=\"\">Fortigate (Windows)<\/a><\/p>\n\n\n\n<p class=\"has-text-align-center\"><a href=\"https:\/\/ufpr.br\/agtic\/wp-content\/uploads\/sites\/5\/2024\/09\/vpn-ufpr-via-fortigate-para-mac-os-v1-1.pdf\" target=\"_blank\" rel=\"noopener\" title=\"\">Fortigate (Mac)<\/a><\/p>\n<\/div>\n<\/div>\n\n\n\n<div class=\"wp-block-columns has-background is-layout-flex wp-container-core-columns-is-layout-3 wp-block-columns-is-layout-flex\" style=\"background-color:#ecf5fa\">\n<div class=\"wp-block-column is-layout-flow wp-block-column-is-layout-flow\">\n<h2 class=\"wp-block-heading\">Antiv\u00edrus institucional<\/h2>\n\n\n\n<h2 class=\"wp-block-heading\"><strong>Procedimentos de instala\u00e7\u00e3o<\/strong><\/h2>\n\n\n\n<p class=\"has-vivid-red-color has-text-color has-link-color wp-elements-aca9d84ebfa91d9558f24011475f52ac\">\u261b&nbsp;<strong><u>ATEN\u00c7\u00c3O<\/u><\/strong>:&nbsp;<strong>Remova qualquer antiv\u00edrus instalado no equipamento, exceto se somente o Microsoft Defender Antiv\u00edrus estiver instalado (Sistema Operacional Windows),&nbsp; e encerre qualquer aplicativo que esteja aberto antes de iniciar o procedimento.&nbsp;Somente o antiv\u00edrus corporativo BitDefender ser\u00e1 permitido nos equipamentos da UFPR.<\/strong><\/p>\n\n\n\n<p><strong>N\u00e3o execute como Administrador.<\/strong><\/p>\n\n\n\n<p>Os arquivos de instala\u00e7\u00e3o para os diferentes sistemas operacionais (Windows, Linux e MacOS) est\u00e3o dispon\u00edveis em:&nbsp;<strong><a href=\"https:\/\/bit.ly\/39HmPSZ\" target=\"_blank\" rel=\"noreferrer noopener\">https:\/\/antivirus.ufpr.br<\/a>.<\/strong><\/p>\n<\/div>\n\n\n\n<div class=\"wp-block-column is-layout-flow wp-block-column-is-layout-flow\">\n<h2 class=\"wp-block-heading has-text-align-center\">Tutoriais de instala\u00e7\u00e3o BitDefender<\/h2>\n\n\n\n<p class=\"has-text-align-center\"><a href=\"https:\/\/ufpr.br\/agtic\/wp-content\/uploads\/sites\/5\/2024\/09\/tutorial-antivirus-windows.pdf\" target=\"_blank\" rel=\"noopener\" title=\"\">Sistema Operacional Windows<\/a><\/p>\n\n\n\n<p class=\"has-text-align-center\"><a href=\"https:\/\/ufpr.br\/agtic\/wp-content\/uploads\/sites\/5\/2024\/09\/tutorial-antivirus-linux.pdf\" target=\"_blank\" rel=\"noopener\" title=\"\">Sistema Operacional Linux<\/a><\/p>\n\n\n\n<p class=\"has-text-align-center\"><a href=\"https:\/\/ufpr.br\/agtic\/wp-content\/uploads\/sites\/5\/2024\/09\/tutorial-antivirus-mac.pdf\" target=\"_blank\" rel=\"noopener\" title=\"\">Sistema MacOS<\/a><\/p>\n<\/div>\n<\/div>\n\n\n\n<div class=\"wp-block-columns has-background is-layout-flex wp-container-core-columns-is-layout-4 wp-block-columns-is-layout-flex\" style=\"background-color:#d7fbed\">\n<div class=\"wp-block-column is-layout-flow wp-block-column-is-layout-flow\">\n<h2 class=\"wp-block-heading\">Office 365<\/h2>\n\n\n\n<p>Clique <a href=\"https:\/\/office.com\" target=\"_blank\" rel=\"noopener\" title=\"\">aqui <\/a>para acessar<\/p>\n\n\n\n<p>Detalhes do projeto do Office 365 para a UFPR est\u00e3o dispon\u00edveis <a href=\"https:\/\/ufpr.br\/agtic\/projeto-office-365\/\" target=\"_blank\" rel=\"noopener\" title=\"\">aqui<\/a><\/p>\n<\/div>\n\n\n\n<div class=\"wp-block-column is-layout-flow wp-block-column-is-layout-flow\">\n<h2 class=\"wp-block-heading has-text-align-center\">Tutoriais Office 365 (mais utilizados)<\/h2>\n\n\n\n<p class=\"has-text-align-center\"><a href=\"https:\/\/ufpr.br\/agtic\/wp-content\/uploads\/sites\/5\/2024\/09\/teams-equipes-de-classe.pdf\" target=\"_blank\" rel=\"noopener\" title=\"\">Teams &#8211; Equipes de classe<\/a><\/p>\n\n\n\n<p class=\"has-text-align-center\"><a href=\"https:\/\/ufpr.br\/agtic\/wp-content\/uploads\/sites\/5\/2024\/09\/teams-salas-de-grupo.pdf\" target=\"_blank\" rel=\"noopener\" title=\"\">Teams &#8211; Salas para sess\u00e3o de grupo<\/a><\/p>\n\n\n\n<p class=\"has-text-align-center\"><a href=\"https:\/\/ufpr.br\/agtic\/wp-content\/uploads\/sites\/5\/2024\/09\/teams-webinar.pdf\" target=\"_blank\" rel=\"noopener\" title=\"\">Teams &#8211; Webinar<\/a><\/p>\n\n\n\n<p class=\"has-text-align-center\"><a href=\"https:\/\/ufpr.br\/agtic\/wp-content\/uploads\/sites\/5\/2024\/09\/tutorial-microsoft-planner.pdf\" target=\"_blank\" rel=\"noopener\" title=\"\">Planner<\/a><\/p>\n\n\n\n<p class=\"has-text-align-center\"><a href=\"https:\/\/ufpr.br\/agtic\/wp-content\/uploads\/sites\/5\/2024\/10\/Tutorial-Configuracao-do-2FA-na-conta-Microsoft-365-da-UFPR.pdf\" target=\"_blank\" rel=\"noopener\" title=\"\">Duplo Fator de Autentica\u00e7\u00e3o (2FA) com aplicativo Microsoft Authenticator<\/a><\/p>\n\n\n\n<p class=\"has-text-align-center\"><a href=\"https:\/\/ufpr.br\/agtic\/wp-content\/uploads\/sites\/5\/2024\/10\/Tutorial-Configuracao-do-2FA-na-conta-Microsoft-365-da-UFPR-google-authenticator.pdf\" target=\"_blank\" rel=\"noopener\" title=\"\">Duplo Fator de Autentica\u00e7\u00e3o (2FA) com aplicativo Google Authenticator<\/a><\/p>\n\n\n\n<p class=\"has-text-align-center\"><a href=\"https:\/\/ufpr.br\/agtic\/wp-content\/uploads\/sites\/5\/2024\/10\/Tutorial-Configuracao-do-2FA-com-OTPKey-Authenticator-para-Windows.pdf\" target=\"_blank\" rel=\"noopener\" title=\"\">Duplo Fator de Autentica\u00e7\u00e3o (2FA) usando OTPKey (Windows)<\/a><\/p>\n\n\n\n<p class=\"has-text-align-center\"><a href=\"https:\/\/ufpr.br\/agtic\/wp-content\/uploads\/sites\/5\/2024\/10\/Tutorial-Configuracao-do-2FA-com-OTPKey-Authenticator-para-MacOS.pdf\" target=\"_blank\" rel=\"noopener\" title=\"\">Duplo Fator de Autentica\u00e7\u00e3o (2FA) usando OTPKey (Mac)<\/a><\/p>\n\n\n\n<p class=\"has-text-align-center\"><a href=\"https:\/\/ufpr.br\/agtic\/wp-content\/uploads\/sites\/5\/2024\/10\/Tutorial-Configuracao-do-2FA-em-contas-DEPARTAMENTAIS-no-Microsoft-365-da-UFPR.pdf\" target=\"_blank\" rel=\"noopener\" title=\"\">Duplo Fator de Autentica\u00e7\u00e3o (2FA) para contas Departamentais<\/a><\/p>\n\n\n\n<p class=\"has-text-align-center\"><a href=\"https:\/\/ufpr.br\/agtic\/wp-content\/uploads\/sites\/5\/2024\/12\/Tutorial-Configuracao-do-2FA-com-SENHA-DE-APLICATIVO.pdf\" target=\"_blank\" rel=\"noopener\" title=\"\">Duplo Fator de Autentica\u00e7\u00e3o (2FA) com SENHA DE APLICATIVO<\/a><\/p>\n\n\n\n<p class=\"has-text-align-center\"><a href=\"https:\/\/ufpr.br\/agtic\/wp-content\/uploads\/sites\/5\/2025\/10\/Tutorial-M365-Consultar-cotas-V.1.1.pdf\" target=\"_blank\" rel=\"noreferrer noopener\">Consultar cotas de armazenamento<\/a><\/p>\n<\/div>\n<\/div>\n\n\n\n<div class=\"wp-block-columns has-background is-layout-flex wp-container-core-columns-is-layout-5 wp-block-columns-is-layout-flex\" style=\"background-color:#ecf5fa\">\n<div class=\"wp-block-column is-layout-flow wp-block-column-is-layout-flow\">\n<h2 class=\"wp-block-heading\">Sistema PGD<\/h2>\n\n\n\n<p>Tutorial para usu\u00e1rios do sistema<br>Programa de Gest\u00e3o da UFPR &#8211; PGD.<\/p>\n<\/div>\n\n\n\n<div class=\"wp-block-column is-layout-flow wp-block-column-is-layout-flow\">\n<p class=\"has-text-align-center\"><a href=\"https:\/\/ufpr.br\/agtic\/wp-content\/uploads\/sites\/5\/2024\/12\/Tutorial-Sistema-PGD-2.pdf\" target=\"_blank\" rel=\"noreferrer noopener\">Programa de Gest\u00e3o da UFPR &#8211; PGD<\/a><\/p>\n<\/div>\n<\/div>\n\n\n\n<div class=\"wp-block-columns has-background is-layout-flex wp-container-core-columns-is-layout-6 wp-block-columns-is-layout-flex\" style=\"background-color:#ecf5fa\">\n<div class=\"wp-block-column is-layout-flow wp-block-column-is-layout-flow\">\n<h2 class=\"wp-block-heading\">Sistema SEI<\/h2>\n\n\n\n<p>Tutorial para tramitar processos no SEI via Tramita GOV.BR.<\/p>\n<\/div>\n\n\n\n<div class=\"wp-block-column is-layout-flow wp-block-column-is-layout-flow\">\n<p class=\"has-text-align-center\"><a href=\"https:\/\/ufpr.br\/agtic\/wp-content\/uploads\/sites\/5\/2025\/10\/Tutorial_Tramita_GOVBR_v1.1.pdf\" target=\"_blank\" rel=\"noreferrer noopener\">Processos no SEI via Tramita GOV.BR<\/a><\/p>\n<\/div>\n<\/div>\n\n\n\n<div class=\"wp-block-columns is-layout-flex wp-container-core-columns-is-layout-7 wp-block-columns-is-layout-flex\">\n<div class=\"wp-block-column has-background is-layout-flow wp-block-column-is-layout-flow\" style=\"background-color:#d7fbed\">\n<h2 class=\"wp-block-heading has-text-align-center\">Sistema Chamados<\/h2>\n\n\n\n<div data-wp-interactive=\"core\/file\" class=\"wp-block-file\"><object data-wp-bind--hidden=\"!state.hasPdfPreview\" hidden class=\"wp-block-file__embed\" data=\"https:\/\/ufpr.br\/agtic\/wp-content\/uploads\/sites\/5\/2024\/09\/manual_chamadosufpr_perfil_padrao_vf_2023_03_22.pdf\" type=\"application\/pdf\" style=\"width:100%;height:600px\" aria-label=\"Incorporado de manual_chamadosufpr_perfil_padrao_vf_2023_03_22.\"><\/object><a id=\"wp-block-file--media-e3f455ff-493c-4f6c-b3b9-7e291a7fc1a8\" href=\"https:\/\/ufpr.br\/agtic\/wp-content\/uploads\/sites\/5\/2024\/09\/manual_chamadosufpr_perfil_padrao_vf_2023_03_22.pdf\">manual_chamadosufpr_perfil_padrao_vf_2023_03_22<\/a><a href=\"https:\/\/ufpr.br\/agtic\/wp-content\/uploads\/sites\/5\/2024\/09\/manual_chamadosufpr_perfil_padrao_vf_2023_03_22.pdf\" class=\"wp-block-file__button wp-element-button\" download aria-describedby=\"wp-block-file--media-e3f455ff-493c-4f6c-b3b9-7e291a7fc1a8\">Baixar<\/a><\/div>\n<\/div>\n<\/div>\n\n\n\n<div class=\"wp-block-columns is-layout-flex wp-container-core-columns-is-layout-8 wp-block-columns-is-layout-flex\">\n<div class=\"wp-block-column has-background is-layout-flow wp-block-column-is-layout-flow\" style=\"background-color:#ecf5fa\">\n<h2 class=\"wp-block-heading has-text-align-center\">Aplicativo Docentes<\/h2>\n\n\n\n<div data-wp-interactive=\"core\/file\" class=\"wp-block-file\"><object data-wp-bind--hidden=\"!state.hasPdfPreview\" hidden class=\"wp-block-file__embed\" data=\"https:\/\/ufpr.br\/agtic\/wp-content\/uploads\/sites\/5\/2024\/09\/tutorial-aplicativo-docentes-1.pdf\" type=\"application\/pdf\" style=\"width:100%;height:600px\" aria-label=\"Incorporado de tutorial-aplicativo-docentes-1.\"><\/object><a id=\"wp-block-file--media-1be2c666-4a7c-48f7-aaa6-0df100d83e71\" href=\"https:\/\/ufpr.br\/agtic\/wp-content\/uploads\/sites\/5\/2024\/09\/tutorial-aplicativo-docentes-1.pdf\">tutorial-aplicativo-docentes-1<\/a><a href=\"https:\/\/ufpr.br\/agtic\/wp-content\/uploads\/sites\/5\/2024\/09\/tutorial-aplicativo-docentes-1.pdf\" class=\"wp-block-file__button wp-element-button\" download aria-describedby=\"wp-block-file--media-1be2c666-4a7c-48f7-aaa6-0df100d83e71\">Baixar<\/a><\/div>\n<\/div>\n<\/div>\n\n\n\n<div class=\"wp-block-columns is-layout-flex wp-container-core-columns-is-layout-9 wp-block-columns-is-layout-flex\">\n<div class=\"wp-block-column has-background is-layout-flow wp-block-column-is-layout-flow\" style=\"background-color:#d7fbed\">\n<h2 class=\"wp-block-heading has-text-align-center\">RNP &#8211; Eduplay <\/h2>\n\n\n\n<div data-wp-interactive=\"core\/file\" class=\"wp-block-file\"><object data-wp-bind--hidden=\"!state.hasPdfPreview\" hidden class=\"wp-block-file__embed\" data=\"https:\/\/ufpr.br\/agtic\/wp-content\/uploads\/sites\/5\/2026\/02\/Eduplay_revisado_2026.pdf\" type=\"application\/pdf\" style=\"width:100%;height:600px\" aria-label=\"Incorporado de Eduplay_revisado_2026.\"><\/object><a id=\"wp-block-file--media-6f34fc56-106e-4790-8498-4e69144ad207\" href=\"https:\/\/ufpr.br\/agtic\/wp-content\/uploads\/sites\/5\/2026\/02\/Eduplay_revisado_2026.pdf\">Eduplay_revisado_2026<\/a><a href=\"https:\/\/ufpr.br\/agtic\/wp-content\/uploads\/sites\/5\/2026\/02\/Eduplay_revisado_2026.pdf\" class=\"wp-block-file__button wp-element-button\" download aria-describedby=\"wp-block-file--media-6f34fc56-106e-4790-8498-4e69144ad207\">Baixar<\/a><\/div>\n<\/div>\n<\/div>\n\n\n\n<div class=\"wp-block-columns is-layout-flex wp-container-core-columns-is-layout-10 wp-block-columns-is-layout-flex\">\n<div class=\"wp-block-column has-background is-layout-flow wp-block-column-is-layout-flow\" style=\"background-color:#ecf5fa\">\n<h2 class=\"wp-block-heading has-text-align-center\">Configura\u00e7\u00e3o de e-mail no Thunderbird<\/h2>\n\n\n\n<div data-wp-interactive=\"core\/file\" class=\"wp-block-file\"><object data-wp-bind--hidden=\"!state.hasPdfPreview\" hidden class=\"wp-block-file__embed\" data=\"https:\/\/ufpr.br\/agtic\/wp-content\/uploads\/sites\/5\/2024\/09\/tutorial-de-configuracao-do-e-mail-ufpr-no-thunderbird-3.pdf\" type=\"application\/pdf\" style=\"width:100%;height:600px\" aria-label=\"Incorporado de tutorial-de-configuracao-do-e-mail-ufpr-no-thunderbird-3.\"><\/object><a id=\"wp-block-file--media-9a37c419-abb9-483b-9764-9771a42cd322\" href=\"https:\/\/ufpr.br\/agtic\/wp-content\/uploads\/sites\/5\/2024\/09\/tutorial-de-configuracao-do-e-mail-ufpr-no-thunderbird-3.pdf\">tutorial-de-configuracao-do-e-mail-ufpr-no-thunderbird-3<\/a><a href=\"https:\/\/ufpr.br\/agtic\/wp-content\/uploads\/sites\/5\/2024\/09\/tutorial-de-configuracao-do-e-mail-ufpr-no-thunderbird-3.pdf\" class=\"wp-block-file__button wp-element-button\" download aria-describedby=\"wp-block-file--media-9a37c419-abb9-483b-9764-9771a42cd322\">Baixar<\/a><\/div>\n<\/div>\n<\/div>\n\n\n\n<div class=\"wp-block-columns is-layout-flex wp-container-core-columns-is-layout-11 wp-block-columns-is-layout-flex\">\n<div class=\"wp-block-column has-background is-layout-flow wp-block-column-is-layout-flow\" style=\"background-color:#d7fbed\">\n<h2 class=\"wp-block-heading has-text-align-center\">Solicita\u00e7\u00e3o e instala\u00e7\u00e3o de certificado digital<\/h2>\n\n\n\n<div data-wp-interactive=\"core\/file\" class=\"wp-block-file\"><object data-wp-bind--hidden=\"!state.hasPdfPreview\" hidden class=\"wp-block-file__embed\" data=\"https:\/\/ufpr.br\/agtic\/wp-content\/uploads\/sites\/5\/2025\/04\/OrientacoesAtualizadas-Solicitacao-de-Certificado-Digital-2-2.pdf\" type=\"application\/pdf\" style=\"width:100%;height:600px\" aria-label=\"Incorporado de Orienta\u00e7\u00f5esAtualizadas - Solicita\u00e7\u00e3o de Certificado Digital (2).\"><\/object><a id=\"wp-block-file--media-1cf030f6-1ef9-46e2-864e-3a25604356e5\" href=\"https:\/\/ufpr.br\/agtic\/wp-content\/uploads\/sites\/5\/2025\/04\/OrientacoesAtualizadas-Solicitacao-de-Certificado-Digital-2-2.pdf\">Orienta\u00e7\u00f5esAtualizadas &#8211; Solicita\u00e7\u00e3o de Certificado Digital (2)<\/a><a href=\"https:\/\/ufpr.br\/agtic\/wp-content\/uploads\/sites\/5\/2025\/04\/OrientacoesAtualizadas-Solicitacao-de-Certificado-Digital-2-2.pdf\" class=\"wp-block-file__button wp-element-button\" download aria-describedby=\"wp-block-file--media-1cf030f6-1ef9-46e2-864e-3a25604356e5\">Baixar<\/a><\/div>\n<\/div>\n<\/div>\n\n\n\n<p><\/p>\n","protected":false},"excerpt":{"rendered":"<p>Aqui est\u00e3o dispon\u00edveis tutoriais de servi\u00e7os e sistemas gerenciados pela AGTIC. EDUROAM O que \u00e9 EDUROAM? O Eduroam \u00e9 uma rede que visa oferecer acesso \u00e0 internet sem fio aos estudantes, pesquisadores, professores e servidores das&nbsp;institui\u00e7\u00f5es cadastradas em todo o mundo, sem a necessidade de m\u00faltiplos logins e senhas, formando assim uma rede de confian\u00e7a [&hellip;]<\/p>\n","protected":false},"author":53,"featured_media":0,"parent":0,"menu_order":0,"comment_status":"closed","ping_status":"closed","template":"","meta":{"footnotes":""},"class_list":["post-463","page","type-page","status-publish","hentry"],"_links":{"self":[{"href":"https:\/\/ufpr.br\/agtic\/wp-json\/wp\/v2\/pages\/463","targetHints":{"allow":["GET"]}}],"collection":[{"href":"https:\/\/ufpr.br\/agtic\/wp-json\/wp\/v2\/pages"}],"about":[{"href":"https:\/\/ufpr.br\/agtic\/wp-json\/wp\/v2\/types\/page"}],"author":[{"embeddable":true,"href":"https:\/\/ufpr.br\/agtic\/wp-json\/wp\/v2\/users\/53"}],"replies":[{"embeddable":true,"href":"https:\/\/ufpr.br\/agtic\/wp-json\/wp\/v2\/comments?post=463"}],"version-history":[{"count":57,"href":"https:\/\/ufpr.br\/agtic\/wp-json\/wp\/v2\/pages\/463\/revisions"}],"predecessor-version":[{"id":2091,"href":"https:\/\/ufpr.br\/agtic\/wp-json\/wp\/v2\/pages\/463\/revisions\/2091"}],"wp:attachment":[{"href":"https:\/\/ufpr.br\/agtic\/wp-json\/wp\/v2\/media?parent=463"}],"curies":[{"name":"wp","href":"https:\/\/api.w.org\/{rel}","templated":true}]}}