{"id":431,"date":"2024-09-05T16:47:30","date_gmt":"2024-09-05T19:47:30","guid":{"rendered":"https:\/\/ufpr.br\/agtic\/\/?page=431"},"modified":"2024-09-05T16:47:31","modified_gmt":"2024-09-05T19:47:31","slug":"aplicativos-office-365","status":"publish","type":"page","link":"https:\/\/ufpr.br\/agtic\/aplicativos-office-365\/","title":{"rendered":"Aplicativos Office 365"},"content":{"rendered":"\n<div class=\"wp-block-columns has-background is-layout-flex wp-container-core-columns-is-layout-1 wp-block-columns-is-layout-flex\" style=\"background-color:#ecf5fa\">\n<div class=\"wp-block-column is-vertically-aligned-center is-layout-flow wp-block-column-is-layout-flow\"><div class=\"wp-block-image\">\n<figure class=\"aligncenter size-full\"><img decoding=\"async\" src=\"https:\/\/ufpr.br\/agtic\/wp-content\/uploads\/sites\/5\/2024\/09\/outlook.png\" alt=\"\" class=\"wp-image-1151\" \/><\/figure><\/div><\/div>\n\n\n\n<div class=\"wp-block-column is-layout-flow wp-block-column-is-layout-flow\">\n<p><strong>Outlook<br><\/strong>Configure e personalize o Outlook, crie e envie e-mails, organize sua caixa de entrada e gerencie seus e-mails, contatos, tarefas e calend\u00e1rio.<\/p>\n<\/div>\n\n\n\n<div class=\"wp-block-column is-vertically-aligned-center is-layout-flow wp-block-column-is-layout-flow\">\n<p class=\"has-text-align-center\"><a href=\"https:\/\/support.office.com\/pt-br\/article\/treinamento-do-outlook-8a5b816d-9052-4190-a5eb-494512343cca\">Treinamento para o Outlook<\/a><br><\/p>\n<\/div>\n<\/div>\n\n\n\n<div class=\"wp-block-columns is-layout-flex wp-container-core-columns-is-layout-2 wp-block-columns-is-layout-flex\">\n<div class=\"wp-block-column is-vertically-aligned-center is-layout-flow wp-block-column-is-layout-flow\"><div class=\"wp-block-image\">\n<figure class=\"aligncenter size-full is-resized\"><img decoding=\"async\" src=\"https:\/\/ufpr.br\/agtic\/wp-content\/uploads\/sites\/5\/2024\/09\/onedrive.png\" alt=\"\" class=\"wp-image-1155\" style=\"width:67px;height:auto\" \/><\/figure><\/div><\/div>\n\n\n\n<div class=\"wp-block-column is-layout-flow wp-block-column-is-layout-flow\">\n<p><strong>OneDrive<br><\/strong>Crie e carregue arquivos, compartilhe e colabore com outras pessoas e sincronize seus arquivos e pastas no OneDrive e no OneDrive for Business.<\/p>\n<\/div>\n\n\n\n<div class=\"wp-block-column is-vertically-aligned-center is-layout-flow wp-block-column-is-layout-flow\">\n<p class=\"has-text-align-center\"><a href=\"https:\/\/support.office.com\/pt-br\/article\/treinamento-em-v%C3%ADdeo-do-onedrive-1f608184-b7e6-43ca-8753-2ff679203132\">Treinamento para o OneDrive<\/a><br><\/p>\n<\/div>\n<\/div>\n\n\n\n<div class=\"wp-block-columns has-background is-layout-flex wp-container-core-columns-is-layout-3 wp-block-columns-is-layout-flex\" style=\"background-color:#ecf5fa\">\n<div class=\"wp-block-column is-vertically-aligned-center is-layout-flow wp-block-column-is-layout-flow\"><div class=\"wp-block-image\">\n<figure class=\"aligncenter size-full\"><img decoding=\"async\" src=\"https:\/\/ufpr.br\/agtic\/wp-content\/uploads\/sites\/5\/2024\/09\/onenote-1.png\" alt=\"\" class=\"wp-image-1159\" \/><\/figure><\/div><\/div>\n\n\n\n<div class=\"wp-block-column is-layout-flow wp-block-column-is-layout-flow\">\n<p><strong>OneNote<br><\/strong>Crie e formate notas, desenhe e fa\u00e7a esbo\u00e7os, mantenha-se organizado, compartilhe e fa\u00e7a sincroniza\u00e7\u00e3o, e use o OneNote em seus dispositivos m\u00f3veis.<\/p>\n<\/div>\n\n\n\n<div class=\"wp-block-column is-vertically-aligned-center is-layout-flow wp-block-column-is-layout-flow\">\n<p class=\"has-text-align-center\"><a href=\"https:\/\/support.office.com\/pt-br\/article\/treinamento-em-v%C3%ADdeo-do-onenote-1c983b65-42f6-42c1-ab61-235aae5d0115\">Treinamento para o OneNote<\/a><\/p>\n<\/div>\n<\/div>\n\n\n\n<div class=\"wp-block-columns is-layout-flex wp-container-core-columns-is-layout-4 wp-block-columns-is-layout-flex\">\n<div class=\"wp-block-column is-vertically-aligned-center is-layout-flow wp-block-column-is-layout-flow\"><div class=\"wp-block-image\">\n<figure class=\"aligncenter size-full\"><img decoding=\"async\" src=\"https:\/\/ufpr.br\/agtic\/wp-content\/uploads\/sites\/5\/2024\/09\/teams.png\" alt=\"\" class=\"wp-image-1166\" \/><\/figure><\/div><\/div>\n\n\n\n<div class=\"wp-block-column is-layout-flow wp-block-column-is-layout-flow\">\n<p><strong>Teams<\/strong><\/p>\n\n\n\n<p>Crie e compartilhe e pastas de trabalho e trabalhe com c\u00e9lulas, linhas, colunas, f\u00f3rmulas, fun\u00e7\u00f5es, tabelas, Tabelas Din\u00e2micas e gr\u00e1ficos.<\/p>\n<\/div>\n\n\n\n<div class=\"wp-block-column is-vertically-aligned-center is-layout-flow wp-block-column-is-layout-flow\">\n<p class=\"has-text-align-center\"><a href=\"https:\/\/support.office.com\/pt-br\/article\/treinamento-em-v%C3%ADdeo-do-microsoft-teams-4f108e54-240b-4351-8084-b1089f0d21d7\">Treinamento para o Microsoft Teams<\/a><br><\/p>\n<\/div>\n<\/div>\n\n\n\n<div class=\"wp-block-columns has-background is-layout-flex wp-container-core-columns-is-layout-5 wp-block-columns-is-layout-flex\" style=\"background-color:#ecf5fa\">\n<div class=\"wp-block-column is-vertically-aligned-center is-layout-flow wp-block-column-is-layout-flow\"><div class=\"wp-block-image\">\n<figure class=\"aligncenter size-full\"><img decoding=\"async\" src=\"https:\/\/ufpr.br\/agtic\/wp-content\/uploads\/sites\/5\/2024\/09\/planner.png\" alt=\"\" class=\"wp-image-1167\" \/><\/figure><\/div><\/div>\n\n\n\n<div class=\"wp-block-column is-layout-flow wp-block-column-is-layout-flow\">\n<p><strong>Planner<\/strong><\/p>\n\n\n\n<p>Veja como usar o Planner para planejar um evento, acompanhar um processo, publicar conte\u00fado e dar suporte aos clientes.<\/p>\n<\/div>\n\n\n\n<div class=\"wp-block-column is-vertically-aligned-center is-layout-flow wp-block-column-is-layout-flow\">\n<p class=\"has-text-align-center\"><a href=\"https:\/\/support.office.com\/pt-br\/article\/treinamento-em-v%C3%ADdeo-do-microsoft-planner-4d71390f-08d8-4db0-84ea-92fb078687c7\">Treinamento para o Planner<\/a><\/p>\n<\/div>\n<\/div>\n\n\n\n<div class=\"wp-block-columns is-layout-flex wp-container-core-columns-is-layout-6 wp-block-columns-is-layout-flex\">\n<div class=\"wp-block-column is-vertically-aligned-center is-layout-flow wp-block-column-is-layout-flow\"><div class=\"wp-block-image\">\n<figure class=\"aligncenter size-full\"><img decoding=\"async\" src=\"https:\/\/ufpr.br\/agtic\/wp-content\/uploads\/sites\/5\/2024\/09\/sharepoint.png\" alt=\"\" class=\"wp-image-1170\" \/><\/figure><\/div><\/div>\n\n\n\n<div class=\"wp-block-column is-layout-flow wp-block-column-is-layout-flow\">\n<p><strong>Sarepoint<\/strong><\/p>\n\n\n\n<p>Encontre e siga sites e not\u00edcias, crie sites, postagens e listas, crie e compartilhe arquivos em uma biblioteca e sincronize arquivos e pastas do SharePoint.<\/p>\n<\/div>\n\n\n\n<div class=\"wp-block-column is-vertically-aligned-center is-layout-flow wp-block-column-is-layout-flow\">\n<p class=\"has-text-align-center\"><a href=\"https:\/\/support.office.com\/pt-br\/article\/treinamento-em-v%C3%ADdeo-do-microsoft-planner-4d71390f-08d8-4db0-84ea-92fb078687c7\">Treinamento para o Sharepoint<\/a><\/p>\n<\/div>\n<\/div>\n\n\n\n<div class=\"wp-block-columns has-background is-layout-flex wp-container-core-columns-is-layout-7 wp-block-columns-is-layout-flex\" style=\"background-color:#ecf5fa\">\n<div class=\"wp-block-column is-vertically-aligned-center is-layout-flow wp-block-column-is-layout-flow\"><div class=\"wp-block-image\">\n<figure class=\"aligncenter size-full\"><img decoding=\"async\" src=\"https:\/\/ufpr.br\/agtic\/wp-content\/uploads\/sites\/5\/2024\/09\/skypebusiness.png\" alt=\"\" class=\"wp-image-1174\" \/><\/figure><\/div><\/div>\n\n\n\n<div class=\"wp-block-column is-layout-flow wp-block-column-is-layout-flow\">\n<p><strong>Skype for Business<\/strong><\/p>\n\n\n\n<p>Comece a usar o Skype for Business, configure \u00e1udio e v\u00eddeo, defina uma op\u00e7\u00e3o de presen\u00e7a, adicione sua foto e configure uma reuni\u00e3o online.<\/p>\n<\/div>\n\n\n\n<div class=\"wp-block-column is-vertically-aligned-center is-layout-flow wp-block-column-is-layout-flow\">\n<p class=\"has-text-align-center\"><a href=\"https:\/\/support.office.com\/pt-br\/article\/treinamento-em-v%C3%ADdeo-do-microsoft-planner-4d71390f-08d8-4db0-84ea-92fb078687c7\">Treinamento Skype for Business<\/a><\/p>\n<\/div>\n<\/div>\n\n\n\n<div class=\"wp-block-columns is-layout-flex wp-container-core-columns-is-layout-8 wp-block-columns-is-layout-flex\">\n<div class=\"wp-block-column is-vertically-aligned-center is-layout-flow wp-block-column-is-layout-flow\"><div class=\"wp-block-image\">\n<figure class=\"aligncenter size-full\"><img decoding=\"async\" src=\"https:\/\/ufpr.br\/agtic\/wp-content\/uploads\/sites\/5\/2024\/09\/excel.png\" alt=\"\" class=\"wp-image-1177\" \/><\/figure><\/div><\/div>\n\n\n\n<div class=\"wp-block-column is-layout-flow wp-block-column-is-layout-flow\">\n<p><strong>Excel<\/strong><\/p>\n\n\n\n<p>Crie e compartilhe e pastas de trabalho e trabalhe com c\u00e9lulas, linhas, colunas, f\u00f3rmulas, fun\u00e7\u00f5es, tabelas, Tabelas Din\u00e2micas e gr\u00e1ficos.<\/p>\n<\/div>\n\n\n\n<div class=\"wp-block-column is-vertically-aligned-center is-layout-flow wp-block-column-is-layout-flow\">\n<p class=\"has-text-align-center\"><a href=\"https:\/\/support.office.com\/pt-br\/article\/treinamento-de-excel-para-windows-9bc05390-e94c-46af-a5b3-d7c22f6990bb\">Treinamento para o Excel<\/a><\/p>\n<\/div>\n<\/div>\n\n\n\n<div class=\"wp-block-columns has-background is-layout-flex wp-container-core-columns-is-layout-9 wp-block-columns-is-layout-flex\" style=\"background-color:#ecf5fa\">\n<div class=\"wp-block-column is-vertically-aligned-center is-layout-flow wp-block-column-is-layout-flow\"><div class=\"wp-block-image\">\n<figure class=\"aligncenter size-full\"><img decoding=\"async\" src=\"https:\/\/ufpr.br\/agtic\/wp-content\/uploads\/sites\/5\/2024\/09\/word.png\" alt=\"\" class=\"wp-image-1180\" \/><\/figure><\/div><\/div>\n\n\n\n<div class=\"wp-block-column is-layout-flow wp-block-column-is-layout-flow\">\n<p><strong>Word<\/strong><\/p>\n\n\n\n<p>Crie e edite documentos, formate texto, esquematize p\u00e1ginas, insira tabelas e imagens, salve, imprima, compartilhe e copie documentos.<\/p>\n<\/div>\n\n\n\n<div class=\"wp-block-column is-vertically-aligned-center is-layout-flow wp-block-column-is-layout-flow\">\n<p class=\"has-text-align-center\"><a href=\"https:\/\/support.office.com\/pt-br\/article\/treinamento-de-word-para-windows-7bcd85e6-2c3d-4c3c-a2a5-5ed8847eae73\">Treinamento para o Word<\/a><\/p>\n<\/div>\n<\/div>\n\n\n\n<div class=\"wp-block-columns is-layout-flex wp-container-core-columns-is-layout-10 wp-block-columns-is-layout-flex\">\n<div class=\"wp-block-column is-vertically-aligned-center is-layout-flow wp-block-column-is-layout-flow\"><div class=\"wp-block-image\">\n<figure class=\"aligncenter size-full\"><img decoding=\"async\" src=\"https:\/\/ufpr.br\/agtic\/wp-content\/uploads\/sites\/5\/2024\/09\/powerpoint.png\" alt=\"\" class=\"wp-image-1184\" \/><\/figure><\/div><\/div>\n\n\n\n<div class=\"wp-block-column is-layout-flow wp-block-column-is-layout-flow\">\n<p><strong>Powerpoint<\/strong><\/p>\n\n\n\n<p>Crie, compartilhe e coautorie apresenta\u00e7\u00f5es, crie slides, tabelas e anima\u00e7\u00f5es e insira imagens e v\u00eddeos.<\/p>\n<\/div>\n\n\n\n<div class=\"wp-block-column is-vertically-aligned-center is-layout-flow wp-block-column-is-layout-flow\">\n<p class=\"has-text-align-center\"><a href=\"https:\/\/support.office.com\/pt-br\/article\/treinamento-de-powerpoint-para-windows-40e8c930-cb0b-40d8-82c4-bd53d3398787\">Treinamento para o PowerPoint<\/a><\/p>\n<\/div>\n<\/div>\n\n\n\n<div class=\"wp-block-columns has-background is-layout-flex wp-container-core-columns-is-layout-11 wp-block-columns-is-layout-flex\" style=\"background-color:#ecf5fa\">\n<div class=\"wp-block-column is-vertically-aligned-center is-layout-flow wp-block-column-is-layout-flow\"><div class=\"wp-block-image\">\n<figure class=\"aligncenter size-full is-resized\"><img decoding=\"async\" src=\"https:\/\/ufpr.br\/agtic\/wp-content\/uploads\/sites\/5\/2024\/09\/forms.png\" alt=\"\" class=\"wp-image-1186\" style=\"width:64px;height:auto\" \/><\/figure><\/div><\/div>\n\n\n\n<div class=\"wp-block-column is-layout-flow wp-block-column-is-layout-flow\">\n<p><strong>Forms<\/strong><\/p>\n\n\n\n<p>Aprenda como criar e enviar um formul\u00e1rio e visualizar resultados.<\/p>\n<\/div>\n\n\n\n<div class=\"wp-block-column is-vertically-aligned-center is-layout-flow wp-block-column-is-layout-flow\">\n<p class=\"has-text-align-center\"><a href=\"https:\/\/support.office.com\/pt-br\/article\/entrar-no-microsoft-forms-620daa7a-3e03-4013-8f92-5cce86210ef6\">In\u00edcio r\u00e1pido do Forms<\/a><\/p>\n<\/div>\n<\/div>\n\n\n\n<div class=\"wp-block-columns is-layout-flex wp-container-core-columns-is-layout-12 wp-block-columns-is-layout-flex\">\n<div class=\"wp-block-column is-vertically-aligned-center is-layout-flow wp-block-column-is-layout-flow\"><div class=\"wp-block-image\">\n<figure class=\"aligncenter size-full is-resized\"><img decoding=\"async\" src=\"https:\/\/ufpr.br\/agtic\/wp-content\/uploads\/sites\/5\/2024\/09\/stream.png\" alt=\"\" class=\"wp-image-1188\" style=\"width:64px;height:auto\" \/><\/figure><\/div><\/div>\n\n\n\n<div class=\"wp-block-column is-layout-flow wp-block-column-is-layout-flow\">\n<p><strong>Stream<\/strong><\/p>\n\n\n\n<p>Comece a enviar, categorizar e compartilhar seus v\u00eddeos com o Microsoft Stream.<\/p>\n<\/div>\n\n\n\n<div class=\"wp-block-column is-vertically-aligned-center is-layout-flow wp-block-column-is-layout-flow\">\n<p class=\"has-text-align-center\"><a href=\"https:\/\/docs.microsoft.com\/stream\/\">Documentos e tutoriais do Stream<\/a><\/p>\n<\/div>\n<\/div>\n\n\n\n<div class=\"wp-block-columns has-background is-layout-flex wp-container-core-columns-is-layout-13 wp-block-columns-is-layout-flex\" style=\"background-color:#ecf5fa\">\n<div class=\"wp-block-column is-vertically-aligned-center is-layout-flow wp-block-column-is-layout-flow\"><div class=\"wp-block-image\">\n<figure class=\"aligncenter size-full is-resized\"><img decoding=\"async\" src=\"https:\/\/ufpr.br\/agtic\/wp-content\/uploads\/sites\/5\/2024\/09\/delve.png\" alt=\"\" class=\"wp-image-1189\" style=\"width:64px;height:auto\" \/><\/figure><\/div><\/div>\n\n\n\n<div class=\"wp-block-column is-layout-flow wp-block-column-is-layout-flow\">\n<p><strong>Delve<\/strong><\/p>\n\n\n\n<p>Atualize seu perfil, encontre e compartilhe informa\u00e7\u00f5es, visualize documentos recentes e crie um quadro.<\/p>\n<\/div>\n\n\n\n<div class=\"wp-block-column is-vertically-aligned-center is-layout-flow wp-block-column-is-layout-flow\">\n<p class=\"has-text-align-center\"><a href=\"https:\/\/support.office.com\/pt-br\/article\/entrar-no-delve-0e4751f5-3006-402f-b55a-bb079cfb1ff1\">In\u00edcio r\u00e1pido do Delve<\/a><\/p>\n<\/div>\n<\/div>\n\n\n\n<div class=\"wp-block-columns is-layout-flex wp-container-core-columns-is-layout-14 wp-block-columns-is-layout-flex\">\n<div class=\"wp-block-column is-vertically-aligned-center is-layout-flow wp-block-column-is-layout-flow\"><div class=\"wp-block-image\">\n<figure class=\"aligncenter size-full is-resized\"><img decoding=\"async\" src=\"https:\/\/ufpr.br\/agtic\/wp-content\/uploads\/sites\/5\/2024\/09\/quadrocomunicaoes.png\" alt=\"\" class=\"wp-image-1191\" style=\"width:64px;height:auto\" \/><\/figure><\/div><\/div>\n\n\n\n<div class=\"wp-block-column is-layout-flow wp-block-column-is-layout-flow\">\n<p><strong>Quadro de comunica\u00e7\u00f5es<\/strong><\/p>\n\n\n\n<p>Colabore nesta forma livre, telas digitais \u2014 independentemente de sua equipe estar em um ou em v\u00e1rios locais.<\/p>\n<\/div>\n\n\n\n<div class=\"wp-block-column is-vertically-aligned-center is-layout-flow wp-block-column-is-layout-flow\">\n<p class=\"has-text-align-center\"><a href=\"https:\/\/support.office.com\/article\/d236aef8-fcdf-4b5e-b5d7-7f157461e920\">Ajuda do Quadro de Comunica\u00e7\u00f5es<\/a><\/p>\n<\/div>\n<\/div>\n\n\n\n<div class=\"wp-block-columns has-background is-layout-flex wp-container-core-columns-is-layout-15 wp-block-columns-is-layout-flex\" style=\"background-color:#ecf5fa\">\n<div class=\"wp-block-column is-vertically-aligned-center is-layout-flow wp-block-column-is-layout-flow\"><div class=\"wp-block-image\">\n<figure class=\"aligncenter size-full is-resized\"><img decoding=\"async\" src=\"https:\/\/ufpr.br\/agtic\/wp-content\/uploads\/sites\/5\/2024\/09\/to-do.png\" alt=\"\" class=\"wp-image-1193\" style=\"width:64px;height:auto\" \/><\/figure><\/div><\/div>\n\n\n\n<div class=\"wp-block-column is-layout-flow wp-block-column-is-layout-flow\">\n<p><strong>To-Do<\/strong><\/p>\n\n\n\n<p>Crie e compartilhe listas, adicione datas de vencimento e lembretes, planeje seu dia e sincronize suas tarefas com as tarefas do Outlook.<\/p>\n<\/div>\n\n\n\n<div class=\"wp-block-column is-vertically-aligned-center is-layout-flow wp-block-column-is-layout-flow\">\n<p class=\"has-text-align-center\"><a href=\"https:\/\/support.office.com\/pt-br\/article\/criar-e-compartilhar-listas-4e5aeac6-8649-4813-aae5-2c2ddea2f292\">In\u00edcio r\u00e1pido do To-Do<\/a><\/p>\n<\/div>\n<\/div>\n\n\n\n<div class=\"wp-block-columns is-layout-flex wp-container-core-columns-is-layout-16 wp-block-columns-is-layout-flex\">\n<div class=\"wp-block-column is-vertically-aligned-center is-layout-flow wp-block-column-is-layout-flow\"><div class=\"wp-block-image\">\n<figure class=\"aligncenter size-full is-resized\"><img decoding=\"async\" src=\"https:\/\/ufpr.br\/agtic\/wp-content\/uploads\/sites\/5\/2024\/09\/sway.png\" alt=\"\" class=\"wp-image-1195\" style=\"width:64px;height:auto\" \/><\/figure><\/div><\/div>\n\n\n\n<div class=\"wp-block-column is-layout-flow wp-block-column-is-layout-flow\">\n<p><strong>Sway<\/strong><\/p>\n\n\n\n<p>Crie um sway, adicione texto, imagens e v\u00eddeos e crie e compartilhe seu sway.<\/p>\n<\/div>\n\n\n\n<div class=\"wp-block-column is-vertically-aligned-center is-layout-flow wp-block-column-is-layout-flow\">\n<p class=\"has-text-align-center\"><a href=\"https:\/\/support.office.com\/pt-br\/article\/entrar-no-sway-b60d6dc4-d2bc-4740-ab1d-e2c4071dca03\">In\u00edcio r\u00e1pido do Sway<\/a><\/p>\n<\/div>\n<\/div>\n\n\n\n<div class=\"wp-block-columns has-background is-layout-flex wp-container-core-columns-is-layout-17 wp-block-columns-is-layout-flex\" style=\"background-color:#ecf5fa\">\n<div class=\"wp-block-column is-vertically-aligned-center is-layout-flow wp-block-column-is-layout-flow\"><div class=\"wp-block-image\">\n<figure class=\"aligncenter size-full is-resized\"><img decoding=\"async\" src=\"https:\/\/ufpr.br\/agtic\/wp-content\/uploads\/sites\/5\/2024\/09\/yammer.png\" alt=\"\" class=\"wp-image-1196\" style=\"width:64px;height:auto\" \/><\/figure><\/div><\/div>\n\n\n\n<div class=\"wp-block-column is-layout-flow wp-block-column-is-layout-flow\">\n<p><strong>Yammer<\/strong><\/p>\n\n\n\n<p>Crie uma rede bem-sucedida do Yammer, receba notifica\u00e7\u00f5es, curta e responda a postagens, participe e crie grupos e use enquetes, elogios e comunicados.<\/p>\n<\/div>\n\n\n\n<div class=\"wp-block-column is-vertically-aligned-center is-layout-flow wp-block-column-is-layout-flow\">\n<p class=\"has-text-align-center\"><a href=\"https:\/\/support.office.com\/pt-br\/article\/v%C3%ADdeo-de-treinamento-do-yammer-2c0ce4c6-0a99-466f-bf1b-cbe7ffa9779a\">Treinamento para o Yammer<\/a><\/p>\n<\/div>\n<\/div>\n\n\n\n<div class=\"wp-block-columns is-layout-flex wp-container-core-columns-is-layout-18 wp-block-columns-is-layout-flex\">\n<div class=\"wp-block-column is-vertically-aligned-center is-layout-flow wp-block-column-is-layout-flow\"><div class=\"wp-block-image\">\n<figure class=\"aligncenter size-full is-resized\"><img decoding=\"async\" src=\"https:\/\/ufpr.br\/agtic\/wp-content\/uploads\/sites\/5\/2024\/09\/kaizala.png\" alt=\"\" class=\"wp-image-1198\" style=\"width:64px;height:auto\" \/><\/figure><\/div><\/div>\n\n\n\n<div class=\"wp-block-column is-layout-flow wp-block-column-is-layout-flow\">\n<p><strong>Kaizala<\/strong><\/p>\n\n\n\n<p>Use o aplicativo m\u00f3vel do Kaizala para criar ou participar de grupos, enviar um an\u00fancio e criar um trabalho, reuni\u00e3o, pesquisa ou enquete.<\/p>\n<\/div>\n\n\n\n<div class=\"wp-block-column is-vertically-aligned-center is-layout-flow wp-block-column-is-layout-flow\">\n<p class=\"has-text-align-center\"><a href=\"https:\/\/support.office.com\/pt-br\/article\/treinamento-do-kaizala-987b5e60-e32a-44e8-8c71-c891a2a3d8f0\">Treinamento para o Kaizala<\/a><\/p>\n<\/div>\n<\/div>\n\n\n\n<p><\/p>\n","protected":false},"excerpt":{"rendered":"<p>OutlookConfigure e personalize o Outlook, crie e envie e-mails, organize sua caixa de entrada e gerencie seus e-mails, contatos, tarefas e calend\u00e1rio. Treinamento para o Outlook OneDriveCrie e carregue arquivos, compartilhe e colabore com outras pessoas e sincronize seus arquivos e pastas no OneDrive e no OneDrive for Business. Treinamento para o OneDrive OneNoteCrie e [&hellip;]<\/p>\n","protected":false},"author":53,"featured_media":0,"parent":0,"menu_order":0,"comment_status":"closed","ping_status":"closed","template":"","meta":{"footnotes":""},"class_list":["post-431","page","type-page","status-publish","hentry"],"_links":{"self":[{"href":"https:\/\/ufpr.br\/agtic\/wp-json\/wp\/v2\/pages\/431","targetHints":{"allow":["GET"]}}],"collection":[{"href":"https:\/\/ufpr.br\/agtic\/wp-json\/wp\/v2\/pages"}],"about":[{"href":"https:\/\/ufpr.br\/agtic\/wp-json\/wp\/v2\/types\/page"}],"author":[{"embeddable":true,"href":"https:\/\/ufpr.br\/agtic\/wp-json\/wp\/v2\/users\/53"}],"replies":[{"embeddable":true,"href":"https:\/\/ufpr.br\/agtic\/wp-json\/wp\/v2\/comments?post=431"}],"version-history":[{"count":6,"href":"https:\/\/ufpr.br\/agtic\/wp-json\/wp\/v2\/pages\/431\/revisions"}],"predecessor-version":[{"id":456,"href":"https:\/\/ufpr.br\/agtic\/wp-json\/wp\/v2\/pages\/431\/revisions\/456"}],"wp:attachment":[{"href":"https:\/\/ufpr.br\/agtic\/wp-json\/wp\/v2\/media?parent=431"}],"curies":[{"name":"wp","href":"https:\/\/api.w.org\/{rel}","templated":true}]}}