{"id":1808,"date":"2025-10-08T10:16:58","date_gmt":"2025-10-08T13:16:58","guid":{"rendered":"https:\/\/ufpr.br\/agtic\/?page_id=1808"},"modified":"2025-10-08T10:18:01","modified_gmt":"2025-10-08T13:18:01","slug":"conscientizacao-em-seguranca-da-informacao-seguranca-no-trabalho-remoto","status":"publish","type":"page","link":"https:\/\/ufpr.br\/agtic\/conscientizacao-em-seguranca-da-informacao-seguranca-no-trabalho-remoto\/","title":{"rendered":"Conscientiza\u00e7\u00e3o em Seguran\u00e7a da Informa\u00e7\u00e3o: SEGURAN\u00c7A NO TRABALHO REMOTO"},"content":{"rendered":"\n<p>Com o aumento das atividades realizadas fora do ambiente presencial, \u00e9 fundamental adotar pr\u00e1ticas que garantam a seguran\u00e7a da informa\u00e7\u00e3o e a prote\u00e7\u00e3o dos dados institucionais.<br>Confira abaixo algumas orienta\u00e7\u00f5es importantes para manter um ambiente de trabalho remoto mais seguro:<\/p>\n\n\n\n<hr class=\"wp-block-separator has-alpha-channel-opacity is-style-wide\" \/>\n\n\n\n<h3 class=\"wp-block-heading\">\ud83d\udd12 <strong>Uma conex\u00e3o segura \u00e9 essencial no trabalho remoto<\/strong><\/h3>\n\n\n\n<p>Para manter nossos dados protegidos durante o trabalho remoto, \u00e9 importante adotar boas pr\u00e1ticas ao se conectar \u00e0 internet. Veja algumas dicas para garantir a seguran\u00e7a da sua conex\u00e3o:<\/p>\n\n\n\n<ul class=\"wp-block-list\">\n<li><strong>Prefira redes dom\u00e9sticas e utilize uma VPN:<\/strong> Evite acessar sistemas corporativos por meio de redes Wi-Fi p\u00fablicas e sempre use uma <strong>VPN<\/strong> para acessar os sistemas da UFPR.<\/li>\n\n\n\n<li><strong>Configure sua rede dom\u00e9stica com seguran\u00e7a:<\/strong> Crie uma <strong>senha forte<\/strong> e altere a senha padr\u00e3o do roteador. Redes protegidas s\u00e3o a primeira barreira contra invasores!<\/li>\n<\/ul>\n\n\n\n<p>Seguindo essas pr\u00e1ticas, voc\u00ea protege informa\u00e7\u00f5es sens\u00edveis e impede o acesso indevido de terceiros.<br><strong>Conecte-se com seguran\u00e7a!<\/strong><br><\/p>\n\n\n\n<hr class=\"wp-block-separator has-alpha-channel-opacity is-style-wide\" \/>\n\n\n\n<h3 class=\"wp-block-heading\">\ud83d\udea8 <strong>Aten\u00e7\u00e3o ao Phishing e \u00e0 Engenharia Social<\/strong><\/h3>\n\n\n\n<p>No trabalho remoto, estamos mais expostos a tentativas de <strong>phishing<\/strong> e <strong>engenharia social<\/strong>. Para evitar golpes e manter suas informa\u00e7\u00f5es protegidas, siga estas orienta\u00e7\u00f5es:<\/p>\n\n\n\n<ul class=\"wp-block-list\">\n<li><strong>Desconfie de mensagens urgentes:<\/strong> Se o e-mail parecer suspeito, n\u00e3o clique em links nem baixe anexos antes de verificar a autenticidade.<\/li>\n\n\n\n<li><strong>Cuidado com solicita\u00e7\u00f5es de dados sens\u00edveis:<\/strong> Nunca forne\u00e7a senhas ou dados pessoais sem confirma\u00e7\u00e3o. Desconfie de pedidos inesperados.<\/li>\n<\/ul>\n\n\n\n<p><strong>Proteger nossos dados come\u00e7a com a preven\u00e7\u00e3o!<\/strong> Fique seguro(a) e alerta!<\/p>\n\n\n\n<hr class=\"wp-block-separator has-alpha-channel-opacity is-style-wide\" \/>\n\n\n\n<h3 class=\"wp-block-heading\">\ud83d\udd11 <strong>Aumente a seguran\u00e7a com senhas fortes e autentica\u00e7\u00e3o em duas etapas<\/strong><\/h3>\n\n\n\n<p>No trabalho remoto, proteger suas contas \u00e9 essencial. Confira algumas pr\u00e1ticas recomendadas:<\/p>\n\n\n\n<ul class=\"wp-block-list\">\n<li><strong>Use senhas estruturadas:<\/strong> Prefira senhas longas, combinando letras, n\u00fameros e caracteres especiais.<\/li>\n\n\n\n<li><strong>Ative a autentica\u00e7\u00e3o em duas etapas (2FA):<\/strong> Essa medida impede o acesso indevido, mesmo que algu\u00e9m descubra sua senha.<\/li>\n<\/ul>\n\n\n\n<p>\ud83d\udca1 <strong>Dica:<\/strong> Utilize um <strong>gerenciador de senhas<\/strong> para armazen\u00e1-las com seguran\u00e7a e evitar repeti\u00e7\u00f5es. <\/p>\n\n\n\n<p>Mantenha suas contas protegidas e contribua para a seguran\u00e7a da nossa institui\u00e7\u00e3o.<\/p>\n\n\n\n<hr class=\"wp-block-separator has-alpha-channel-opacity is-style-wide\" \/>\n\n\n\n<h3 class=\"wp-block-heading\">\ud83d\udee1\ufe0f <strong>Proteja seus dispositivos e dados confidenciais<\/strong><\/h3>\n\n\n\n<p>A prote\u00e7\u00e3o dos dispositivos e dos dados da UFPR \u00e9 uma responsabilidade de todos. Veja como manter a seguran\u00e7a no trabalho remoto:<\/p>\n\n\n\n<ul class=\"wp-block-list\">\n<li><strong>Atualize seu sistema e aplicativos:<\/strong> As atualiza\u00e7\u00f5es corrigem vulnerabilidades e fortalecem a seguran\u00e7a.<\/li>\n\n\n\n<li><strong>Proteja arquivos confidenciais:<\/strong> Armazene apenas em locais autorizados pela organiza\u00e7\u00e3o e evite compartilhar dados sens\u00edveis fora dos canais oficiais.<\/li>\n\n\n\n<li><strong>Bloqueie a tela ao se afastar, mesmo em casa:<\/strong> Assim, voc\u00ea evita o acesso indevido \u00e0s informa\u00e7\u00f5es no seu dispositivo.<\/li>\n<\/ul>\n\n\n\n<p>Essas a\u00e7\u00f5es simples refor\u00e7am a seguran\u00e7a dos dados e ajudam a manter a integridade da informa\u00e7\u00e3o institucional.<br><\/p>\n\n\n\n<pre class=\"wp-block-preformatted has-background\" style=\"background-color:#ecf5fa;font-size:15px\">Esse texto apresenta parte de conte\u00fado que comp\u00f5e a campanha \"Conscientiza\u00e7\u00e3o em Seguran\u00e7a da Informa\u00e7\u00e3o\" promovida pelo CGTIC-ANDIFES.<\/pre>\n","protected":false},"excerpt":{"rendered":"<p>Com o aumento das atividades realizadas fora do ambiente presencial, \u00e9 fundamental adotar pr\u00e1ticas que garantam a seguran\u00e7a da informa\u00e7\u00e3o e a prote\u00e7\u00e3o dos dados institucionais.Confira abaixo algumas orienta\u00e7\u00f5es importantes para manter um ambiente de trabalho remoto mais seguro: \ud83d\udd12 Uma conex\u00e3o segura \u00e9 essencial no trabalho remoto Para manter nossos dados protegidos durante o [&hellip;]<\/p>\n","protected":false},"author":53,"featured_media":0,"parent":0,"menu_order":0,"comment_status":"closed","ping_status":"closed","template":"","meta":{"footnotes":""},"class_list":["post-1808","page","type-page","status-publish","hentry"],"_links":{"self":[{"href":"https:\/\/ufpr.br\/agtic\/wp-json\/wp\/v2\/pages\/1808","targetHints":{"allow":["GET"]}}],"collection":[{"href":"https:\/\/ufpr.br\/agtic\/wp-json\/wp\/v2\/pages"}],"about":[{"href":"https:\/\/ufpr.br\/agtic\/wp-json\/wp\/v2\/types\/page"}],"author":[{"embeddable":true,"href":"https:\/\/ufpr.br\/agtic\/wp-json\/wp\/v2\/users\/53"}],"replies":[{"embeddable":true,"href":"https:\/\/ufpr.br\/agtic\/wp-json\/wp\/v2\/comments?post=1808"}],"version-history":[{"count":2,"href":"https:\/\/ufpr.br\/agtic\/wp-json\/wp\/v2\/pages\/1808\/revisions"}],"predecessor-version":[{"id":1813,"href":"https:\/\/ufpr.br\/agtic\/wp-json\/wp\/v2\/pages\/1808\/revisions\/1813"}],"wp:attachment":[{"href":"https:\/\/ufpr.br\/agtic\/wp-json\/wp\/v2\/media?parent=1808"}],"curies":[{"name":"wp","href":"https:\/\/api.w.org\/{rel}","templated":true}]}}