{"id":18,"date":"2024-07-26T07:43:05","date_gmt":"2024-07-26T10:43:05","guid":{"rendered":"https:\/\/ufpr.br\/agtic\/\/?page=18"},"modified":"2024-08-06T11:47:47","modified_gmt":"2024-08-06T14:47:47","slug":"missao-e-visao","status":"publish","type":"page","link":"https:\/\/ufpr.br\/agtic\/missao-e-visao\/","title":{"rendered":"Miss\u00e3o e Vis\u00e3o"},"content":{"rendered":"\n<p><strong><u>Miss\u00e3o<\/u><\/strong><\/p>\n\n\n\n<p>Propor, entregar e suportar servi\u00e7os de Tecnologia da Informa\u00e7\u00e3o e Comunica\u00e7\u00e3o de forma confi\u00e1vel, segura, inovadora e alinhada aos pilares de ensino, pesquisa e extens\u00e3o da UFPR, apoiando-se nas melhores pr\u00e1ticas, normas e legisla\u00e7\u00e3o, com excel\u00eancia, \u00e9tica, sustentabilidade, moralidade e respeito \u00e0 Comunidade Universit\u00e1ria, o cidad\u00e3o e o ambiente.<\/p>\n\n\n\n<p><strong><u>Vis\u00e3o<\/u><\/strong><\/p>\n\n\n\n<p>Ser reconhecido interna e externamente pela excel\u00eancia, qualidade e inova\u00e7\u00e3o na proposi\u00e7\u00e3o, entrega e sustenta\u00e7\u00e3o de servi\u00e7os de Tecnologia da Informa\u00e7\u00e3o e Comunica\u00e7\u00e3o.<\/p>\n","protected":false},"excerpt":{"rendered":"<p>Miss\u00e3o Propor, entregar e suportar servi\u00e7os de Tecnologia da Informa\u00e7\u00e3o e Comunica\u00e7\u00e3o de forma confi\u00e1vel, segura, inovadora e alinhada aos pilares de ensino, pesquisa e extens\u00e3o da UFPR, apoiando-se nas melhores pr\u00e1ticas, normas e legisla\u00e7\u00e3o, com excel\u00eancia, \u00e9tica, sustentabilidade, moralidade e respeito \u00e0 Comunidade Universit\u00e1ria, o cidad\u00e3o e o ambiente. Vis\u00e3o Ser reconhecido interna e [&hellip;]<\/p>\n","protected":false},"author":8,"featured_media":0,"parent":0,"menu_order":0,"comment_status":"closed","ping_status":"closed","template":"page.php","meta":{"footnotes":""},"class_list":["post-18","page","type-page","status-publish","hentry"],"_links":{"self":[{"href":"https:\/\/ufpr.br\/agtic\/wp-json\/wp\/v2\/pages\/18","targetHints":{"allow":["GET"]}}],"collection":[{"href":"https:\/\/ufpr.br\/agtic\/wp-json\/wp\/v2\/pages"}],"about":[{"href":"https:\/\/ufpr.br\/agtic\/wp-json\/wp\/v2\/types\/page"}],"author":[{"embeddable":true,"href":"https:\/\/ufpr.br\/agtic\/wp-json\/wp\/v2\/users\/8"}],"replies":[{"embeddable":true,"href":"https:\/\/ufpr.br\/agtic\/wp-json\/wp\/v2\/comments?post=18"}],"version-history":[{"count":1,"href":"https:\/\/ufpr.br\/agtic\/wp-json\/wp\/v2\/pages\/18\/revisions"}],"predecessor-version":[{"id":137,"href":"https:\/\/ufpr.br\/agtic\/wp-json\/wp\/v2\/pages\/18\/revisions\/137"}],"wp:attachment":[{"href":"https:\/\/ufpr.br\/agtic\/wp-json\/wp\/v2\/media?parent=18"}],"curies":[{"name":"wp","href":"https:\/\/api.w.org\/{rel}","templated":true}]}}