{"id":1674,"date":"2025-08-26T11:56:32","date_gmt":"2025-08-26T14:56:32","guid":{"rendered":"https:\/\/ufpr.br\/agtic\/?page_id=1674"},"modified":"2025-08-26T11:56:34","modified_gmt":"2025-08-26T14:56:34","slug":"responsabilidades-ptd-2025-2028","status":"publish","type":"page","link":"https:\/\/ufpr.br\/agtic\/responsabilidades-ptd-2025-2028\/","title":{"rendered":"Responsabilidades &#8211; PTD &#8211; 2025-2028"},"content":{"rendered":"\n<p><strong>Coordenadoria Estrat\u00e9gica de TIC \u2013 PROPLAD\/CETIC<\/strong><\/p>\n\n\n\n<ul class=\"wp-block-list\">\n<li>Exercer a coordena\u00e7\u00e3o de estrutura\u00e7\u00e3o e planejamento do PTD;<ul><li>Elaborar, revisar e submeter o PTD para aprova\u00e7\u00e3o do CGD;<\/li><\/ul><ul><li>Monitorar e elaborar relat\u00f3rios sobre a execu\u00e7\u00e3o das iniciativas do PTD;<\/li><\/ul><ul><li>Prover o apoio Organizacional para a plena execu\u00e7\u00e3o do PTD;<\/li><\/ul><ul><li>Atuar como canal de comunica\u00e7\u00e3o entre a UFPR e o Minist\u00e9rio da Gest\u00e3o e Inova\u00e7\u00e3o em Servi\u00e7os P\u00fablicos do Governo Federal nos assuntos relacionados ao PTD.<\/li><\/ul>\n<ul class=\"wp-block-list\">\n<li>Participar e representar a UFPR em reuni\u00f5es, encontros e F\u00f3runs relacionados ao EFGD, Planos de Transforma\u00e7\u00e3o Digital e Lideran\u00e7a Digital.<\/li>\n<\/ul>\n<\/li>\n<\/ul>\n\n\n\n<p><strong>Ag\u00eancia de Tecnologia da Informa\u00e7\u00e3o e Comunica\u00e7\u00e3o \u2013 PROPLAD\/AGTIC<\/strong><\/p>\n\n\n\n<ul class=\"wp-block-list\">\n<li>Prover apoio t\u00e9cnico para a plena execu\u00e7\u00e3o das iniciativas do PTD;<ul><li>Planejar e implementar as iniciativas do PTD;<\/li><\/ul><ul><li>Propor altera\u00e7\u00f5es no PTD;<\/li><\/ul><ul><li>Fornecer informa\u00e7\u00f5es de execu\u00e7\u00e3o das iniciativas do PTD \u00e0 CETIC.<\/li><\/ul>\n<ul class=\"wp-block-list\">\n<li>Garantir o suporte t\u00e9cnico das iniciativas implementadas pelo PTD.<\/li>\n<\/ul>\n<\/li>\n<\/ul>\n\n\n\n<p><strong>Governan\u00e7a de TIC \u2013 PROPLAD\/AGTIC\/GOVTIC<\/strong><\/p>\n\n\n\n<ul class=\"wp-block-list\">\n<li>Garantir o uso das boas pr\u00e1ticas em TIC no planejamento de implementa\u00e7\u00e3o das iniciativas do PTD;\n<ul class=\"wp-block-list\">\n<li>Garantir a conformidade e seguran\u00e7a dos dados conforme normas vigentes.<\/li>\n<\/ul>\n<\/li>\n<\/ul>\n\n\n\n<p><strong>Pr\u00f3-Reitorias e Unidades Acad\u00eamicas e Administrativas<\/strong><\/p>\n\n\n\n<ul class=\"wp-block-list\">\n<li>Apoiar o Plano de Transforma\u00e7\u00e3o Digital nas atividades referentes \u00e0 elabora\u00e7\u00e3o, execu\u00e7\u00e3o e monitoramento do PTD.<ul><li>Propor altera\u00e7\u00f5es no PTD;<\/li><\/ul>\n<ul class=\"wp-block-list\">\n<li>Comunicar imediatamente \u00e0 CETIC sobre qualquer atividade que impacte o cumprimento dos objetivos do PTD.<\/li>\n<\/ul>\n<\/li>\n<\/ul>\n\n\n\n<p><strong>Comit\u00ea de Governan\u00e7a Digital<\/strong><\/p>\n\n\n\n<ul class=\"wp-block-list\">\n<li>Deliberar sobre altera\u00e7\u00f5es no PTD;<\/li>\n\n\n\n<li>Propor a edi\u00e7\u00e3o de normas para a viabiliza\u00e7\u00e3o e fortalecimento do PTD;<\/li>\n\n\n\n<li>Aprovar formalmente o PTD e submet\u00ea-lo aos \u00d3rg\u00e3os Superiores, quando previsto.<\/li>\n\n\n\n<li>Prover recursos necess\u00e1rios para a plena execu\u00e7\u00e3o do PTD.<\/li>\n<\/ul>\n","protected":false},"excerpt":{"rendered":"<p>Coordenadoria Estrat\u00e9gica de TIC \u2013 PROPLAD\/CETIC Ag\u00eancia de Tecnologia da Informa\u00e7\u00e3o e Comunica\u00e7\u00e3o \u2013 PROPLAD\/AGTIC Governan\u00e7a de TIC \u2013 PROPLAD\/AGTIC\/GOVTIC Pr\u00f3-Reitorias e Unidades Acad\u00eamicas e Administrativas Comit\u00ea de Governan\u00e7a Digital<\/p>\n","protected":false},"author":53,"featured_media":0,"parent":0,"menu_order":0,"comment_status":"closed","ping_status":"closed","template":"","meta":{"footnotes":""},"class_list":["post-1674","page","type-page","status-publish","hentry"],"_links":{"self":[{"href":"https:\/\/ufpr.br\/agtic\/wp-json\/wp\/v2\/pages\/1674","targetHints":{"allow":["GET"]}}],"collection":[{"href":"https:\/\/ufpr.br\/agtic\/wp-json\/wp\/v2\/pages"}],"about":[{"href":"https:\/\/ufpr.br\/agtic\/wp-json\/wp\/v2\/types\/page"}],"author":[{"embeddable":true,"href":"https:\/\/ufpr.br\/agtic\/wp-json\/wp\/v2\/users\/53"}],"replies":[{"embeddable":true,"href":"https:\/\/ufpr.br\/agtic\/wp-json\/wp\/v2\/comments?post=1674"}],"version-history":[{"count":1,"href":"https:\/\/ufpr.br\/agtic\/wp-json\/wp\/v2\/pages\/1674\/revisions"}],"predecessor-version":[{"id":1675,"href":"https:\/\/ufpr.br\/agtic\/wp-json\/wp\/v2\/pages\/1674\/revisions\/1675"}],"wp:attachment":[{"href":"https:\/\/ufpr.br\/agtic\/wp-json\/wp\/v2\/media?parent=1674"}],"curies":[{"name":"wp","href":"https:\/\/api.w.org\/{rel}","templated":true}]}}