{"id":1665,"date":"2025-08-26T11:54:23","date_gmt":"2025-08-26T14:54:23","guid":{"rendered":"https:\/\/ufpr.br\/agtic\/?page_id=1665"},"modified":"2025-08-26T11:54:24","modified_gmt":"2025-08-26T14:54:24","slug":"comite-de-governanca-digital-cgd-ufpr-ptd-2025-2028","status":"publish","type":"page","link":"https:\/\/ufpr.br\/agtic\/comite-de-governanca-digital-cgd-ufpr-ptd-2025-2028\/","title":{"rendered":"Comit\u00ea de Governan\u00e7a Digital (CGD\/UFPR) &#8211; PTD &#8211; 2025-2028"},"content":{"rendered":"\n<p>Conforme a Resolu\u00e7\u00e3o XXXXXXX, que aprova a cria\u00e7\u00e3o e o regimento do Comit\u00ea de Governan\u00e7a Digital (CGD) e do Comit\u00ea de Privacidade e Seguran\u00e7a da Informa\u00e7\u00e3o e Comunica\u00e7\u00e3o (CPSIC) da Universidade Federal do Paran\u00e1, o CGD tem por finalidade deliberar sobre a\u00e7\u00f5es, planos, pol\u00edticas e estrat\u00e9gias relacionadas \u00e0 governan\u00e7a digital, \u00e0 Tecnologia da Informa\u00e7\u00e3o e Comunica\u00e7\u00e3o (TIC), \u00e0 seguran\u00e7a da informa\u00e7\u00e3o e comunica\u00e7\u00e3o, \u00e0 prote\u00e7\u00e3o de dados e da privacidade, assegurando o alinhamento estrat\u00e9gico da transforma\u00e7\u00e3o digital aos objetivos institucionais e \u00e0s pol\u00edticas nacionais de governo digital.<\/p>\n\n\n\n<p>Assim, o Comit\u00ea de Governan\u00e7a Digital configura-se como um elemento imprescind\u00edvel para assegurar que o Plano de Transforma\u00e7\u00e3o Digital seja concebido, implementado e continuamente aprimorado, promovendo a moderniza\u00e7\u00e3o da gest\u00e3o e a melhoria dos servi\u00e7os prestados \u00e0 comunidade universit\u00e1ria e \u00e0 sociedade.<\/p>\n","protected":false},"excerpt":{"rendered":"<p>Conforme a Resolu\u00e7\u00e3o XXXXXXX, que aprova a cria\u00e7\u00e3o e o regimento do Comit\u00ea de Governan\u00e7a Digital (CGD) e do Comit\u00ea de Privacidade e Seguran\u00e7a da Informa\u00e7\u00e3o e Comunica\u00e7\u00e3o (CPSIC) da Universidade Federal do Paran\u00e1, o CGD tem por finalidade deliberar sobre a\u00e7\u00f5es, planos, pol\u00edticas e estrat\u00e9gias relacionadas \u00e0 governan\u00e7a digital, \u00e0 Tecnologia da Informa\u00e7\u00e3o e [&hellip;]<\/p>\n","protected":false},"author":53,"featured_media":0,"parent":0,"menu_order":0,"comment_status":"closed","ping_status":"closed","template":"","meta":{"footnotes":""},"class_list":["post-1665","page","type-page","status-publish","hentry"],"_links":{"self":[{"href":"https:\/\/ufpr.br\/agtic\/wp-json\/wp\/v2\/pages\/1665","targetHints":{"allow":["GET"]}}],"collection":[{"href":"https:\/\/ufpr.br\/agtic\/wp-json\/wp\/v2\/pages"}],"about":[{"href":"https:\/\/ufpr.br\/agtic\/wp-json\/wp\/v2\/types\/page"}],"author":[{"embeddable":true,"href":"https:\/\/ufpr.br\/agtic\/wp-json\/wp\/v2\/users\/53"}],"replies":[{"embeddable":true,"href":"https:\/\/ufpr.br\/agtic\/wp-json\/wp\/v2\/comments?post=1665"}],"version-history":[{"count":1,"href":"https:\/\/ufpr.br\/agtic\/wp-json\/wp\/v2\/pages\/1665\/revisions"}],"predecessor-version":[{"id":1668,"href":"https:\/\/ufpr.br\/agtic\/wp-json\/wp\/v2\/pages\/1665\/revisions\/1668"}],"wp:attachment":[{"href":"https:\/\/ufpr.br\/agtic\/wp-json\/wp\/v2\/media?parent=1665"}],"curies":[{"name":"wp","href":"https:\/\/api.w.org\/{rel}","templated":true}]}}