{"id":130,"date":"2024-07-26T11:09:32","date_gmt":"2024-07-26T14:09:32","guid":{"rendered":"https:\/\/ufpr.br\/agtic\/\/?page=130"},"modified":"2025-03-18T15:43:18","modified_gmt":"2025-03-18T18:43:18","slug":"aquisicoes-de-tic","status":"publish","type":"page","link":"https:\/\/ufpr.br\/agtic\/aquisicoes-de-tic\/","title":{"rendered":"Contrata\u00e7\u00f5es e Contratos"},"content":{"rendered":"\n<div class=\"wp-block-tb-tabs tb__tabs_accessible_tabs undefined\"><ul class=\"tb__tab-labels\" role=\"tablist\"><li><button class=\"tb__tab-label active\" role=\"tab\">Informa\u00e7\u00f5es importantes<\/button><\/li><li><button class=\"tb__tab-label\" role=\"tab\">O que \u00e9 considerado solu\u00e7\u00e3o de TIC?<\/button><\/li><li><button class=\"tb__tab-label\" role=\"tab\">Como adquirir solu\u00e7\u00f5es de TIC que n\u00e3o est\u00e3o no cronograma da AGTIC?<\/button><\/li><li><button class=\"tb__tab-label\" role=\"tab\">Qual o papel da equipe de planejamento da contrata\u00e7\u00e3o (EPC)?<\/button><\/li><li><button class=\"tb__tab-label\" role=\"tab\">Qual o papel da equipe de fiscaliza\u00e7\u00e3o da contrata\u00e7\u00e3o (EFC)?<\/button><\/li><\/ul><div class=\"tb__tab-content\">\n<div class=\"wp-block-tb-tab tb__tab-panel\" role=\"tabpanel\">\n<div class=\"wp-block-group\"><div class=\"wp-block-group__inner-container is-layout-flow wp-block-group-is-layout-flow\">\n<h2 class=\"wp-block-heading\"><\/h2>\n\n\n\n<p class=\"has-background\" style=\"background-color:#edf7fd\">O processo de Contrata\u00e7\u00e3o de Solu\u00e7\u00f5es de TIC no \u00e2mbito do Poder Executivo Federal, sejam bens ou servi\u00e7os, \u00e9 disciplinado pela&nbsp;<a href=\"https:\/\/www.in.gov.br\/en\/web\/dou\/-\/instrucao-normativa-sgd\/me-n-94-de-23-de-dezembro-de-2022-454510332\" target=\"_blank\" rel=\"noreferrer noopener\">Instru\u00e7\u00e3o Normativa SGD\/ME n\u00ba 94\/22<\/a>&nbsp;e suas altera\u00e7\u00f5es.<br>A AGTIC gerencia o planejamento da contrata\u00e7\u00e3o de algumas solu\u00e7\u00f5es de TIC para atender demandas comuns na UFPR, tais como: servi\u00e7os terceirizados de impress\u00e3o corporativa, servi\u00e7os de infraestrutura de rede l\u00f3gica, computadores, servi\u00e7os e equipamentos para amplia\u00e7\u00e3o da rede sem fio, dentre outras.<\/p>\n\n\n\n<p class=\"has-background\" style=\"background-color:#edf7fd\">Al\u00e9m dessas contrata\u00e7\u00f5es, a AGTIC \u00e9 respons\u00e1vel pelo planejamento de contrata\u00e7\u00f5es espec\u00edficas para manuten\u00e7\u00e3o do datacenter da UFPR, fundamentais para sustenta\u00e7\u00e3o dos servi\u00e7os e sistemas institucionais (servidores, <em>storages<\/em>, n\u00facleo de rede, solu\u00e7\u00e3o de backup, licen\u00e7as de software, suporte ao banco de dados, firewall, entre outros).<br>Para tanto, a AGTIC conta com uma equipe de servidores que atua especificamente no suporte \u00e0s contrata\u00e7\u00f5es de solu\u00e7\u00f5es de TIC.<\/p>\n\n\n\n<p class=\"has-background\" style=\"background-color:#edf7fd\">As principais atribui\u00e7\u00f5es da equipe s\u00e3o:<br>\u2022 Orientar e esclarecer d\u00favidas da comunidade interna e externa quanto \u00e0s contrata\u00e7\u00f5es de solu\u00e7\u00f5es de TIC;<br>\u2022 Auxiliar a Dire\u00e7\u00e3o da AGTIC na defini\u00e7\u00e3o do cronograma das contrata\u00e7\u00f5es de solu\u00e7\u00f5es de TIC;<br>\u2022 Acompanhar, documentar e gerenciar a execu\u00e7\u00e3o do cronograma das contrata\u00e7\u00f5es de solu\u00e7\u00f5es TIC;<br>\u2022 Auxiliar cada Equipe de Planejamento da Contrata\u00e7\u00e3o (EPC), no \u00e2mbito da AGTIC, quanto ao fluxo e \u00e0 instru\u00e7\u00e3o adequada dos processos de planejamento e suas tramita\u00e7\u00f5es, bem como quanto \u00e0s normas vigentes e boas pr\u00e1ticas para contrata\u00e7\u00f5es de TIC, conforme instru\u00e7\u00f5es do Minist\u00e9rio da Economia.<\/p>\n<\/div><\/div>\n<\/div>\n\n\n\n<div class=\"wp-block-tb-tab tb__tab-panel\" role=\"tabpanel\">\n<div class=\"wp-block-group\"><div class=\"wp-block-group__inner-container is-layout-flow wp-block-group-is-layout-flow\">\n<h2 class=\"wp-block-heading\"><\/h2>\n\n\n\n<p>O Anexo II da&nbsp;IN SGD\/ME n\u00ba 94\/22&nbsp;define os bens e\/ou servi\u00e7os que s\u00e3o considerados solu\u00e7\u00f5es de TIC e que devem seguir seus procedimentos.<\/p>\n\n\n\n<p>Consulte&nbsp;<a href=\"https:\/\/ufpr.br\/agtic\/wp-content\/uploads\/sites\/5\/2024\/08\/O-que-nao-e-solucao-de-TIC.pdf\" target=\"_blank\" rel=\"noopener\" title=\"\">AQUI<\/a>&nbsp;o que \u00e9 ou n\u00e3o \u00e9 solu\u00e7\u00e3o de TIC.<\/p>\n<\/div><\/div>\n<\/div>\n\n\n\n<div class=\"wp-block-tb-tab tb__tab-panel\" role=\"tabpanel\">\n<div class=\"wp-block-group\"><div class=\"wp-block-group__inner-container is-layout-flow wp-block-group-is-layout-flow\">\n<h2 class=\"wp-block-heading\"><\/h2>\n\n\n\n<p class=\"has-background\" style=\"background-color:#edf7fd\">Para a contrata\u00e7\u00e3o de solu\u00e7\u00f5es de TIC que n\u00e3o est\u00e3o no cronograma da AGTIC \u00e9 necess\u00e1rio abrir novo processo de contrata\u00e7\u00e3o de TIC e encaminh\u00e1-lo para AGTIC.<br>Lembramos que a aplica\u00e7\u00e3o da&nbsp;IN SGD\/ME n\u00ba 94\/22&nbsp;\u00e9 facultativa para contrata\u00e7\u00e3o de solu\u00e7\u00f5es de TIC com custo total estimado igual ou inferior ao valor limite para dispensa de licita\u00e7\u00e3o. Neste caso, a contrata\u00e7\u00e3o poder\u00e1 seguir o fluxo e os procedimentos gerais estabelecidos&nbsp;<a href=\"https:\/\/pra.ufpr.br\/licitacoes\/upcl\/nova-lei-de-licitacoes-e-contratos-administrativos\/\">no site da Coordenadoria de Licita\u00e7\u00f5es e Contrata\u00e7\u00f5es (CLIC).<\/a>&nbsp;Entretanto, antes do envio do processo \u00e0 Coordenadoria de Licita\u00e7\u00f5es e Contrata\u00e7\u00f5es \u2013 CLIC, \u00e9 necess\u00e1rio encaminhar o processo devidamente instru\u00eddo para a AGTIC analisar a demanda e emitir parecer t\u00e9cnico sobre a contrata\u00e7\u00e3o.<\/p>\n\n\n\n<p class=\"has-background\" style=\"background-color:#edf7fd\">Consulte\u00a0<a href=\"https:\/\/ufpr.br\/agtic\/instrucao-do-processo-de-contratacao_atualizado-pdf\/\" target=\"_blank\" rel=\"noreferrer noopener\">AQUI<\/a>\u00a0um tutorial com o passo a passo para instru\u00e7\u00e3o do processo.<\/p>\n\n\n\n<p class=\"has-background\" style=\"background-color:#edf7fd\">Consulte <a href=\"https:\/\/ufpr.br\/agtic\/wp-content\/uploads\/sites\/5\/2024\/10\/Material-Didatico-CONTRATACAO-DE-TIC.pdf\" target=\"_blank\" rel=\"noopener\" title=\"\">AQUI <\/a>o material did\u00e1tico das fases do Planejamento da Contrata\u00e7\u00e3o<\/p>\n\n\n\n<p class=\"has-background\" style=\"background-color:#edf7fd\">Consulte&nbsp;<a href=\"https:\/\/ufpr.br\/agtic\/wp-content\/uploads\/sites\/5\/2024\/10\/Processos-Contratacoes-de-TIC.pdf\" target=\"_blank\" rel=\"noopener\" title=\"\">AQUI<\/a>&nbsp;o desenho das fases do processo de contrata\u00e7\u00e3o.<\/p>\n\n\n\n<div class=\"wp-block-tb-tabs tb__tabs_accessible_tabs undefined\"><ul class=\"tb__tab-labels\" role=\"tablist\"><\/ul><div class=\"tb__tab-content\"><\/div><\/div>\n<\/div><\/div>\n<\/div>\n\n\n\n<div class=\"wp-block-tb-tab tb__tab-panel\" role=\"tabpanel\">\n<div class=\"wp-block-group\"><div class=\"wp-block-group__inner-container is-layout-flow wp-block-group-is-layout-flow\">\n<h2 class=\"wp-block-heading\"><\/h2>\n\n\n\n<p>As atribui\u00e7\u00f5es e responsabilidade de cada integrante da EPC constam na IN SGD\/ME n\u00ba 01\/2019 e est\u00e3o resumidas no link abaixo.<\/p>\n\n\n\n<p><a href=\"https:\/\/ufpr.br\/agtic\/wp-content\/uploads\/sites\/5\/2024\/08\/epc-funcao-3.pdf\" target=\"_blank\" rel=\"noopener\" title=\"\">Pap\u00e9is da Equipe de Planejamento da Contrata\u00e7\u00e3o<\/a><\/p>\n<\/div><\/div>\n<\/div>\n\n\n\n<div class=\"wp-block-tb-tab tb__tab-panel\" role=\"tabpanel\">\n<div class=\"wp-block-group\"><div class=\"wp-block-group__inner-container is-layout-flow wp-block-group-is-layout-flow\">\n<h2 class=\"wp-block-heading\"><\/h2>\n\n\n\n<p class=\"has-background\" style=\"background-color:#edf7fd\">A fase de Gest\u00e3o da Contrata\u00e7\u00e3o inicia-se com a assinatura do contrato ou ata e com a nomea\u00e7\u00e3o da Equipe de Fiscaliza\u00e7\u00e3o da Contrata\u00e7\u00e3o (EFC), composta por Gestor do Contrato, Fiscal Requisitante, Fiscal T\u00e9cnico e Fiscal Administrativo, indicados pelas respectivas \u00e1reas. Esta fase visa acompanhar e garantir a adequada presta\u00e7\u00e3o dos servi\u00e7os e fornecimento dos bens que comp\u00f5em a solu\u00e7\u00e3o de TIC durante todo o per\u00edodo de execu\u00e7\u00e3o do contrato ou ata. As atribui\u00e7\u00f5es e responsabilidades de cada integrante da EFC constam na&nbsp;IN SGD\/ME n\u00ba 94\/22&nbsp;e est\u00e3o resumidas no link abaixo.<\/p>\n\n\n\n<p><a href=\"https:\/\/ufpr.br\/agtic\/wp-content\/uploads\/sites\/5\/2024\/08\/fiscal-do-contrato-1.pdf\" target=\"_blank\" rel=\"noopener\" title=\"\">Pap\u00e9is da Equipe de Fiscaliza\u00e7\u00e3o do Contrato<\/a><\/p>\n<\/div><\/div>\n<\/div>\n<\/div><\/div>\n","protected":false},"excerpt":{"rendered":"","protected":false},"author":8,"featured_media":0,"parent":0,"menu_order":0,"comment_status":"closed","ping_status":"closed","template":"","meta":{"footnotes":""},"class_list":["post-130","page","type-page","status-publish","hentry"],"_links":{"self":[{"href":"https:\/\/ufpr.br\/agtic\/wp-json\/wp\/v2\/pages\/130","targetHints":{"allow":["GET"]}}],"collection":[{"href":"https:\/\/ufpr.br\/agtic\/wp-json\/wp\/v2\/pages"}],"about":[{"href":"https:\/\/ufpr.br\/agtic\/wp-json\/wp\/v2\/types\/page"}],"author":[{"embeddable":true,"href":"https:\/\/ufpr.br\/agtic\/wp-json\/wp\/v2\/users\/8"}],"replies":[{"embeddable":true,"href":"https:\/\/ufpr.br\/agtic\/wp-json\/wp\/v2\/comments?post=130"}],"version-history":[{"count":36,"href":"https:\/\/ufpr.br\/agtic\/wp-json\/wp\/v2\/pages\/130\/revisions"}],"predecessor-version":[{"id":1097,"href":"https:\/\/ufpr.br\/agtic\/wp-json\/wp\/v2\/pages\/130\/revisions\/1097"}],"wp:attachment":[{"href":"https:\/\/ufpr.br\/agtic\/wp-json\/wp\/v2\/media?parent=130"}],"curies":[{"name":"wp","href":"https:\/\/api.w.org\/{rel}","templated":true}]}}