{"id":1249,"date":"2025-06-17T16:55:00","date_gmt":"2025-06-17T19:55:00","guid":{"rendered":"https:\/\/ufpr.br\/agtic\/?page_id=1249"},"modified":"2025-06-17T16:55:01","modified_gmt":"2025-06-17T19:55:01","slug":"conscientizacao-em-seguranca-da-informacao-backup","status":"publish","type":"page","link":"https:\/\/ufpr.br\/agtic\/conscientizacao-em-seguranca-da-informacao-backup\/","title":{"rendered":"Conscientiza\u00e7\u00e3o em Seguran\u00e7a da Informa\u00e7\u00e3o: BACKUP"},"content":{"rendered":"\n<p>J\u00e1 imaginou o que aconteceria se perdesse todos os seus dados, como fotos e documentos importantes? Confira dicas sobre backups.<\/p>\n\n\n\n<p>Por que fazer backup?<br>\ud83d\udcc9 Quedas de energia, falhas de sistema, perdas ou roubos\u2026<br>Fazer backup garante que voc\u00ea n\u00e3o perca documentos importantes, fotos, e-mails e arquivos de trabalho.<\/p>\n\n\n\n<p>Backup no computador \ud83d\udcbb<br>\u2714 Use um HD externo ou SSD port\u00e1til<br>\u2714 Fa\u00e7a backups autom\u00e1ticos com ferramentas como o Hist\u00f3rico de Arquivos (Windows) ou o Time Machine (Mac)<br>\u2714 Salve vers\u00f5es importantes em servi\u00e7os na nuvem, como o OneDrive<\/p>\n\n\n\n<p>Backup no celular \ud83d\udcf1<br>\u2714 Ative o backup autom\u00e1tico nas configura\u00e7\u00f5es<br>\u2714 No Android: Google Drive faz backup de fotos, apps e dados<br>\u2714 No iOS: iCloud mant\u00e9m tudo sincronizado e protegido<br>\u2714 Apps como Google Fotos ou Amazon Photos ajudam a guardar suas fotos na nuvem<\/p>\n\n\n\n<p>Dicas importantes: \ud83d\udee0<br>\ud83d\udd01 Fa\u00e7a backups regulares (ex: semanal ou mensal)<br>\ud83d\udd12 Proteja os backups com senha ou criptografia<br>\ud83d\udcc5 Programe lembretes para revisar seus backups<\/p>\n\n\n\n<p>Para mais informa\u00e7\u00f5es, sugerimos acessar a cartilha do CERT presente em <a href=\"https:\/\/cartilha.cert.br\/fasciculos\/#backup\">https:\/\/cartilha.cert.br\/fasciculos\/#backup<\/a> .<\/p>\n\n\n\n<pre class=\"wp-block-preformatted has-background\" style=\"background-color:#dff2f6\">Esse texto apresenta parte de conte\u00fado que comp\u00f5e a campanha \"Conscientiza\u00e7\u00e3o em Seguran\u00e7a da Informa\u00e7\u00e3o\" promovida pelo CGTIC-ANDIFES.<\/pre>\n\n\n\n<p><\/p>\n","protected":false},"excerpt":{"rendered":"<p>J\u00e1 imaginou o que aconteceria se perdesse todos os seus dados, como fotos e documentos importantes? Confira dicas sobre backups. Por que fazer backup?\ud83d\udcc9 Quedas de energia, falhas de sistema, perdas ou roubos\u2026Fazer backup garante que voc\u00ea n\u00e3o perca documentos importantes, fotos, e-mails e arquivos de trabalho. Backup no computador \ud83d\udcbb\u2714 Use um HD externo [&hellip;]<\/p>\n","protected":false},"author":53,"featured_media":0,"parent":0,"menu_order":0,"comment_status":"closed","ping_status":"closed","template":"","meta":{"footnotes":""},"class_list":["post-1249","page","type-page","status-publish","hentry"],"_links":{"self":[{"href":"https:\/\/ufpr.br\/agtic\/wp-json\/wp\/v2\/pages\/1249","targetHints":{"allow":["GET"]}}],"collection":[{"href":"https:\/\/ufpr.br\/agtic\/wp-json\/wp\/v2\/pages"}],"about":[{"href":"https:\/\/ufpr.br\/agtic\/wp-json\/wp\/v2\/types\/page"}],"author":[{"embeddable":true,"href":"https:\/\/ufpr.br\/agtic\/wp-json\/wp\/v2\/users\/53"}],"replies":[{"embeddable":true,"href":"https:\/\/ufpr.br\/agtic\/wp-json\/wp\/v2\/comments?post=1249"}],"version-history":[{"count":1,"href":"https:\/\/ufpr.br\/agtic\/wp-json\/wp\/v2\/pages\/1249\/revisions"}],"predecessor-version":[{"id":1251,"href":"https:\/\/ufpr.br\/agtic\/wp-json\/wp\/v2\/pages\/1249\/revisions\/1251"}],"wp:attachment":[{"href":"https:\/\/ufpr.br\/agtic\/wp-json\/wp\/v2\/media?parent=1249"}],"curies":[{"name":"wp","href":"https:\/\/api.w.org\/{rel}","templated":true}]}}